{"id":84,"date":"2015-11-26T15:30:41","date_gmt":"2015-11-26T15:30:41","guid":{"rendered":"http:\/\/192.168.0.100\/sitio\/?page_id=84"},"modified":"2015-11-26T15:30:41","modified_gmt":"2015-11-26T15:30:41","slug":"que-es-un-nucleo-disciplinario","status":"publish","type":"page","link":"https:\/\/grupomontevideo.org\/site\/que-es-un-nucleo-disciplinario\/","title":{"rendered":"\u00bfQu\u00e9 es un N\u00facleo Disciplinario?"},"content":{"rendered":"<p><strong>\u00bfQu\u00e9 es un N\u00facleo Disciplinario?<img decoding=\"async\" class=\"alignright wp-image-898\" src=\"https:\/\/grupomontevideo.org\/site\/wp-content\/uploads\/2015\/11\/fundavida-verde-09set08-044.jpg\" alt=\"fundavida-verde-09set08-044\" width=\"220\" height=\"165\" \/><\/strong><\/p>\n<p style=\"text-align: justify;\">Son agrupamientos acad\u00e9mico t\u00e9cnicos correspondientes a una disciplina de inter\u00e9s com\u00fan, donde cada Universidad miembro aporta sus disponibilidades tanto en personal de alta calificaci\u00f3n como en recursos materiales, para actividades cient\u00edficas, t\u00e9cnicas, docentes, de desarrollo, de extensi\u00f3n, etc.<\/p>\n<p style=\"text-align: justify;\">La Asociaci\u00f3n cuenta con los siguientes N\u00facleos Disciplinarios:<\/p>\n<p><a href=\"http:\/\/grupomontevideo.org\/ndca\/ndbiofisica\">Biof\u00edsica<\/a><br \/>\n<a href=\"http:\/\/grupomontevideo.org\/ndca\/ndcienciaeingenieriademateriales\">Ciencia e Ingenier\u00eda de Materiales<\/a><br \/>\n<a href=\"http:\/\/grupomontevideo.org\/ndca\/ndeducacionparalaintegracion\">Educaci\u00f3n para la Integraci\u00f3n<\/a><br \/>\n<a href=\"http:\/\/grupomontevideo.org\/ndca\/ndpelse\">Ense\u00f1anza de Espa\u00f1ol y Portugu\u00e9s como L2\/LE<\/a><br \/>\n<a href=\"http:\/\/grupomontevideo.org\/ndca\/ndevaluacioninstitucional\">Evaluaci\u00f3n Institucional, Planeamiento Estrat\u00e9gico y Gesti\u00f3n Universitaria<\/a><br \/>\n<a href=\"http:\/\/grupomontevideo.org\/ndca\/ndgca\/\">Geotecnolog\u00edas y Ciencias de la Atm\u00f3sfera<\/a><br \/>\n<a href=\"http:\/\/grupomontevideo.org\/ndca\/ndingenieriamecanica\">Ingenier\u00eda Mec\u00e1nica y de la Producci\u00f3n<\/a><br \/>\n<a href=\"http:\/\/grupomontevideo.org\/ndca\/ndliteratura\">Literatura, Imaginarios, Est\u00e9tica y Cultura<\/a><br \/>\n<a href=\"http:\/\/grupomontevideo.org\/ndca\/ndmatematicaaplicada\">Matem\u00e1tica Aplicada<\/a><br \/>\n<a href=\"http:\/\/grupomontevideo.org\/ndca\/ndproductosnaturales\">Productos Naturales Bioactivos y sus Aplicaciones<\/a><br \/>\n<a href=\"http:\/\/grupomontevideo.org\/ndca\/ndtic\">Tecnolog\u00edas de la Informaci\u00f3n y la Comunicaci\u00f3n<\/a><br \/>\n<a href=\"http:\/\/grupomontevideo.org\/ndca\/ndvirologiamolecular\">Virolog\u00eda Molecular<\/a><br \/>\n&nbsp;<br \/>\n&nbsp;<\/p>\n","protected":false},"excerpt":{"rendered":"<p>\u00bfQu\u00e9 es un N\u00facleo Disciplinario? Son agrupamientos acad\u00e9mico t\u00e9cnicos correspondientes a una disciplina de inter\u00e9s com\u00fan, donde cada Universidad miembro aporta sus disponibilidades tanto en personal de alta calificaci\u00f3n como en recursos materiales, para actividades cient\u00edficas, t\u00e9cnicas, docentes, de desarrollo, de extensi\u00f3n, etc. La Asociaci\u00f3n cuenta con los siguientes N\u00facleos Disciplinarios: Biof\u00edsica Ciencia e Ingenier\u00eda [&hellip;]<\/p>\n","protected":false},"author":1,"featured_media":0,"parent":0,"menu_order":0,"comment_status":"closed","ping_status":"closed","template":"plantilla_1.php","meta":{"footnotes":""},"class_list":["post-84","page","type-page","status-publish","hentry"],"wpmagazine_modules_lite_featured_media_urls":{"thumbnail":"","cvmm-medium":"","cvmm-medium-plus":"","cvmm-portrait":"","cvmm-medium-square":"","cvmm-large":"","cvmm-small":"","full":""},"categories_names":null,"comments_number":"0","_links":{"self":[{"href":"https:\/\/grupomontevideo.org\/site\/wp-json\/wp\/v2\/pages\/84","targetHints":{"allow":["GET"]}}],"collection":[{"href":"https:\/\/grupomontevideo.org\/site\/wp-json\/wp\/v2\/pages"}],"about":[{"href":"https:\/\/grupomontevideo.org\/site\/wp-json\/wp\/v2\/types\/page"}],"author":[{"embeddable":true,"href":"https:\/\/grupomontevideo.org\/site\/wp-json\/wp\/v2\/users\/1"}],"replies":[{"embeddable":true,"href":"https:\/\/grupomontevideo.org\/site\/wp-json\/wp\/v2\/comments?post=84"}],"version-history":[{"count":0,"href":"https:\/\/grupomontevideo.org\/site\/wp-json\/wp\/v2\/pages\/84\/revisions"}],"wp:attachment":[{"href":"https:\/\/grupomontevideo.org\/site\/wp-json\/wp\/v2\/media?parent=84"}],"curies":[{"name":"wp","href":"https:\/\/api.w.org\/{rel}","templated":true}]}}