{"id":782,"date":"2021-05-18T16:41:25","date_gmt":"2021-05-18T19:41:25","guid":{"rendered":"http:\/\/164.73.2.180\/?page_id=782"},"modified":"2025-07-16T15:59:23","modified_gmt":"2025-07-16T18:59:23","slug":"nucleo-disciplinario","status":"publish","type":"page","link":"https:\/\/grupomontevideo.org\/site\/cooperacion-academica\/nucleo-disciplinario\/","title":{"rendered":"N\u00facleos disciplinarios"},"content":{"rendered":"\r\n<p class=\"has-cyan-bluish-gray-color has-text-color has-medium-font-size\"><mark class=\"has-inline-color has-black-color\" style=\"background-color: rgba(0, 0, 0, 0);\">Son agrupamientos acad\u00e9mico t\u00e9cnicos correspondientes a una disciplina de inter\u00e9s com\u00fan, donde cada Universidad miembro aporta sus disponibilidades tanto en personal de alta calificaci\u00f3n como en recursos materiales, para actividades cient\u00edficas, t\u00e9cnicas, docentes, de desarrollo, de extensi\u00f3n, etc.<\/mark><\/p>\r\n\r\n\r\n\r\n<p>&nbsp;<\/p>\r\n\r\n\r\n\r\n<div class=\"wp-block-buttons is-layout-flex wp-block-buttons-is-layout-flex\">\r\n<div class=\"wp-block-button has-custom-width wp-block-button__width-100 is-style-outline is-style-outline--1\"><a class=\"wp-block-button__link has-vivid-green-cyan-color has-text-color wp-element-button\" style=\"border-radius: 0px;\" href=\"https:\/\/grupomontevideo.org\/ndca\/ndbiofisica\/\" target=\"_blank\" rel=\"noreferrer noopener\">Biof\u00edsica<\/a><\/div>\r\n\r\n\r\n\r\n<div class=\"wp-block-button has-custom-width wp-block-button__width-100 is-style-outline is-style-outline--2\"><a class=\"wp-block-button__link has-vivid-green-cyan-color has-text-color wp-element-button\" style=\"border-radius: 0px;\" href=\"https:\/\/grupomontevideo.org\/ndca\/ndcienciaeingenieriademateriales\/\" target=\"_blank\" rel=\"noreferrer noopener\">Ciencia e Ingenier\u00eda de Materiales<\/a><\/div>\r\n\r\n\r\n\r\n<div class=\"wp-block-button has-custom-width wp-block-button__width-100 is-style-outline is-style-outline--3\"><a class=\"wp-block-button__link has-vivid-green-cyan-color has-text-color wp-element-button\" style=\"border-radius: 0px;\" href=\"https:\/\/grupomontevideo.org\/ndca\/ndeducacionparalaintegracion\/\" target=\"_blank\" rel=\"noreferrer noopener\">Educaci\u00f3n para la Integraci\u00f3n<\/a><\/div>\r\n\r\n\r\n\r\n<div class=\"wp-block-button has-custom-width wp-block-button__width-100 is-style-outline is-style-outline--4\"><a class=\"wp-block-button__link has-vivid-green-cyan-color has-text-color wp-element-button\" style=\"border-radius: 0px;\" href=\"https:\/\/grupomontevideo.org\/ndca\/ndpelse\/\" target=\"_blank\" rel=\"noreferrer noopener\">Ense\u00f1anza de Espa\u00f1ol y Portugu\u00e9s como L2\/LE<\/a><\/div>\r\n\r\n\r\n\r\n<div class=\"wp-block-button has-custom-width wp-block-button__width-100 is-style-outline is-style-outline--5\"><a class=\"wp-block-button__link has-vivid-green-cyan-color has-text-color wp-element-button\" style=\"border-radius: 0px;\" href=\"https:\/\/grupomontevideo.org\/ndca\/ndevaluacioninstitucional\/\" target=\"_blank\" rel=\"noreferrer noopener\">Evaluaci\u00f3n Institucional, Planeamiento Estrat\u00e9gico y Gesti\u00f3n Universitaria<\/a><\/div>\r\n\r\n\r\n\r\n<div class=\"wp-block-button has-custom-width wp-block-button__width-100 is-style-outline is-style-outline--6\"><a class=\"wp-block-button__link has-vivid-green-cyan-color has-text-color wp-element-button\" style=\"border-radius: 0px;\" href=\"https:\/\/grupomontevideo.org\/ndca\/ndgca\/\" target=\"_blank\" rel=\"noreferrer noopener\">Geotecnolog\u00edas y Ciencias de la Atm\u00f3sfera<\/a><\/div>\r\n\r\n\r\n\r\n<div class=\"wp-block-button has-custom-width wp-block-button__width-100 is-style-outline is-style-outline--7\"><a class=\"wp-block-button__link has-vivid-green-cyan-color has-text-color wp-element-button\" style=\"border-radius: 0px;\" href=\"https:\/\/grupomontevideo.org\/ndca\/ndingenieriamecanica\/\" target=\"_blank\" rel=\"noreferrer noopener\">Ingenier\u00eda Mec\u00e1nica y de la Producci\u00f3n<\/a><\/div>\r\n\r\n\r\n\r\n<div class=\"wp-block-button has-custom-width wp-block-button__width-100 is-style-outline is-style-outline--8\"><a class=\"wp-block-button__link has-vivid-green-cyan-color has-text-color wp-element-button\" style=\"border-radius: 0px;\" href=\"https:\/\/grupomontevideo.org\/ndca\/ndliteratura\/\" target=\"_blank\" rel=\"noreferrer noopener\">Literatura, Imaginarios, Est\u00e9tica y Cultura<\/a><\/div>\r\n\r\n\r\n\r\n<div class=\"wp-block-button has-custom-width wp-block-button__width-100 is-style-outline is-style-outline--9\"><a class=\"wp-block-button__link has-vivid-green-cyan-color has-text-color wp-element-button\" style=\"border-radius: 0px;\" href=\"https:\/\/grupomontevideo.org\/ndca\/ndmatematicaaplicada\/\" target=\"_blank\" rel=\"noreferrer noopener\">Matem\u00e1tica Aplicada<\/a><\/div>\r\n\r\n\r\n\r\n<div class=\"wp-block-button has-custom-width wp-block-button__width-100 is-style-outline is-style-outline--10\"><a class=\"wp-block-button__link has-vivid-green-cyan-color has-text-color wp-element-button\" style=\"border-radius: 0px;\" href=\"https:\/\/grupomontevideo.org\/ndca\/ndproductosnaturales\/\" target=\"_blank\" rel=\"noreferrer noopener\">Productos Naturales Bioactivos y sus Aplicaciones<\/a><\/div>\r\n\r\n\r\n\r\n<div class=\"wp-block-button has-custom-width wp-block-button__width-100 is-style-outline is-style-outline--11\"><a class=\"wp-block-button__link has-vivid-green-cyan-color has-text-color wp-element-button\" style=\"border-radius: 0px;\" href=\"https:\/\/grupomontevideo.org\/ndca\/ndtic\/\" target=\"_blank\" rel=\"noreferrer noopener\">Tecnolog\u00edas de la Informaci\u00f3n y la Comunicaci\u00f3n<\/a><\/div>\r\n\r\n\r\n\r\n<div class=\"wp-block-button has-custom-width wp-block-button__width-100 is-style-outline is-style-outline--12\"><a class=\"wp-block-button__link has-vivid-green-cyan-color has-text-color wp-element-button\" style=\"border-radius: 0px;\" href=\"https:\/\/grupomontevideo.org\/ndca\/ndvirologiamolecular\/\" target=\"_blank\" rel=\"noreferrer noopener\">Virolog\u00eda Molecular<\/a><\/div>\r\n\r\n\r\n\r\n\r\n<div class=\"wp-block-button has-custom-width wp-block-button__width-100 is-style-outline is-style-outline--13\"><a class=\"wp-block-button__link has-vivid-green-cyan-color has-text-color wp-element-button\" style=\"border-radius: 0px;\" href=\"https:\/\/grupomontevideo.org\/ndca\/ndrecursosproductosforestales\/\" target=\"_blank\" rel=\"noreferrer noopener\">Recursos y Productos Forestales<\/a><\/div>\r\n\r\n\r\n\r\n\r\n<\/div>\r\n","protected":false},"excerpt":{"rendered":"<p>Son agrupamientos acad\u00e9mico t\u00e9cnicos correspondientes a una disciplina de inter\u00e9s com\u00fan, donde cada Universidad miembro aporta sus disponibilidades tanto en personal de alta calificaci\u00f3n como en recursos materiales, para actividades cient\u00edficas, t\u00e9cnicas, docentes, de desarrollo, de extensi\u00f3n, etc. &nbsp;<\/p>\n","protected":false},"author":1,"featured_media":0,"parent":601,"menu_order":0,"comment_status":"closed","ping_status":"closed","template":"","meta":{"footnotes":""},"class_list":["post-782","page","type-page","status-publish","hentry"],"wpmagazine_modules_lite_featured_media_urls":{"thumbnail":"","cvmm-medium":"","cvmm-medium-plus":"","cvmm-portrait":"","cvmm-medium-square":"","cvmm-large":"","cvmm-small":"","full":""},"categories_names":null,"comments_number":"0","_links":{"self":[{"href":"https:\/\/grupomontevideo.org\/site\/wp-json\/wp\/v2\/pages\/782","targetHints":{"allow":["GET"]}}],"collection":[{"href":"https:\/\/grupomontevideo.org\/site\/wp-json\/wp\/v2\/pages"}],"about":[{"href":"https:\/\/grupomontevideo.org\/site\/wp-json\/wp\/v2\/types\/page"}],"author":[{"embeddable":true,"href":"https:\/\/grupomontevideo.org\/site\/wp-json\/wp\/v2\/users\/1"}],"replies":[{"embeddable":true,"href":"https:\/\/grupomontevideo.org\/site\/wp-json\/wp\/v2\/comments?post=782"}],"version-history":[{"count":7,"href":"https:\/\/grupomontevideo.org\/site\/wp-json\/wp\/v2\/pages\/782\/revisions"}],"predecessor-version":[{"id":21111,"href":"https:\/\/grupomontevideo.org\/site\/wp-json\/wp\/v2\/pages\/782\/revisions\/21111"}],"up":[{"embeddable":true,"href":"https:\/\/grupomontevideo.org\/site\/wp-json\/wp\/v2\/pages\/601"}],"wp:attachment":[{"href":"https:\/\/grupomontevideo.org\/site\/wp-json\/wp\/v2\/media?parent=782"}],"curies":[{"name":"wp","href":"https:\/\/api.w.org\/{rel}","templated":true}]}}