{"id":4791,"date":"2019-04-04T14:46:20","date_gmt":"2019-04-04T14:46:20","guid":{"rendered":"http:\/\/grupomontevideo.org\/sitio\/?page_id=4791"},"modified":"2026-04-23T10:54:54","modified_gmt":"2026-04-23T13:54:54","slug":"consejo-consultivo","status":"publish","type":"page","link":"https:\/\/grupomontevideo.org\/site\/consejo-consultivo\/","title":{"rendered":"Comit\u00e9 Directivo"},"content":{"rendered":"<p style=\"text-align: left;\"><span style=\"color: #000000;\">El Comit\u00e9 Directivo, creado en el LXXXV Sesi\u00f3n del Consejo de Rectores del 27.05.2024, est\u00e1 integrado por los Rectores y Rectoras de las siguientes Universidades durante el per\u00edodo 2025-2026:<\/span><\/p>\n<p style=\"text-align: center;\"><span style=\"color: #000000;\"><strong>Dr. D\u00e1cio Matheus<\/strong><\/span><br \/>\n<span style=\"color: #000000;\">Universidade Federal do ABC<\/span><\/p>\n<p style=\"text-align: center;\"><span style=\"color: #000000;\"><strong>Dra. Ana Beatriz de Oliveira<\/strong><\/span><br \/>\n<span style=\"color: #000000;\">Universidade Federal de S\u00e3o Carlos<\/span><\/p>\n<p style=\"text-align: center;\"><span style=\"color: #000000;\"><strong>Mg. Mart\u00edn An\u00edbal L\u00f3pez Armegol<\/strong><\/span><br \/>\n<span style=\"color: #000000;\">Universidad Nacional de La Plata<\/span><\/p>\n<p style=\"text-align: center;\"><span style=\"color: #000000;\"><strong>Dr. Jhon Boretto<br \/>\n<\/strong><\/span><span style=\"color: #000000;\">Universidad Nacional de C\u00f3rdoba<\/span><\/p>\n<p style=\"text-align: center;\"><span style=\"color: #000000;\"><strong>Dr. Rodrigo Vidal Rojas<\/strong><\/span><br \/>\n<span style=\"color: #000000;\">Universidad de Santiago de Chile<\/span><\/p>\n<p style=\"text-align: center;\"><span style=\"color: #000000;\"><strong>Ing. Walter Ar\u00edzaga Cervantes<\/strong><\/span><br \/>\n<span style=\"color: #000000;\">Universidad San Francisco Xavier de Chuquisaca<\/span><\/p>\n<p style=\"text-align: center;\"><span style=\"color: #000000;\"><strong>Dr. Clarito Rojas Mar\u00edn<\/strong><\/span><br \/>\n<span style=\"color: #000000;\">Universidad Nacional de Concepci\u00f3n<\/span><\/p>\n<p style=\"text-align: center;\"><span style=\"color: #000000;\"><strong>Dr. H\u00e9ctor Cancela<br \/>\n<\/strong>Universidad de la Rep\u00fablica, Uruguay<\/span><\/p>\n<p style=\"text-align: center;\"><strong>\u00a0<\/strong><\/p>\n","protected":false},"excerpt":{"rendered":"<p>El Comit\u00e9 Directivo, creado en el LXXXV Sesi\u00f3n del Consejo de Rectores del 27.05.2024, est\u00e1 integrado por los Rectores y Rectoras de las siguientes Universidades durante el per\u00edodo 2025-2026: Dr. D\u00e1cio Matheus Universidade Federal do ABC Dra. Ana Beatriz de Oliveira Universidade Federal de S\u00e3o Carlos Mg. Mart\u00edn An\u00edbal L\u00f3pez Armegol Universidad Nacional de La [&hellip;]<\/p>\n","protected":false},"author":1,"featured_media":0,"parent":0,"menu_order":0,"comment_status":"closed","ping_status":"closed","template":"","meta":{"footnotes":""},"class_list":["post-4791","page","type-page","status-publish","hentry"],"wpmagazine_modules_lite_featured_media_urls":{"thumbnail":"","cvmm-medium":"","cvmm-medium-plus":"","cvmm-portrait":"","cvmm-medium-square":"","cvmm-large":"","cvmm-small":"","full":""},"categories_names":null,"comments_number":"0","_links":{"self":[{"href":"https:\/\/grupomontevideo.org\/site\/wp-json\/wp\/v2\/pages\/4791","targetHints":{"allow":["GET"]}}],"collection":[{"href":"https:\/\/grupomontevideo.org\/site\/wp-json\/wp\/v2\/pages"}],"about":[{"href":"https:\/\/grupomontevideo.org\/site\/wp-json\/wp\/v2\/types\/page"}],"author":[{"embeddable":true,"href":"https:\/\/grupomontevideo.org\/site\/wp-json\/wp\/v2\/users\/1"}],"replies":[{"embeddable":true,"href":"https:\/\/grupomontevideo.org\/site\/wp-json\/wp\/v2\/comments?post=4791"}],"version-history":[{"count":5,"href":"https:\/\/grupomontevideo.org\/site\/wp-json\/wp\/v2\/pages\/4791\/revisions"}],"predecessor-version":[{"id":22405,"href":"https:\/\/grupomontevideo.org\/site\/wp-json\/wp\/v2\/pages\/4791\/revisions\/22405"}],"wp:attachment":[{"href":"https:\/\/grupomontevideo.org\/site\/wp-json\/wp\/v2\/media?parent=4791"}],"curies":[{"name":"wp","href":"https:\/\/api.w.org\/{rel}","templated":true}]}}