{"id":4308,"date":"2018-11-26T11:42:50","date_gmt":"2018-11-26T11:42:50","guid":{"rendered":"http:\/\/grupomontevideo.org\/sitio\/?page_id=4308"},"modified":"2023-09-11T12:24:08","modified_gmt":"2023-09-11T15:24:08","slug":"programa-ciudades-y-universidades","status":"publish","type":"page","link":"https:\/\/grupomontevideo.org\/site\/programa-ciudades-y-universidades\/","title":{"rendered":"Programa Ciudades y Universidades"},"content":{"rendered":"<h1><\/h1>\n<p style=\"text-align: justify;\">Este programa es un \u00e1mbito de articulaci\u00f3n, propuesta, planificaci\u00f3n y realizaci\u00f3n de actividades conjuntas con los gobiernos locales, reconociendo en \u00e9stos a los responsables de definir e instrumentar pol\u00edticas p\u00fablicas a ese nivel y a las universidades p\u00fablicas el papel de asesores desde el conocimiento y el compromiso social. De esta forma, se liga fuertemente al conocimiento con los aspectos m\u00e1s cotidianos de los ciudadanos y las sociedades.<\/p>\n<p><strong>Noticias<\/strong><br \/>\n<a href=\"http:\/\/grupomontevideo.org\/sitio\/noticias\/mercociudades-y-augm-reflexionaron-sobre-el-vinculo-ciudad-universidad\/\">Mercociudades y AUGM reflexionaron sobre el v\u00ednculo ciudad-universidad<\/a><\/p>\n","protected":false},"excerpt":{"rendered":"<p>Este programa es un \u00e1mbito de articulaci\u00f3n, propuesta, planificaci\u00f3n y realizaci\u00f3n de actividades conjuntas con los gobiernos locales, reconociendo en \u00e9stos a los responsables de definir e instrumentar pol\u00edticas p\u00fablicas a ese nivel y a las universidades p\u00fablicas el papel de asesores desde el conocimiento y el compromiso social. De esta forma, se liga fuertemente [&hellip;]<\/p>\n","protected":false},"author":1,"featured_media":0,"parent":0,"menu_order":0,"comment_status":"closed","ping_status":"closed","template":"","meta":{"footnotes":""},"class_list":["post-4308","page","type-page","status-publish","hentry"],"wpmagazine_modules_lite_featured_media_urls":{"thumbnail":"","cvmm-medium":"","cvmm-medium-plus":"","cvmm-portrait":"","cvmm-medium-square":"","cvmm-large":"","cvmm-small":"","full":""},"categories_names":null,"comments_number":"0","_links":{"self":[{"href":"https:\/\/grupomontevideo.org\/site\/wp-json\/wp\/v2\/pages\/4308","targetHints":{"allow":["GET"]}}],"collection":[{"href":"https:\/\/grupomontevideo.org\/site\/wp-json\/wp\/v2\/pages"}],"about":[{"href":"https:\/\/grupomontevideo.org\/site\/wp-json\/wp\/v2\/types\/page"}],"author":[{"embeddable":true,"href":"https:\/\/grupomontevideo.org\/site\/wp-json\/wp\/v2\/users\/1"}],"replies":[{"embeddable":true,"href":"https:\/\/grupomontevideo.org\/site\/wp-json\/wp\/v2\/comments?post=4308"}],"version-history":[{"count":1,"href":"https:\/\/grupomontevideo.org\/site\/wp-json\/wp\/v2\/pages\/4308\/revisions"}],"predecessor-version":[{"id":18748,"href":"https:\/\/grupomontevideo.org\/site\/wp-json\/wp\/v2\/pages\/4308\/revisions\/18748"}],"wp:attachment":[{"href":"https:\/\/grupomontevideo.org\/site\/wp-json\/wp\/v2\/media?parent=4308"}],"curies":[{"name":"wp","href":"https:\/\/api.w.org\/{rel}","templated":true}]}}