{"id":2654,"date":"2017-07-07T19:12:47","date_gmt":"2017-07-07T19:12:47","guid":{"rendered":"http:\/\/grupomontevideo.org\/sitio\/?page_id=2654"},"modified":"2017-07-07T19:12:47","modified_gmt":"2017-07-07T19:12:47","slug":"augm-participara-del-quinto-salon-nacional-de-difusion-cientifica-de-brasil","status":"publish","type":"page","link":"https:\/\/grupomontevideo.org\/site\/augm-participara-del-quinto-salon-nacional-de-difusion-cientifica-de-brasil\/","title":{"rendered":"AUGM participar\u00e1 del Quinto Sal\u00f3n Nacional de Difusi\u00f3n Cient\u00edfica de Brasil"},"content":{"rendered":"<p>&nbsp;<br \/>\n&nbsp;<\/p>\n<p style=\"text-align: justify;\">La Asociaci\u00f3n de Universidades Grupo Montevideo (AUGM) participar\u00e1 del <a href=\"http:\/\/www.salaonacional.org.br\/o-salao\/\">Quinto Sal\u00f3n Nacional de Difusi\u00f3n Cient\u00edfica \u201cLos impactos de la ciencia en la sociedad<\/a>\u201d, instancia que organiza la Asociaci\u00f3n Nacional de Estudiantes de Postgrado de Brasil (ANPG), la m\u00e1xima representaci\u00f3n unitaria de estudiantes de posgrado de ese pa\u00eds, y que ser\u00e1 llevado a cabo del 16 al 22 de julio en Minas Gerais (Belo Horizonte), durante \u00a069\u00aa Reuni\u00f3n Anual de la Sociedad Brasile\u00f1a para el Progreso de la Ciencia (<a href=\"http:\/\/portal.sbpcnet.org.br\/\">SBPC<\/a>).<\/p>\n<p>&nbsp;<br \/>\nEl secretario ejecutivo de la AUGM, \u00c1lvaro Maglia, ser\u00e1 uno de los miembros de la Mesa Redonda \u201cDesaf\u00edos de la Educaci\u00f3n Superior y la investigaci\u00f3n en Brasil y Am\u00e9rica Latina\u201d, \u00a0que se realizar\u00e1 a las 14 y 30 horas del pr\u00f3ximo mi\u00e9rcoles 19 en el auditorio de la Facultad de Ingenier\u00eda de la Universidad Federal de Minas Gerais (UFMG).<br \/>\n&nbsp;<br \/>\nMaglia discutir\u00e1 las realidades y desaf\u00edos de la Educaci\u00f3n Superior con Francisco Tamarit, coordinador general de la III Conferencia Regional de Educaci\u00f3n Superior en Am\u00e9rica Latina y el Caribe (CRES 2018), Luis Roberto Liza Curi, presidente de la C\u00e1mara de Ense\u00f1anza Superior del CNE, Nuria Giniger, de Cient\u00edficos Autoconvocados de Buenos Aires, y Viv\u00edan Urquidi, vice coordinadora del Programa de Postgrado en Integraci\u00f3n de Am\u00e9rica Latina de la Universidad de San Pablo.<br \/>\n&nbsp;<br \/>\nCada participante tendr\u00e1 15 minutos para hacer su exposici\u00f3n inicial y luego ensayar\u00e1n conclusiones a partir de los aportes del p\u00fablico, siempre apuntando a la b\u00fasqueda de elementos para comprender la centralidad de las \u00e1reas de educaci\u00f3n, ciencia-tecnolog\u00eda e innovaci\u00f3n, para aportar al fortalecimiento de los lazos de cooperaci\u00f3n sur-sur con vistas al desarrollo social, econ\u00f3mico y soberano de los pa\u00edses que integran la Comunidad de Estados Latinoamericanos y Caribe\u00f1os (CELAC).<br \/>\n&nbsp;<br \/>\nEste debate ocurrir\u00e1 en el marco de los preparativos para la CRES 2018, que coincidir\u00e1 con las celebraciones de los 100 a\u00f1os de la Reforma Universitaria de C\u00f3rdoba y que se realizar\u00e1 del 11 al 15 de junio en la Universidad Nacional de C\u00f3rdoba.<br \/>\n&nbsp;<br \/>\n\u201cLa CRES 2018 asegurar\u00e1 su \u00e9xito en la medida que todos los actores del sistema educativo asuman con responsabilidad y compromiso su participaci\u00f3n en el dise\u00f1o futuro de una agenda de cooperaci\u00f3n e integraci\u00f3n regional capaz de dar respuesta a los retos estrat\u00e9gicos de cada uno de los pa\u00edses de Am\u00e9rica Latina y el Caribe, las subregiones y la regi\u00f3n como un todo\u201d, afirma la <a href=\"http:\/\/grupomontevideo.org\/sitio\/noticias\/tercera-conferencia-regional-de-educacion-superior-se-celebrara-del-11-al-15-de-junio-de-2018-en-la-ciudad-de-cordoba\/\">primera circular<\/a> del evento.<br \/>\n&nbsp;<\/p>\n","protected":false},"excerpt":{"rendered":"<p>&nbsp; &nbsp; La Asociaci\u00f3n de Universidades Grupo Montevideo (AUGM) participar\u00e1 del Quinto Sal\u00f3n Nacional de Difusi\u00f3n Cient\u00edfica \u201cLos impactos de la ciencia en la sociedad\u201d, instancia que organiza la Asociaci\u00f3n Nacional de Estudiantes de Postgrado de Brasil (ANPG), la m\u00e1xima representaci\u00f3n unitaria de estudiantes de posgrado de ese pa\u00eds, y que ser\u00e1 llevado a cabo [&hellip;]<\/p>\n","protected":false},"author":1,"featured_media":0,"parent":0,"menu_order":0,"comment_status":"closed","ping_status":"closed","template":"","meta":{"footnotes":""},"class_list":["post-2654","page","type-page","status-publish","hentry"],"wpmagazine_modules_lite_featured_media_urls":{"thumbnail":"","cvmm-medium":"","cvmm-medium-plus":"","cvmm-portrait":"","cvmm-medium-square":"","cvmm-large":"","cvmm-small":"","full":""},"categories_names":null,"comments_number":"0","_links":{"self":[{"href":"https:\/\/grupomontevideo.org\/site\/wp-json\/wp\/v2\/pages\/2654","targetHints":{"allow":["GET"]}}],"collection":[{"href":"https:\/\/grupomontevideo.org\/site\/wp-json\/wp\/v2\/pages"}],"about":[{"href":"https:\/\/grupomontevideo.org\/site\/wp-json\/wp\/v2\/types\/page"}],"author":[{"embeddable":true,"href":"https:\/\/grupomontevideo.org\/site\/wp-json\/wp\/v2\/users\/1"}],"replies":[{"embeddable":true,"href":"https:\/\/grupomontevideo.org\/site\/wp-json\/wp\/v2\/comments?post=2654"}],"version-history":[{"count":0,"href":"https:\/\/grupomontevideo.org\/site\/wp-json\/wp\/v2\/pages\/2654\/revisions"}],"wp:attachment":[{"href":"https:\/\/grupomontevideo.org\/site\/wp-json\/wp\/v2\/media?parent=2654"}],"curies":[{"name":"wp","href":"https:\/\/api.w.org\/{rel}","templated":true}]}}