{"id":17951,"date":"2023-06-14T15:41:37","date_gmt":"2023-06-14T18:41:37","guid":{"rendered":"http:\/\/grupomontevideo.org\/site\/?page_id=17951"},"modified":"2023-08-23T10:42:36","modified_gmt":"2023-08-23T13:42:36","slug":"energias-renovables-para-la-transicion-energetica-en-america-del-sud-aspectos","status":"publish","type":"page","link":"https:\/\/grupomontevideo.org\/site\/energias-renovables-para-la-transicion-energetica-en-america-del-sud-aspectos\/","title":{"rendered":"ENERG\u00cdAS RENOVABLES PARA LA TRANSICI\u00d3N ENERG\u00c9TICA EN AM\u00c9RICA DEL SUR: ASPECTOS"},"content":{"rendered":"\n<p class=\"has-text-align-center\"><strong>Inscripciones hasta el 28 de agosto (CUPOS COMPLETOS): <\/strong><\/p>\n\n\n\n<p><strong>Contacto e inscripciones:<\/strong> olemarchand@uns.edu.ar<\/p>\n\n\n\n<p><strong>Coordinaci\u00f3n General del Curso<\/strong>:<br>Dra. Carina Guzowski<br>Departamento de Econom\u00eda, Universidad Nacional del Sur, Argentina<br><strong>Plantel Docente<br><\/strong>Dr. Alejandro Gutierrez (UDELAR, Uruguay)<br>Ing. Enith Carrion (USFX, Bolivia)<br>Ing. Patricia Arnera (UNLP, Argentina)<br>Dr. Javier Schmidt (UNL, Argentina)<br>Dr. Fernando Ramos Martins (UNIFESP, Brasil)<br>Dr. Agnelo Marotta Cassula (UNESP, Brasil)<br>Dr. Elvo Calixto Burini Junior (USP, Brasil)<br>Mg. Cecilia Rebora (UNCuyo, Argentina)<br>Dr. Luiz Pereira Ramos (UFPR, Brasil)<br>Dra. Ana Lia Guerrero (UNS, Argentina)<br>Dr. Cesar Aguirre (UNER, Argentina)<br>Dra. Carina Guzowski (UNS, Argentina)<\/p>\n\n\n\n<p class=\"has-text-align-left\"><strong>Aspectos Introductorios<\/strong><br><br>La presente propuesta se enmarca en una iniciativa del Comit\u00e9 Acad\u00e9mico de Energ\u00eda del grupo de<br>universidades de AUGM. Su fin es proyectar la cooperaci\u00f3n entre las universidades miembro. La misma<br>es una experiencia piloto e intenta agrupar las capacidades del comit\u00e9 en lo relativo a la energ\u00eda, en<br>particular a las energ\u00edas renovables, desde un enfoque multidimensional enfatizando el abordaje<br>multidisciplinar centrado en los estudiantes.<br><br><strong>Objetivo del Curso<\/strong><br>El mundo ha iniciado una nueva transici\u00f3n energ\u00e9tica abandonando paulatinamente las energ\u00edas f\u00f3siles<br>y adoptando masivamente las energ\u00edas renovables. Dicha transici\u00f3n es un proceso t\u00e9cnico, pol\u00edtico,<br>econ\u00f3mico y social que se desarrollar\u00e1 durante varias d\u00e9cadas, impactando a m\u00faltiples sectores de la<br>econom\u00eda. Si bien involucra a actores p\u00fablicos como privados, las pol\u00edticas p\u00fablicas juegan un rol<br>fundamental en la definici\u00f3n del ritmo y la direcci\u00f3n de dicha transici\u00f3n. Los pa\u00edses adoptan diferentes<br>estrategias a trav\u00e9s de m\u00faltiples objetivos e instrumentos de pol\u00edtica p\u00fablica. Comprender los desaf\u00edos<br>y oportunidades que plantea la transici\u00f3n energ\u00e9tica es un conocimiento transversal indispensable para<br>profesionales que se desempe\u00f1en en el sector p\u00fablico como privado.<\/p>\n\n\n\n<p>Es importante tener en cuenta que la energ\u00eda es un insumo cr\u00edtico de todo el sistema econ\u00f3mico social<br>y un punto central del desarrollo sustentable, por su impacto ambiental y su incidencia en las dem\u00e1s<br>dimensiones relevantes de la vida humana (UN-ENERGY, 2007). As\u00ed lo muestra la iniciativa \u201cEnerg\u00eda<\/p>\n\n\n\n<p>Sostenible para todos\u201d (SE4All) y el establecimiento de los Objetivos de Desarrollo Sostenible (ODS),<br>impulsados por el Programa de Naciones Unidas para el Desarrollo (PNUD). El objetivo m\u00e1s relacionado<br>con la tem\u00e1tica es el de Energ\u00eda Asequible y no Contaminante (objetivo 7), para satisfacer las<br>necesidades humanas b\u00e1sicas.<\/p>\n\n\n\n<p>Por lo anteriormente explicitado, el curso brindar\u00e1 un abordaje integral de la problem\u00e1tica de las<br>energ\u00edas renovables focalizando en estudiar aspectos tecnol\u00f3gicos, econ\u00f3micos y geopol\u00edticos. Se<br>pondr\u00e1 especial \u00e9nfasis en vincular cada uno de estos aspectos con el desarrollo sostenible y la transici\u00f3n<br>energ\u00e9tica y de dirigir el curso a los mercados de energ\u00edas renovables en Am\u00e9rica del Sud, aunque se<br>realizar\u00e1 un breve panorama del estado de las tecnolog\u00edas en el mundo.<\/p>\n\n\n\n<p>La caracter\u00edstica distintiva de este curso es la mirada sist\u00e9mica y multidisciplinar del tema energ\u00e9tico<br>considerando que la energ\u00eda impacta y es impactada por un conjunto de dimensiones tales como la<br>ambiental, la social, la t\u00e9cnica, la econ\u00f3mica y que es un elemento central para sostener cualquier<br>proceso de inclusi\u00f3n y desarrollo social.<\/p>\n\n\n\n<p>Acceda a los contenidos y organizaci\u00f3n del curso: <a href=\"https:\/\/grupomontevideo.org\/site\/wp-content\/uploads\/2023\/06\/Contenidos-Duracion-y-Organizacion.pdf\" target=\"_blank\" rel=\"noreferrer noopener\">Aqu\u00ed<\/a><\/p>\n\n\n\n<p><strong>Enfoque Pedag\u00f3gico del Curso<\/strong><br>El enfoque pedag\u00f3gico en la que se cimienta esta formaci\u00f3n virtual que presentamos se encuentra<br>basado en la construcci\u00f3n colaborativa de conocimiento y en el reconocimiento y valoraci\u00f3n de la<br>experiencia y saberes previos de los alumnos y tambi\u00e9n de sus instituciones de procedencia para la<br>construcci\u00f3n de nuevos aprendizajes. Los participantes durante este \u201cproceso de formaci\u00f3n\u201d se<br>apropian de manera participativa de nociones y herramientas vinculadas a la tem\u00e1tica\/problem\u00e1tica que<br>los convoca a trav\u00e9s de tecnolog\u00eda educativa especialmente construida para favorecer la ense\u00f1anza y el<br>aprendizaje en entornos virtuales. Las actividades de aprendizaje previstas en este curso se encuentran<br>enfocadas en la realizaci\u00f3n de tareas pr\u00e1cticas constructivas en el marco de una formaci\u00f3n virtual<br>entendida como espacio de despliegue de las potencialidades de todos y cada uno de los participantes.<\/p>\n\n\n\n<p><strong>Destinatarios del Curso<\/strong><br>El curso est\u00e1 dirigido principalmente a graduados universitarios de diferentes carreras orientados a<br>todas las universidades que conforman el grupo de universidades de AUGM, que se interesen por el \u00e1rea<br>de energ\u00edas renovables y quieran ampliar su campo de conocimientos y habilidades profesionales en<br>dicha area tem\u00e1tica desde un enfoque multidisciplinario. Sin embargo, se encuentra asimismo abierto a<br>cualquier alumno que provenga o no de universidades de AUGM.<br>Teniendo en cuenta que el curso se desarrollar\u00e1 desde una perspectiva internacional e integra los<br>conocimientos cient\u00edficos m\u00e1s recientes en el \u00e1rea (publicados en la revistas acad\u00e9micas de referencia a<br>nivel mundial), parte de la bibliograf\u00eda esta s\u00f3lo disponible en Ingl\u00e9s. Poder leer textos t\u00e9cnicos en dicha<br>lengua es un requisito fundamental para desarrollar el curso. El resto del material (diapositivas, videos)<br>y los trabajos de los participantes se desarrollar\u00e1n en Espa\u00f1ol y en Portugu\u00e9s.<br><\/p>\n\n\n\n<p><strong>Modalidad de Dictado<\/strong><br>Este curso ser\u00e1 virtual y se desarrollar\u00e1 totalmente en el Campus Virtual UNS que se encuentra<br>sustentado principalmente por el entorno virtual de aprendizaje Moodle-UNS. A trav\u00e9s de una<br>identificaci\u00f3n de usuario propia el alumno podr\u00e1 acceder a los cursos MOODLE-UNS en los que se ha<br>suscripto y consultar a los profesores que lo gu\u00edan en el proceso de aprendizaje. Para utilizar el sistema<br>de videoconferencias el alumno debe aguardar que sus docentes le env\u00eden el link de la correspondiente<br>sala de reuniones y luego ingresar en la misma identific\u00e1ndose con nombre y apellido, a fin de participar<br>de las clases en tiempo real.<br>Este curso se prev\u00e9 como una asignatura de posgrado que evaluar\u00e1 y acreditar\u00e1 la Secretar\u00eda General<br>de Posgrado y educaci\u00f3n continua de la Universidad Nacional del Sur. Luego el alumno deber\u00e1<br>acreditar en su universidad de origen los cr\u00e9ditos otorgados por este curso.<br><\/p>\n\n\n\n<p class=\"has-vivid-green-cyan-background-color has-background\"><strong>Duraci\u00f3n del Curso<\/strong><br><strong><em>60 horas<br>41 horas de cursado sincr\u00f3nico (14 semanas, una clase por semana) y 19 horas de preparaci\u00f3n y lectura<br>de material de estudio y elaboraci\u00f3n trabajo integrador final del curso<\/em><\/strong><br><br><strong>Evaluaci\u00f3n<\/strong><br>La evaluaci\u00f3n final consistir\u00e1 en la realizaci\u00f3n de un trabajo integrador individual por parte del alumno, sobre un tema que el alumno elija de los temas que se estudiaron en el curso. Dicho trabajo ser\u00e1 evaluado con una nota entre 0 (cero) y 10 (diez). La condici\u00f3n de aprobaci\u00f3n es con nota seis (6).<br>Los alumnos deber\u00e1n elegir un tema de inter\u00e9s aplicado al sector de energ\u00edas renovables y analizarlo desde la perspectiva de algunas de las clases que fueron impartidas en el curso. Previamente deber\u00e1n presenta la idea proyecto en la \u00faltima clase del curso.<br><\/p>\n\n\n\n<p class=\"has-vivid-green-cyan-background-color has-background\"><strong>Idioma de dictado de las clases<\/strong><br>Espa\u00f1ol y Portugu\u00e9s.<br><br><strong>Financiamiento<\/strong><br>El curso ser\u00e1 sin costo para los alumnos que provengan de las universidades de AUGM.<br>El funcionamiento del curso se realizar\u00e1 en el marco de las actividades de postgrado del Departamento<br>de Econom\u00eda de la Universidad Nacional del Sur.<br><\/p>\n\n\n\n<figure class=\"wp-block-gallery has-nested-images columns-default is-cropped wp-block-gallery-1 is-layout-flex wp-block-gallery-is-layout-flex\">\n<figure class=\"wp-block-image size-large\"><img fetchpriority=\"high\" decoding=\"async\" width=\"1024\" height=\"1024\" data-id=\"18227\" src=\"https:\/\/grupomontevideo.org\/site\/wp-content\/uploads\/2023\/07\/Energia-1_Mesa-de-trabajo-1-01_Mesa-de-trabajo-1-01_Mesa-de-trabajo-1-01-1024x1024.jpg\" alt=\"\" class=\"wp-image-18227\" srcset=\"https:\/\/grupomontevideo.org\/site\/wp-content\/uploads\/2023\/07\/Energia-1_Mesa-de-trabajo-1-01_Mesa-de-trabajo-1-01_Mesa-de-trabajo-1-01-1024x1024.jpg 1024w, https:\/\/grupomontevideo.org\/site\/wp-content\/uploads\/2023\/07\/Energia-1_Mesa-de-trabajo-1-01_Mesa-de-trabajo-1-01_Mesa-de-trabajo-1-01-300x300.jpg 300w, https:\/\/grupomontevideo.org\/site\/wp-content\/uploads\/2023\/07\/Energia-1_Mesa-de-trabajo-1-01_Mesa-de-trabajo-1-01_Mesa-de-trabajo-1-01-150x150.jpg 150w, https:\/\/grupomontevideo.org\/site\/wp-content\/uploads\/2023\/07\/Energia-1_Mesa-de-trabajo-1-01_Mesa-de-trabajo-1-01_Mesa-de-trabajo-1-01-768x767.jpg 768w, https:\/\/grupomontevideo.org\/site\/wp-content\/uploads\/2023\/07\/Energia-1_Mesa-de-trabajo-1-01_Mesa-de-trabajo-1-01_Mesa-de-trabajo-1-01-600x600.jpg 600w, https:\/\/grupomontevideo.org\/site\/wp-content\/uploads\/2023\/07\/Energia-1_Mesa-de-trabajo-1-01_Mesa-de-trabajo-1-01_Mesa-de-trabajo-1-01.jpg 1081w\" sizes=\"(max-width: 1024px) 100vw, 1024px\" \/><\/figure>\n\n\n\n<figure class=\"wp-block-image size-large\"><img decoding=\"async\" width=\"1024\" height=\"1024\" data-id=\"18228\" src=\"https:\/\/grupomontevideo.org\/site\/wp-content\/uploads\/2023\/07\/Energia-2_Mesa-de-trabajo-1-07-2-1024x1024.jpg\" alt=\"\" class=\"wp-image-18228\" srcset=\"https:\/\/grupomontevideo.org\/site\/wp-content\/uploads\/2023\/07\/Energia-2_Mesa-de-trabajo-1-07-2-1024x1024.jpg 1024w, https:\/\/grupomontevideo.org\/site\/wp-content\/uploads\/2023\/07\/Energia-2_Mesa-de-trabajo-1-07-2-300x300.jpg 300w, https:\/\/grupomontevideo.org\/site\/wp-content\/uploads\/2023\/07\/Energia-2_Mesa-de-trabajo-1-07-2-150x150.jpg 150w, https:\/\/grupomontevideo.org\/site\/wp-content\/uploads\/2023\/07\/Energia-2_Mesa-de-trabajo-1-07-2-768x769.jpg 768w, https:\/\/grupomontevideo.org\/site\/wp-content\/uploads\/2023\/07\/Energia-2_Mesa-de-trabajo-1-07-2-600x600.jpg 600w, https:\/\/grupomontevideo.org\/site\/wp-content\/uploads\/2023\/07\/Energia-2_Mesa-de-trabajo-1-07-2.jpg 1080w\" sizes=\"(max-width: 1024px) 100vw, 1024px\" \/><\/figure>\n<\/figure>\n","protected":false},"excerpt":{"rendered":"<p>Inscripciones hasta el 28 de agosto (CUPOS COMPLETOS): Contacto e inscripciones: olemarchand@uns.edu.ar Coordinaci\u00f3n General del Curso:Dra. Carina GuzowskiDepartamento de Econom\u00eda, Universidad Nacional del Sur, ArgentinaPlantel DocenteDr. Alejandro Gutierrez (UDELAR, Uruguay)Ing. Enith Carrion (USFX, Bolivia)Ing. Patricia Arnera (UNLP, Argentina)Dr. Javier Schmidt (UNL, Argentina)Dr. Fernando Ramos Martins (UNIFESP, Brasil)Dr. Agnelo Marotta Cassula (UNESP, Brasil)Dr. Elvo Calixto Burini [&hellip;]<\/p>\n","protected":false},"author":3,"featured_media":0,"parent":0,"menu_order":0,"comment_status":"closed","ping_status":"closed","template":"","meta":{"footnotes":""},"class_list":["post-17951","page","type-page","status-publish","hentry"],"wpmagazine_modules_lite_featured_media_urls":{"thumbnail":"","cvmm-medium":"","cvmm-medium-plus":"","cvmm-portrait":"","cvmm-medium-square":"","cvmm-large":"","cvmm-small":"","full":""},"categories_names":null,"comments_number":"0","_links":{"self":[{"href":"https:\/\/grupomontevideo.org\/site\/wp-json\/wp\/v2\/pages\/17951","targetHints":{"allow":["GET"]}}],"collection":[{"href":"https:\/\/grupomontevideo.org\/site\/wp-json\/wp\/v2\/pages"}],"about":[{"href":"https:\/\/grupomontevideo.org\/site\/wp-json\/wp\/v2\/types\/page"}],"author":[{"embeddable":true,"href":"https:\/\/grupomontevideo.org\/site\/wp-json\/wp\/v2\/users\/3"}],"replies":[{"embeddable":true,"href":"https:\/\/grupomontevideo.org\/site\/wp-json\/wp\/v2\/comments?post=17951"}],"version-history":[{"count":18,"href":"https:\/\/grupomontevideo.org\/site\/wp-json\/wp\/v2\/pages\/17951\/revisions"}],"predecessor-version":[{"id":18622,"href":"https:\/\/grupomontevideo.org\/site\/wp-json\/wp\/v2\/pages\/17951\/revisions\/18622"}],"wp:attachment":[{"href":"https:\/\/grupomontevideo.org\/site\/wp-json\/wp\/v2\/media?parent=17951"}],"curies":[{"name":"wp","href":"https:\/\/api.w.org\/{rel}","templated":true}]}}