{"id":17068,"date":"2023-03-28T15:58:54","date_gmt":"2023-03-28T18:58:54","guid":{"rendered":"http:\/\/grupomontevideo.org\/site\/?page_id=17068"},"modified":"2023-05-08T16:20:44","modified_gmt":"2023-05-08T19:20:44","slug":"plan-estrategico-2020-2030","status":"publish","type":"page","link":"https:\/\/grupomontevideo.org\/site\/plan-estrategico-2020-2030\/","title":{"rendered":"Plan estrat\u00e9gico 2020-2030"},"content":{"rendered":"\n<p>La Asociaci\u00f3n de Universidades Grupo Montevideo (AUGM), como red de universidades p\u00fablicas, aut\u00f3nomas y autogobernadas, fue fundada en 1991 por nueve universidades para dar respuesta a los desaf\u00edos que atravesaba la vida universitaria en el mundo.<\/p>\n\n\n\n<p>Desde el trabajo por la excelencia, la calidad, la pertinencia y los cometidos que la educaci\u00f3n superior p\u00fablica requer\u00eda, la red se consolid\u00f3 compartiendo de manera solidaria personal acad\u00e9mico de m\u00e1xima calificaci\u00f3n, recursos materiales, instalaciones y equipamientos. Esto permiti\u00f3 constituir el espacio acad\u00e9mico com\u00fan ampliado que hoy integran 41 universidades p\u00fablicas de Argentina, Bolivia, Brasil, Chile, Paraguay y Uruguay.<\/p>\n\n\n\n<p>Este crecimiento cuantitativo en sus instituciones miembro, as\u00ed como en la cantidad y magnitud de sus programas, signific\u00f3 una mayor complejidad en el funcionamiento de AUGM, situaci\u00f3n que impuls\u00f3 la ocasi\u00f3n de proyectar objetivos estrat\u00e9gicos comunes a trav\u00e9s de la elaboraci\u00f3n de un Plan.<\/p>\n\n\n\n<p>Es as\u00ed que en 2018 se inici\u00f3 la construcci\u00f3n del Plan Estrat\u00e9gico 2020-2030 de la AUGM.<\/p>\n\n\n\n<p><a href=\"https:\/\/grupomontevideo.org\/site\/wp-content\/uploads\/2023\/05\/PLAN-ESTRATEGICO.pdf\">Ver PLAN ESTRAT\u00c9GICO<\/a><br><a href=\"https:\/\/grupomontevideo.org\/site\/wp-content\/uploads\/2023\/05\/CUADRO-RESUMEN-PLAN-ESTRATEGIO.pdf\">Ver cuadro resumen PE<\/a><\/p>\n\n\n\n<p>  <br><\/p>\n","protected":false},"excerpt":{"rendered":"<p>La Asociaci\u00f3n de Universidades Grupo Montevideo (AUGM), como red de universidades p\u00fablicas, aut\u00f3nomas y autogobernadas, fue fundada en 1991 por nueve universidades para dar respuesta a los desaf\u00edos que atravesaba la vida universitaria en el mundo. Desde el trabajo por la excelencia, la calidad, la pertinencia y los cometidos que la educaci\u00f3n superior p\u00fablica requer\u00eda, [&hellip;]<\/p>\n","protected":false},"author":3,"featured_media":0,"parent":0,"menu_order":0,"comment_status":"closed","ping_status":"closed","template":"","meta":{"footnotes":""},"class_list":["post-17068","page","type-page","status-publish","hentry"],"wpmagazine_modules_lite_featured_media_urls":{"thumbnail":"","cvmm-medium":"","cvmm-medium-plus":"","cvmm-portrait":"","cvmm-medium-square":"","cvmm-large":"","cvmm-small":"","full":""},"categories_names":null,"comments_number":"0","_links":{"self":[{"href":"https:\/\/grupomontevideo.org\/site\/wp-json\/wp\/v2\/pages\/17068","targetHints":{"allow":["GET"]}}],"collection":[{"href":"https:\/\/grupomontevideo.org\/site\/wp-json\/wp\/v2\/pages"}],"about":[{"href":"https:\/\/grupomontevideo.org\/site\/wp-json\/wp\/v2\/types\/page"}],"author":[{"embeddable":true,"href":"https:\/\/grupomontevideo.org\/site\/wp-json\/wp\/v2\/users\/3"}],"replies":[{"embeddable":true,"href":"https:\/\/grupomontevideo.org\/site\/wp-json\/wp\/v2\/comments?post=17068"}],"version-history":[{"count":6,"href":"https:\/\/grupomontevideo.org\/site\/wp-json\/wp\/v2\/pages\/17068\/revisions"}],"predecessor-version":[{"id":17575,"href":"https:\/\/grupomontevideo.org\/site\/wp-json\/wp\/v2\/pages\/17068\/revisions\/17575"}],"wp:attachment":[{"href":"https:\/\/grupomontevideo.org\/site\/wp-json\/wp\/v2\/media?parent=17068"}],"curies":[{"name":"wp","href":"https:\/\/api.w.org\/{rel}","templated":true}]}}