{"id":16980,"date":"2022-11-29T14:41:29","date_gmt":"2022-11-29T17:41:29","guid":{"rendered":"http:\/\/grupomontevideo.org\/site\/?page_id=16980"},"modified":"2022-11-29T15:17:34","modified_gmt":"2022-11-29T18:17:34","slug":"seminario-universidad-sociedad-estado","status":"publish","type":"page","link":"https:\/\/grupomontevideo.org\/site\/seminario-universidad-sociedad-estado\/","title":{"rendered":"Seminario Universidad-Sociedad-Estado"},"content":{"rendered":"\n<figure class=\"wp-block-image\"><a href=\"http:\/\/grupomontevideo.org\/sitio\/wp-content\/uploads\/2015\/11\/SEminario-USE-Roissa-Cesar-UFMG.jpg\"><img fetchpriority=\"high\" decoding=\"async\" width=\"712\" height=\"474\" src=\"http:\/\/grupomontevideo.org\/sitio\/wp-content\/uploads\/2015\/11\/SEminario-USE-Roissa-Cesar-UFMG.jpg\" alt=\"\" class=\"wp-image-3041\"\/><\/a><figcaption class=\"wp-element-caption\">Foto: Ra\u00edssa C\u00e9sar\/UFMG<\/figcaption><\/figure>\n\n\n\n<p><strong>El programa tiene como<\/strong> <strong>objetivo vincular, a trav\u00e9s del intercambio de ideas, a los acad\u00e9micos con los representantes del Estado y los diferentes actores de la sociedad<\/strong>. Los temas elegidos son aquellos que se consideran de inter\u00e9s estrat\u00e9gico para la regi\u00f3n, y se invitan a acad\u00e9micos de las Universidades miembro, instituciones, organizaciones cient\u00edfico acad\u00e9micas, autoridades universitarias, as\u00ed como actores sociales y pol\u00edticos relevantes para el abordaje tem\u00e1tico. Con la creaci\u00f3n de este espacio, la <strong>AUGM&nbsp;se perfila en el Mercosur como una articuladora efectiva entre instituciones y, fundamentalmente, como una activa protagonista social<\/strong>, gracias al estudio de los temas m\u00e1s inquietantes para las comunidades, tales como pobreza, salud, medio ambiente, energ\u00eda, recursos naturales, calidad institucional y otros. 1 Aporte de la Universidad Nacional del Litoral, Santa Fe, Argentina.<\/p>\n\n\n\n<p>Otro de los objetivos posteriores es que de cada seminario surjan propuestas para ser enviadas y discutidas por otras instituciones e instancias de gobierno de los pa\u00edses a los que pertenecen las Universidades de AUGM. As\u00ed, se realizaron los siguientes:<\/p>\n\n\n\n<p>\u2022<strong> 2010, I Edici\u00f3n<\/strong> &#8211; <em>Energ\u00edas Sustentables, Universidad de Buenos Aires, Argentina;<\/em><\/p>\n\n\n\n<p>\u2022 <strong>2011, II Edici\u00f3n<\/strong> &#8211; <em>Reforma Universitaria: Universidades Latinoamericanas y Desarrollo, Universidad de la Rep\u00fablica, Uruguay;<\/em><\/p>\n\n\n\n<p>\u2022 <strong>2012, III Edici\u00f3n<\/strong> &#8211; <em>A 400 A\u00f1os de la Universidad en la Regi\u00f3n, Universidad Nacional de C\u00f3rdoba, Argentina;<\/em><\/p>\n\n\n\n<p>\u2022 <strong>2013, IV Edici\u00f3n<\/strong> &#8211; <em>Soberan\u00eda Alimentaria y Pol\u00edticas P\u00fablicas, Universidad Nacional de Asunci\u00f3n, Paraguay;<\/em><\/p>\n\n\n\n<p>\u2022 <strong>2014, V Edici\u00f3n<\/strong> &#8211; <em>Buen Vivir: Desarrollo Sustentable para la Integraci\u00f3n Regional del Cono Sur, Universidade Federal do Rio Grande do Sul, Brasil;<\/em><\/p>\n\n\n\n<p>\u2022 <strong>2015, VI Edici\u00f3n<\/strong> &#8211; <em>Desaf\u00edos de la Democracia en Latinoam\u00e9rica, Universidad Nacional de Cuyo, Argentina;<\/em><\/p>\n\n\n\n<p>\u2022 <strong>2017, VII Edici\u00f3n<\/strong> &#8211;&nbsp;<em>O Papel das Universidades P\u00fablicas no cen\u00e1rio atual, Universidade Federal de Minas Gerais, Brasil;<\/em><\/p>\n\n\n\n<p>\u2022 <strong>2018, VIII Edici\u00f3n <\/strong>&#8211; <em>Formaci\u00f3n superior y el futuro del trabajo. Universidad Nacional de Rosario, Argentina;<\/em><\/p>\n\n\n\n<p>\u2022 <strong>2019, IX Edici\u00f3n <\/strong>&#8211; <em>Perspectivas regionais das rela\u00e7\u00f5es entre Universidade, Sociedade e Estado, Universidade Federal do Rio Grande do Sul, Brasil.<\/em><\/p>\n\n\n\n<hr class=\"wp-block-separator has-alpha-channel-opacity\"\/>\n\n\n\n<p><strong><a href=\"https:\/\/grupomontevideo.org\/site\/wp-content\/uploads\/2015\/11\/Seminario-Universidad-Sociedad-Estado-Reglamento1.pdf\">Reglamento<\/a><\/strong><\/p>\n\n\n\n<p><a href=\"https:\/\/grupomontevideo.org\/site\/wp-content\/uploads\/2022\/11\/Actas-III-Seminario-Internacional-Universidad-Sociedad-Estado-3.pdf\">Actas III Seminario Internacional U-S-E: \u201cA 400 a\u00f1os de la Universidad en la regi\u00f3n\u201d<\/a><\/p>\n\n\n\n<p><a href=\"https:\/\/grupomontevideo.org\/site\/wp-content\/uploads\/2022\/11\/libro_II-seminario_reforma_universitaria.pdf\">Libro II Seminario Internacional U-S-E: \u00abReforma Universitaria: Universidades Latinoamericanas y Desarrollo\u00bb<\/a><\/p>\n","protected":false},"excerpt":{"rendered":"<p>El programa tiene como objetivo vincular, a trav\u00e9s del intercambio de ideas, a los acad\u00e9micos con los representantes del Estado y los diferentes actores de la sociedad. Los temas elegidos son aquellos que se consideran de inter\u00e9s estrat\u00e9gico para la regi\u00f3n, y se invitan a acad\u00e9micos de las Universidades miembro, instituciones, organizaciones cient\u00edfico acad\u00e9micas, autoridades [&hellip;]<\/p>\n","protected":false},"author":3,"featured_media":0,"parent":0,"menu_order":0,"comment_status":"closed","ping_status":"closed","template":"","meta":{"footnotes":""},"class_list":["post-16980","page","type-page","status-publish","hentry"],"wpmagazine_modules_lite_featured_media_urls":{"thumbnail":"","cvmm-medium":"","cvmm-medium-plus":"","cvmm-portrait":"","cvmm-medium-square":"","cvmm-large":"","cvmm-small":"","full":""},"categories_names":null,"comments_number":"0","_links":{"self":[{"href":"https:\/\/grupomontevideo.org\/site\/wp-json\/wp\/v2\/pages\/16980","targetHints":{"allow":["GET"]}}],"collection":[{"href":"https:\/\/grupomontevideo.org\/site\/wp-json\/wp\/v2\/pages"}],"about":[{"href":"https:\/\/grupomontevideo.org\/site\/wp-json\/wp\/v2\/types\/page"}],"author":[{"embeddable":true,"href":"https:\/\/grupomontevideo.org\/site\/wp-json\/wp\/v2\/users\/3"}],"replies":[{"embeddable":true,"href":"https:\/\/grupomontevideo.org\/site\/wp-json\/wp\/v2\/comments?post=16980"}],"version-history":[{"count":3,"href":"https:\/\/grupomontevideo.org\/site\/wp-json\/wp\/v2\/pages\/16980\/revisions"}],"predecessor-version":[{"id":16989,"href":"https:\/\/grupomontevideo.org\/site\/wp-json\/wp\/v2\/pages\/16980\/revisions\/16989"}],"wp:attachment":[{"href":"https:\/\/grupomontevideo.org\/site\/wp-json\/wp\/v2\/media?parent=16980"}],"curies":[{"name":"wp","href":"https:\/\/api.w.org\/{rel}","templated":true}]}}