{"id":16856,"date":"2022-11-09T10:08:20","date_gmt":"2022-11-09T13:08:20","guid":{"rendered":"http:\/\/grupomontevideo.org\/site\/?page_id=16856"},"modified":"2026-03-30T09:33:27","modified_gmt":"2026-03-30T12:33:27","slug":"jornada-de-jovenes-investigadores-2","status":"publish","type":"page","link":"https:\/\/grupomontevideo.org\/site\/jornada-de-jovenes-investigadores-2\/","title":{"rendered":"Jornada de J\u00f3venes Investigadores"},"content":{"rendered":"\r\n<p>Las Jornadas de J\u00f3venes Investigadores son el espacio anual que re\u00fane a cientos de j\u00f3venes investigadores de las 51 universidades miembro de la AUGM con el objetivo de formar profesionales id\u00f3neos y ciudadanos comprometidos con la realidad actual de nuestro continente Latinoamericano.<\/p>\r\n<p>Creadas en 1993, las Jornadas est\u00e1n orientadas a promover el temprano relacionamiento entre j\u00f3venes cient\u00edficos de los pa\u00edses de la regi\u00f3n y a impulsar su integraci\u00f3n en los trabajos que crean. Se desarrollan redes interpersonales y de car\u00e1cter cient\u00edfico-acad\u00e9micas, cuyo entramado luego posibilita y fundamenta la constituci\u00f3n de grupos regionales de investigaci\u00f3n cient\u00edfica.<\/p>\r\n<p>En 2026 la Universidad Federal do Rio Grande do Sul (Porto Alegre, Brasil) ser\u00e1 sede de las 33\u00b0 edici\u00f3n de las Jornadas. Las actividades se desarrollar\u00e1n en forma presencial los d\u00edas 20, 21 y 22 de octubre.<\/p>\r\n\r\n\r\n\r\n<ul>\r\n<li><strong>Gu\u00eda Organizaci\u00f3n y Desarrollo de las Jornadas:<\/strong> <a href=\"https:\/\/grupomontevideo.org\/site\/wp-content\/uploads\/2026\/03\/JJI-Guia-Organizacion-y-Desarrollo_2026-Final_26-ES.pdf\" target=\"_blank\" rel=\"noopener\">ES<\/a> &#8211; <a href=\"https:\/\/grupomontevideo.org\/site\/wp-content\/uploads\/2026\/03\/JJI-Guia-Organizacion-y-Desarrollo_2026-Final_26-PT.pdf\" target=\"_blank\" rel=\"noopener\">PT<\/a>.<\/li>\r\n<li><strong>Gu\u00eda general para presentar Trabajos<\/strong>: <a href=\"https:\/\/grupomontevideo.org\/site\/wp-content\/uploads\/2026\/03\/ES-Anexo-I-GUIA-GENERAL-PARA-PRESENTAR-TRABAJOS.pdf\" target=\"_blank\" rel=\"noopener\">ES<\/a> &#8211; <a href=\"https:\/\/grupomontevideo.org\/site\/wp-content\/uploads\/2026\/03\/PT-Anexo-I-GUIA-GENERAL-PARA-PRESENTAR-TRABAJOS.pdf\" target=\"_blank\" rel=\"noopener\">PT<\/a>.<\/li>\r\n<li><strong>Nota de Consentimiento para Publicaci\u00f3n de Art\u00edculo Cient\u00edfico:<\/strong> <a href=\"https:\/\/grupomontevideo.org\/site\/wp-content\/uploads\/2026\/03\/ES-Anexo-II-Nota-de-Consentimiento-Publicacion-de-Articulo-Cientifico.pdf\" target=\"_blank\" rel=\"noopener\">ES <\/a> &#8211; <a href=\"https:\/\/grupomontevideo.org\/site\/wp-content\/uploads\/2026\/03\/PT-Anexo-II-Nota-de-Consentimiento-Publicacion-de-Articulo-Cientifico.pdf\" target=\"_blank\" rel=\"noopener\">PT <\/a>.<\/li>\r\n<\/ul>\r\n\r\n\r\n\r\n<h2><a href=\"https:\/\/grupomontevideo.org\/site\/publicaciones-jornadas-de-jovenes-investigadores\/\">Revista de las Jornadas de J\u00f3venes Investigadores<\/a><\/h2>\r\n\r\n\r\n\r\n\r\n\r\n<div id=\"sconnect-is-installed\" style=\"display: none;\">2.15.1.0<\/div>","protected":false},"excerpt":{"rendered":"<p>Las Jornadas de J\u00f3venes Investigadores son el espacio anual que re\u00fane a cientos de j\u00f3venes investigadores de las 51 universidades miembro de la AUGM con el objetivo de formar profesionales id\u00f3neos y ciudadanos comprometidos con la realidad actual de nuestro continente Latinoamericano. Creadas en 1993, las Jornadas est\u00e1n orientadas a promover el temprano relacionamiento entre [&hellip;]<\/p>\n","protected":false},"author":3,"featured_media":0,"parent":0,"menu_order":0,"comment_status":"closed","ping_status":"closed","template":"","meta":{"footnotes":""},"class_list":["post-16856","page","type-page","status-publish","hentry"],"wpmagazine_modules_lite_featured_media_urls":{"thumbnail":"","cvmm-medium":"","cvmm-medium-plus":"","cvmm-portrait":"","cvmm-medium-square":"","cvmm-large":"","cvmm-small":"","full":""},"categories_names":null,"comments_number":"0","_links":{"self":[{"href":"https:\/\/grupomontevideo.org\/site\/wp-json\/wp\/v2\/pages\/16856","targetHints":{"allow":["GET"]}}],"collection":[{"href":"https:\/\/grupomontevideo.org\/site\/wp-json\/wp\/v2\/pages"}],"about":[{"href":"https:\/\/grupomontevideo.org\/site\/wp-json\/wp\/v2\/types\/page"}],"author":[{"embeddable":true,"href":"https:\/\/grupomontevideo.org\/site\/wp-json\/wp\/v2\/users\/3"}],"replies":[{"embeddable":true,"href":"https:\/\/grupomontevideo.org\/site\/wp-json\/wp\/v2\/comments?post=16856"}],"version-history":[{"count":21,"href":"https:\/\/grupomontevideo.org\/site\/wp-json\/wp\/v2\/pages\/16856\/revisions"}],"predecessor-version":[{"id":22270,"href":"https:\/\/grupomontevideo.org\/site\/wp-json\/wp\/v2\/pages\/16856\/revisions\/22270"}],"wp:attachment":[{"href":"https:\/\/grupomontevideo.org\/site\/wp-json\/wp\/v2\/media?parent=16856"}],"curies":[{"name":"wp","href":"https:\/\/api.w.org\/{rel}","templated":true}]}}