{"id":16800,"date":"2022-11-07T16:28:39","date_gmt":"2022-11-07T19:28:39","guid":{"rendered":"http:\/\/grupomontevideo.org\/site\/?page_id=16800"},"modified":"2023-04-24T15:49:18","modified_gmt":"2023-04-24T18:49:18","slug":"comisiones-permanentes","status":"publish","type":"page","link":"https:\/\/grupomontevideo.org\/site\/comisiones-permanentes\/","title":{"rendered":"Comisiones Permanentes"},"content":{"rendered":"\n<p class=\"has-cyan-bluish-gray-color has-text-color has-medium-font-size\"><mark style=\"background-color:rgba(0, 0, 0, 0)\" class=\"has-inline-color has-black-color\">Las Comisiones Permanentes (CP) son organismos estables de la Asociaci\u00f3n, que tienen como finalidad principal: estudiar, elaborar y desarrollar propuestas y acciones institucionales y acad\u00e9micas, en tem\u00e1ticas de car\u00e1cter estrat\u00e9gico y\u00a0transversal, en las \u00e1reas y competencias que el Consejo de Rectores defina.<\/mark><\/p>\n\n\n\n<p class=\"has-cyan-bluish-gray-color has-text-color has-medium-font-size\"><mark style=\"background-color:rgba(0, 0, 0, 0)\" class=\"has-inline-color has-black-color\">Las CP articular\u00e1n de manera efectiva con los programas, proyectos y\u00a0actividades de AUGM, lo que deber\u00e1 explicitarse en la programaci\u00f3n del trabajo\u00a0de \u00e9stas Comisiones.<\/mark><\/p>\n\n\n\n<div class=\"wp-block-buttons is-layout-flex wp-block-buttons-is-layout-flex\">\n<div class=\"wp-block-button is-style-outline is-style-outline--1\"><a class=\"wp-block-button__link has-luminous-vivid-amber-color has-text-color wp-element-button\" href=\"http:\/\/grupomontevideo.org\/cp\/cpcienciatecnologiaeinnovacion\/\" style=\"border-radius:0px\" target=\"_blank\" rel=\"noreferrer noopener\"><strong>Ciencia, Tecnolog\u00eda e Innovaci\u00f3n<\/strong><\/a><\/div>\n\n\n\n<div class=\"wp-block-button is-style-outline is-style-outline--2\"><a class=\"wp-block-button__link has-luminous-vivid-amber-color has-text-color wp-element-button\" href=\"http:\/\/grupomontevideo.org\/cp\/cpextensionuniversitaria\/\" style=\"border-radius:0px\" target=\"_blank\" rel=\"noreferrer noopener\"><strong>Extensi\u00f3n Universitaria<\/strong> <\/a><\/div>\n\n\n\n<div class=\"wp-block-button is-style-outline is-style-outline--3\"><a class=\"wp-block-button__link has-luminous-vivid-amber-color has-text-color wp-element-button\" href=\"http:\/\/grupomontevideo.org\/cp\/cpmediosycomunicacionuniversitaria\/\" style=\"border-radius:0px\" target=\"_blank\" rel=\"noreferrer noopener\"><strong>Medios y Comunicaci\u00f3n Universitaria<\/strong><\/a><\/div>\n\n\n\n<div class=\"wp-block-button is-style-outline is-style-outline--4\"><a class=\"wp-block-button__link has-luminous-vivid-amber-color has-text-color wp-element-button\" href=\"http:\/\/grupomontevideo.org\/cp\/cpcomisiondeposgrado\/\" style=\"border-radius:0px\" target=\"_blank\" rel=\"noreferrer noopener\"><strong>Posgrado<\/strong><\/a><\/div>\n\n\n\n<div class=\"wp-block-button is-style-outline is-style-outline--5\"><a class=\"wp-block-button__link has-luminous-vivid-amber-color has-text-color wp-element-button\" href=\"http:\/\/grupomontevideo.org\/cp\/cpproduccionartisticaycultural\/\" style=\"border-radius:0px\" target=\"_blank\" rel=\"noreferrer noopener\"><strong>Producci\u00f3n Art\u00edstica y Cultural<\/strong><\/a><\/div>\n<\/div>\n","protected":false},"excerpt":{"rendered":"<p>Las Comisiones Permanentes (CP) son organismos estables de la Asociaci\u00f3n, que tienen como finalidad principal: estudiar, elaborar y desarrollar propuestas y acciones institucionales y acad\u00e9micas, en tem\u00e1ticas de car\u00e1cter estrat\u00e9gico y\u00a0transversal, en las \u00e1reas y competencias que el Consejo de Rectores defina. Las CP articular\u00e1n de manera efectiva con los programas, proyectos y\u00a0actividades de AUGM, [&hellip;]<\/p>\n","protected":false},"author":3,"featured_media":0,"parent":0,"menu_order":0,"comment_status":"closed","ping_status":"closed","template":"","meta":{"footnotes":""},"class_list":["post-16800","page","type-page","status-publish","hentry"],"wpmagazine_modules_lite_featured_media_urls":{"thumbnail":"","cvmm-medium":"","cvmm-medium-plus":"","cvmm-portrait":"","cvmm-medium-square":"","cvmm-large":"","cvmm-small":"","full":""},"categories_names":null,"comments_number":"0","_links":{"self":[{"href":"https:\/\/grupomontevideo.org\/site\/wp-json\/wp\/v2\/pages\/16800","targetHints":{"allow":["GET"]}}],"collection":[{"href":"https:\/\/grupomontevideo.org\/site\/wp-json\/wp\/v2\/pages"}],"about":[{"href":"https:\/\/grupomontevideo.org\/site\/wp-json\/wp\/v2\/types\/page"}],"author":[{"embeddable":true,"href":"https:\/\/grupomontevideo.org\/site\/wp-json\/wp\/v2\/users\/3"}],"replies":[{"embeddable":true,"href":"https:\/\/grupomontevideo.org\/site\/wp-json\/wp\/v2\/comments?post=16800"}],"version-history":[{"count":4,"href":"https:\/\/grupomontevideo.org\/site\/wp-json\/wp\/v2\/pages\/16800\/revisions"}],"predecessor-version":[{"id":17374,"href":"https:\/\/grupomontevideo.org\/site\/wp-json\/wp\/v2\/pages\/16800\/revisions\/17374"}],"wp:attachment":[{"href":"https:\/\/grupomontevideo.org\/site\/wp-json\/wp\/v2\/media?parent=16800"}],"curies":[{"name":"wp","href":"https:\/\/api.w.org\/{rel}","templated":true}]}}