{"id":155,"date":"2015-11-26T16:41:17","date_gmt":"2015-11-26T16:41:17","guid":{"rendered":"http:\/\/192.168.0.100\/sitio\/?page_id=155"},"modified":"2015-11-26T16:41:17","modified_gmt":"2015-11-26T16:41:17","slug":"identidad-grafica","status":"publish","type":"page","link":"https:\/\/grupomontevideo.org\/site\/identidad-grafica\/","title":{"rendered":"Identidad Gr\u00e1fica"},"content":{"rendered":"<h6>Dise\u00f1o de Marca Asociaci\u00f3n de Universidades Grupo Montevideo<\/h6>\n<p>Morfol\u00f3gicamente el isotipo de esta marca est\u00e1 compuesto por un s\u00f3lo signo, repetido doce veces, dispuestos en forma circular. Este signo es una letra \u201cU\u201d may\u00fascula (tipograf\u00eda Frutiger Black Condensada), inicial de la palabra Universidad, y su repetici\u00f3n representa las doce Universidades que en su momento compon\u00edan el Grupo Montevideo.<br \/>\nEl conjunto de este isotipo conforma una figura denotativa de los gen\u00e9ricos flor y sol, en la cual cada p\u00e9talo o rayo equivale a una Universidad. Ambas figuras son representativas del crecimiento y del futuro, cualidades \u00edntimamente relacionadas con los objetivos de la Asociaci\u00f3n. Se complementa adem\u00e1s con la idea de la Integraci\u00f3n, puesto que la figura se forma con la reuni\u00f3n de cada uno de los signos individuales.<br \/>\nLos colores son cuatro, elementales: rojo, azul, amarillo y verde. Existe una controversia sobre si el color verde cumple esta condici\u00f3n, pero hay un acuerdo en atribuirle la caracter\u00edstica de la estabilidad, propia de los colores elementales, e impropia de las mezclas.* Los colores que conforman el iso son los mismos que componen las banderas de los pa\u00edses a que pertenecen las Universidades de AUGM. La flor, el sol y la variedad de colores y su distribuci\u00f3n connotan lo latinoamericano, en un marco de equilibrio y reflexi\u00f3n dado por la figura sim\u00e9trica.<br \/>\nLa disposici\u00f3n de las letras U asemeja tambi\u00e9n a la disposici\u00f3n de doce sillas alrededor de una mesa redonda, situaci\u00f3n que refiere al debate e intercambio, propio de la integraci\u00f3n de las universidades y de los pa\u00edses a que pertenecen. Adem\u00e1s hace referencia a un nivel de igualdad en esta integraci\u00f3n.<br \/>\nLa marca se completa con un pie, que hace de pedestal, de sost\u00e9n, de base del c\u00edrculo formado por el iso. Este est\u00e1 compuesto por el nombre completo de la Instituci\u00f3n: \u201cAsociaci\u00f3n de Universidades GRUPO MONTEVIDEO\u201d escrito en una tipograf\u00eda igual a la letra \u201cU\u201d que conforma el iso, de buena legibilidad y acorde a una Instituci\u00f3n de ciencia y conocimiento.<br \/>\n<strong>* V\u00e9ase Rudolf Arnheim, Arte y Percepci\u00f3n Visual, Psicolog\u00eda de la visi\u00f3n creadora (Eudeba).<\/strong><br \/>\n&nbsp;<\/p>\n<h6 style=\"padding-left: 60px;\"><strong>Reglas de Reproducci\u00f3n Marca de AUGM<\/strong><\/h6>\n<p><strong>1. Soporte<\/strong>: Debe siempre reproducirse sobre base de color blanco.<br \/>\n<strong>2. Isologotipo<\/strong>: Siendo esta marca un isologotipo se recomienda el uso de logo e iso en forma conjunta seg\u00fan la disposici\u00f3n del modelo.<br \/>\n<strong>3. Colores<\/strong>: Esta marca tiene 2 formas de reproducci\u00f3n: color y blanco-negro.<br \/>\nEn color, el logo es negro y el iso est\u00e1 compuesto por los cuatro colores planos siguientes:<\/p>\n<p style=\"padding-left: 60px;\">Amarillo Pantone 123 (Magenta 30, Yellow 94)<br \/>\nVerde Pantone 360 (Cyan 60, Yellow 79)<br \/>\nRojo Pantone 1785 (Magenta 69, Yellow 51)<br \/>\nAzul Pantone 285 (Cyan91, Magenta 43).<br \/>\nEn blanco-negro, logo e iso en colores planos.<\/p>\n<p><strong>4. Tipograf\u00eda<\/strong>: La tipograf\u00eda del nombre y Ia\u00a0 U del iso\u00a0 es BL Frutiger Black condensada al 36.9 % escala horizontal.<br \/>\n<strong>5. Otras<\/strong>: No recuadrar. No usar fondo de color. No modificar la cantidad de colores. No agregar elementos.<br \/>\n&nbsp;<br \/>\n<a href=\"https:\/\/grupomontevideo.org\/site\/wp-content\/uploads\/2015\/11\/logoAUGM.pdf\">Descargar Logo de AUGM<\/a><br \/>\n<a href=\"http:\/\/grupomontevideo.org\/sitio\/wp-content\/uploads\/2021\/06\/Tipografiainstitucional-frutiger.rar\">Descargar tipograf\u00eda institucional Frutiger<\/a><br \/>\n&nbsp;<br \/>\n&nbsp;<\/p>\n","protected":false},"excerpt":{"rendered":"<p>Dise\u00f1o de Marca Asociaci\u00f3n de Universidades Grupo Montevideo Morfol\u00f3gicamente el isotipo de esta marca est\u00e1 compuesto por un s\u00f3lo signo, repetido doce veces, dispuestos en forma circular. Este signo es una letra \u201cU\u201d may\u00fascula (tipograf\u00eda Frutiger Black Condensada), inicial de la palabra Universidad, y su repetici\u00f3n representa las doce Universidades que en su momento compon\u00edan [&hellip;]<\/p>\n","protected":false},"author":1,"featured_media":0,"parent":0,"menu_order":0,"comment_status":"closed","ping_status":"closed","template":"plantilla_1.php","meta":{"footnotes":""},"class_list":["post-155","page","type-page","status-publish","hentry"],"wpmagazine_modules_lite_featured_media_urls":{"thumbnail":"","cvmm-medium":"","cvmm-medium-plus":"","cvmm-portrait":"","cvmm-medium-square":"","cvmm-large":"","cvmm-small":"","full":""},"categories_names":null,"comments_number":"0","_links":{"self":[{"href":"https:\/\/grupomontevideo.org\/site\/wp-json\/wp\/v2\/pages\/155","targetHints":{"allow":["GET"]}}],"collection":[{"href":"https:\/\/grupomontevideo.org\/site\/wp-json\/wp\/v2\/pages"}],"about":[{"href":"https:\/\/grupomontevideo.org\/site\/wp-json\/wp\/v2\/types\/page"}],"author":[{"embeddable":true,"href":"https:\/\/grupomontevideo.org\/site\/wp-json\/wp\/v2\/users\/1"}],"replies":[{"embeddable":true,"href":"https:\/\/grupomontevideo.org\/site\/wp-json\/wp\/v2\/comments?post=155"}],"version-history":[{"count":0,"href":"https:\/\/grupomontevideo.org\/site\/wp-json\/wp\/v2\/pages\/155\/revisions"}],"wp:attachment":[{"href":"https:\/\/grupomontevideo.org\/site\/wp-json\/wp\/v2\/media?parent=155"}],"curies":[{"name":"wp","href":"https:\/\/api.w.org\/{rel}","templated":true}]}}