{"id":15158,"date":"2016-05-13T13:58:48","date_gmt":"2016-05-13T13:58:48","guid":{"rendered":"http:\/\/grupomontevideo.org\/sitio\/?page_id=1315"},"modified":"2026-04-01T12:13:41","modified_gmt":"2026-04-01T15:13:41","slug":"publicaciones-jornadas-de-jovenes-investigadores","status":"publish","type":"page","link":"https:\/\/grupomontevideo.org\/site\/publicaciones-jornadas-de-jovenes-investigadores\/","title":{"rendered":"Revista de las Jornadas de J\u00f3venes Investigadores"},"content":{"rendered":"<p><\/p>\r\n<figure>\r\n<p>&nbsp;<\/p>\r\n<p><strong>2025. Revista de las XXXII Jornadas de J\u00f3venes Investigadores &#8211; <a href=\"https:\/\/grupomontevideo.org\/site\/wp-content\/uploads\/2025\/12\/Presentacion-ultima.pdf\" target=\"_blank\" rel=\"noopener\">Presentaci\u00f3n<\/a><\/strong><strong><br \/><\/strong>Esta edici\u00f3n consta de 12 vol\u00famenes consecutivos, publicados mensualmente entre diciembre de 2025 y noviembre de 2026. La publicaci\u00f3n introduce un cambio respecto a la edici\u00f3n anterior, y es la presentaci\u00f3n de los trabajos en funci\u00f3n de los cuatro ejes tem\u00e1ticos abordados en las 32\u00aa Jornadas, desarrolladas en la Universidad Nacional de Tucum\u00e1n, Argentina.<\/p>\r\n<a href=\"https:\/\/grupomontevideo.org\/site\/publicaciones-jornadas-de-jovenes-investigadores\/whatsapp-image-2026-03-12-at-22-59-50\/\" rel=\"attachment wp-att-22205\"><img fetchpriority=\"high\" decoding=\"async\" class=\" wp-image-22205 alignleft\" src=\"https:\/\/grupomontevideo.org\/site\/wp-content\/uploads\/2026\/03\/WhatsApp-Image-2026-03-12-at-22.59.50-240x300.jpeg\" alt=\"\" width=\"338\" height=\"423\" srcset=\"https:\/\/grupomontevideo.org\/site\/wp-content\/uploads\/2026\/03\/WhatsApp-Image-2026-03-12-at-22.59.50-240x300.jpeg 240w, https:\/\/grupomontevideo.org\/site\/wp-content\/uploads\/2026\/03\/WhatsApp-Image-2026-03-12-at-22.59.50-819x1024.jpeg 819w, https:\/\/grupomontevideo.org\/site\/wp-content\/uploads\/2026\/03\/WhatsApp-Image-2026-03-12-at-22.59.50-768x960.jpeg 768w, https:\/\/grupomontevideo.org\/site\/wp-content\/uploads\/2026\/03\/WhatsApp-Image-2026-03-12-at-22.59.50.jpeg 1080w\" sizes=\"(max-width: 338px) 100vw, 338px\" \/><\/a><strong>Eje Interdisciplinario &#8211; ISSN 3121-2220<\/strong><\/figure>\r\n<p><\/p>\r\n<p><span style=\"color: #808080;\"><a href=\"https:\/\/grupomontevideo.org\/site\/wp-content\/uploads\/2026\/03\/N1Inter.pdf\" target=\"_blank\" rel=\"noopener\">Volumen 1<\/a>. <a href=\"https:\/\/grupomontevideo.org\/site\/wp-content\/uploads\/2026\/03\/N2Inter.pdf\" target=\"_blank\" rel=\"noopener\">Volumen 2.<\/a><a href=\"https:\/\/grupomontevideo.org\/site\/wp-content\/uploads\/2026\/03\/N3Inter.pdf\" target=\"_blank\" rel=\"noopener\">Volumen 3.<\/a><\/span>\u00a0<a href=\"https:\/\/grupomontevideo.org\/site\/wp-content\/uploads\/2026\/03\/NUM4finalInter.pdf\" target=\"_blank\" rel=\"noopener\">Volumen 4<\/a>.<span style=\"color: #808080;\"><span style=\"color: #0000ff;\"><a href=\"https:\/\/grupomontevideo.org\/site\/wp-content\/uploads\/2026\/03\/N5Inter.pdf\" target=\"_blank\" rel=\"noopener\">Volumen 5.<\/a> <a href=\"https:\/\/grupomontevideo.org\/site\/wp-content\/uploads\/2026\/04\/NUM6Inter.pdf\" target=\"_blank\" rel=\"noopener\">Volumen 6.<\/a><\/span><\/span><\/p>\r\n<p><strong>Eje Ciencias humanas &#8211; ISSN 3121-2204<\/strong><\/p>\r\n<p><a href=\"https:\/\/grupomontevideo.org\/site\/wp-content\/uploads\/2026\/03\/N1H.pdf\" target=\"_blank\" rel=\"noopener\">Volumen 1.<\/a> <a href=\"https:\/\/grupomontevideo.org\/site\/wp-content\/uploads\/2026\/03\/N2H.pdf\" target=\"_blank\" rel=\"noopener\">Volumen 2.<\/a> <a href=\"https:\/\/grupomontevideo.org\/site\/wp-content\/uploads\/2026\/03\/N3H.pdf\" target=\"_blank\" rel=\"noopener\">Volumen 3.<\/a>\u00a0<a href=\"https:\/\/grupomontevideo.org\/site\/wp-content\/uploads\/2026\/03\/NUM4finalHum.pdf\" target=\"_blank\" rel=\"noopener\">Volumen 4.<\/a> <a href=\"https:\/\/grupomontevideo.org\/site\/wp-content\/uploads\/2026\/03\/NUM5HUM.pdf\" target=\"_blank\" rel=\"noopener\">Volumen 5.<\/a> <a href=\"https:\/\/grupomontevideo.org\/site\/wp-content\/uploads\/2026\/04\/NUM6HUM.pdf\" target=\"_blank\" rel=\"noopener\">Volumen 6.<\/a><\/p>\r\n<p><strong>Eje Ciencias exactas &#8211; ISSN 3121 &#8211; 2182 <\/strong><\/p>\r\n<p><a href=\"https:\/\/grupomontevideo.org\/site\/wp-content\/uploads\/2026\/03\/N1E.pdf\" target=\"_blank\" rel=\"noopener\">Volumen 1.<\/a> <a href=\"https:\/\/grupomontevideo.org\/site\/wp-content\/uploads\/2026\/03\/N2E.pdf\" target=\"_blank\" rel=\"noopener\">Volumen 2.<\/a> <a href=\"https:\/\/grupomontevideo.org\/site\/wp-content\/uploads\/2026\/03\/N3E-1.pdf\" target=\"_blank\" rel=\"noopener\">Volumen 3.<\/a>\u00a0<a href=\"https:\/\/grupomontevideo.org\/site\/wp-content\/uploads\/2026\/03\/NUM4finalEX.pdf\" target=\"_blank\" rel=\"noopener\">Volumen 4<\/a>. <a href=\"https:\/\/grupomontevideo.org\/site\/wp-content\/uploads\/2026\/03\/N5Ex.pdf\" target=\"_blank\" rel=\"noopener\">Volumen 5.<\/a> <a href=\"https:\/\/grupomontevideo.org\/site\/wp-content\/uploads\/2026\/04\/NUM6EXA.pdf\" target=\"_blank\" rel=\"noopener\">Volumen 6.<\/a><br \/><strong><br \/>Eje Ciencias de la vida ISSN 3121 &#8211; 2190<\/strong><\/p>\r\n<p><a href=\"https:\/\/grupomontevideo.org\/site\/wp-content\/uploads\/2026\/03\/N1V.pdf\" target=\"_blank\" rel=\"noopener\">Volumen 1.<\/a> <a href=\"https:\/\/grupomontevideo.org\/site\/wp-content\/uploads\/2026\/03\/N2V.pdf\" target=\"_blank\" rel=\"noopener\">Volumen 2.<\/a> <a href=\"https:\/\/grupomontevideo.org\/site\/wp-content\/uploads\/2026\/03\/N3V.pdf\" target=\"_blank\" rel=\"noopener\">Volumen 3.<\/a><a href=\"https:\/\/grupomontevideo.org\/site\/wp-content\/uploads\/2026\/03\/NUM4finalCsVi.pdf\" target=\"_blank\" rel=\"noopener\">Volumen 4.<\/a> <a href=\"https:\/\/grupomontevideo.org\/site\/wp-content\/uploads\/2026\/03\/NUM5VID.pdf\" target=\"_blank\" rel=\"noopener\">Volumen 5.<\/a> <a href=\"https:\/\/grupomontevideo.org\/site\/wp-content\/uploads\/2026\/04\/NUM6CVID.pdf\" target=\"_blank\" rel=\"noopener\">Volumen 6.<\/a><\/p>\r\n<p>&nbsp;<\/p>\r\n<p>&nbsp;<\/p>\r\n<p>&nbsp;<\/p>\r\n<p>&nbsp;<\/p>\r\n<p><strong>2024. Revista de las XXXI Jornadas de J\u00f3venes Investigadores<\/strong> <strong>ISSN en l\u00ednea 3046-4498<\/strong>\u00a0<\/p>\r\n<p>Esta es la primera edici\u00f3n de las publicaciones de las Jornadas de J\u00f3venes Investigadores en modalidad revista. Los 12 n\u00fameros ofrecen todos los trabajos que fueron presentados durante la edici\u00f3n N\u00ba 31 de las Jornadas, desarrolladas en la Universidad de la Rep\u00fablica, Uruguay.\u00a0<\/p>\r\n<p><strong><a href=\"https:\/\/grupomontevideo.org\/site\/publicaciones-jornadas-de-jovenes-investigadores\/revista-jji_1_tapa-1\/\" rel=\"attachment wp-att-22165\"><img decoding=\"async\" class=\"wp-image-22165 alignleft\" src=\"https:\/\/grupomontevideo.org\/site\/wp-content\/uploads\/2026\/03\/Revista-JJI_1_Tapa-1-212x300.jpg\" alt=\"\" width=\"421\" height=\"595\" srcset=\"https:\/\/grupomontevideo.org\/site\/wp-content\/uploads\/2026\/03\/Revista-JJI_1_Tapa-1-212x300.jpg 212w, https:\/\/grupomontevideo.org\/site\/wp-content\/uploads\/2026\/03\/Revista-JJI_1_Tapa-1-724x1024.jpg 724w, https:\/\/grupomontevideo.org\/site\/wp-content\/uploads\/2026\/03\/Revista-JJI_1_Tapa-1-768x1086.jpg 768w, https:\/\/grupomontevideo.org\/site\/wp-content\/uploads\/2026\/03\/Revista-JJI_1_Tapa-1-1086x1536.jpg 1086w, https:\/\/grupomontevideo.org\/site\/wp-content\/uploads\/2026\/03\/Revista-JJI_1_Tapa-1-1448x2048.jpg 1448w, https:\/\/grupomontevideo.org\/site\/wp-content\/uploads\/2026\/03\/Revista-JJI_1_Tapa-1-scaled.jpg 1810w\" sizes=\"(max-width: 421px) 100vw, 421px\" \/><\/a><\/strong><a href=\"https:\/\/grupomontevideo.org\/site\/wp-content\/uploads\/2025\/06\/Compilado-31-JJI-Resumenes-com-link-trabajo-completo.pdf\" target=\"_blank\" rel=\"noopener\"> Res\u00famenes completos<\/a>&#8211;\u00a0<\/p>\r\n<p><a href=\"https:\/\/grupomontevideo.org\/site\/wp-content\/uploads\/2025\/10\/Revista-JJI_1.pdf\" target=\"_blank\" rel=\"noopener\">Numero 1<\/a> de la Revista de las XXXI Jornadas de J\u00f3venes Investigadores\u00a0<\/p>\r\n<p><a href=\"https:\/\/grupomontevideo.org\/site\/wp-content\/uploads\/2025\/10\/NUM2.pdf\" target=\"_blank\" rel=\"noopener\">N\u00famero 2 <\/a>de la Revista de las XXXI Jornadas de J\u00f3venes Investigadores\u00a0<\/p>\r\n<p><a href=\"https:\/\/grupomontevideo.org\/site\/wp-content\/uploads\/2025\/10\/NUM3.pdf\" target=\"_blank\" rel=\"noopener\">N\u00famero 3<\/a> de la Revista de las XXXI Jornadas de J\u00f3venes Investigadores<\/p>\r\n<p><a href=\"https:\/\/grupomontevideo.org\/site\/wp-content\/uploads\/2025\/10\/NUM4.pdf\" target=\"_blank\" rel=\"noopener\">N\u00famero 4<\/a> de la Revista de las XXXI Jornadas de J\u00f3venes Investigadores\u00a0<\/p>\r\n<p><a href=\"https:\/\/grupomontevideo.org\/site\/wp-content\/uploads\/2025\/10\/REV5.pdf\" target=\"_blank\" rel=\"noopener\">N\u00famero 5<\/a> de la Revista de las XXXI Jornadas de J\u00f3venes Investigadores<\/p>\r\n<p><a href=\"https:\/\/grupomontevideo.org\/site\/wp-content\/uploads\/2025\/10\/REV6.pdf\" target=\"_blank\" rel=\"noopener\">N\u00famero 6<\/a> de la Revista de las XXXI Jornadas de J\u00f3venes Investigadores<\/p>\r\n<p><a href=\"https:\/\/grupomontevideo.org\/site\/wp-content\/uploads\/2025\/11\/REV7.pdf\" target=\"_blank\" rel=\"noopener\">N\u00famero 7<\/a> de la Revista de las XXXI Jornadas de J\u00f3venes Investigadores<\/p>\r\n<p><a href=\"https:\/\/grupomontevideo.org\/site\/wp-content\/uploads\/2025\/11\/REV8.pdf\" target=\"_blank\" rel=\"noopener\">N\u00famero 8\u00a0<\/a> de la Revista de las XXXI Jornadas de J\u00f3venes Investigadores \u00a0<\/p>\r\n<p><a href=\"https:\/\/grupomontevideo.org\/site\/wp-content\/uploads\/2025\/11\/NUM9-1.pdf\" target=\"_blank\" rel=\"noopener\">N\u00famero 9<\/a> de la Revista de las XXXI Jornadas de J\u00f3venes Investigadores<\/p>\r\n<p><a href=\"https:\/\/grupomontevideo.org\/site\/wp-content\/uploads\/2025\/11\/NUM10.pdf\" target=\"_blank\" rel=\"noopener\">N\u00famero 10<\/a> de la Revista de las XXXI Jornadas de J\u00f3venes Investigadores<\/p>\r\n<p><a href=\"https:\/\/grupomontevideo.org\/site\/wp-content\/uploads\/2025\/11\/Num11.pdf\" target=\"_blank\" rel=\"noopener\">N\u00famero 11<\/a> de la Revista de las XXXI Jornadas de J\u00f3venes Investigadores<\/p>\r\n<p><a href=\"https:\/\/grupomontevideo.org\/site\/wp-content\/uploads\/2026\/02\/12.pdf\" target=\"_blank\" rel=\"noopener\">N\u00famero 12<\/a> de la Revista de las XXXI Jornadas de J\u00f3venes Investigadores<\/p>\r\n<p>&nbsp;<\/p>\r\n<p><strong>Publicaciones anteriores:<\/strong><\/p>\r\n<p><br \/>&#8211; <a href=\"https:\/\/grupomontevideo.org\/site\/wp-content\/uploads\/2023\/10\/COMPENDIO_Resumenes_JJI-AUGM.pdf\">2023. Jornadas XXX (Res\u00famenes)<\/a> &#8211; <a href=\"https:\/\/grupomontevideo.org\/site\/wp-content\/uploads\/2024\/05\/Trabajos-completos_30_JJI-AUGM_UNA.pdf\">Trabajos completos<\/a> <br \/>&#8211; <a href=\"https:\/\/grupomontevideo.org\/site\/xxix-jornadas-de-jovenes-investigadores\/\">2022. Jornadas XXIX<\/a><br \/>&#8211; <a href=\"http:\/\/grupomontevideo.org\/jji\/XXVIII.zip\">2021. Jornadas XXVIII<\/a><br \/>&#8211; <a href=\"https:\/\/jornadasaugm.faiufscar.com\/anais#\/\">2022. Jornadas XXVII<\/a> \/ <a href=\"http:\/\/grupomontevideo.org\/jji\/JJI2019.pdf\">Libro completo<\/a><br \/>&#8211; <a href=\"https:\/\/grupomontevideo.org\/site\/wp-content\/uploads\/2019\/03\/jji-libro-de-resumenes1.pdf\" target=\"_blank\" rel=\"noopener noreferrer\">2020. Jornadas XXVI (Res\u00famenes)<\/a><br \/>&#8211; <a href=\"http:\/\/grupomontevideo.org\/jji\/XXV.pdf\">2019. Jornadas XXV<\/a><br \/>&#8211; <a href=\"http:\/\/grupomontevideo.org\/sitio\/wp-content\/uploads\/2017\/04\/LivroFinal.pdf\">2018. Jornadas XXIV<\/a><br \/>&#8211; <a href=\"http:\/\/grupomontevideo.org\/jji\/XXIII.pdf\">2017. Jornadas XXIII<\/a><br \/>&#8211; <a href=\"http:\/\/grupomontevideo.org\/jji\/XXII.rar\">2016. Jornadas XXII<\/a><br \/>&#8211; <a href=\"http:\/\/grupomontevideo.org\/jji\/XXI.rar\">2015. Jornadas XXI<\/a><br \/>&#8211; <a href=\"http:\/\/grupomontevideo.org\/jji\/XIX.rar\">2014. Jornadas XIX<\/a><br \/>&#8211; <a href=\"https:\/\/grupomontevideo.org\/site\/wp-content\/uploads\/2019\/08\/Libro-de-resumenes-XVIII-JJI-UNL-2010.pdf\" target=\"_blank\" rel=\"noopener noreferrer\">2013. Jornadas XVIII<\/a><br \/>&#8211; <a href=\"http:\/\/grupomontevideo.org\/jji\/XVII.rar\">2012. Jornadas XVII<\/a><br \/>&#8211; <a href=\"http:\/\/grupomontevideo.org\/jji\/XVI.rar\">2011. Jornadas XVI<\/a><br \/>&#8211; <a href=\"http:\/\/grupomontevideo.org\/jji\/XV.rar\">2010. Jornadas XV<\/a><br \/>&#8211; <a href=\"http:\/\/grupomontevideo.org\/jji\/XIV.rar\">2009. Jornadas XIV<\/a><br \/>&#8211; <a href=\"http:\/\/grupomontevideo.org\/jji\/XIII.rar\">2008.Jornadas XIII<\/a><br \/>&#8211; <a href=\"http:\/\/grupomontevideo.org\/jji\/XII.rar\">2007. Jornadas XII<\/a><br \/>&#8211; <a href=\"http:\/\/grupomontevideo.org\/jji\/XI.rar\">2006. Jornadas XI<\/a><br \/>&#8211; <a href=\"http:\/\/grupomontevideo.org\/jji\/IX.rar\">2005. Jornadas IX<\/a><\/p>\r\n<p><\/p>\r\n<hr \/>\r\n<p><\/p>","protected":false},"excerpt":{"rendered":"<p>Volumen 1. Volumen 2.Volumen 3.\u00a0Volumen 4.Volumen 5. Volumen 6. Eje Ciencias humanas &#8211; ISSN 3121-2204 Volumen 1. Volumen 2. Volumen 3.\u00a0Volumen 4. Volumen 5. Volumen 6. Eje Ciencias exactas &#8211; ISSN 3121 &#8211; 2182 Volumen 1. Volumen 2. Volumen 3.\u00a0Volumen 4. Volumen 5. Volumen 6.Eje Ciencias de la vida ISSN 3121 &#8211; 2190 Volumen 1. [&hellip;]<\/p>\n","protected":false},"author":1,"featured_media":0,"parent":0,"menu_order":0,"comment_status":"closed","ping_status":"closed","template":"","meta":{"footnotes":""},"class_list":["post-15158","page","type-page","status-publish","hentry"],"wpmagazine_modules_lite_featured_media_urls":{"thumbnail":"","cvmm-medium":"","cvmm-medium-plus":"","cvmm-portrait":"","cvmm-medium-square":"","cvmm-large":"","cvmm-small":"","full":""},"categories_names":null,"comments_number":"0","_links":{"self":[{"href":"https:\/\/grupomontevideo.org\/site\/wp-json\/wp\/v2\/pages\/15158","targetHints":{"allow":["GET"]}}],"collection":[{"href":"https:\/\/grupomontevideo.org\/site\/wp-json\/wp\/v2\/pages"}],"about":[{"href":"https:\/\/grupomontevideo.org\/site\/wp-json\/wp\/v2\/types\/page"}],"author":[{"embeddable":true,"href":"https:\/\/grupomontevideo.org\/site\/wp-json\/wp\/v2\/users\/1"}],"replies":[{"embeddable":true,"href":"https:\/\/grupomontevideo.org\/site\/wp-json\/wp\/v2\/comments?post=15158"}],"version-history":[{"count":68,"href":"https:\/\/grupomontevideo.org\/site\/wp-json\/wp\/v2\/pages\/15158\/revisions"}],"predecessor-version":[{"id":22283,"href":"https:\/\/grupomontevideo.org\/site\/wp-json\/wp\/v2\/pages\/15158\/revisions\/22283"}],"wp:attachment":[{"href":"https:\/\/grupomontevideo.org\/site\/wp-json\/wp\/v2\/media?parent=15158"}],"curies":[{"name":"wp","href":"https:\/\/api.w.org\/{rel}","templated":true}]}}