{"id":15153,"date":"2015-11-26T16:35:34","date_gmt":"2015-11-26T16:35:34","guid":{"rendered":"http:\/\/192.168.0.100\/sitio\/?page_id=139"},"modified":"2026-04-09T15:34:59","modified_gmt":"2026-04-09T18:34:59","slug":"secretaria-ejecutiva","status":"publish","type":"page","link":"https:\/\/grupomontevideo.org\/site\/secretaria-ejecutiva\/","title":{"rendered":"Secretar\u00eda Ejecutiva"},"content":{"rendered":"\r\n\r\n\r\n<p class=\"has-text-align-center\"><em>Coordinador de relacionamiento institucional y vinculaci\u00f3n con el medio<\/em><br \/><strong>Dr. Fernando Sosa<\/strong><br \/><a href=\"mailto:fs.grupomontevideo@gmail.com\">fs.grupomontevideo@gmail.com<\/a><\/p>\r\n\r\n\r\n\r\n<p class=\"has-text-align-center\"><em>Coordinador de cooperaci\u00f3n cient\u00edfica, proyectos acad\u00e9micos e investigaci\u00f3n<\/em><br \/><strong>Juan Manuel Sotelo<\/strong><br \/><a href=\"mailto:jsoteloaugm@gmail.com\">jsoteloaugm@gmail.com<\/a><\/p>\r\n\r\n\r\n\r\n<p><em>Coordinaci\u00f3n de los Programas Escala<br \/><\/em><strong>Agustina Corbo<br \/><\/strong><a href=\"mailto:secretariaejecutiva@grupomontevideo.org\">coordinacionescala@gmail.com<\/a><\/p>\r\n\r\n\r\n\r\n<p class=\"has-text-align-center\"><em>Comunicaci\u00f3n<br \/><\/em><strong>Ivan Fernandez<br \/><\/strong><a href=\"mailto:ivan.grupomontevideo@gmail.com\">ivan.grupomontevideo@gmail.com<\/a><\/p>\r\n\r\n\r\n\r\n\r\n\r\n<p class=\"has-text-align-center\"><em>Inform\u00e1tica<br \/><\/em><strong>Andr\u00e9s Ramos<\/strong><br \/><a href=\"mailto:andresaugm@gmail.com\">andresaugm@gmail.com<\/a><\/p>\r\n\r\n\r\n\r\n\r\n\r\n<p class=\"has-text-align-center\"><em>Contadur\u00eda<br \/><\/em><strong>Mar\u00eda Noel Noria<\/strong><br \/><a href=\"mailto:contable.augm@gmail.com\">contable.augm@gmail.com<\/a><\/p>\r\n\r\n\r\n\r\n<p><em>Tesorer\u00eda<br \/><\/em><strong>Cristian Brito<br \/><\/strong><a href=\"mailto:tesoreria.augm@gmail.com\">tesoreria.augm@gmail.com<\/a><\/p>\r\n<p><em>Secretar\u00eda<br \/><\/em><strong>Fabiana Larrobla<br \/><\/strong><a href=\"mailto:secretariaejecutiva@grupomontevideo.org\">secretariaejecutiva@grupomontevideo.org<\/a><\/p>\r\n\r\n\r\n","protected":false},"excerpt":{"rendered":"<p>Coordinador de relacionamiento institucional y vinculaci\u00f3n con el medioDr. Fernando Sosafs.grupomontevideo@gmail.com Coordinador de cooperaci\u00f3n cient\u00edfica, proyectos acad\u00e9micos e investigaci\u00f3nJuan Manuel Sotelojsoteloaugm@gmail.com Coordinaci\u00f3n de los Programas EscalaAgustina Corbocoordinacionescala@gmail.com Comunicaci\u00f3nIvan Fernandezivan.grupomontevideo@gmail.com Inform\u00e1ticaAndr\u00e9s Ramosandresaugm@gmail.com Contadur\u00edaMar\u00eda Noel Noriacontable.augm@gmail.com Tesorer\u00edaCristian Britotesoreria.augm@gmail.com Secretar\u00edaFabiana Larroblasecretariaejecutiva@grupomontevideo.org<\/p>\n","protected":false},"author":1,"featured_media":0,"parent":0,"menu_order":0,"comment_status":"closed","ping_status":"closed","template":"","meta":{"footnotes":""},"class_list":["post-15153","page","type-page","status-publish","hentry"],"wpmagazine_modules_lite_featured_media_urls":{"thumbnail":"","cvmm-medium":"","cvmm-medium-plus":"","cvmm-portrait":"","cvmm-medium-square":"","cvmm-large":"","cvmm-small":"","full":""},"categories_names":null,"comments_number":"0","_links":{"self":[{"href":"https:\/\/grupomontevideo.org\/site\/wp-json\/wp\/v2\/pages\/15153","targetHints":{"allow":["GET"]}}],"collection":[{"href":"https:\/\/grupomontevideo.org\/site\/wp-json\/wp\/v2\/pages"}],"about":[{"href":"https:\/\/grupomontevideo.org\/site\/wp-json\/wp\/v2\/types\/page"}],"author":[{"embeddable":true,"href":"https:\/\/grupomontevideo.org\/site\/wp-json\/wp\/v2\/users\/1"}],"replies":[{"embeddable":true,"href":"https:\/\/grupomontevideo.org\/site\/wp-json\/wp\/v2\/comments?post=15153"}],"version-history":[{"count":14,"href":"https:\/\/grupomontevideo.org\/site\/wp-json\/wp\/v2\/pages\/15153\/revisions"}],"predecessor-version":[{"id":22337,"href":"https:\/\/grupomontevideo.org\/site\/wp-json\/wp\/v2\/pages\/15153\/revisions\/22337"}],"wp:attachment":[{"href":"https:\/\/grupomontevideo.org\/site\/wp-json\/wp\/v2\/media?parent=15153"}],"curies":[{"name":"wp","href":"https:\/\/api.w.org\/{rel}","templated":true}]}}