{"id":15152,"date":"2015-11-26T16:34:49","date_gmt":"2015-11-26T16:34:49","guid":{"rendered":"http:\/\/192.168.0.100\/sitio\/?page_id=137"},"modified":"2025-08-28T11:03:13","modified_gmt":"2025-08-28T14:03:13","slug":"presidencia","status":"publish","type":"page","link":"https:\/\/grupomontevideo.org\/site\/presidencia\/","title":{"rendered":"Presidencia y Vicepresidencia"},"content":{"rendered":"<h2 style=\"text-align: center;\"><strong>Presidencia de AUGM<\/strong><\/h2>\n<h5 style=\"text-align: center;\"><strong>Per\u00edodo\u00a0 1\u00b0\/07\/2025 &#8211;<\/strong><strong> 30\/06\/2026<\/strong><\/h5>\n<p style=\"text-align: center;\"><strong><img fetchpriority=\"high\" decoding=\"async\" class=\"size-full wp-image-19844 aligncenter\" src=\"https:\/\/grupomontevideo.org\/site\/wp-content\/uploads\/2024\/07\/images-7.jpg\" alt=\"\" width=\"225\" height=\"225\" srcset=\"https:\/\/grupomontevideo.org\/site\/wp-content\/uploads\/2024\/07\/images-7.jpg 225w, https:\/\/grupomontevideo.org\/site\/wp-content\/uploads\/2024\/07\/images-7-150x150.jpg 150w\" sizes=\"(max-width: 225px) 100vw, 225px\" \/><\/strong><\/p>\n<p style=\"text-align: center;\"><strong>Prof. Dr. Clarito Rojas<br \/>\nRector Universidad Nacional de Concepci\u00f3n, Paraguay<\/strong><\/p>\n<p>&nbsp;<\/p>\n<hr \/>\n<p><span style=\"color: #000000;\"><strong>PER\u00cdODOS ANTERIORES:<\/strong><\/span><\/p>\n<p><span style=\"color: #000000;\">2024 &#8211; 2025 &#8211; RODRIGO ARIM &#8211; Universidad de la Rep\u00fablica<br \/>\n<span style=\"color: #000000;\">2023 &#8211; 2024 &#8211; OSVALDO CORRALES &#8211; Universidad de Valpara\u00edso<br \/>\n<span style=\"color: #000000;\">2022 &#8211; 2023 &#8211; SANDRA GOULART ALMEIDA &#8211; Universidade Federal de Minas Gerais<br \/>\n<\/span><span style=\"color: #000000;\">2021 &#8211; 2022 &#8211; SANDRA GOULART ALMEIDA &#8211; Universidade Federal de Minas Gerais<br \/>\n2020 &#8211; 2021 &#8211; ENRIQUE MAMMARELLA &#8211; Universidad Nacional del Litoral<\/span><br \/>\n<span style=\"color: #000000;\">2018 &#8211; 2020 &#8211; GER\u00d3NIMO LAVIOSA &#8211; Universidad Nacional del Este<\/span><br \/>\n<span style=\"color: #000000;\">2018 &#8211; 2018 &#8211; ROBERTO MARKARI\u00c1N &#8211; Universidad de la Rep\u00fablica<\/span><br \/>\n<span style=\"color: #000000;\">2017 &#8211; 2018 &#8211; WALDO ALBARRAC\u00cdN &#8211; Universidad Mayor de San Andr\u00e9s<\/span><br \/>\n<span style=\"color: #000000;\">2016 &#8211; 2017 &#8211; JUAN MANUEL ZOLEZZI &#8211; Universidad de Santiago de Chile<\/span><br \/>\n<span style=\"color: #000000;\">2015 &#8211; 2016 &#8211; CARLOS ALEXANDRE NETTO &#8211; Universidade Federal do Rio Grande do Sul<\/span><br \/>\n<span style=\"color: #000000;\">2014 &#8211; 2015 &#8211; ALBOR CANTARD &#8211; Universidad Nacional del Litoral<\/span><br \/>\n<span style=\"color: #000000;\">2013 &#8211; 2014 &#8211; PEDRO G. GONZ\u00c1LEZ &#8211; Universidad Nacional de Asunci\u00f3n<\/span><br \/>\n<span style=\"color: #000000;\">2011 &#8211; 2013 &#8211; TARGINO DE ARA\u00daJO &#8211; Universidade Federal de S\u00e3o Carlos<\/span><br \/>\n<span style=\"color: #000000;\">2010 &#8211; 2011 &#8211; DAR\u00cdO MAIORANA &#8211; Universidad Nacional de Rosario<\/span><br \/>\n<span style=\"color: #000000;\">2009 &#8211; 2010 &#8211; EDUARDO ASUETA &#8211; Universidad Nacional de Entre R\u00edos<\/span><\/p>\n<div id=\"sconnect-is-installed\" style=\"display: none;\">2.15.1.0<\/div>\n","protected":false},"excerpt":{"rendered":"<p>Presidencia de AUGM Per\u00edodo\u00a0 1\u00b0\/07\/2025 &#8211; 30\/06\/2026 Prof. Dr. Clarito Rojas Rector Universidad Nacional de Concepci\u00f3n, Paraguay &nbsp; PER\u00cdODOS ANTERIORES: 2024 &#8211; 2025 &#8211; RODRIGO ARIM &#8211; Universidad de la Rep\u00fablica 2023 &#8211; 2024 &#8211; OSVALDO CORRALES &#8211; Universidad de Valpara\u00edso 2022 &#8211; 2023 &#8211; SANDRA GOULART ALMEIDA &#8211; Universidade Federal de Minas Gerais 2021 [&hellip;]<\/p>\n","protected":false},"author":1,"featured_media":0,"parent":0,"menu_order":0,"comment_status":"closed","ping_status":"closed","template":"","meta":{"footnotes":""},"class_list":["post-15152","page","type-page","status-publish","hentry"],"wpmagazine_modules_lite_featured_media_urls":{"thumbnail":"","cvmm-medium":"","cvmm-medium-plus":"","cvmm-portrait":"","cvmm-medium-square":"","cvmm-large":"","cvmm-small":"","full":""},"categories_names":null,"comments_number":"0","_links":{"self":[{"href":"https:\/\/grupomontevideo.org\/site\/wp-json\/wp\/v2\/pages\/15152","targetHints":{"allow":["GET"]}}],"collection":[{"href":"https:\/\/grupomontevideo.org\/site\/wp-json\/wp\/v2\/pages"}],"about":[{"href":"https:\/\/grupomontevideo.org\/site\/wp-json\/wp\/v2\/types\/page"}],"author":[{"embeddable":true,"href":"https:\/\/grupomontevideo.org\/site\/wp-json\/wp\/v2\/users\/1"}],"replies":[{"embeddable":true,"href":"https:\/\/grupomontevideo.org\/site\/wp-json\/wp\/v2\/comments?post=15152"}],"version-history":[{"count":18,"href":"https:\/\/grupomontevideo.org\/site\/wp-json\/wp\/v2\/pages\/15152\/revisions"}],"predecessor-version":[{"id":21339,"href":"https:\/\/grupomontevideo.org\/site\/wp-json\/wp\/v2\/pages\/15152\/revisions\/21339"}],"wp:attachment":[{"href":"https:\/\/grupomontevideo.org\/site\/wp-json\/wp\/v2\/media?parent=15152"}],"curies":[{"name":"wp","href":"https:\/\/api.w.org\/{rel}","templated":true}]}}