{"id":15151,"date":"2015-11-26T16:33:52","date_gmt":"2015-11-26T16:33:52","guid":{"rendered":"http:\/\/192.168.0.100\/sitio\/?page_id=135"},"modified":"2026-04-15T14:53:07","modified_gmt":"2026-04-15T17:53:07","slug":"consejo-de-rectores","status":"publish","type":"page","link":"https:\/\/grupomontevideo.org\/site\/consejo-de-rectores\/","title":{"rendered":"Consejo de Rectores"},"content":{"rendered":"\r\n<h2 style=\"text-align: center;\"><strong>Argentina<\/strong><\/h2>\r\n\r\n\r\n\r\n<p style=\"text-align: center;\">Rector Dr. Ricardo Gelpi<br \/><a href=\"http:\/\/www.uba.ar\" target=\"_blank\" rel=\"noreferrer noopener\"><strong>Universidad de Buenos Aires<\/strong><\/a><\/p>\r\n\r\n\r\n\r\n<p style=\"text-align: center;\">Rector Mgter. Jhon Boretto<br \/><a href=\"http:\/\/www.unc.edu.ar\" target=\"_blank\" rel=\"noreferrer noopener\"><strong>Universidad Nacional de C\u00f3rdoba<\/strong><\/a><\/p>\r\n\r\n\r\n\r\n<p style=\"text-align: center;\">Rectora Cont. Esther S\u00e1nchez<br \/><a href=\"http:\/\/www.uncu.edu.ar\" target=\"_blank\" rel=\"noreferrer noopener\"><strong>Universidad Nacional de Cuyo<\/strong><\/a><\/p>\r\n\r\n\r\n\r\n<p style=\"text-align: center;\">Rector Cr. Andr\u00e9s Sabella<br \/><a href=\"http:\/\/www.uner.edu.ar\" target=\"_blank\" rel=\"noreferrer noopener\"><strong>Universidad Nacional de Entre R\u00edos<\/strong><\/a><\/p>\r\n\r\n\r\n\r\n<p style=\"text-align: center;\">Rectora Profa. Laura Tarabella<br \/><a href=\"http:\/\/www.unl.edu.ar\" target=\"_blank\" rel=\"noreferrer noopener\"><strong>Universidad Nacional del Litoral<\/strong><\/a><\/p>\r\n\r\n\r\n\r\n<p style=\"text-align: center;\">Presidente Mg. Mart\u00edn An\u00edbal L\u00f3pez Armegol<br \/><a href=\"http:\/\/www.unlp.edu.ar\" target=\"_blank\" rel=\"noreferrer noopener\"><strong>Universidad Nacional de La Plata<\/strong><\/a><\/p>\r\n\r\n\r\n\r\n<p style=\"text-align: center;\">Esp. Contadora M\u00f3nica Mabel BIASONE<br \/><a href=\"http:\/\/www.mdp.edu.ar\" target=\"_blank\" rel=\"noreferrer noopener\"><strong>Universidad Nacional de Mar del Plata<\/strong><\/a><\/p>\r\n\r\n\r\n\r\n<p style=\"text-align: center;\">Rector Prof. Dr. Gerardo Omar Larroza<br \/><a href=\"http:\/\/www.unne.edu.ar\/\" target=\"_blank\" rel=\"noreferrer noopener\"><strong>Universidad Nacional del Nordeste<\/strong><\/a><\/p>\r\n\r\n\r\n\r\n<p style=\"text-align: center;\">Rector Dr. Guillermo R. Tamarit<br \/><strong><a href=\"http:\/\/www.unnoba.edu.ar\/institucional\/gobierno\/autoridades\/\">Universidad Nacional del Noroeste &#8211; Buenos Aires<\/a><\/strong><\/p>\r\n\r\n\r\n\r\n<p style=\"text-align: center;\">Rector Dra. Mar\u00eda Alejandra Zinni<br \/><a href=\"http:\/\/www.unq.edu.ar\/index.php\"><strong>Universidad Nacional de Quilmes<\/strong><\/a><\/p>\r\n\r\n\r\n\r\n<p style=\"text-align: center;\">Rector Lic. Franco Bartolacci<br \/><a href=\"http:\/\/www.unr.edu.ar\" target=\"_blank\" rel=\"noreferrer noopener\"><strong>Universidad Nacional de Rosario<\/strong><\/a><\/p>\r\n\r\n\r\n\r\n<p style=\"text-align: center;\">Rector Dr. Daniel Vega<br \/><a href=\"http:\/\/www.uns.edu.ar\/\" target=\"_blank\" rel=\"noreferrer noopener\"><strong>Universidad Nacional del Sur<\/strong><\/a><\/p>\r\n\r\n\r\n\r\n<p style=\"text-align: center;\">Rector Prof. Ra\u00fal Gil<br \/><strong><a href=\"http:\/\/www.unsl.edu.ar\/\" target=\"_blank\" rel=\"noreferrer noopener\">Universidad Nacional de San Luis<\/a><\/strong><\/p>\r\n\r\n\r\n\r\n<p style=\"text-align: center;\">Rector Ing. Sergio Pagani<br \/><a href=\"http:\/\/www.unt.edu.ar\" target=\"_blank\" rel=\"noreferrer noopener\"><strong>Universidad Nacional de Tucum\u00e1n<\/strong><\/a><\/p>\r\n\r\n\r\n\r\n<p style=\"text-align: center;\">Rector Cr. Carlos Greco<br \/><a href=\"https:\/\/unsam.edu.ar\/\" target=\"_blank\" rel=\"noreferrer noopener\"><strong>Universidad Nacional de San Mart\u00edn<\/strong><\/a><\/p>\r\n\r\n\r\n\r\n<p style=\"text-align: center;\">Rector Dr. Jer\u00f3nimo Enrique Ainchil<br \/><a href=\"https:\/\/www.unsada.edu.ar\/\" target=\"_blank\" rel=\"noreferrer noopener\"><strong>Universidad Nacional San Antonio de Areco<\/strong><\/a><\/p>\r\n\r\n\r\n\r\n<p style=\"text-align: center;\">Rector Ing. Agr. \u00d3scar Alfonso Artellano<br \/><a href=\"https:\/\/www.unca.edu.ar\/\" target=\"_blank\" rel=\"noreferrer noopener\"><strong>Universidad Nacional de Catamarca<\/strong><\/a><\/p>\r\n\r\n\r\n\r\n<p style=\"text-align: center;\">Rector Lic. Jaime Perczik<br \/><a href=\"https:\/\/unahur.edu.ar\/\" target=\"_blank\" rel=\"noreferrer noopener\"><strong>Universidad Nacional Hurlingham <\/strong><\/a><\/p>\r\n\r\n\r\n\r\n<h2 style=\"text-align: center;\"><strong><br \/>Bolivia<\/strong><\/h2>\r\n\r\n\r\n\r\n<p style=\"text-align: center;\">Dra. Mar\u00eda Eugenia Garc\u00eda Moreno<br \/><a href=\"http:\/\/www.umsa.bo\" target=\"_blank\" rel=\"noreferrer noopener\"><strong>Universidad Mayor de San Andr\u00e9s<\/strong><\/a><\/p>\r\n\r\n\r\n\r\n<p style=\"text-align: center;\">Rector Ing. Walter Ar\u00edzaga Cervantes<br \/><strong><a href=\"https:\/\/usfx.bo\/\" target=\"_blank\" rel=\"noreferrer noopener\">Universidad San Francisco Xavier de Chuquisaca<\/a><\/strong><\/p>\r\n\r\n\r\n\r\n<p style=\"text-align: center;\">Rector Boris Marcelo Calancha Navia<br \/><strong><a href=\"https:\/\/www.umss.edu.bo\/\" target=\"_blank\" rel=\"noreferrer noopener\">Universidad Mayor de San Sim\u00f3n<\/a><\/strong><\/p>\r\n\r\n\r\n\r\n<h2 style=\"text-align: center;\"><strong><br \/>Brasil<\/strong><\/h2>\r\n\r\n\r\n\r\n<p style=\"text-align: center;\">Rector Prof. D\u00e1cio Matheus<br \/><strong><a href=\"http:\/\/www.ufabc.edu.br\/\" target=\"_blank\" rel=\"noreferrer noopener\">Universidade Federal do ABC<\/a><\/strong> <br \/><br \/>Rectora Profa. Diana Araujo Pereira<br \/><a href=\"https:\/\/portal.unila.edu.br\/\" data-type=\"link\" data-id=\"https:\/\/portal.unila.edu.br\/\">Universidade Federal da integra\u00e7ao Latino &#8211; Americana<\/a><\/p>\r\n\r\n\r\n\r\n<p style=\"text-align: center;\">Rectora Sandramara Matias Chaves<br \/><a href=\"http:\/\/www.ufg.br\" target=\"_blank\" rel=\"noreferrer noopener\"><strong>Universidade Federal de Goi\u00e1s<\/strong><\/a><\/p>\r\n\r\n\r\n\r\n<p style=\"text-align: center;\">Rector Alessandro Fernandes Moreira<br \/><a href=\"http:\/\/www.ufmg.br\" target=\"_blank\" rel=\"noreferrer noopener\"><strong>Universidade Federal de Minas Gerais<\/strong><\/a> <br \/><br \/>Rector Gilmar Pereira Da Silva.<br \/><a href=\"https:\/\/ufpa.br\/\"><strong>Universidad Federal de Par\u00e1<\/strong><\/a><\/p>\r\n\r\n\r\n\r\n<p style=\"text-align: center;\">Rector Marcos Sfair Sunye<br \/><a href=\"http:\/\/www.ufpr.br\" target=\"_blank\" rel=\"noreferrer noopener\"><strong>Universidade Federal do Paran\u00e1<\/strong><\/a> <br \/><br \/>Rectora \u00darsula Rosa da Silva.<br \/><a href=\"https:\/\/portal.ufpel.edu.br\/es\/\"><strong>Universidade Federal de Pelotas<\/strong><\/a><\/p>\r\n\r\n\r\n\r\n<p style=\"text-align: center;\">Rectora Suzane Gon\u00e7alves<br \/><a href=\"https:\/\/www.furg.br\/\" target=\"_blank\" rel=\"noreferrer noopener\"><strong>Universidade Federal do Rio Grande<\/strong><\/a><br \/><br \/>Rector Dr. Jos\u00e9 Daniel Diniz Melo<br \/><a href=\"https:\/\/www.ufrn.br\/\"><strong>Universidade Federal do Rio Grande do Norte<\/strong><\/a><\/p>\r\n\r\n\r\n\r\n<p style=\"text-align: center;\">Rectora Marcia Cristina Bernardes Barbosa<br \/><a href=\"http:\/\/www.ufrgs.br\" target=\"_blank\" rel=\"noreferrer noopener\"><strong>Universidade Federal do Rio Grande do Sul<\/strong><\/a><\/p>\r\n\r\n\r\n\r\n<p style=\"text-align: center;\">Rector Prof. Roberto de Andrade Medronho<br \/><strong><a href=\"http:\/\/www.ufrj.br\/\" target=\"_blank\" rel=\"noreferrer noopener\">Universidade Federal do Rio de Janeiro<\/a><\/strong><\/p>\r\n\r\n\r\n\r\n<p style=\"text-align: center;\">Rector Prof. Irineu Manoel de Souza<br \/><a href=\"http:\/\/www.ufsc.br\" target=\"_blank\" rel=\"noreferrer noopener\"><strong>Universidade Federal do Santa Catarina<\/strong><\/a><\/p>\r\n\r\n\r\n\r\n<p style=\"text-align: center;\">Rectora Profa. Ana Beatriz de Oliveira<br \/><a href=\"http:\/\/www.ufscar.br\" target=\"_blank\" rel=\"noreferrer noopener\"><strong>Universidade Federal de S\u00e3o Carlos<\/strong><\/a><\/p>\r\n\r\n\r\n\r\n<p style=\"text-align: center;\">Rector Martha Bohrer Adaime<br \/><a href=\"http:\/\/www.ufsm.br\" target=\"_blank\" rel=\"noreferrer noopener\"><strong>Universidade Federal de Santa Maria<\/strong><\/a><\/p>\r\n\r\n\r\n\r\n<p style=\"text-align: center;\">Rectora Prof. Rozana Naves<br \/><a href=\"https:\/\/www.unb.br\/\" target=\"_blank\" rel=\"noreferrer noopener\"><strong>Universidade de Bras\u00edlia<\/strong><\/a><\/p>\r\n\r\n\r\n\r\n<p style=\"text-align: center;\">Rectora Prof. Maysa Furlan<a href=\"http:\/\/www.unesp.br\"><strong><br \/>Universidade Estadual Paulista<\/strong><\/a><\/p>\r\n\r\n\r\n\r\n<p style=\"text-align: center;\">Rector Dr. Paulo Cesar Montagner<br \/><a href=\"http:\/\/www.unicamp.br\" target=\"_blank\" rel=\"noreferrer noopener\"><strong>Universidade Estadual de Campinas<\/strong><\/a><\/p>\r\n\r\n\r\n\r\n<p style=\"text-align: center;\">Rectora Prof. Dra. Raiane Patr\u00edcia Severino Assump\u00e7\u00e3o<br \/><strong><a href=\"https:\/\/www.unifesp.br\/\">Universidade Federal de S\u00e3o Paulo<\/a><\/strong><\/p>\r\n\r\n\r\n\r\n<p style=\"text-align: center;\">Rector Alu\u00edsio Augusto Cotrim Segurado<br \/><a href=\"http:\/\/www.usp.br\/\" target=\"_blank\" rel=\"noreferrer noopener\"><strong>Universidade de S\u00e3o Paulo<\/strong><\/a><\/p>\r\n\r\n\r\n\r\n<h2 style=\"text-align: center;\"><strong><br \/>Chile<\/strong><\/h2>\r\n\r\n\r\n\r\n<p style=\"text-align: center;\">Rectora Prof. Rosa Dev\u00e9s Alessandri<br \/><a href=\"http:\/\/www.uchile.cl\/\" target=\"_blank\" rel=\"noreferrer noopener\"><strong>Universidad de Chile<\/strong><\/a><\/p>\r\n\r\n\r\n\r\n<p style=\"text-align: center;\">Rector Dr. Carlos Gonz\u00e1lez Morales<br \/><a href=\"http:\/\/www.upla.cl\" target=\"_blank\" rel=\"noreferrer noopener\"><strong>Universidad de Playa Ancha<\/strong><\/a><\/p>\r\n\r\n\r\n\r\n<p style=\"text-align: center;\">Rector Dr. Cristi\u00e1n Mu\u00f1oz Canales <br \/><a href=\"http:\/\/www.usach.cl\" target=\"_blank\" rel=\"noreferrer noopener\"><strong>Universidad de Santiago de Chile<\/strong><\/a><\/p>\r\n\r\n\r\n\r\n<p style=\"text-align: center;\">Rector Dr. Osvaldo Corrales Jorquera<br \/><strong><a href=\"http:\/\/www.uv.cl\/\" target=\"_blank\" rel=\"noreferrer noopener\">Universidad de Valpara\u00edso<\/a><\/strong><\/p>\r\n\r\n\r\n\r\n<h2 style=\"text-align: center;\"><strong><br \/>Colombia<\/strong><\/h2>\r\n\r\n\r\n\r\n<p style=\"text-align: center;\">Rector Jos\u00e9 Ismael Pe\u00f1a <a href=\"https:\/\/unal.edu.co\/\" target=\"_blank\" rel=\"noreferrer noopener\"><br \/><strong>Universidad Nacional de Colombia<\/strong><\/a><\/p>\r\n\r\n\r\n\r\n<h2 style=\"text-align: center;\"><strong><br \/>Paraguay<\/strong><\/h2>\r\n\r\n\r\n\r\n<p style=\"text-align: center;\">Rectora Prof. Dra. Zully Vera de Molinas<br \/><a href=\"http:\/\/www.una.py\" target=\"_blank\" rel=\"noreferrer noopener\"><strong>Universidad Nacional de Asunci\u00f3n<\/strong><\/a><\/p>\r\n\r\n\r\n\r\n<p style=\"text-align: center;\">Rector Prof. Dr. Clarito Rojas Mar\u00edn<br \/><strong><a href=\"https:\/\/www.unc.edu.py\/\" target=\"_blank\" rel=\"noreferrer noopener\">Universidad Nacional de Concepci\u00f3n<\/a><\/strong><\/p>\r\n\r\n\r\n\r\n<p style=\"text-align: center;\">Rector Prof. Jos\u00e9 S\u00e1nchez Mart\u00ednez <br \/><a href=\"http:\/\/www.une.edu.py\/\" target=\"_blank\" rel=\"noreferrer noopener\"><strong>Universidad Nacional del Este<\/strong><\/a><\/p>\r\n\r\n\r\n\r\n<p style=\"text-align: center;\">Rector Dr. Hermenegildo Cohene Vel\u00e1zquez<br \/><a href=\"http:\/\/www.uni.edu.py\" target=\"_blank\" rel=\"noreferrer noopener\"><strong>Universidad Nacional de Itap\u00faa<\/strong><\/a> <br \/><br \/>Rector Prof. Dr. V\u00edctor R\u00edos Ojeda<br \/><a href=\"https:\/\/unp.edu.py\/\" data-type=\"link\" data-id=\"https:\/\/unp.edu.py\/\">Universidad Nacional de Pilar<\/a><\/p>\r\n\r\n\r\n\r\n<h2 style=\"text-align: center;\"><strong><br \/>Uruguay<\/strong><\/h2>\r\n\r\n\r\n\r\n<p style=\"text-align: center;\">Rector Prof. Ing. H\u00e9ctor Cancela <a href=\"http:\/\/www.universidad.edu.uy\" target=\"_blank\" rel=\"noreferrer noopener\"><br \/><strong>Universidad de la Rep\u00fablica<\/strong><\/a><\/p>\r\n\r\n\r\n\r\n<p>&nbsp;<\/p>\r\n","protected":false},"excerpt":{"rendered":"<p>Argentina Rector Dr. Ricardo GelpiUniversidad de Buenos Aires Rector Mgter. Jhon BorettoUniversidad Nacional de C\u00f3rdoba Rectora Cont. Esther S\u00e1nchezUniversidad Nacional de Cuyo Rector Cr. Andr\u00e9s SabellaUniversidad Nacional de Entre R\u00edos Rectora Profa. Laura TarabellaUniversidad Nacional del Litoral Presidente Mg. Mart\u00edn An\u00edbal L\u00f3pez ArmegolUniversidad Nacional de La Plata Esp. Contadora M\u00f3nica Mabel BIASONEUniversidad Nacional de Mar [&hellip;]<\/p>\n","protected":false},"author":1,"featured_media":0,"parent":0,"menu_order":0,"comment_status":"closed","ping_status":"closed","template":"","meta":{"footnotes":""},"class_list":["post-15151","page","type-page","status-publish","hentry"],"wpmagazine_modules_lite_featured_media_urls":{"thumbnail":"","cvmm-medium":"","cvmm-medium-plus":"","cvmm-portrait":"","cvmm-medium-square":"","cvmm-large":"","cvmm-small":"","full":""},"categories_names":null,"comments_number":"0","_links":{"self":[{"href":"https:\/\/grupomontevideo.org\/site\/wp-json\/wp\/v2\/pages\/15151","targetHints":{"allow":["GET"]}}],"collection":[{"href":"https:\/\/grupomontevideo.org\/site\/wp-json\/wp\/v2\/pages"}],"about":[{"href":"https:\/\/grupomontevideo.org\/site\/wp-json\/wp\/v2\/types\/page"}],"author":[{"embeddable":true,"href":"https:\/\/grupomontevideo.org\/site\/wp-json\/wp\/v2\/users\/1"}],"replies":[{"embeddable":true,"href":"https:\/\/grupomontevideo.org\/site\/wp-json\/wp\/v2\/comments?post=15151"}],"version-history":[{"count":49,"href":"https:\/\/grupomontevideo.org\/site\/wp-json\/wp\/v2\/pages\/15151\/revisions"}],"predecessor-version":[{"id":22319,"href":"https:\/\/grupomontevideo.org\/site\/wp-json\/wp\/v2\/pages\/15151\/revisions\/22319"}],"wp:attachment":[{"href":"https:\/\/grupomontevideo.org\/site\/wp-json\/wp\/v2\/media?parent=15151"}],"curies":[{"name":"wp","href":"https:\/\/api.w.org\/{rel}","templated":true}]}}