{"id":147,"date":"2015-11-26T16:38:37","date_gmt":"2015-11-26T16:38:37","guid":{"rendered":"http:\/\/192.168.0.100\/sitio\/?page_id=147"},"modified":"2026-04-19T11:05:49","modified_gmt":"2026-04-19T14:05:49","slug":"normativas","status":"publish","type":"page","link":"https:\/\/grupomontevideo.org\/site\/normativas\/","title":{"rendered":"Normativas"},"content":{"rendered":"<ul>\n<li><span style=\"color: #000000;\"><span style=\"color: #000000;\"><a href=\"https:\/\/grupomontevideo.org\/site\/wp-content\/uploads\/2022\/10\/PAUTAS-PARA-OTORGAR-APOYOS-POR-PARTE-DE-AUGM.pdf\">Apoyos y auspicios de AUGM. Pautas para su otorgamiento<\/a><\/span><\/span><\/li>\n<li><span style=\"color: #000000;\"><span style=\"color: #000000;\"><a href=\"https:\/\/grupomontevideo.org\/site\/wp-content\/uploads\/2022\/10\/COM.-PERMANENTES.-Normativa-General.pdf\">Comisi\u00f3n Permanente. Normativa General<\/a><\/span><\/span><\/li>\n<li><a href=\"https:\/\/grupomontevideo.org\/site\/wp-content\/uploads\/2019\/08\/Reglamento-OCC-U.pdf\">Comit\u00e9 Ejecutivo del Observatorio de Cooperaci\u00f3n Ciudad\u2013Universidad<\/a><\/li>\n<li>Comit\u00e9s Acad\u00e9micos y N\u00facleos Disciplinarios. Criterios y pautas de funcionamiento<a href=\"https:\/\/grupomontevideo.org\/site\/wp-content\/uploads\/2022\/02\/ND-CA-criterios-y-pautas.pdf\"> ES<\/a>\u00a0<span style=\"color: #000000;\">\/ <a href=\"https:\/\/grupomontevideo.org\/site\/wp-content\/uploads\/2022\/02\/PT-criterios-y-pautas-nd-y-ca.pdf\">PT<\/a><\/span><\/li>\n<li><a href=\"http:\/\/grupomontevideo.org\/sitio\/wp-content\/uploads\/2022\/04\/Formulario-PDT-Trienal.docx\" target=\"_blank\" rel=\"noopener\">Formulario para presentar Planes de Trabajo para los Comit\u00e9s Acad\u00e9micos y N\u00facleos Disciplinarios<\/a><\/li>\n<li><span style=\"color: #000000;\"><span style=\"color: #000000;\"><a href=\"https:\/\/grupomontevideo.org\/site\/wp-content\/uploads\/2020\/04\/lineamientos-para-la-suscripcin-de-convenios.pdf\">Convenios. Lineamientos para su suscripci\u00f3n<\/a><\/span><\/span><\/li>\n<li><a href=\"https:\/\/grupomontevideo.org\/site\/wp-content\/uploads\/2019\/02\/Normativa-Escuelas-de-Verano-Invierno-de-AUGM.pdf\">Escuelas de Verano-Invierno de AUGM<\/a><\/li>\n<li><span style=\"color: #999999;\">Jornadas de J\u00f3venes Investigadores. Gu\u00eda para su Organizaci\u00f3n y Desarrollo: <\/span><span style=\"color: #000000;\"><a href=\"https:\/\/grupomontevideo.org\/site\/wp-content\/uploads\/2026\/04\/JJI-Guia-Organizacion-y-Desarrollo_2026-ES.pdf\" target=\"_blank\" rel=\"noopener\">ES<\/a> &#8211; <a href=\"https:\/\/grupomontevideo.org\/site\/wp-content\/uploads\/2026\/04\/JJI-Guia-para-Organizacao-e-Desenvolvimento_2026-PT.pdf\" target=\"_blank\" rel=\"noopener\">PT<\/a><\/span><span style=\"color: #808080;\"><span style=\"color: #999999;\"><br \/>\n-Gu\u00eda general para presentar Trabajos JJI:<\/span><\/span> <a href=\"https:\/\/grupomontevideo.org\/site\/wp-content\/uploads\/2026\/04\/ES-GUIA-GRAL-PARA-PRESENTAR-TRABAJOS.pdf\" target=\"_blank\" rel=\"noopener\">ES<\/a> &#8211; <a href=\"https:\/\/grupomontevideo.org\/site\/wp-content\/uploads\/2026\/04\/PT-Anexo-I-GUIA-GERAL-PARA-APRESENTACAO-DE-OBRAS.pdf\" target=\"_blank\" rel=\"noopener\">PT<\/a><span style=\"color: #999999;\"><br \/>\n-Nota de Consentimiento para Publicaci\u00f3n de Art\u00edculo Cient\u00edfico: <\/span><a href=\"https:\/\/grupomontevideo.org\/site\/wp-content\/uploads\/2026\/04\/ANEXO-II-ES.docx\" target=\"_blank\" rel=\"noopener\">ES<\/a>\u2013\u00a0<a href=\"https:\/\/grupomontevideo.org\/site\/wp-content\/uploads\/2026\/04\/ANEXO-II.docx\" target=\"_blank\" rel=\"noopener\">PT<\/a><\/li>\n<li><a href=\"https:\/\/grupomontevideo.org\/site\/wp-content\/uploads\/2020\/11\/NORMATIVA-BEPg.pdf\">Normativa aplicable al Banco de Evaluadores de Posgrado de AUGM<\/a><\/li>\n<li><span style=\"color: #000000;\"><a href=\"https:\/\/grupomontevideo.org\/site\/wp-content\/uploads\/2015\/11\/Normativa-reuniones-Delegados-Asesores.pdf\">Normativa de funcionamiento aplicable a las reuniones del Grupo Delegados Asesores<\/a><\/span><\/li>\n<li><a href=\"https:\/\/grupomontevideo.org\/site\/wp-content\/uploads\/2020\/07\/CATEDRAS-AUGM.pdf\">Normativa general C\u00e1tedras AUGM<\/a><\/li>\n<li><a href=\"https:\/\/grupomontevideo.org\/site\/wp-content\/uploads\/2021\/07\/REGLAMENTO-OBS.-Autono.pdf\">Observatorio Regional de Autonom\u00eda y Presupuestos Universitarios. Reglamento de Funcionamiento<\/a><\/li>\n<li><a href=\"https:\/\/grupomontevideo.org\/site\/wp-content\/uploads\/2015\/11\/Pautas-ingreso-de-nuevas-universidades.pdf\">Pautas reglamentarias para el ingreso de nuevas universidades en la AUGM<\/a><\/li>\n<li><a href=\"https:\/\/grupomontevideo.org\/site\/wp-content\/uploads\/2020\/10\/Reglamento-Piloto-de-Movilidad-Virtual-de-Grado.pdf\">Programa de Movilidad Virtual de Estudiantes de Grado. Reglamento<\/a> \/ <a href=\"https:\/\/grupomontevideo.org\/site\/wp-content\/uploads\/2020\/10\/Regulamento-Piloto-de-Mobilidade-Virtual-de-Graduacao.pdf\">Versi\u00f3n en portugu\u00e9s<\/a><\/li>\n<li><a href=\"https:\/\/grupomontevideo.org\/site\/wp-content\/uploads\/2021\/06\/Reglamento-del-Piloto-de-Movilidad-Virtual-de-Estudiantes-de-Posgrado.pdf\">Programa de Movilidad Virtual de Estudiantes de Posgrado. Reglamento<\/a><\/li>\n<li><span style=\"color: #000000;\"><a href=\"https:\/\/grupomontevideo.org\/site\/wp-content\/uploads\/2015\/11\/Reglamento-PEEP-modificado-nov2015.pdf\">Programa ESCALA de Estudiantes de Posgrado. Reglamento<\/a>\u00a0 \/ <a href=\"https:\/\/grupomontevideo.org\/site\/wp-content\/uploads\/2015\/11\/Reglamento-PEEP_portugues-modificado-nov2015.pdf\">Versi\u00f3n en portugu\u00e9s<\/a><\/span><\/li>\n<li><span style=\"color: #000000;\"><a href=\"https:\/\/grupomontevideo.org\/site\/wp-content\/uploads\/2015\/11\/Programa-ESCALA-de-estudiantes-de-Posgrado-Manual-de-Funcionamiento.pdf\">Programa ESCALA de Estudiantes de Posgrado. Manual de Funcionamiento<\/a>\u00a0\u00a0\/ <a href=\"https:\/\/grupomontevideo.org\/site\/wp-content\/uploads\/2015\/11\/PMEP-Manual-de-Funcionamiento_portugues-mod-oct-2014.pdf\">Versi\u00f3n en portugu\u00e9s<\/a><\/span><\/li>\n<li><span style=\"color: #000000;\"><a href=\"https:\/\/grupomontevideo.org\/site\/wp-content\/uploads\/2019\/11\/ESCALA_Estudiantes_de_Grado_Reglamento.pdf\">Programa ESCALA de Estudiantes de Grado. Reglamento General<\/a>\u00a0<\/span> \/ <a href=\"https:\/\/grupomontevideo.org\/site\/wp-content\/uploads\/2019\/11\/ESCALA_Estudantes_de_Grado._Regulamento_Gral.pdf\">Versi\u00f3n en portugu\u00e9s<\/a><\/li>\n<li><span style=\"color: #000000;\"><a href=\"https:\/\/grupomontevideo.org\/site\/wp-content\/uploads\/2019\/01\/Reglamento-PROGRAMA-ESCALA-DOCENTE.pdf\">Programa ESCALA Docente. Reglamento<\/a><\/span><\/li>\n<li><span style=\"color: #000000;\"><a href=\"https:\/\/grupomontevideo.org\/site\/wp-content\/uploads\/2019\/01\/Reglamento-Gestores-y-Administradores.pdf\">Programa ESCALA de Gestores y Administradores. Reglamento<\/a><\/span><\/li>\n<li><span style=\"color: #000000;\"><a href=\"https:\/\/grupomontevideo.org\/site\/wp-content\/uploads\/2015\/11\/Seminario-Universidad-Sociedad-Estado-Reglamento1.pdf\">Seminario Internacional Universidad &#8211; Sociedad -Estado. Reglamento general<\/a><\/span><\/li>\n<\/ul>\n","protected":false},"excerpt":{"rendered":"<p>Apoyos y auspicios de AUGM. Pautas para su otorgamiento Comisi\u00f3n Permanente. Normativa General Comit\u00e9 Ejecutivo del Observatorio de Cooperaci\u00f3n Ciudad\u2013Universidad Comit\u00e9s Acad\u00e9micos y N\u00facleos Disciplinarios. Criterios y pautas de funcionamiento ES\u00a0\/ PT Formulario para presentar Planes de Trabajo para los Comit\u00e9s Acad\u00e9micos y N\u00facleos Disciplinarios Convenios. Lineamientos para su suscripci\u00f3n Escuelas de Verano-Invierno de AUGM [&hellip;]<\/p>\n","protected":false},"author":1,"featured_media":0,"parent":0,"menu_order":0,"comment_status":"closed","ping_status":"closed","template":"","meta":{"footnotes":""},"class_list":["post-147","page","type-page","status-publish","hentry"],"wpmagazine_modules_lite_featured_media_urls":{"thumbnail":"","cvmm-medium":"","cvmm-medium-plus":"","cvmm-portrait":"","cvmm-medium-square":"","cvmm-large":"","cvmm-small":"","full":""},"categories_names":null,"comments_number":"0","_links":{"self":[{"href":"https:\/\/grupomontevideo.org\/site\/wp-json\/wp\/v2\/pages\/147","targetHints":{"allow":["GET"]}}],"collection":[{"href":"https:\/\/grupomontevideo.org\/site\/wp-json\/wp\/v2\/pages"}],"about":[{"href":"https:\/\/grupomontevideo.org\/site\/wp-json\/wp\/v2\/types\/page"}],"author":[{"embeddable":true,"href":"https:\/\/grupomontevideo.org\/site\/wp-json\/wp\/v2\/users\/1"}],"replies":[{"embeddable":true,"href":"https:\/\/grupomontevideo.org\/site\/wp-json\/wp\/v2\/comments?post=147"}],"version-history":[{"count":12,"href":"https:\/\/grupomontevideo.org\/site\/wp-json\/wp\/v2\/pages\/147\/revisions"}],"predecessor-version":[{"id":22392,"href":"https:\/\/grupomontevideo.org\/site\/wp-json\/wp\/v2\/pages\/147\/revisions\/22392"}],"wp:attachment":[{"href":"https:\/\/grupomontevideo.org\/site\/wp-json\/wp\/v2\/media?parent=147"}],"curies":[{"name":"wp","href":"https:\/\/api.w.org\/{rel}","templated":true}]}}