{"id":9413,"date":"2023-02-24T21:46:37","date_gmt":"2023-02-24T21:46:37","guid":{"rendered":"http:\/\/grupomontevideo.org\/reuniones\/?page_id=9413"},"modified":"2023-03-09T12:26:25","modified_gmt":"2023-03-09T12:26:25","slug":"programas-escala-9-de-marzo-de-2023","status":"publish","type":"page","link":"https:\/\/grupomontevideo.org\/reuniones\/?page_id=9413","title":{"rendered":"Programas ESCALA 9 de marzo de 2023"},"content":{"rendered":"<p><img loading=\"lazy\" decoding=\"async\" class=\"size-full wp-image-8680 aligncenter\" src=\"https:\/\/grupomontevideo.org\/reuniones\/wp-content\/uploads\/2022\/06\/logo_augmpng.png\" alt=\"\" width=\"120\" height=\"150\" \/><\/p>\n<p style=\"text-align: center;\"><span style=\"color: #000080;\"><strong>COMISI\u00d3N DE SEGUIMIENTO DE LOS PROGRAMAS ESCALA (CSE)<\/strong><\/span><\/p>\n<p style=\"text-align: center;\"><strong><span style=\"color: #000000;\">9 DE MARZO DE 2023- PLATAFORMA ZOOM -14.30 HS (UY)<\/span><\/strong><\/p>\n<p><a href=\"https:\/\/us02web.zoom.us\/j\/87666227609?pwd=ZjhPaERPVzZLWkFnMFVzTGxtVUFKdz09\">https:\/\/us02web.zoom.us\/j\/87666227609?pwd=ZjhPaERPVzZLWkFnMFVzTGxtVUFKdz09<\/a><br \/>\n<span style=\"color: #000000;\">ID de reuni\u00f3n: 876 6622 7609<\/span><br \/>\n<span style=\"color: #000000;\">C\u00f3digo de acceso: 265075<\/span><\/p>\n<h5 style=\"text-align: center;\"><span style=\"color: #000000;\"><br \/>\nORDEN DEL D\u00cdA<\/span><\/h5>\n<p><span style=\"color: #000000;\">\u00a0<\/span><\/p>\n<p><span style=\"color: #000000;\"><strong><span style=\"color: #000080;\">1. PLATAFORMA INFORM\u00c1TICA para la gesti\u00f3n de los Programas ESCALA.<\/span><\/strong><br \/>\n&#8211; <a href=\"https:\/\/grupomontevideo.org\/reuniones\/wp-content\/uploads\/2023\/02\/Resolucion-de-la-LXXXII-Reunion-presencial-del-Consejo-de-Rectores-de-AUGM.-Universidad-Nacional-del-Noroeste-de-la-Provincia-de-Buenos-Aires.-Junin-Argentina.-15-de-diciembre-de-2022.pdf\" target=\"_blank\" rel=\"noopener\">Resoluci\u00f3n de la LXXXII Reuni\u00f3n presencial del Consejo de Rectores<\/a><br \/>\n&#8211; <a href=\"https:\/\/grupomontevideo.org\/reuniones\/wp-content\/uploads\/2023\/02\/Informe-final-de-la-Comision-de-Evaluacion-para-la-Plataforma-Informatica-ESCALA.pdf\" target=\"_blank\" rel=\"noopener\">Informe de la Comisi\u00f3n Evaluadora y Resoluci\u00f3n del Consejo de Rectores<\/a><br \/>\n&#8211; <a href=\"https:\/\/grupomontevideo.org\/reuniones\/wp-content\/uploads\/2023\/03\/Comparativo-costo-alojamiento-de-la-plataforma-en-AUGM.xlsx\" target=\"_blank\" rel=\"noopener\">Comparativo costo de alojamiento de la plataforma en AUGM<\/a><\/span><\/p>\n<p><span style=\"color: #000000;\"><span style=\"color: #000080;\"><strong>2. CONVOCATORIAS ESCALA 2023 \u00a0<\/strong><\/span><br \/>\n&#8211; Informe de desarrollo de las convocatorias ESCALA 2023.<br \/>\n<a href=\"https:\/\/grupomontevideo.org\/reuniones\/wp-content\/uploads\/2023\/03\/INFORME-ESCALA-DOCENTE-2023.pdf\" target=\"_blank\" rel=\"noopener\">ESCALA Docente<\/a><br \/>\n<a href=\"https:\/\/grupomontevideo.org\/reuniones\/wp-content\/uploads\/2023\/03\/INFORME-ESCALA-DE-GESTORES-2023.pdf\" target=\"_blank\" rel=\"noopener\">ESCALA de Gestores y Administradores<\/a><br \/>\n<a href=\"https:\/\/grupomontevideo.org\/reuniones\/wp-content\/uploads\/2023\/03\/INFORME-ESCALA-DE-POSGRADO-2023.pdf\" target=\"_blank\" rel=\"noopener\">ESCALA Estudiantes de Posgrado<\/a><br \/>\n<\/span><\/p>\n<p><span style=\"color: #000000;\"><strong><span style=\"color: #000080;\">3. SEGUNDO LLAMADO 2023 PARA ESCALA DOCENTE, ESCALA DE GESTORES Y ADMINISTRADORES, Y ESCALA DE ESTUDIANTES DE POSGRADO<\/span><\/strong><br \/>\n<\/span><span style=\"color: #000000;\">&#8211;\u00a0 Oferta de plazas y cronogramas.<br \/>\n<a href=\"https:\/\/grupomontevideo.org\/reuniones\/wp-content\/uploads\/2023\/03\/Propuesta-de-CRONOGRAMA-PED-2do.-llamado-2023.pdf\" target=\"_blank\" rel=\"noopener\">ESCALA Docente<\/a><br \/>\n<a href=\"https:\/\/grupomontevideo.org\/reuniones\/wp-content\/uploads\/2023\/03\/Propuesta-de-CRONOGRAMA-PEGyA-2do.-llamado-2023.pdf\" target=\"_blank\" rel=\"noopener\">ESCALA de Gestores y Administradores<\/a><br \/>\n<a href=\"https:\/\/grupomontevideo.org\/reuniones\/wp-content\/uploads\/2023\/03\/Propuesta-de-CRONOGRAMA-PEEPg-2do.-llamado-2023.pdf\" target=\"_blank\" rel=\"noopener\">ESCALA Estudiantes de Posgrado<\/a><br \/>\n<\/span><\/p>\n<p><span style=\"color: #000000;\"><span style=\"color: #000080;\"><strong>4. CONVOCATORIAS ESCALA 2024<\/strong><\/span><br \/>\n<\/span><span style=\"color: #000000;\">&#8211;\u00a0 Acuerdo de plazas para los programas ESCALA (<a href=\"https:\/\/grupomontevideo.org\/reuniones\/wp-content\/uploads\/2023\/03\/PEEG-Cronograma-2024.pdf\" target=\"_blank\" rel=\"noopener\">Estudiantes de Grado<\/a>; <a href=\"https:\/\/grupomontevideo.org\/reuniones\/wp-content\/uploads\/2023\/03\/PEEPg-Cronograma-2024.pdf\" target=\"_blank\" rel=\"noopener\">Estudiantes de Posgrado<\/a>; <a href=\"https:\/\/grupomontevideo.org\/reuniones\/wp-content\/uploads\/2023\/03\/PED-Cronograma-2024.pdf\" target=\"_blank\" rel=\"noopener\">Docente<\/a>; y de <a href=\"https:\/\/grupomontevideo.org\/reuniones\/wp-content\/uploads\/2023\/03\/PEGyA-Cronograma-2024.pdf\" target=\"_blank\" rel=\"noopener\">Gestores y Administradores<\/a>) correspondientes a las convocatorias 2024.<\/span><\/p>\n<p><span style=\"color: #000000;\"><strong><span style=\"color: #000080;\">5. ACTUALIZACI\u00d3N DE LOS REGLAMENTOS ESCALA (modalidad presencial)<\/span><\/strong><br \/>\n<\/span><span style=\"color: #000000;\">&#8211;\u00a0 Reglamentos actualizados.<br \/>\nESCALA Docente. <a href=\"https:\/\/grupomontevideo.org\/reuniones\/wp-content\/uploads\/2023\/03\/Reglamento-PROGRAMA-ESCALA-DOCENTE-modificado-10.22-1.docx\">Reglamento con modificaciones<\/a> \/ <a href=\"https:\/\/grupomontevideo.org\/reuniones\/wp-content\/uploads\/2023\/03\/modificaciones-realizadas-al-reglamento-del-PED-1.docx\">modificaciones realizadas<\/a><br \/>\nESCALA Estudiantes de Grado. <a href=\"https:\/\/grupomontevideo.org\/reuniones\/wp-content\/uploads\/2023\/03\/ESCALA_Estudiantes_de_Grado-Reglamento-con-sugerencias-de-modifivcaciones1.docx\">Reglamento con modificaciones <\/a>\/ <a href=\"https:\/\/grupomontevideo.org\/reuniones\/wp-content\/uploads\/2023\/03\/modificaciones-realizadas-al-reglamento-del-PEEG.docx\">modificaciones realizadas<\/a><br \/>\nESCALA Estudiantes de Posgrado. <a href=\"https:\/\/grupomontevideo.org\/reuniones\/wp-content\/uploads\/2023\/03\/Reglamento-PEEP-sugerencias-de-modificacion-10-22-1.docx\">Reglamento con modificaciones <\/a>\/ <a href=\"https:\/\/grupomontevideo.org\/reuniones\/wp-content\/uploads\/2023\/03\/modificaciones-realizadas-al-reglamento-del-PEEPG.docx\">modificaciones realizadas<\/a><br \/>\nESCALA de Gestores y Administradores. <a href=\"https:\/\/grupomontevideo.org\/reuniones\/wp-content\/uploads\/2023\/03\/Reglamento-Gestores-y-Administradores-con-sugerencias-para-modificar-10.22.docx\">Reglamento con modificaciones<\/a> \/ <a href=\"https:\/\/grupomontevideo.org\/reuniones\/wp-content\/uploads\/2023\/03\/modificaciones-realizadas-al-reglamento-del-PEGyA.docx\">modificaciones realizadas<\/a><br \/>\n<\/span><\/p>\n<p><span style=\"color: #000000;\"><strong><span style=\"color: #000080;\">6. PROGRAMAS ESCALA VIRTUAL<\/span><\/strong><br \/>\n<\/span><span style=\"color: #000000;\">&#8211;\u00a0 Proyecci\u00f3n de Situaci\u00f3n 2023-2024.<\/span><\/p>\n<p><span style=\"color: #000080;\"><strong>7. Asuntos planteados por las Universidades Miembro<\/strong><\/span><\/p>\n<p>&nbsp;<\/p>\n","protected":false},"excerpt":{"rendered":"<p>COMISI\u00d3N DE SEGUIMIENTO DE LOS PROGRAMAS ESCALA (CSE) 9 DE MARZO DE 2023- PLATAFORMA ZOOM -14.30 HS (UY) https:\/\/us02web.zoom.us\/j\/87666227609?pwd=ZjhPaERPVzZLWkFnMFVzTGxtVUFKdz09 ID de reuni\u00f3n: 876 6622 7609 C\u00f3digo de acceso: 265075 ORDEN DEL D\u00cdA \u00a0 1. PLATAFORMA INFORM\u00c1TICA para la gesti\u00f3n de los Programas ESCALA. &#8211; Resoluci\u00f3n de la LXXXII Reuni\u00f3n presencial del Consejo de Rectores &#8211; [&hellip;]<\/p>\n","protected":false},"author":1,"featured_media":0,"parent":6028,"menu_order":0,"comment_status":"closed","ping_status":"closed","template":"","meta":{"_crdt_document":"","_uag_custom_page_level_css":"","footnotes":""},"class_list":["post-9413","page","type-page","status-publish","hentry"],"uagb_featured_image_src":{"full":false,"thumbnail":false,"medium":false,"medium_large":false,"large":false,"1536x1536":false,"2048x2048":false},"uagb_author_info":{"display_name":"admin","author_link":"https:\/\/grupomontevideo.org\/reuniones\/?author=1"},"uagb_comment_info":0,"uagb_excerpt":"COMISI\u00d3N DE SEGUIMIENTO DE LOS PROGRAMAS ESCALA (CSE) 9 DE MARZO DE 2023- PLATAFORMA ZOOM -14.30 HS (UY) https:\/\/us02web.zoom.us\/j\/87666227609?pwd=ZjhPaERPVzZLWkFnMFVzTGxtVUFKdz09 ID de reuni\u00f3n: 876 6622 7609 C\u00f3digo de acceso: 265075 ORDEN DEL D\u00cdA \u00a0 1. PLATAFORMA INFORM\u00c1TICA para la gesti\u00f3n de los Programas ESCALA. &#8211; Resoluci\u00f3n de la LXXXII Reuni\u00f3n presencial del Consejo de Rectores &#8211;&hellip;","_links":{"self":[{"href":"https:\/\/grupomontevideo.org\/reuniones\/index.php?rest_route=\/wp\/v2\/pages\/9413","targetHints":{"allow":["GET"]}}],"collection":[{"href":"https:\/\/grupomontevideo.org\/reuniones\/index.php?rest_route=\/wp\/v2\/pages"}],"about":[{"href":"https:\/\/grupomontevideo.org\/reuniones\/index.php?rest_route=\/wp\/v2\/types\/page"}],"author":[{"embeddable":true,"href":"https:\/\/grupomontevideo.org\/reuniones\/index.php?rest_route=\/wp\/v2\/users\/1"}],"replies":[{"embeddable":true,"href":"https:\/\/grupomontevideo.org\/reuniones\/index.php?rest_route=%2Fwp%2Fv2%2Fcomments&post=9413"}],"version-history":[{"count":21,"href":"https:\/\/grupomontevideo.org\/reuniones\/index.php?rest_route=\/wp\/v2\/pages\/9413\/revisions"}],"predecessor-version":[{"id":9491,"href":"https:\/\/grupomontevideo.org\/reuniones\/index.php?rest_route=\/wp\/v2\/pages\/9413\/revisions\/9491"}],"up":[{"embeddable":true,"href":"https:\/\/grupomontevideo.org\/reuniones\/index.php?rest_route=\/wp\/v2\/pages\/6028"}],"wp:attachment":[{"href":"https:\/\/grupomontevideo.org\/reuniones\/index.php?rest_route=%2Fwp%2Fv2%2Fmedia&parent=9413"}],"curies":[{"name":"wp","href":"https:\/\/api.w.org\/{rel}","templated":true}]}}