{"id":9051,"date":"2022-10-24T14:58:35","date_gmt":"2022-10-24T14:58:35","guid":{"rendered":"http:\/\/grupomontevideo.org\/reuniones\/?page_id=9051"},"modified":"2022-10-25T23:21:08","modified_gmt":"2022-10-25T23:21:08","slug":"programas-escala-26-de-octubre-de-2022","status":"publish","type":"page","link":"https:\/\/grupomontevideo.org\/reuniones\/?page_id=9051","title":{"rendered":"Programas ESCALA 26 de octubre de 2022"},"content":{"rendered":"<p><img loading=\"lazy\" decoding=\"async\" class=\"size-full wp-image-8680 aligncenter\" src=\"https:\/\/grupomontevideo.org\/reuniones\/wp-content\/uploads\/2022\/06\/logo_augmpng.png\" alt=\"\" width=\"120\" height=\"150\" \/><\/p>\n<p style=\"text-align: center;\"><span style=\"color: #000080;\"><strong>COMISI\u00d3N DE SEGUIMIENTO DE LOS PROGRAMAS ESCALA (CSE)<\/strong><\/span><\/p>\n<p style=\"text-align: center;\"><span style=\"color: #000000;\"><strong>Mi\u00e9rcoles 26 de Octubre de 2022 &#8211; 14.OOhs. (UY) &#8211; Plataforma Zoom<\/strong><\/span><\/p>\n<p style=\"text-align: center;\"><strong><span style=\"color: #000000;\"><br \/>\n<\/span><span style=\"color: #000000;\">ORDEN DEL D\u00cdA<\/span><\/strong><\/p>\n<p><strong><span style=\"color: #003166;\"><br \/>\n1. PLATAFORMA INFORM\u00c1TICA para la gesti\u00f3n de los Programas ESCALA<\/span><\/strong><br \/>\n<span style=\"color: #000000;\">&#8211; Informe sobre acciones realizadas y futuras.<\/span><\/p>\n<p><span style=\"color: #000000;\"><span style=\"color: #003166;\"><strong>2. CONVOCATORIAS ESCALA 2023<\/strong><\/span><br \/>\n&#8211; Informe de situaci\u00f3n.<br \/>\n<a href=\"https:\/\/grupomontevideo.org\/reuniones\/wp-content\/uploads\/2022\/10\/Informe-convocatorias-ESCALAS-2023.pdf\" target=\"_blank\" rel=\"noopener\">Informe sobre las convocatorias 2023 de los Programas ESCALA<\/a><br \/>\n<a href=\"https:\/\/grupomontevideo.org\/reuniones\/wp-content\/uploads\/2022\/10\/SERIE-DE-PLAZAS-ESCALA-POR-PAIS-2019-2023.pdf\" target=\"_blank\" rel=\"noopener\">Plazas ofertadas por pa\u00eds y Universidad &#8211; Convocatorias ESCALA 2019-2023<\/a><br \/>\n<\/span><\/p>\n<p><span style=\"color: #003166;\"><strong>3. PROGRAMAS ESCALA VIRTUAL <\/strong><\/span><br \/>\n<em><span style=\"color: #000000;\">Antecedentes: <\/span><\/em><br \/>\n<em><span style=\"color: #000000;\">Acuerdo n\u00famero 5 de la RDA del 14 y 15 de junio de 2022 (UNE): \u201cEncomendar a la Comisi\u00f3n de Seguimiento de los Programas ESCALA la realizaci\u00f3n de una evaluaci\u00f3n profunda del resultado de la \u00faltima convocatoria de los Programas ESCALA Virtual y analice las mejores alternativas, de la mano de una propuesta.\u201d<\/span><\/em><\/p>\n<p><span style=\"color: #003166;\"><strong>4. ACTUALIZACI\u00d3N DE LOS REGLAMENTOS ESCALA (presencial)<\/strong><\/span><br \/>\n<span style=\"color: #000000;\">&#8211; Actualizaci\u00f3n del Reglamento ESCALA de Estudiantes de Grado. (<a href=\"https:\/\/grupomontevideo.org\/reuniones\/wp-content\/uploads\/2022\/10\/ESCALA_Estudiantes_de_Grado-Reglamento-con-sugerencias-de-modifivcaciones.pdf\" target=\"_blank\" rel=\"noopener\">Reglamento<\/a>)<\/span><br \/>\n<span style=\"color: #000000;\">&#8211; Actualizaci\u00f3n del Reglamento ESCALA Docente. (<a href=\"https:\/\/grupomontevideo.org\/reuniones\/wp-content\/uploads\/2022\/10\/Reglamento-PROGRAMA-ESCALA-DOCENTE-modificado-10.22.pdf\" target=\"_blank\" rel=\"noopener\">Reglamento<\/a>)<\/span><br \/>\n<span style=\"color: #000000;\">&#8211; Propuesta de modificaci\u00f3n del Reglamento del ESCALA de Estudiantes de Posgrado. (<a href=\"https:\/\/grupomontevideo.org\/reuniones\/wp-content\/uploads\/2022\/10\/Reglamento-PEEP-sugerencias-de-modificacion-10-22.pdf\" target=\"_blank\" rel=\"noopener\">Reglamento<\/a>\u00a0&#8211; <a href=\"https:\/\/grupomontevideo.org\/reuniones\/wp-content\/uploads\/2022\/10\/PEEPg-Manual-de-Funcionamiento-con-sugerencia-de-modificaciones-10.22.pdf\">Manual de funcionamiento<\/a>)<\/span><br \/>\n<span style=\"color: #000000;\">&#8211; Propuesta de modificaci\u00f3n del Reglamento del Programa ESCALA de Gestores y Administradores. (<a href=\"https:\/\/grupomontevideo.org\/reuniones\/wp-content\/uploads\/2022\/10\/Reglamento-Gestores-y-Administradores-con-sugerencias-para-modificar-10.22.pdf\" target=\"_blank\" rel=\"noopener\">Reglamento<\/a>)<\/span><\/p>\n<p><span style=\"color: #003166;\"><strong>5. SEGUIMIENTO Y EVALUACI\u00d3N DE LOS PROGRAMAS ESCALA<\/strong><\/span><br \/>\n<span style=\"color: #000000;\">&#8211; Propuesta de revisi\u00f3n de los formularios utilizados para el seguimiento y evaluaci\u00f3n de las convocatorias de los Programas ESCALA PRESENCIAL Y VIRTUAL.<\/span><\/p>\n<p style=\"padding-left: 40px;\"><span style=\"color: #000000;\">Enlaces a formularios de seguimiento y evaluaci\u00f3n de los ESCALA:<\/span><br \/>\n<span style=\"color: #000000;\">PEEG: <a href=\"https:\/\/forms.gle\/TsKfTSrnxCtJMQpPA\" target=\"_blank\" rel=\"noopener\">https:\/\/forms.gle\/TsKfTSrnxCtJMQpPA<\/a><\/span><br \/>\n<span style=\"color: #000000;\">PEEPg: <a href=\"https:\/\/forms.gle\/YAqfuB682WsMT9hd6\" target=\"_blank\" rel=\"noopener\">https:\/\/forms.gle\/YAqfuB682WsMT9hd6<\/a><\/span><br \/>\n<span style=\"color: #000000;\">PED: <a href=\"https:\/\/forms.gle\/kAJT5Ts5jXif8tzr6\" target=\"_blank\" rel=\"noopener\">https:\/\/forms.gle\/kAJT5Ts5jXif8tzr6<\/a><\/span><br \/>\n<span style=\"color: #000000;\">PEGyA: <a href=\"https:\/\/forms.gle\/J3RnCPgWdQZUE31U7\" target=\"_blank\" rel=\"noopener\">https:\/\/forms.gle\/J3RnCPgWdQZUE31U7<\/a><\/span><\/p>\n<p>&nbsp;<\/p>\n<p>&nbsp;<\/p>\n","protected":false},"excerpt":{"rendered":"<p>COMISI\u00d3N DE SEGUIMIENTO DE LOS PROGRAMAS ESCALA (CSE) Mi\u00e9rcoles 26 de Octubre de 2022 &#8211; 14.OOhs. (UY) &#8211; Plataforma Zoom ORDEN DEL D\u00cdA 1. PLATAFORMA INFORM\u00c1TICA para la gesti\u00f3n de los Programas ESCALA &#8211; Informe sobre acciones realizadas y futuras. 2. CONVOCATORIAS ESCALA 2023 &#8211; Informe de situaci\u00f3n. Informe sobre las convocatorias 2023 de los [&hellip;]<\/p>\n","protected":false},"author":1,"featured_media":0,"parent":0,"menu_order":0,"comment_status":"closed","ping_status":"closed","template":"","meta":{"_crdt_document":"","_uag_custom_page_level_css":"","footnotes":""},"class_list":["post-9051","page","type-page","status-publish","hentry"],"uagb_featured_image_src":{"full":false,"thumbnail":false,"medium":false,"medium_large":false,"large":false,"1536x1536":false,"2048x2048":false},"uagb_author_info":{"display_name":"admin","author_link":"https:\/\/grupomontevideo.org\/reuniones\/?author=1"},"uagb_comment_info":0,"uagb_excerpt":"COMISI\u00d3N DE SEGUIMIENTO DE LOS PROGRAMAS ESCALA (CSE) Mi\u00e9rcoles 26 de Octubre de 2022 &#8211; 14.OOhs. (UY) &#8211; Plataforma Zoom ORDEN DEL D\u00cdA 1. PLATAFORMA INFORM\u00c1TICA para la gesti\u00f3n de los Programas ESCALA &#8211; Informe sobre acciones realizadas y futuras. 2. CONVOCATORIAS ESCALA 2023 &#8211; Informe de situaci\u00f3n. Informe sobre las convocatorias 2023 de los&hellip;","_links":{"self":[{"href":"https:\/\/grupomontevideo.org\/reuniones\/index.php?rest_route=\/wp\/v2\/pages\/9051","targetHints":{"allow":["GET"]}}],"collection":[{"href":"https:\/\/grupomontevideo.org\/reuniones\/index.php?rest_route=\/wp\/v2\/pages"}],"about":[{"href":"https:\/\/grupomontevideo.org\/reuniones\/index.php?rest_route=\/wp\/v2\/types\/page"}],"author":[{"embeddable":true,"href":"https:\/\/grupomontevideo.org\/reuniones\/index.php?rest_route=\/wp\/v2\/users\/1"}],"replies":[{"embeddable":true,"href":"https:\/\/grupomontevideo.org\/reuniones\/index.php?rest_route=%2Fwp%2Fv2%2Fcomments&post=9051"}],"version-history":[{"count":17,"href":"https:\/\/grupomontevideo.org\/reuniones\/index.php?rest_route=\/wp\/v2\/pages\/9051\/revisions"}],"predecessor-version":[{"id":9082,"href":"https:\/\/grupomontevideo.org\/reuniones\/index.php?rest_route=\/wp\/v2\/pages\/9051\/revisions\/9082"}],"wp:attachment":[{"href":"https:\/\/grupomontevideo.org\/reuniones\/index.php?rest_route=%2Fwp%2Fv2%2Fmedia&parent=9051"}],"curies":[{"name":"wp","href":"https:\/\/api.w.org\/{rel}","templated":true}]}}