{"id":8472,"date":"2022-03-04T16:00:53","date_gmt":"2022-03-04T16:00:53","guid":{"rendered":"http:\/\/grupomontevideo.org\/reuniones\/?page_id=8472"},"modified":"2022-03-04T16:02:27","modified_gmt":"2022-03-04T16:02:27","slug":"8472-2","status":"publish","type":"page","link":"https:\/\/grupomontevideo.org\/reuniones\/?page_id=8472","title":{"rendered":"Comisi\u00f3n de Seguimiento de los Agrupamientos Acad\u00e9micos 8 de marzo 2022"},"content":{"rendered":"<p style=\"text-align: center;\"><strong><span style=\"color: #000000;\"><img loading=\"lazy\" decoding=\"async\" class=\"alignnone wp-image-7841\" src=\"https:\/\/grupomontevideo.org\/reuniones\/wp-content\/uploads\/2021\/09\/AUGM-30-anos.jpg\" alt=\"\" width=\"211\" height=\"152\" \/><\/span><\/strong><\/p>\n<p style=\"text-align: center;\"><strong><span style=\"color: #000000;\">COMISI\u00d3N DE SEGUIMIENTO DE LOS AGRUPAMIENTOS ACAD\u00c9MICOS<\/span><\/strong><br \/>\n<strong><span style=\"color: #000080;\">Martes 8 de marzo de 2022<\/span><\/strong><br \/>\n<span style=\"color: #000000;\">Sede: Secretar\u00eda Ejecutiva AUGM, Guayabos 1729\/502<\/span><br \/>\n<span style=\"color: #000000;\">Hora: 14 a 16hrs<\/span><\/p>\n<p style=\"text-align: center;\"><strong><span style=\"color: #000000;\"><br \/>\nTEMARIO<\/span><\/strong><\/p>\n<p style=\"text-align: left;\"><strong><br \/>\n<span style=\"color: #000080;\">1. Relacionamiento con CA\/ND para planificar actividades en funci\u00f3n del Plan<br \/>\nEstrat\u00e9gico<br \/>\n<span style=\"color: #000000;\">A consideraci\u00f3n.<\/span><\/span><\/strong><\/p>\n<p style=\"text-align: left;\"><strong><span style=\"color: #000080;\">2. Reformulaci\u00f3n de Escuelas de Verano e Invierno AUGM. <a href=\"https:\/\/grupomontevideo.org\/reuniones\/wp-content\/uploads\/2022\/03\/Dist.-2.pdf\" target=\"_blank\" rel=\"noopener\">Dist. 2<\/a>.<br \/>\n<span style=\"color: #000000;\">A consideraci\u00f3n.<\/span><br \/>\n<\/span><\/strong><\/p>\n<p style=\"text-align: left;\"><strong><span style=\"color: #000080;\">3. Lineamientos del plan de trabajo de la CSAA para el primer semestre de 2022.<br \/>\n<span style=\"color: #000000;\">A consideraci\u00f3n.<\/span><br \/>\n<\/span><\/strong><\/p>\n<p style=\"text-align: left;\"><strong><span style=\"color: #000080;\">4. Planteamientos de los Delegados.<\/span><\/strong><\/p>\n<p>&nbsp;<\/p>\n","protected":false},"excerpt":{"rendered":"<p>COMISI\u00d3N DE SEGUIMIENTO DE LOS AGRUPAMIENTOS ACAD\u00c9MICOS Martes 8 de marzo de 2022 Sede: Secretar\u00eda Ejecutiva AUGM, Guayabos 1729\/502 Hora: 14 a 16hrs TEMARIO 1. Relacionamiento con CA\/ND para planificar actividades en funci\u00f3n del Plan Estrat\u00e9gico A consideraci\u00f3n. 2. Reformulaci\u00f3n de Escuelas de Verano e Invierno AUGM. Dist. 2. A consideraci\u00f3n. 3. Lineamientos del plan [&hellip;]<\/p>\n","protected":false},"author":1,"featured_media":0,"parent":6415,"menu_order":0,"comment_status":"closed","ping_status":"closed","template":"","meta":{"_crdt_document":"","_uag_custom_page_level_css":"","footnotes":""},"class_list":["post-8472","page","type-page","status-publish","hentry"],"uagb_featured_image_src":{"full":false,"thumbnail":false,"medium":false,"medium_large":false,"large":false,"1536x1536":false,"2048x2048":false},"uagb_author_info":{"display_name":"admin","author_link":"https:\/\/grupomontevideo.org\/reuniones\/?author=1"},"uagb_comment_info":0,"uagb_excerpt":"COMISI\u00d3N DE SEGUIMIENTO DE LOS AGRUPAMIENTOS ACAD\u00c9MICOS Martes 8 de marzo de 2022 Sede: Secretar\u00eda Ejecutiva AUGM, Guayabos 1729\/502 Hora: 14 a 16hrs TEMARIO 1. Relacionamiento con CA\/ND para planificar actividades en funci\u00f3n del Plan Estrat\u00e9gico A consideraci\u00f3n. 2. Reformulaci\u00f3n de Escuelas de Verano e Invierno AUGM. Dist. 2. A consideraci\u00f3n. 3. Lineamientos del plan&hellip;","_links":{"self":[{"href":"https:\/\/grupomontevideo.org\/reuniones\/index.php?rest_route=\/wp\/v2\/pages\/8472","targetHints":{"allow":["GET"]}}],"collection":[{"href":"https:\/\/grupomontevideo.org\/reuniones\/index.php?rest_route=\/wp\/v2\/pages"}],"about":[{"href":"https:\/\/grupomontevideo.org\/reuniones\/index.php?rest_route=\/wp\/v2\/types\/page"}],"author":[{"embeddable":true,"href":"https:\/\/grupomontevideo.org\/reuniones\/index.php?rest_route=\/wp\/v2\/users\/1"}],"replies":[{"embeddable":true,"href":"https:\/\/grupomontevideo.org\/reuniones\/index.php?rest_route=%2Fwp%2Fv2%2Fcomments&post=8472"}],"version-history":[{"count":3,"href":"https:\/\/grupomontevideo.org\/reuniones\/index.php?rest_route=\/wp\/v2\/pages\/8472\/revisions"}],"predecessor-version":[{"id":8476,"href":"https:\/\/grupomontevideo.org\/reuniones\/index.php?rest_route=\/wp\/v2\/pages\/8472\/revisions\/8476"}],"up":[{"embeddable":true,"href":"https:\/\/grupomontevideo.org\/reuniones\/index.php?rest_route=\/wp\/v2\/pages\/6415"}],"wp:attachment":[{"href":"https:\/\/grupomontevideo.org\/reuniones\/index.php?rest_route=%2Fwp%2Fv2%2Fmedia&parent=8472"}],"curies":[{"name":"wp","href":"https:\/\/api.w.org\/{rel}","templated":true}]}}