{"id":8436,"date":"2022-03-04T11:15:31","date_gmt":"2022-03-04T11:15:31","guid":{"rendered":"http:\/\/grupomontevideo.org\/reuniones\/?page_id=8436"},"modified":"2022-03-07T14:57:02","modified_gmt":"2022-03-07T14:57:02","slug":"programas-escala-8-de-marzo-de-2022","status":"publish","type":"page","link":"https:\/\/grupomontevideo.org\/reuniones\/?page_id=8436","title":{"rendered":"Programas ESCALA 8 de marzo de 2022"},"content":{"rendered":"<p style=\"text-align: center;\"><span style=\"color: #000080;\"><strong>COMISI\u00d3N DE SEGUIMIENTO DE LOS PROGRAMAS ESCALA (CSE)<\/strong><\/span><\/p>\n<p style=\"text-align: center;\"><span style=\"color: #000000;\"><strong>Martes 8 de marzo de 2022 &#8211; 11.00 a 13.00hs<br \/>\nPresencial: Secretar\u00eda Ejecutiva de AUGM &#8211; Guayabo 1729, apto. 502, Montevideo.<br \/>\nVirtual : PLATAFORMA ZOOM -11.00 \u2013 13.00 hs. (UY)<\/strong><\/span><\/p>\n<p style=\"text-align: center;\"><strong><span style=\"color: #000000;\"><br \/>\n<\/span><span style=\"color: #000000;\">ORDEN DEL D\u00cdA<\/span><\/strong><\/p>\n<p style=\"padding-left: 80px;\"><span style=\"color: #000000;\"><strong>I. APERTURA<\/strong><\/span><\/p>\n<p style=\"padding-left: 80px;\"><span style=\"color: #000000;\"><strong>II. APROBACI\u00d3N DEL ACTA DE LA I REUNI\u00d3N DE LA CSE DEL 22.02.22 (<a href=\"https:\/\/grupomontevideo.org\/reuniones\/wp-content\/uploads\/2022\/03\/Dist.-I-CSE-ACTA-22.02.22.pdf\" target=\"_blank\" rel=\"noopener\">Dist. I<\/a>)<\/strong><\/span><\/p>\n<p style=\"padding-left: 80px;\"><span style=\"color: #000000;\"><strong>III. TEMARIO<\/strong><\/span><\/p>\n<p><span style=\"color: #000080;\"><strong><br \/>\n1. MOVILIDAD VIRTUAL<\/strong><\/span><\/p>\n<p><span style=\"color: #000000;\"><strong><span style=\"color: #000080;\">1.1.<\/span><\/strong> Resultados de la encuesta de seguimiento a los estudiantes seleccionados en las convocatorias 2021 de los Pilotos de movilidad virtual de estudiantes de grado (<strong><a href=\"https:\/\/grupomontevideo.org\/reuniones\/wp-content\/uploads\/2022\/03\/Dist.-1.1.1-PMVG-Informe-de-la-encuesta-de-seguimiento-2021.pdf\" target=\"_blank\" rel=\"noopener\">Dist. 1.1.1<\/a><\/strong>) y de estudiantes posgrado <\/span><span style=\"color: #000000;\">(<strong><a href=\"https:\/\/grupomontevideo.org\/reuniones\/wp-content\/uploads\/2022\/03\/Dist.-1.1.1.-PMVPg-Informe-de-la-encuesta-de-seguimiento-2021.pdf\" target=\"_blank\" rel=\"noopener\">Dist. 1.1.2<\/a><\/strong>).<\/span><\/p>\n<p><span style=\"color: #000080;\"><strong>1.2.<\/strong><\/span><span style=\"color: #000000;\"> Resultados de la consulta a los responsables de la gesti\u00f3n de los Pilotos de movilidad virtual de<\/span><br \/>\n<span style=\"color: #000000;\">AUGM durante las convocatorias 2021. (<strong><a href=\"https:\/\/grupomontevideo.org\/reuniones\/wp-content\/uploads\/2022\/03\/Dist.-1.2.1.-Resultados-de-la-consulta-a-los-gestores-de-los-Pilotos-de-movilidad-virtual-2021.pdf\" target=\"_blank\" rel=\"noopener\">Dist. 1.2.1<\/a><\/strong>)<\/span><\/p>\n<p><span style=\"color: #000000;\"><span style=\"color: #000080;\"><strong>1.3.<\/strong><\/span> Normativa para la consolidaci\u00f3n del Programa ESCALA virtual de estudiantes de grado y del <\/span><br \/>\n<span style=\"color: #000000;\">Programa ESCALA virtual de estudiantes de posgrado. (<strong><a href=\"https:\/\/grupomontevideo.org\/reuniones\/wp-content\/uploads\/2022\/03\/Dist.-1.3.1.-Propuesta-de-Reglamento-para-ESCALA-VIRTUAL-DE-ESTUDIANTES-DE-GRADO.pdf\" target=\"_blank\" rel=\"noopener\">Dist. 1.3.1<\/a><\/strong>) \u2013 (<strong><a href=\"https:\/\/grupomontevideo.org\/reuniones\/wp-content\/uploads\/2022\/03\/Dist.-1.3.2.-Propuesta-de-reglamento-para-Programa-ESCALA-VIRTUAL-de-estudiantes-de-Posgrado.pdf\" target=\"_blank\" rel=\"noopener\">Dist. 1.3.2<\/a><\/strong>)<\/span><\/p>\n<p><span style=\"color: #000000;\"><strong><span style=\"color: #000080;\">1.4.<\/span><\/strong> Informe de las convocatorias 2022-1 de los Pilotos de Movilidad Virtual de estudiantes de grado <\/span><br \/>\n<span style=\"color: #000000;\">y de estudiantes de posgrado. (<strong><a href=\"https:\/\/grupomontevideo.org\/reuniones\/wp-content\/uploads\/2022\/03\/Dist.-1.4.1.-PMVG-2022-1-Informe-del-desarrollo-de-la-convocatoria-2022-1-Informe-del-desarrollo-de-la-convocatoria-.pdf\" target=\"_blank\" rel=\"noopener\">Dist. 1.4.1<\/a><\/strong>) &#8211; (<strong><a href=\"https:\/\/grupomontevideo.org\/reuniones\/wp-content\/uploads\/2022\/03\/Dist.-1.4.2.-PMVPg-2022-1er-LLamado-Informe-del-desarrollo-de-la-convocatoria.pdf\" target=\"_blank\" rel=\"noopener\">Dist. 1.4.2<\/a><\/strong>)<\/span><\/p>\n<p><span style=\"color: #000000;\"><span style=\"color: #000080;\"><strong>1.5.<\/strong><\/span> Cronogramas de las convocatorias 2022-2 de los Programas ESCALA de movilidad virtual de <\/span><br \/>\n<span style=\"color: #000000;\">grado y de posgrado. (<strong><a href=\"https:\/\/grupomontevideo.org\/reuniones\/wp-content\/uploads\/2022\/03\/Dist.-1.5.1.-Propuesta-de-cronograma-para-el-PMVG-2022-2.pdf\" target=\"_blank\" rel=\"noopener\">Dist. 1.5.1<\/a><\/strong>) \u2013 (<strong><a href=\"https:\/\/grupomontevideo.org\/reuniones\/wp-content\/uploads\/2022\/03\/Dist.-1.5.2.-Propuesta-de-Cronograma-para-el-PMVPg-2do-Llamado-2022.pdf\" target=\"_blank\" rel=\"noopener\">Dist. 1.5.2<\/a><\/strong>)<\/span><\/p>\n<p>&nbsp;<\/p>\n<p><span style=\"color: #000080;\"><strong>2. MOVILIDAD PRESENCIAL <\/strong><\/span><\/p>\n<p><span style=\"color: #000000;\">2.1. Oferta de plazas para las convocatorias 2022 del Programas ESCALA de estudiantes de grado, ESCALA de estudiantes de posgrado, ESCALA docente y ESCALA administradores y gestores. (<strong><a href=\"https:\/\/grupomontevideo.org\/reuniones\/wp-content\/uploads\/2022\/03\/Dist.-2.1.1.-Oferta-de-plazas-PEEG-2022-2-1.pdf\" target=\"_blank\" rel=\"noopener\">Dist. 2.1.1<\/a><\/strong>)- (<strong><a href=\"https:\/\/grupomontevideo.org\/reuniones\/wp-content\/uploads\/2022\/03\/Dist.-2.1.2.-Oferta-de-plazas-PEEPg-2022-1.pdf\" target=\"_blank\" rel=\"noopener\">Dist. 2.1.2<\/a><\/strong>) &#8211; (<strong><a href=\"https:\/\/grupomontevideo.org\/reuniones\/wp-content\/uploads\/2022\/03\/Dist.-2.1.3.-Oferta-de-plazas-PED-2022-1.pdf\" target=\"_blank\" rel=\"noopener\">Dist. 2.1.3<\/a><\/strong>) &#8211; (<strong><a href=\"https:\/\/grupomontevideo.org\/reuniones\/wp-content\/uploads\/2022\/03\/Dist.-2.1.4.-Oferta-de-plazas-PEGyA-2022-1.pdf\" target=\"_blank\" rel=\"noopener\">Dist. 2.1.4<\/a><\/strong>)<\/span><\/p>\n<p><span style=\"color: #000000;\">2.2. Cronogramas para las convocatorias 2022 de los Programas ESCALA de estudiante de grado, ESCALA docente, ESCALA de estudiantes de posgrado y ESCALA de gestores y administradores. (<strong><a href=\"https:\/\/grupomontevideo.org\/reuniones\/wp-content\/uploads\/2022\/03\/Dist.-2.2.1.-PEEG-Propuesta-de-cronograma-2022-2.pdf\" target=\"_blank\" rel=\"noopener\">Dist. 2.2.1<\/a><\/strong>) &#8211; (<strong><a href=\"https:\/\/grupomontevideo.org\/reuniones\/wp-content\/uploads\/2022\/03\/Dist.-2.2.2.-PEEPg-Propuesta-de-Cronograma-2022.pdf\" target=\"_blank\" rel=\"noopener\">Dist. 2.2.2<\/a><\/strong>) &#8211; (<strong><a href=\"https:\/\/grupomontevideo.org\/reuniones\/wp-content\/uploads\/2022\/03\/Dist.-2.2.3.-PED-Propuesta-de-Cronograma-2022.pdf\" target=\"_blank\" rel=\"noopener\">Dist. 2.2.3<\/a><\/strong>) &#8211; (<strong><a href=\"https:\/\/grupomontevideo.org\/reuniones\/wp-content\/uploads\/2022\/03\/Dist.-2.2.4.-PEGyA-Propuesta-de-Cronograma-2022.pdf\" target=\"_blank\" rel=\"noopener\">Dist. 2.2.4<\/a><\/strong>)<\/span><\/p>\n<p><span style=\"color: #000000;\">2.3. Acuerdo de plazas para las convocatorias 2022 de los Programas ESCALA.<\/span><br \/>\n<span style=\"color: #000000;\">Secretar\u00eda Ejecutiva informar\u00e1 en sala.<\/span><\/p>\n<p>&nbsp;<\/p>\n<p><strong><span style=\"color: #000080;\">3. PLATAFORMA INFORM\u00c1TICA PARA LOS PROGRAMAS ESCALA.<\/span><\/strong><\/p>\n<p><span style=\"color: #000000;\">3.1. Formulario de Presentaci\u00f3n de Proyecto. <\/span><br \/>\n<span style=\"color: #000000;\">Memoria de los Acuerdos del Grupo de Trabajo para la Plataforma de los Programas ESCALA y<\/span><br \/>\n<span style=\"color: #000000;\">avances para la presentaci\u00f3n del Proyecto. (<strong><a href=\"https:\/\/grupomontevideo.org\/reuniones\/wp-content\/uploads\/2022\/03\/Dist.-3.1.1.-Memoria-de-reunion-II-del-GT-para-la-plataforma-informatica-ESCALA-01.12.21.pdf\" target=\"_blank\" rel=\"noopener\">Dist. 3.1.1<\/a><\/strong>) \u2013 (<strong><a href=\"https:\/\/grupomontevideo.org\/reuniones\/wp-content\/uploads\/2022\/03\/Dist.-3.1.2.-Memoria-de-reunion-III-del-GT-para-la-plataforma-informatica-ESCALA-09.02.21.pdf\" target=\"_blank\" rel=\"noopener\">Dist. 3.1.2<\/a><\/strong>) \u2013 (<strong><a href=\"https:\/\/grupomontevideo.org\/reuniones\/wp-content\/uploads\/2022\/03\/Dist.-3.1.3.-Formulario-de-presentacion-del-Proyecto-para-la-Plataforma-de-los-ESCALA.pdf\" target=\"_blank\" rel=\"noopener\">Dist. 3.1.3<\/a><\/strong>)<\/span><\/p>\n<p><span style=\"color: #000080;\"><strong>4. Tercer Encuentro del Ciclo \u201cEXPERIENCIAS VIRTUALES \u2013 GESTORES Y GESTORAS\u201d.<\/strong><\/span><\/p>\n<p><span style=\"color: #000000;\">4.1. Documento conteniendo propuesta. (<strong><a href=\"https:\/\/grupomontevideo.org\/reuniones\/wp-content\/uploads\/2022\/03\/Dist.-4.1.-Propuesta-para-Tercer-Encuentro-del-ciclo-Experiencia-Virtuales-Gestores-y-Gestoras.pdf\" target=\"_blank\" rel=\"noopener\">Dist. 4.1<\/a><\/strong>)<\/span><\/p>\n","protected":false},"excerpt":{"rendered":"<p>COMISI\u00d3N DE SEGUIMIENTO DE LOS PROGRAMAS ESCALA (CSE) Martes 8 de marzo de 2022 &#8211; 11.00 a 13.00hs Presencial: Secretar\u00eda Ejecutiva de AUGM &#8211; Guayabo 1729, apto. 502, Montevideo. Virtual : PLATAFORMA ZOOM -11.00 \u2013 13.00 hs. (UY) ORDEN DEL D\u00cdA I. APERTURA II. APROBACI\u00d3N DEL ACTA DE LA I REUNI\u00d3N DE LA CSE DEL [&hellip;]<\/p>\n","protected":false},"author":1,"featured_media":0,"parent":6028,"menu_order":0,"comment_status":"closed","ping_status":"closed","template":"","meta":{"_crdt_document":"","_uag_custom_page_level_css":"","footnotes":""},"class_list":["post-8436","page","type-page","status-publish","hentry"],"uagb_featured_image_src":{"full":false,"thumbnail":false,"medium":false,"medium_large":false,"large":false,"1536x1536":false,"2048x2048":false},"uagb_author_info":{"display_name":"admin","author_link":"https:\/\/grupomontevideo.org\/reuniones\/?author=1"},"uagb_comment_info":0,"uagb_excerpt":"COMISI\u00d3N DE SEGUIMIENTO DE LOS PROGRAMAS ESCALA (CSE) Martes 8 de marzo de 2022 &#8211; 11.00 a 13.00hs Presencial: Secretar\u00eda Ejecutiva de AUGM &#8211; Guayabo 1729, apto. 502, Montevideo. Virtual : PLATAFORMA ZOOM -11.00 \u2013 13.00 hs. (UY) ORDEN DEL D\u00cdA I. APERTURA II. APROBACI\u00d3N DEL ACTA DE LA I REUNI\u00d3N DE LA CSE DEL&hellip;","_links":{"self":[{"href":"https:\/\/grupomontevideo.org\/reuniones\/index.php?rest_route=\/wp\/v2\/pages\/8436","targetHints":{"allow":["GET"]}}],"collection":[{"href":"https:\/\/grupomontevideo.org\/reuniones\/index.php?rest_route=\/wp\/v2\/pages"}],"about":[{"href":"https:\/\/grupomontevideo.org\/reuniones\/index.php?rest_route=\/wp\/v2\/types\/page"}],"author":[{"embeddable":true,"href":"https:\/\/grupomontevideo.org\/reuniones\/index.php?rest_route=\/wp\/v2\/users\/1"}],"replies":[{"embeddable":true,"href":"https:\/\/grupomontevideo.org\/reuniones\/index.php?rest_route=%2Fwp%2Fv2%2Fcomments&post=8436"}],"version-history":[{"count":18,"href":"https:\/\/grupomontevideo.org\/reuniones\/index.php?rest_route=\/wp\/v2\/pages\/8436\/revisions"}],"predecessor-version":[{"id":8546,"href":"https:\/\/grupomontevideo.org\/reuniones\/index.php?rest_route=\/wp\/v2\/pages\/8436\/revisions\/8546"}],"up":[{"embeddable":true,"href":"https:\/\/grupomontevideo.org\/reuniones\/index.php?rest_route=\/wp\/v2\/pages\/6028"}],"wp:attachment":[{"href":"https:\/\/grupomontevideo.org\/reuniones\/index.php?rest_route=%2Fwp%2Fv2%2Fmedia&parent=8436"}],"curies":[{"name":"wp","href":"https:\/\/api.w.org\/{rel}","templated":true}]}}