{"id":8204,"date":"2021-12-17T18:04:26","date_gmt":"2021-12-17T18:04:26","guid":{"rendered":"http:\/\/grupomontevideo.org\/reuniones\/?page_id=8204"},"modified":"2021-12-17T20:57:46","modified_gmt":"2021-12-17T20:57:46","slug":"dialogo-augm-asociacion-de-universidades-de-la-cuenca-del-pacifico-apru","status":"publish","type":"page","link":"https:\/\/grupomontevideo.org\/reuniones\/?page_id=8204","title":{"rendered":"Di\u00e1logo AUGM &#8211; Asociaci\u00f3n de Universidades de la Cuenca del Pac\u00edfico (APRU)"},"content":{"rendered":"<p><a href=\"https:\/\/grupomontevideo.org\/reuniones\/wp-content\/uploads\/2021\/12\/ESP-DIALOGO-APRU-AUGM.pdf\">Programa<\/a><\/p>\n<p><a href=\"https:\/\/grupomontevideo.org\/reuniones\/wp-content\/uploads\/2021\/12\/DialogoAUGMAPRU.mp4\">Video<\/a><\/p>\n","protected":false},"excerpt":{"rendered":"<p>Programa Video<\/p>\n","protected":false},"author":1,"featured_media":0,"parent":8054,"menu_order":0,"comment_status":"closed","ping_status":"closed","template":"","meta":{"_crdt_document":"","_uag_custom_page_level_css":"","footnotes":""},"class_list":["post-8204","page","type-page","status-publish","hentry"],"uagb_featured_image_src":{"full":false,"thumbnail":false,"medium":false,"medium_large":false,"large":false,"1536x1536":false,"2048x2048":false},"uagb_author_info":{"display_name":"admin","author_link":"https:\/\/grupomontevideo.org\/reuniones\/?author=1"},"uagb_comment_info":0,"uagb_excerpt":"Programa Video","_links":{"self":[{"href":"https:\/\/grupomontevideo.org\/reuniones\/index.php?rest_route=\/wp\/v2\/pages\/8204","targetHints":{"allow":["GET"]}}],"collection":[{"href":"https:\/\/grupomontevideo.org\/reuniones\/index.php?rest_route=\/wp\/v2\/pages"}],"about":[{"href":"https:\/\/grupomontevideo.org\/reuniones\/index.php?rest_route=\/wp\/v2\/types\/page"}],"author":[{"embeddable":true,"href":"https:\/\/grupomontevideo.org\/reuniones\/index.php?rest_route=\/wp\/v2\/users\/1"}],"replies":[{"embeddable":true,"href":"https:\/\/grupomontevideo.org\/reuniones\/index.php?rest_route=%2Fwp%2Fv2%2Fcomments&post=8204"}],"version-history":[{"count":4,"href":"https:\/\/grupomontevideo.org\/reuniones\/index.php?rest_route=\/wp\/v2\/pages\/8204\/revisions"}],"predecessor-version":[{"id":8210,"href":"https:\/\/grupomontevideo.org\/reuniones\/index.php?rest_route=\/wp\/v2\/pages\/8204\/revisions\/8210"}],"up":[{"embeddable":true,"href":"https:\/\/grupomontevideo.org\/reuniones\/index.php?rest_route=\/wp\/v2\/pages\/8054"}],"wp:attachment":[{"href":"https:\/\/grupomontevideo.org\/reuniones\/index.php?rest_route=%2Fwp%2Fv2%2Fmedia&parent=8204"}],"curies":[{"name":"wp","href":"https:\/\/api.w.org\/{rel}","templated":true}]}}