{"id":8054,"date":"2021-11-30T13:24:54","date_gmt":"2021-11-30T13:24:54","guid":{"rendered":"http:\/\/grupomontevideo.org\/reuniones\/?page_id=8054"},"modified":"2021-12-17T18:09:53","modified_gmt":"2021-12-17T18:09:53","slug":"dialogos-de-relacionamiento-internacional","status":"publish","type":"page","link":"https:\/\/grupomontevideo.org\/reuniones\/?page_id=8054","title":{"rendered":"Di\u00e1logos de Relacionamiento Internacional"},"content":{"rendered":"<p><a href=\"https:\/\/grupomontevideo.org\/reuniones\/?page_id=8204\">Di\u00e1logo AUGM &#8211; Asociaci\u00f3n de Universidades de la Cuenca del Pac\u00edfico (APRU)<\/a><\/p>\n<p><a href=\"https:\/\/grupomontevideo.org\/reuniones\/?page_id=8057\">Di\u00e1logo Interamericano AUGM &#8211; OUI &#8211; CONAHEC<\/a><\/p>\n<p>&nbsp;<\/p>\n","protected":false},"excerpt":{"rendered":"<p>Di\u00e1logo AUGM &#8211; Asociaci\u00f3n de Universidades de la Cuenca del Pac\u00edfico (APRU) Di\u00e1logo Interamericano AUGM &#8211; OUI &#8211; CONAHEC &nbsp;<\/p>\n","protected":false},"author":1,"featured_media":0,"parent":4276,"menu_order":0,"comment_status":"closed","ping_status":"closed","template":"","meta":{"_crdt_document":"","_uag_custom_page_level_css":"","footnotes":""},"class_list":["post-8054","page","type-page","status-publish","hentry"],"uagb_featured_image_src":{"full":false,"thumbnail":false,"medium":false,"medium_large":false,"large":false,"1536x1536":false,"2048x2048":false},"uagb_author_info":{"display_name":"admin","author_link":"https:\/\/grupomontevideo.org\/reuniones\/?author=1"},"uagb_comment_info":0,"uagb_excerpt":"Di\u00e1logo AUGM &#8211; Asociaci\u00f3n de Universidades de la Cuenca del Pac\u00edfico (APRU) Di\u00e1logo Interamericano AUGM &#8211; OUI &#8211; CONAHEC &nbsp;","_links":{"self":[{"href":"https:\/\/grupomontevideo.org\/reuniones\/index.php?rest_route=\/wp\/v2\/pages\/8054","targetHints":{"allow":["GET"]}}],"collection":[{"href":"https:\/\/grupomontevideo.org\/reuniones\/index.php?rest_route=\/wp\/v2\/pages"}],"about":[{"href":"https:\/\/grupomontevideo.org\/reuniones\/index.php?rest_route=\/wp\/v2\/types\/page"}],"author":[{"embeddable":true,"href":"https:\/\/grupomontevideo.org\/reuniones\/index.php?rest_route=\/wp\/v2\/users\/1"}],"replies":[{"embeddable":true,"href":"https:\/\/grupomontevideo.org\/reuniones\/index.php?rest_route=%2Fwp%2Fv2%2Fcomments&post=8054"}],"version-history":[{"count":7,"href":"https:\/\/grupomontevideo.org\/reuniones\/index.php?rest_route=\/wp\/v2\/pages\/8054\/revisions"}],"predecessor-version":[{"id":8209,"href":"https:\/\/grupomontevideo.org\/reuniones\/index.php?rest_route=\/wp\/v2\/pages\/8054\/revisions\/8209"}],"up":[{"embeddable":true,"href":"https:\/\/grupomontevideo.org\/reuniones\/index.php?rest_route=\/wp\/v2\/pages\/4276"}],"wp:attachment":[{"href":"https:\/\/grupomontevideo.org\/reuniones\/index.php?rest_route=%2Fwp%2Fv2%2Fmedia&parent=8054"}],"curies":[{"name":"wp","href":"https:\/\/api.w.org\/{rel}","templated":true}]}}