{"id":7945,"date":"2021-10-12T22:48:41","date_gmt":"2021-10-12T22:48:41","guid":{"rendered":"http:\/\/grupomontevideo.org\/reuniones\/?page_id=7945"},"modified":"2021-10-13T13:58:52","modified_gmt":"2021-10-13T13:58:52","slug":"comision-de-seguimiento-de-los-agrupamientos-academicos-13-de-octubre-2021","status":"publish","type":"page","link":"https:\/\/grupomontevideo.org\/reuniones\/?page_id=7945","title":{"rendered":"Comisi\u00f3n de Seguimiento de los Agrupamientos Acad\u00e9micos 13 de octubre 2021"},"content":{"rendered":"<p style=\"text-align: center;\"><strong><span style=\"color: #000000;\"><img loading=\"lazy\" decoding=\"async\" class=\"alignnone wp-image-7841\" src=\"https:\/\/grupomontevideo.org\/reuniones\/wp-content\/uploads\/2021\/09\/AUGM-30-anos.jpg\" alt=\"\" width=\"211\" height=\"152\" \/><\/span><\/strong><\/p>\n<p style=\"text-align: center;\"><strong><span style=\"color: #000000;\">COMISI\u00d3N DE SEGUIMIENTO DE LOS AGRUPAMIENTOS ACAD\u00c9MICOS<\/span><\/strong><br \/>\n<span style=\"color: #000000;\">Mi\u00e9rcoles 13 de octubre &#8211; 15.00 a 16.00 &#8211; horas de Montevideo<\/span><br \/>\n<span style=\"color: #000080;\">VIRTUAL POR PLATAFORMA ZOOM<\/span><\/p>\n<p style=\"text-align: center;\"><strong><span style=\"color: #000000;\"><br \/>\nTEMARIO<\/span><\/strong><\/p>\n<p style=\"text-align: left;\"><strong><br \/>\n<span style=\"color: #000080;\">1. Revisi\u00f3n final de la normativa de los CA\/ND y acuerdo de env\u00edo de la misma al Grupo de DA. <\/span><\/strong><span style=\"color: #000080;\">(<a href=\"https:\/\/grupomontevideo.org\/reuniones\/wp-content\/uploads\/2021\/10\/dist-1-criterios-y-pautas-nd-y-ca-final-revision.pdf\" target=\"_blank\" rel=\"noopener\">Distribuido 1<\/a>)<\/span><strong><br \/>\n<\/strong><\/p>\n<p style=\"text-align: left;\"><strong><span style=\"color: #000080;\">2. Formulario para la propuesta de Planes Trienales y acuerdo de env\u00edo de la misma al Grupo de DA. <\/span><\/strong><span style=\"color: #000080;\">(<a href=\"https:\/\/grupomontevideo.org\/reuniones\/wp-content\/uploads\/2021\/10\/DIST-2-formulario-CORREGIDO.pdf\" target=\"_blank\" rel=\"noopener\">Distribuido 2<\/a>)<\/span><strong><br \/>\n<\/strong><\/p>\n<p style=\"text-align: left;\"><strong><span style=\"color: #000080;\">3. Aprobaci\u00f3n de nota con propuesta de revisar normativa de las EVI y acuerdo de env\u00edo de la misma al Grupo de DA. <\/span><\/strong><span style=\"color: #000080;\">(<a href=\"https:\/\/grupomontevideo.org\/reuniones\/wp-content\/uploads\/2021\/10\/DIST-3-EVI.pdf\" target=\"_blank\" rel=\"noopener\">Distribuido 3<\/a>) <\/span><strong><br \/>\n<\/strong><\/p>\n<p style=\"text-align: left;\"><strong><span style=\"color: #000080;\">4. Lineamientos del plan de trabajo de la CSAA para el primer semestre de 2022.<\/span><br \/>\n<\/strong><\/p>\n<p>&nbsp;<\/p>\n","protected":false},"excerpt":{"rendered":"<p>COMISI\u00d3N DE SEGUIMIENTO DE LOS AGRUPAMIENTOS ACAD\u00c9MICOS Mi\u00e9rcoles 13 de octubre &#8211; 15.00 a 16.00 &#8211; horas de Montevideo VIRTUAL POR PLATAFORMA ZOOM TEMARIO 1. Revisi\u00f3n final de la normativa de los CA\/ND y acuerdo de env\u00edo de la misma al Grupo de DA. (Distribuido 1) 2. Formulario para la propuesta de Planes Trienales y [&hellip;]<\/p>\n","protected":false},"author":1,"featured_media":0,"parent":6415,"menu_order":0,"comment_status":"closed","ping_status":"closed","template":"","meta":{"_crdt_document":"","_uag_custom_page_level_css":"","footnotes":""},"class_list":["post-7945","page","type-page","status-publish","hentry"],"uagb_featured_image_src":{"full":false,"thumbnail":false,"medium":false,"medium_large":false,"large":false,"1536x1536":false,"2048x2048":false},"uagb_author_info":{"display_name":"admin","author_link":"https:\/\/grupomontevideo.org\/reuniones\/?author=1"},"uagb_comment_info":0,"uagb_excerpt":"COMISI\u00d3N DE SEGUIMIENTO DE LOS AGRUPAMIENTOS ACAD\u00c9MICOS Mi\u00e9rcoles 13 de octubre &#8211; 15.00 a 16.00 &#8211; horas de Montevideo VIRTUAL POR PLATAFORMA ZOOM TEMARIO 1. Revisi\u00f3n final de la normativa de los CA\/ND y acuerdo de env\u00edo de la misma al Grupo de DA. (Distribuido 1) 2. Formulario para la propuesta de Planes Trienales y&hellip;","_links":{"self":[{"href":"https:\/\/grupomontevideo.org\/reuniones\/index.php?rest_route=\/wp\/v2\/pages\/7945","targetHints":{"allow":["GET"]}}],"collection":[{"href":"https:\/\/grupomontevideo.org\/reuniones\/index.php?rest_route=\/wp\/v2\/pages"}],"about":[{"href":"https:\/\/grupomontevideo.org\/reuniones\/index.php?rest_route=\/wp\/v2\/types\/page"}],"author":[{"embeddable":true,"href":"https:\/\/grupomontevideo.org\/reuniones\/index.php?rest_route=\/wp\/v2\/users\/1"}],"replies":[{"embeddable":true,"href":"https:\/\/grupomontevideo.org\/reuniones\/index.php?rest_route=%2Fwp%2Fv2%2Fcomments&post=7945"}],"version-history":[{"count":4,"href":"https:\/\/grupomontevideo.org\/reuniones\/index.php?rest_route=\/wp\/v2\/pages\/7945\/revisions"}],"predecessor-version":[{"id":7953,"href":"https:\/\/grupomontevideo.org\/reuniones\/index.php?rest_route=\/wp\/v2\/pages\/7945\/revisions\/7953"}],"up":[{"embeddable":true,"href":"https:\/\/grupomontevideo.org\/reuniones\/index.php?rest_route=\/wp\/v2\/pages\/6415"}],"wp:attachment":[{"href":"https:\/\/grupomontevideo.org\/reuniones\/index.php?rest_route=%2Fwp%2Fv2%2Fmedia&parent=7945"}],"curies":[{"name":"wp","href":"https:\/\/api.w.org\/{rel}","templated":true}]}}