{"id":7448,"date":"2021-06-03T23:50:34","date_gmt":"2021-06-03T23:50:34","guid":{"rendered":"http:\/\/grupomontevideo.org\/reuniones\/?page_id=7448"},"modified":"2021-06-03T23:55:26","modified_gmt":"2021-06-03T23:55:26","slug":"comision-de-seguimiento-de-los-agrupamientos-academicos-4-de-junio-2021","status":"publish","type":"page","link":"https:\/\/grupomontevideo.org\/reuniones\/?page_id=7448","title":{"rendered":"Comisi\u00f3n de Seguimiento de los Agrupamientos Acad\u00e9micos 4 de junio 2021"},"content":{"rendered":"<p style=\"text-align: center;\"><strong><span style=\"color: #000000;\">COMISI\u00d3N DE SEGUIMIENTO DE LOS AGRUPAMIENTOS ACAD\u00c9MICOS<\/span><\/strong><br \/>\n<span style=\"color: #000000;\">4 de junio 2021<\/span><br \/>\n<span style=\"color: #000000;\">Hora 09.30 (horario de Uruguay)<\/span><br \/>\n<span style=\"color: #000080;\">VIRTUAL POR PLATAFORMA ZOOM<\/span><\/p>\n<p style=\"text-align: center;\"><strong><span style=\"color: #000000;\"><br \/>\nTEMARIO<\/span><\/strong><\/p>\n<p style=\"text-align: left;\"><strong><br \/>\n<span style=\"color: #000080;\">1. Apertura de la reuni\u00f3n. Informaciones generales.<\/span><\/strong><\/p>\n<p><span style=\"color: #000080;\"><strong><br \/>\n2. Documento. Informe Comisi\u00f3n de Seguimiento de los Agrupamientos Acad\u00e9micos al GDA, mayo 2021.<br \/>\n<\/strong><\/span><span style=\"color: #000000;\">&#8211; Acciones a realizar por la CSAA a partir del Documento de Informe al GDA.<\/span><\/p>\n<p><span style=\"color: #000080;\"><strong><br \/>\n3. Normativa. Revisi\u00f3n.<br \/>\n<\/strong><\/span><span style=\"color: #000000;\">N\u00facleos Disciplinarios y Comit\u00e9s Acad\u00e9micos &#8211; Criterios y Pautas Generales, ver\u00a0<\/span><a href=\"http:\/\/grupomontevideo.org\/sitio\/wp-content\/uploads\/2015\/11\/ND_y_CA__criterios_y_pautas_generales__librillo.pdf\" target=\"_blank\" rel=\"noopener\">http:\/\/grupomontevideo.org\/sitio\/wp-content\/uploads\/2015\/11\/ND_y_CA__criterios_y_pautas_generales__librillo.pdf<\/a><br \/>\n<span style=\"color: #000000;\">(tambi\u00e9n va como<\/span> <a href=\"https:\/\/grupomontevideo.org\/reuniones\/wp-content\/uploads\/2021\/06\/ND_y_CA__criterios_y_pautas_generales__librillo.pdf\" target=\"_blank\" rel=\"noopener\">Distribuido 2<\/a><span style=\"color: #000000;\">)<\/span><\/p>\n<p><span style=\"color: #000000;\">RECOMENDACIONES PARA ADECUACIONES A DOCUMENTO \u201cCRITERIOS Y PAUTAS GENERALES DE CA Y ND\u201d en drive documento para revisi\u00f3n, ver en:<\/span> <a href=\"https:\/\/docs.google.com\/document\/d\/1T3oAZxEf_SsVVn1ocen_VXMayrZWS44m5CIBbUSwMiY\/edit?ts=609823d4\" target=\"_blank\" rel=\"noopener\">https:\/\/docs.google.com\/document\/d\/1T3oAZxEf_SsVVn1ocen_VXMayrZWS44m5CIBbUSwMiY\/edit?ts=609823d4<\/a><\/p>\n<p><span style=\"color: #000080;\"><strong><br \/>\n4. Encomienda del GDA a la Comisi\u00f3n de AA. Evaluaci\u00f3n de Escuelas de verano invierno.<\/strong><\/span><\/p>\n<p><em>\u00a0<\/em><span style=\"color: #000000;\"><em>Antecedentes: Acuerdo 26, reuni\u00f3n del GDA de 30 de setiembre y 1 de octubre de 2019, UNICAMP<\/em><\/span><\/p>\n<p style=\"padding-left: 40px;\"><span style=\"color: #000000;\"><em>a. Dada la trayectoria de implementaci\u00f3n del Programa Escuelas de Verano &#8211; Invierno (EVI) y la acumulaci\u00f3n de informes sobre su realizaci\u00f3n en el lapso en que se vienen implementando, se entiende oportuno realizar una evaluaci\u00f3n de dicho Programa <\/em><\/span><\/p>\n<p style=\"padding-left: 40px;\"><span style=\"color: #000000;\"><em>b. Incorporar al trabajo de la Comisi\u00f3n de Seguimiento de los \u00c1mbitos Acad\u00e9micos la correspondiente evaluaci\u00f3n, y el informe concomitante a este Plenario.<\/em><\/span><\/p>\n<p><span style=\"color: #000000;\">\u00a0Se remitir\u00e1n documentos (Distribuido 4) <\/span><\/p>\n<p><span style=\"color: #000000;\"><em>\u00a0<\/em><strong><em>Nota agregada:<\/em><\/strong><em> En el marco del proyecto ERASMUS+ RIESAL (muchos de ustedes tienen noticia en tanto fue compartido en el GDA) se generaron publicaciones con el aporte de los socios del proyecto. Con la debida modestia, que espero se comprenda, pongo a vuestra disposici\u00f3n una publicaci\u00f3n<\/em><span style=\"color: #3366ff;\"><a style=\"color: #3366ff;\" href=\"#_ftn1\" name=\"_ftnref1\">[1]<\/a><\/span><em> que entiendo puede ser un aporte a esta Comisi\u00f3n. <\/em><\/span><\/p>\n<p><a href=\"http:\/\/grupomontevideo.org\/publicaciones\/wp-content\/uploads\/2019\/10\/Buenas-Practicas-de-Internacionalizaci%C3%B3n.pdf\"><em>http:\/\/grupomontevideo.org\/publicaciones\/wp-content\/uploads\/2019\/10\/Buenas-Practicas-de-Internacionalizaci%C3%B3n.pdf<\/em><\/a><\/p>\n<p><span style=\"color: #000000;\">En el cap\u00edtulo:<em> \u201c<\/em>Buenas pr\u00e1cticas de cooperaci\u00f3n acad\u00e9mico-cient\u00edfica para la integraci\u00f3n regional. Comit\u00e9s acad\u00e9micos y n\u00facleos disciplinarios\u201d P\u00e1ginas 23 a 38.<\/span><\/p>\n<p>&nbsp;<\/p>\n<hr \/>\n<p><a href=\"#_ftnref1\" name=\"_ftn1\">[1]<\/a> <em>\u201c<\/em><a href=\"http:\/\/grupomontevideo.org\/publicaciones\/wp-content\/uploads\/2019\/10\/Buenas-Practicas-de-Internacionalizaci%C3%B3n.pdf\"><em>Buenas Pr\u00e1cticas de Internacionalizaci\u00f3n Universitaria en Am\u00e9rica Latina<\/em><\/a><em>\u201d, Editor: RIESAL, Universidad de Guadalajara, Erasmus+. <\/em><em>Editora: Jocelyne Gacel-\u00c1vila. <\/em><\/p>\n<p>&nbsp;<\/p>\n","protected":false},"excerpt":{"rendered":"<p>COMISI\u00d3N DE SEGUIMIENTO DE LOS AGRUPAMIENTOS ACAD\u00c9MICOS 4 de junio 2021 Hora 09.30 (horario de Uruguay) VIRTUAL POR PLATAFORMA ZOOM TEMARIO 1. Apertura de la reuni\u00f3n. Informaciones generales. 2. Documento. Informe Comisi\u00f3n de Seguimiento de los Agrupamientos Acad\u00e9micos al GDA, mayo 2021. &#8211; Acciones a realizar por la CSAA a partir del Documento de Informe [&hellip;]<\/p>\n","protected":false},"author":1,"featured_media":0,"parent":6415,"menu_order":0,"comment_status":"closed","ping_status":"closed","template":"","meta":{"_crdt_document":"","_uag_custom_page_level_css":"","footnotes":""},"class_list":["post-7448","page","type-page","status-publish","hentry"],"uagb_featured_image_src":{"full":false,"thumbnail":false,"medium":false,"medium_large":false,"large":false,"1536x1536":false,"2048x2048":false},"uagb_author_info":{"display_name":"admin","author_link":"https:\/\/grupomontevideo.org\/reuniones\/?author=1"},"uagb_comment_info":0,"uagb_excerpt":"COMISI\u00d3N DE SEGUIMIENTO DE LOS AGRUPAMIENTOS ACAD\u00c9MICOS 4 de junio 2021 Hora 09.30 (horario de Uruguay) VIRTUAL POR PLATAFORMA ZOOM TEMARIO 1. Apertura de la reuni\u00f3n. Informaciones generales. 2. Documento. Informe Comisi\u00f3n de Seguimiento de los Agrupamientos Acad\u00e9micos al GDA, mayo 2021. &#8211; Acciones a realizar por la CSAA a partir del Documento de Informe&hellip;","_links":{"self":[{"href":"https:\/\/grupomontevideo.org\/reuniones\/index.php?rest_route=\/wp\/v2\/pages\/7448","targetHints":{"allow":["GET"]}}],"collection":[{"href":"https:\/\/grupomontevideo.org\/reuniones\/index.php?rest_route=\/wp\/v2\/pages"}],"about":[{"href":"https:\/\/grupomontevideo.org\/reuniones\/index.php?rest_route=\/wp\/v2\/types\/page"}],"author":[{"embeddable":true,"href":"https:\/\/grupomontevideo.org\/reuniones\/index.php?rest_route=\/wp\/v2\/users\/1"}],"replies":[{"embeddable":true,"href":"https:\/\/grupomontevideo.org\/reuniones\/index.php?rest_route=%2Fwp%2Fv2%2Fcomments&post=7448"}],"version-history":[{"count":6,"href":"https:\/\/grupomontevideo.org\/reuniones\/index.php?rest_route=\/wp\/v2\/pages\/7448\/revisions"}],"predecessor-version":[{"id":7451,"href":"https:\/\/grupomontevideo.org\/reuniones\/index.php?rest_route=\/wp\/v2\/pages\/7448\/revisions\/7451"}],"up":[{"embeddable":true,"href":"https:\/\/grupomontevideo.org\/reuniones\/index.php?rest_route=\/wp\/v2\/pages\/6415"}],"wp:attachment":[{"href":"https:\/\/grupomontevideo.org\/reuniones\/index.php?rest_route=%2Fwp%2Fv2%2Fmedia&parent=7448"}],"curies":[{"name":"wp","href":"https:\/\/api.w.org\/{rel}","templated":true}]}}