{"id":6630,"date":"2020-10-01T15:08:51","date_gmt":"2020-10-01T15:08:51","guid":{"rendered":"http:\/\/grupomontevideo.org\/reuniones\/?page_id=6630"},"modified":"2020-10-01T15:14:48","modified_gmt":"2020-10-01T15:14:48","slug":"programas-escala-1-de-octubre-de-2020","status":"publish","type":"page","link":"https:\/\/grupomontevideo.org\/reuniones\/?page_id=6630","title":{"rendered":"Programas ESCALA 1 de octubre de 2020"},"content":{"rendered":"<p><strong><span style=\"color: #000000;\">COMISI\u00d3N DE SEGUIMIENTO DE LOS PROGRAMAS ESCALA<\/span><\/strong><br \/>\n<strong>1 de octubre de 2020, 16.00 hs de Montevideo<\/strong><\/p>\n<p><span style=\"color: #000000;\">Reuni\u00f3n Virtual Plataforma Zoom<\/span><\/p>\n<p><strong><span style=\"color: #000000;\"><br \/>\nTEMARIO<\/span><\/strong><\/p>\n<p><strong><span style=\"color: #000000;\">1. Situaci\u00f3n relevada por la consulta sobre acuerdos bilaterales para el mantenimiento plazas semestre 1 \u2013 2020, semestre 1- 2021<\/span><\/strong><br \/>\n<span style=\"color: #000000;\">Se remite cuadro resultante del relevamiento (Dist 1)<\/span><\/p>\n<p><strong><span style=\"color: #000000;\">2. Programas ESCALA de estudiantes de posgrado, docente, gestores y administradores.<br \/>\n<\/span><\/strong><span style=\"color: #000000;\">Perspectiva para 2021<\/span><\/p>\n<p><strong><span style=\"color: #000000;\">3. \u201cPrograma de actividades virtuales vinculado a los Programas ESCALA\u201d<br \/>\n<\/span><\/strong><span style=\"color: #000000;\">Se remite documento de reflexiones para el debate respecto de la definici\u00f3n y formulaci\u00f3n del Programa (<a href=\"https:\/\/grupomontevideo.org\/reuniones\/wp-content\/uploads\/2020\/10\/dist-3.pdf\" target=\"_blank\" rel=\"noopener noreferrer\">Dist 3<\/a>)<\/span><\/p>\n<p><strong><span style=\"color: #000000;\">4, Reglamento de Programa de actividades de intercambio virtual de estudiantes de grado Propuesta Piloto 2021.<br \/>\n<\/span><\/strong><span style=\"color: #000000;\">Se distribuye propuesta (<a href=\"https:\/\/grupomontevideo.org\/reuniones\/wp-content\/uploads\/2020\/10\/dist-4.pdf\" target=\"_blank\" rel=\"noopener noreferrer\">Dist 4<\/a>)<\/span><\/p>\n<p><span style=\"color: #000000;\"><strong>5- Propuesta borrador para actividades virtuales de Gestores y Administradores ESCALA<\/strong><br \/>\n<\/span><span style=\"color: #000000;\">Se distribuye propuesta (<a href=\"https:\/\/grupomontevideo.org\/reuniones\/wp-content\/uploads\/2020\/10\/dist-5.pdf\" target=\"_blank\" rel=\"noopener noreferrer\">Dist 5<\/a>)<\/span><\/p>\n<p>&nbsp;<\/p>\n","protected":false},"excerpt":{"rendered":"<p>COMISI\u00d3N DE SEGUIMIENTO DE LOS PROGRAMAS ESCALA 1 de octubre de 2020, 16.00 hs de Montevideo Reuni\u00f3n Virtual Plataforma Zoom TEMARIO 1. Situaci\u00f3n relevada por la consulta sobre acuerdos bilaterales para el mantenimiento plazas semestre 1 \u2013 2020, semestre 1- 2021 Se remite cuadro resultante del relevamiento (Dist 1) 2. Programas ESCALA de estudiantes de [&hellip;]<\/p>\n","protected":false},"author":1,"featured_media":0,"parent":6028,"menu_order":0,"comment_status":"closed","ping_status":"closed","template":"","meta":{"_crdt_document":"","_uag_custom_page_level_css":"","footnotes":""},"class_list":["post-6630","page","type-page","status-publish","hentry"],"uagb_featured_image_src":{"full":false,"thumbnail":false,"medium":false,"medium_large":false,"large":false,"1536x1536":false,"2048x2048":false},"uagb_author_info":{"display_name":"admin","author_link":"https:\/\/grupomontevideo.org\/reuniones\/?author=1"},"uagb_comment_info":0,"uagb_excerpt":"COMISI\u00d3N DE SEGUIMIENTO DE LOS PROGRAMAS ESCALA 1 de octubre de 2020, 16.00 hs de Montevideo Reuni\u00f3n Virtual Plataforma Zoom TEMARIO 1. Situaci\u00f3n relevada por la consulta sobre acuerdos bilaterales para el mantenimiento plazas semestre 1 \u2013 2020, semestre 1- 2021 Se remite cuadro resultante del relevamiento (Dist 1) 2. Programas ESCALA de estudiantes de&hellip;","_links":{"self":[{"href":"https:\/\/grupomontevideo.org\/reuniones\/index.php?rest_route=\/wp\/v2\/pages\/6630","targetHints":{"allow":["GET"]}}],"collection":[{"href":"https:\/\/grupomontevideo.org\/reuniones\/index.php?rest_route=\/wp\/v2\/pages"}],"about":[{"href":"https:\/\/grupomontevideo.org\/reuniones\/index.php?rest_route=\/wp\/v2\/types\/page"}],"author":[{"embeddable":true,"href":"https:\/\/grupomontevideo.org\/reuniones\/index.php?rest_route=\/wp\/v2\/users\/1"}],"replies":[{"embeddable":true,"href":"https:\/\/grupomontevideo.org\/reuniones\/index.php?rest_route=%2Fwp%2Fv2%2Fcomments&post=6630"}],"version-history":[{"count":2,"href":"https:\/\/grupomontevideo.org\/reuniones\/index.php?rest_route=\/wp\/v2\/pages\/6630\/revisions"}],"predecessor-version":[{"id":6635,"href":"https:\/\/grupomontevideo.org\/reuniones\/index.php?rest_route=\/wp\/v2\/pages\/6630\/revisions\/6635"}],"up":[{"embeddable":true,"href":"https:\/\/grupomontevideo.org\/reuniones\/index.php?rest_route=\/wp\/v2\/pages\/6028"}],"wp:attachment":[{"href":"https:\/\/grupomontevideo.org\/reuniones\/index.php?rest_route=%2Fwp%2Fv2%2Fmedia&parent=6630"}],"curies":[{"name":"wp","href":"https:\/\/api.w.org\/{rel}","templated":true}]}}