{"id":6415,"date":"2020-07-15T16:02:28","date_gmt":"2020-07-15T16:02:28","guid":{"rendered":"http:\/\/grupomontevideo.org\/reuniones\/?page_id=6415"},"modified":"2022-03-04T16:05:07","modified_gmt":"2022-03-04T16:05:07","slug":"ordenes-del-dia-comision-de-seguimiento-de-los-agrupamientos-academicos","status":"publish","type":"page","link":"https:\/\/grupomontevideo.org\/reuniones\/?page_id=6415","title":{"rendered":"Comisi\u00f3n de Seguimiento de los Agrupamientos Acad\u00e9micos &#8211; \u00d3rdenes del D\u00eda"},"content":{"rendered":"<p><a href=\"https:\/\/grupomontevideo.org\/reuniones\/?page_id=8472\" target=\"_blank\" rel=\"noopener\">8 de marzo 2022<\/a><br \/>\n<a href=\"https:\/\/grupomontevideo.org\/reuniones\/?page_id=7945\">13 de octubre 2021<\/a><br \/>\n<a href=\"https:\/\/grupomontevideo.org\/reuniones\/?page_id=7448#_ftn1\">4 de junio 2021<\/a><br \/>\n<a href=\"https:\/\/grupomontevideo.org\/reuniones\/?page_id=6796\">9 de noviembre 2020<\/a><br \/>\n<a href=\"https:\/\/grupomontevideo.org\/reuniones\/?page_id=6420\">22 de julio 2020<\/a><\/p>\n<p>&nbsp;<\/p>\n","protected":false},"excerpt":{"rendered":"<p>8 de marzo 2022 13 de octubre 2021 4 de junio 2021 9 de noviembre 2020 22 de julio 2020 &nbsp;<\/p>\n","protected":false},"author":1,"featured_media":0,"parent":5891,"menu_order":0,"comment_status":"closed","ping_status":"closed","template":"","meta":{"_crdt_document":"","_uag_custom_page_level_css":"","footnotes":""},"class_list":["post-6415","page","type-page","status-publish","hentry"],"uagb_featured_image_src":{"full":false,"thumbnail":false,"medium":false,"medium_large":false,"large":false,"1536x1536":false,"2048x2048":false},"uagb_author_info":{"display_name":"admin","author_link":"https:\/\/grupomontevideo.org\/reuniones\/?author=1"},"uagb_comment_info":0,"uagb_excerpt":"8 de marzo 2022 13 de octubre 2021 4 de junio 2021 9 de noviembre 2020 22 de julio 2020 &nbsp;","_links":{"self":[{"href":"https:\/\/grupomontevideo.org\/reuniones\/index.php?rest_route=\/wp\/v2\/pages\/6415","targetHints":{"allow":["GET"]}}],"collection":[{"href":"https:\/\/grupomontevideo.org\/reuniones\/index.php?rest_route=\/wp\/v2\/pages"}],"about":[{"href":"https:\/\/grupomontevideo.org\/reuniones\/index.php?rest_route=\/wp\/v2\/types\/page"}],"author":[{"embeddable":true,"href":"https:\/\/grupomontevideo.org\/reuniones\/index.php?rest_route=\/wp\/v2\/users\/1"}],"replies":[{"embeddable":true,"href":"https:\/\/grupomontevideo.org\/reuniones\/index.php?rest_route=%2Fwp%2Fv2%2Fcomments&post=6415"}],"version-history":[{"count":14,"href":"https:\/\/grupomontevideo.org\/reuniones\/index.php?rest_route=\/wp\/v2\/pages\/6415\/revisions"}],"predecessor-version":[{"id":8477,"href":"https:\/\/grupomontevideo.org\/reuniones\/index.php?rest_route=\/wp\/v2\/pages\/6415\/revisions\/8477"}],"up":[{"embeddable":true,"href":"https:\/\/grupomontevideo.org\/reuniones\/index.php?rest_route=\/wp\/v2\/pages\/5891"}],"wp:attachment":[{"href":"https:\/\/grupomontevideo.org\/reuniones\/index.php?rest_route=%2Fwp%2Fv2%2Fmedia&parent=6415"}],"curies":[{"name":"wp","href":"https:\/\/api.w.org\/{rel}","templated":true}]}}