{"id":6397,"date":"2020-07-14T19:05:41","date_gmt":"2020-07-14T19:05:41","guid":{"rendered":"http:\/\/grupomontevideo.org\/reuniones\/?page_id=6397"},"modified":"2020-09-24T12:59:24","modified_gmt":"2020-09-24T12:59:24","slug":"od-cc-rr-ii-16-de-julio-2020","status":"publish","type":"page","link":"https:\/\/grupomontevideo.org\/reuniones\/?page_id=6397","title":{"rendered":"OD CC.RR.II 16 de julio 2020"},"content":{"rendered":"<p style=\"text-align: center;\"><strong><span style=\"color: #000000;\">COMISI\u00d3N DE RELACIONAMIENTO INTERNACIONAL<br \/>\nDEL GRUPO DE DELEGADOS ASESORES<\/span><\/strong><\/p>\n<p style=\"text-align: center;\"><strong><span style=\"color: #000000;\">CC.RR.II.<\/span><\/strong><\/p>\n<p style=\"text-align: center;\"><strong><span style=\"color: #000000;\">Virtual plataforma ZOOM, 16 de Julio de 2020 \u2013 Hora 16.00 de Montevideo<\/span><\/strong><\/p>\n<p><strong><span style=\"color: #000000;\"><br \/>\nSESI\u00d3N ORDINARIA<\/span><\/strong><\/p>\n<p><span style=\"color: #000000;\">Convocada a los solos efectos de tratar el siguiente Orden del D\u00eda:<\/span><\/p>\n<p><span style=\"color: #000000;\">1. Apertura de la Sesi\u00f3n de la Comisi\u00f3n. Informaci\u00f3n sobre diferentes aspectos desde la reuni\u00f3n \u00faltima del 18 de marzo de 2020. Plan de trabajo preliminar de la Comisi\u00f3n.<\/span><\/p>\n<p><span style=\"color: #000000;\">2. Consideraci\u00f3n del convenio con SGroup (Santander Group de Universidades). Propuesta para el Grupo de Delegados Asesores. (<a href=\"https:\/\/grupomontevideo.org\/reuniones\/wp-content\/uploads\/2020\/07\/DISTRIBUIDO-2-a.pdf\" target=\"_blank\" rel=\"noopener noreferrer\">Distribuido 2 a<\/a> y <a href=\"https:\/\/grupomontevideo.org\/reuniones\/wp-content\/uploads\/2020\/07\/DISTRIBUIDO-2-b.pdf\" target=\"_blank\" rel=\"noopener noreferrer\">Distribuido 2 b<\/a>)<\/span><\/p>\n<p><span style=\"color: #000000;\">3. Convenio con Programa de BECAS (Don Carlos Antonio L\u00f3pez\u201d de la Rep\u00fablica del Paraguay (BECAL). Propuesta para el Grupo de Delegados Asesores. (<a href=\"https:\/\/grupomontevideo.org\/reuniones\/wp-content\/uploads\/2020\/07\/DIST-3-a-BECAL-MARCO.pdf\" target=\"_blank\" rel=\"noopener noreferrer\">Distribuido 3 a<\/a> y <a href=\"https:\/\/grupomontevideo.org\/reuniones\/wp-content\/uploads\/2020\/07\/DIST-3-b-BECAL-ESPECIFICO.pdf\" target=\"_blank\" rel=\"noopener noreferrer\">Distribuido 3 b<\/a>)<\/span><\/p>\n<p><span style=\"color: #000000;\">4. Perspectivas de cooperaci\u00f3n ALC, \u00c1frica y Europa.<br \/>\n<\/span><span style=\"color: #000000;\">Se informar\u00e1 en Sala. Se remiten distribuidos <a href=\"https:\/\/grupomontevideo.org\/reuniones\/wp-content\/uploads\/2020\/07\/DIST-4-a.pdf\" target=\"_blank\" rel=\"noopener noreferrer\">4 a<\/a> y <a href=\"https:\/\/grupomontevideo.org\/reuniones\/wp-content\/uploads\/2020\/07\/DIST-4-b.pdf\" target=\"_blank\" rel=\"noopener noreferrer\">4 b<\/a><\/span><\/p>\n<p><span style=\"color: #000000;\">5. Plan Estrat\u00e9gico 2020 \u2013 2030 \u2013 Implementaci\u00f3n. (<a href=\"https:\/\/grupomontevideo.org\/reuniones\/wp-content\/uploads\/2020\/07\/distribuido-5.xlsx\" target=\"_blank\" rel=\"noopener noreferrer\">Distribuido 5<\/a>)<\/span><\/p>\n<p><span style=\"color: #000000;\">6. Planteamientos de los integrantes de la Comisi\u00f3n y asuntos varios.<\/span><\/p>\n<p><span style=\"color: #000000;\">7. Cierre.<\/span><\/p>\n","protected":false},"excerpt":{"rendered":"<p>COMISI\u00d3N DE RELACIONAMIENTO INTERNACIONAL DEL GRUPO DE DELEGADOS ASESORES CC.RR.II. Virtual plataforma ZOOM, 16 de Julio de 2020 \u2013 Hora 16.00 de Montevideo SESI\u00d3N ORDINARIA Convocada a los solos efectos de tratar el siguiente Orden del D\u00eda: 1. Apertura de la Sesi\u00f3n de la Comisi\u00f3n. Informaci\u00f3n sobre diferentes aspectos desde la reuni\u00f3n \u00faltima del 18 [&hellip;]<\/p>\n","protected":false},"author":1,"featured_media":0,"parent":5995,"menu_order":0,"comment_status":"closed","ping_status":"closed","template":"","meta":{"_crdt_document":"","_uag_custom_page_level_css":"","footnotes":""},"class_list":["post-6397","page","type-page","status-publish","hentry"],"uagb_featured_image_src":{"full":false,"thumbnail":false,"medium":false,"medium_large":false,"large":false,"1536x1536":false,"2048x2048":false},"uagb_author_info":{"display_name":"admin","author_link":"https:\/\/grupomontevideo.org\/reuniones\/?author=1"},"uagb_comment_info":0,"uagb_excerpt":"COMISI\u00d3N DE RELACIONAMIENTO INTERNACIONAL DEL GRUPO DE DELEGADOS ASESORES CC.RR.II. Virtual plataforma ZOOM, 16 de Julio de 2020 \u2013 Hora 16.00 de Montevideo SESI\u00d3N ORDINARIA Convocada a los solos efectos de tratar el siguiente Orden del D\u00eda: 1. Apertura de la Sesi\u00f3n de la Comisi\u00f3n. Informaci\u00f3n sobre diferentes aspectos desde la reuni\u00f3n \u00faltima del 18&hellip;","_links":{"self":[{"href":"https:\/\/grupomontevideo.org\/reuniones\/index.php?rest_route=\/wp\/v2\/pages\/6397","targetHints":{"allow":["GET"]}}],"collection":[{"href":"https:\/\/grupomontevideo.org\/reuniones\/index.php?rest_route=\/wp\/v2\/pages"}],"about":[{"href":"https:\/\/grupomontevideo.org\/reuniones\/index.php?rest_route=\/wp\/v2\/types\/page"}],"author":[{"embeddable":true,"href":"https:\/\/grupomontevideo.org\/reuniones\/index.php?rest_route=\/wp\/v2\/users\/1"}],"replies":[{"embeddable":true,"href":"https:\/\/grupomontevideo.org\/reuniones\/index.php?rest_route=%2Fwp%2Fv2%2Fcomments&post=6397"}],"version-history":[{"count":5,"href":"https:\/\/grupomontevideo.org\/reuniones\/index.php?rest_route=\/wp\/v2\/pages\/6397\/revisions"}],"predecessor-version":[{"id":6411,"href":"https:\/\/grupomontevideo.org\/reuniones\/index.php?rest_route=\/wp\/v2\/pages\/6397\/revisions\/6411"}],"up":[{"embeddable":true,"href":"https:\/\/grupomontevideo.org\/reuniones\/index.php?rest_route=\/wp\/v2\/pages\/5995"}],"wp:attachment":[{"href":"https:\/\/grupomontevideo.org\/reuniones\/index.php?rest_route=%2Fwp%2Fv2%2Fmedia&parent=6397"}],"curies":[{"name":"wp","href":"https:\/\/api.w.org\/{rel}","templated":true}]}}