{"id":6088,"date":"2020-04-17T17:08:08","date_gmt":"2020-04-17T17:08:08","guid":{"rendered":"http:\/\/grupomontevideo.org\/reuniones\/?page_id=6088"},"modified":"2020-04-17T20:58:40","modified_gmt":"2020-04-17T20:58:40","slug":"programas-escala-17-de-abril-de-2020","status":"publish","type":"page","link":"https:\/\/grupomontevideo.org\/reuniones\/?page_id=6088","title":{"rendered":"Programas ESCALA 17 de abril de 2020"},"content":{"rendered":"<p><strong><span style=\"color: #000080;\">Reuni\u00f3n Virtual Plataforma Zoom<\/span><\/strong><br \/>\n<strong><span style=\"color: #000000;\"><span style=\"color: #000080;\">17 de abril de 2020 &#8211; Hora de Uruguay 12.50<\/span> <\/span><\/strong><\/p>\n<p><strong><span style=\"color: #000000;\">TEMARIO<\/span><\/strong><\/p>\n<p><span style=\"color: #000080;\">1. Informaci\u00f3n disponible de la encuesta a estudiantes en destino, definida en la anterior Sesi\u00f3n. (<a href=\"https:\/\/grupomontevideo.org\/reuniones\/wp-content\/uploads\/2020\/04\/Encuesta-PEEG.pdf\" target=\"_blank\" rel=\"noopener noreferrer\">Informe<\/a>\u00a0y <a href=\"https:\/\/grupomontevideo.org\/reuniones\/wp-content\/uploads\/2020\/04\/Anexos-informe-de-situaci\u00f3n-PEEG-Covid-19.xlsx\">Anexos<\/a>)<\/span><br \/>\n<span style=\"color: #000080;\">2. En perspectiva de la reuni\u00f3n virtual del Grupo de Delegados Asesores del 23.04.20 relevar las perspectivas de la situaci\u00f3n de convocatoria Programas ESCALA de 2021.<\/span><br \/>\n<span style=\"color: #000080;\">3. Planteamientos de los integrantes de la Comisi\u00f3n.<\/span><br \/>\n<span style=\"color: #000080;\">4. Pr\u00f3xima reuni\u00f3n virtual y cierre.<\/span><\/p>\n","protected":false},"excerpt":{"rendered":"<p>Reuni\u00f3n Virtual Plataforma Zoom 17 de abril de 2020 &#8211; Hora de Uruguay 12.50 TEMARIO 1. Informaci\u00f3n disponible de la encuesta a estudiantes en destino, definida en la anterior Sesi\u00f3n. (Informe\u00a0y Anexos) 2. En perspectiva de la reuni\u00f3n virtual del Grupo de Delegados Asesores del 23.04.20 relevar las perspectivas de la situaci\u00f3n de convocatoria Programas [&hellip;]<\/p>\n","protected":false},"author":1,"featured_media":0,"parent":6028,"menu_order":0,"comment_status":"closed","ping_status":"closed","template":"","meta":{"_crdt_document":"","_uag_custom_page_level_css":"","footnotes":""},"class_list":["post-6088","page","type-page","status-publish","hentry"],"uagb_featured_image_src":{"full":false,"thumbnail":false,"medium":false,"medium_large":false,"large":false,"1536x1536":false,"2048x2048":false},"uagb_author_info":{"display_name":"admin","author_link":"https:\/\/grupomontevideo.org\/reuniones\/?author=1"},"uagb_comment_info":0,"uagb_excerpt":"Reuni\u00f3n Virtual Plataforma Zoom 17 de abril de 2020 &#8211; Hora de Uruguay 12.50 TEMARIO 1. Informaci\u00f3n disponible de la encuesta a estudiantes en destino, definida en la anterior Sesi\u00f3n. (Informe\u00a0y Anexos) 2. En perspectiva de la reuni\u00f3n virtual del Grupo de Delegados Asesores del 23.04.20 relevar las perspectivas de la situaci\u00f3n de convocatoria Programas&hellip;","_links":{"self":[{"href":"https:\/\/grupomontevideo.org\/reuniones\/index.php?rest_route=\/wp\/v2\/pages\/6088","targetHints":{"allow":["GET"]}}],"collection":[{"href":"https:\/\/grupomontevideo.org\/reuniones\/index.php?rest_route=\/wp\/v2\/pages"}],"about":[{"href":"https:\/\/grupomontevideo.org\/reuniones\/index.php?rest_route=\/wp\/v2\/types\/page"}],"author":[{"embeddable":true,"href":"https:\/\/grupomontevideo.org\/reuniones\/index.php?rest_route=\/wp\/v2\/users\/1"}],"replies":[{"embeddable":true,"href":"https:\/\/grupomontevideo.org\/reuniones\/index.php?rest_route=%2Fwp%2Fv2%2Fcomments&post=6088"}],"version-history":[{"count":9,"href":"https:\/\/grupomontevideo.org\/reuniones\/index.php?rest_route=\/wp\/v2\/pages\/6088\/revisions"}],"predecessor-version":[{"id":6103,"href":"https:\/\/grupomontevideo.org\/reuniones\/index.php?rest_route=\/wp\/v2\/pages\/6088\/revisions\/6103"}],"up":[{"embeddable":true,"href":"https:\/\/grupomontevideo.org\/reuniones\/index.php?rest_route=\/wp\/v2\/pages\/6028"}],"wp:attachment":[{"href":"https:\/\/grupomontevideo.org\/reuniones\/index.php?rest_route=%2Fwp%2Fv2%2Fmedia&parent=6088"}],"curies":[{"name":"wp","href":"https:\/\/api.w.org\/{rel}","templated":true}]}}