{"id":6061,"date":"2020-03-24T12:53:14","date_gmt":"2020-03-24T12:53:14","guid":{"rendered":"http:\/\/grupomontevideo.org\/reuniones\/?page_id=6061"},"modified":"2022-01-24T20:43:26","modified_gmt":"2022-01-24T20:43:26","slug":"asuntos-internacionales-documentos","status":"publish","type":"page","link":"https:\/\/grupomontevideo.org\/reuniones\/?page_id=6061","title":{"rendered":"Relacionamiento Internacional &#8211; Documentos"},"content":{"rendered":"<p><a href=\"https:\/\/grupomontevideo.org\/reuniones\/wp-content\/uploads\/2020\/08\/Agencias-de-cooperacio\u0301n-Europeas.xlsx\" target=\"_blank\" rel=\"noopener noreferrer\">Agencias de cooperaci\u00f3n Europeas<\/a><\/p>\n<p><a href=\"https:\/\/grupomontevideo.org\/reuniones\/wp-content\/uploads\/2020\/09\/Analisis-de-OUI-en-perspectiva-de-colaboracio\u0301n-con-AUGM.pdf\" target=\"_blank\" rel=\"noopener noreferrer\">An\u00e1lisis de OUI en perspectiva de colaboraci\u00f3n con AUGM, Alejandro Rodr\u00edguez Musso<\/a><\/p>\n<p><a href=\"https:\/\/grupomontevideo.org\/reuniones\/wp-content\/uploads\/2020\/08\/N.-MAILLARD_Brasil-A\u0301frica.pdf\" target=\"_blank\" rel=\"noopener noreferrer\">Brasil &amp; \u00c1frica &#8211; Rela\u00e7\u00f5es acad\u00eamicas, N. Maillard<\/a><\/p>\n<p><a href=\"https:\/\/grupomontevideo.org\/reuniones\/wp-content\/uploads\/2020\/09\/ENLACES-CC-RR-II.pdf\">ENLACES<\/a><\/p>\n<p><a href=\"https:\/\/grupomontevideo.org\/reuniones\/wp-content\/uploads\/2022\/01\/Historial-y-Analisis-de-las-Asociaciones-Internacionales-de-AUGM.pdf\">Historial y An\u00e1lisis de las Asociaciones Internacionales de AUGM<\/a><\/p>\n<p><a href=\"https:\/\/grupomontevideo.org\/reuniones\/wp-content\/uploads\/2020\/08\/UNLP-IBEROAMERICA-CC.AA_.II_.pdf\" target=\"_blank\" rel=\"noopener noreferrer\">Iberoam\u00e9rica, UNLP<\/a><\/p>\n<p><a href=\"https:\/\/grupomontevideo.org\/reuniones\/wp-content\/uploads\/2022\/01\/LINEAMENTOS-GENERALES-POLITICA-DE-RRII.pdf\" target=\"_blank\" rel=\"noopener\">Lineamientos Generales. Pol\u00edtica de Relaciones Internacionales<\/a><\/p>\n<p><a href=\"https:\/\/grupomontevideo.org\/reuniones\/wp-content\/uploads\/2020\/08\/S.-Fedoruk-UMAP-Asia-Pac\u00edfico.pdf\" target=\"_blank\" rel=\"noopener noreferrer\">Red de movilidad universitaria en Asia y El Pac\u00edfico (UMAP), S. Fedoruk<\/a><\/p>\n<p><a href=\"https:\/\/grupomontevideo.org\/reuniones\/wp-content\/uploads\/2020\/08\/TRIPALDI_G_-REFLEXIONES-COMO-APORTES-AL-DEBATE-RRII-AUGM-HACIA-LAS-AMERICAS.pdf\" target=\"_blank\" rel=\"noopener noreferrer\">Reflexiones como aportes al debate para la definici\u00f3n de una pol\u00edtica de relaciones internacionales desde AUGM hacia Las Am\u00e9ricas, G. Tripaldi<\/a><\/p>\n<p><a href=\"https:\/\/grupomontevideo.org\/reuniones\/wp-content\/uploads\/2021\/11\/Coautorias-AUGM_Africa.pdf\">Relevamiento coautor\u00edas cient\u00edficas universidades de AUGM y africanas<\/a><\/p>\n<p><a href=\"https:\/\/grupomontevideo.org\/reuniones\/wp-content\/uploads\/2020\/08\/Tabela-Associa\u00e7\u00f5es-\u00c1sia-e-Oceania.pdf\" target=\"_blank\" rel=\"noopener noreferrer\">Tabela Associa\u00e7\u00f5es \u00c1sia e Oceania<\/a><\/p>\n<p><a href=\"https:\/\/grupomontevideo.org\/reuniones\/wp-content\/uploads\/2020\/10\/Variables-para-Mapeo_AUGM.xlsx\">Variables para mapeo<\/a><\/p>\n<p>&nbsp;<\/p>\n","protected":false},"excerpt":{"rendered":"<p>Agencias de cooperaci\u00f3n Europeas An\u00e1lisis de OUI en perspectiva de colaboraci\u00f3n con AUGM, Alejandro Rodr\u00edguez Musso Brasil &amp; \u00c1frica &#8211; Rela\u00e7\u00f5es acad\u00eamicas, N. Maillard ENLACES Historial y An\u00e1lisis de las Asociaciones Internacionales de AUGM Iberoam\u00e9rica, UNLP Lineamientos Generales. Pol\u00edtica de Relaciones Internacionales Red de movilidad universitaria en Asia y El Pac\u00edfico (UMAP), S. Fedoruk Reflexiones [&hellip;]<\/p>\n","protected":false},"author":1,"featured_media":0,"parent":4276,"menu_order":0,"comment_status":"closed","ping_status":"closed","template":"","meta":{"_crdt_document":"","_uag_custom_page_level_css":"","footnotes":""},"class_list":["post-6061","page","type-page","status-publish","hentry"],"uagb_featured_image_src":{"full":false,"thumbnail":false,"medium":false,"medium_large":false,"large":false,"1536x1536":false,"2048x2048":false},"uagb_author_info":{"display_name":"admin","author_link":"https:\/\/grupomontevideo.org\/reuniones\/?author=1"},"uagb_comment_info":0,"uagb_excerpt":"Agencias de cooperaci\u00f3n Europeas An\u00e1lisis de OUI en perspectiva de colaboraci\u00f3n con AUGM, Alejandro Rodr\u00edguez Musso Brasil &amp; \u00c1frica &#8211; Rela\u00e7\u00f5es acad\u00eamicas, N. Maillard ENLACES Historial y An\u00e1lisis de las Asociaciones Internacionales de AUGM Iberoam\u00e9rica, UNLP Lineamientos Generales. Pol\u00edtica de Relaciones Internacionales Red de movilidad universitaria en Asia y El Pac\u00edfico (UMAP), S. Fedoruk Reflexiones&hellip;","_links":{"self":[{"href":"https:\/\/grupomontevideo.org\/reuniones\/index.php?rest_route=\/wp\/v2\/pages\/6061","targetHints":{"allow":["GET"]}}],"collection":[{"href":"https:\/\/grupomontevideo.org\/reuniones\/index.php?rest_route=\/wp\/v2\/pages"}],"about":[{"href":"https:\/\/grupomontevideo.org\/reuniones\/index.php?rest_route=\/wp\/v2\/types\/page"}],"author":[{"embeddable":true,"href":"https:\/\/grupomontevideo.org\/reuniones\/index.php?rest_route=\/wp\/v2\/users\/1"}],"replies":[{"embeddable":true,"href":"https:\/\/grupomontevideo.org\/reuniones\/index.php?rest_route=%2Fwp%2Fv2%2Fcomments&post=6061"}],"version-history":[{"count":20,"href":"https:\/\/grupomontevideo.org\/reuniones\/index.php?rest_route=\/wp\/v2\/pages\/6061\/revisions"}],"predecessor-version":[{"id":8221,"href":"https:\/\/grupomontevideo.org\/reuniones\/index.php?rest_route=\/wp\/v2\/pages\/6061\/revisions\/8221"}],"up":[{"embeddable":true,"href":"https:\/\/grupomontevideo.org\/reuniones\/index.php?rest_route=\/wp\/v2\/pages\/4276"}],"wp:attachment":[{"href":"https:\/\/grupomontevideo.org\/reuniones\/index.php?rest_route=%2Fwp%2Fv2%2Fmedia&parent=6061"}],"curies":[{"name":"wp","href":"https:\/\/api.w.org\/{rel}","templated":true}]}}