{"id":6032,"date":"2020-03-09T17:02:13","date_gmt":"2020-03-09T17:02:13","guid":{"rendered":"http:\/\/grupomontevideo.org\/reuniones\/?page_id=6032"},"modified":"2020-03-09T17:27:48","modified_gmt":"2020-03-09T17:27:48","slug":"programas-escala-9-de-marzo-de-2020","status":"publish","type":"page","link":"https:\/\/grupomontevideo.org\/reuniones\/?page_id=6032","title":{"rendered":"Programas ESCALA 9 de marzo de 2020"},"content":{"rendered":"<p><span style=\"color: #000080;\"><strong>Reuni\u00f3n Virtual Plataforma Zoom<\/strong><\/span><br \/>\n<span style=\"color: #000080;\"><strong>9 de marzo de 2020<\/strong><\/span><\/p>\n<p><span style=\"color: #000000;\"><em>Horario de 16.30 a 18 (hora de Uruguay)<\/em><\/span><\/p>\n<p><span style=\"color: #000000;\"><br \/>\n<strong>TEMARIO<\/strong><\/span><\/p>\n<p><span style=\"color: #000000;\"><span style=\"color: #000080;\">1. Consideraci\u00f3n y aprobaci\u00f3n del Acta de la reuni\u00f3n del 4 de diciembre de 2019.<\/span><br \/>\n<\/span><span style=\"color: #000000;\">&#8211; SE REMITE ACTA (<a href=\"https:\/\/grupomontevideo.org\/reuniones\/wp-content\/uploads\/2020\/03\/DISTRIBUIDO-1.pdf\" target=\"_blank\" rel=\"noopener noreferrer\">DISTRIBUIDO 1<\/a>)<\/span><\/p>\n<p><span style=\"color: #000000;\"><span style=\"color: #000080;\">2. Informaci\u00f3n de plazas vacantes del PED y PEEPG 2020. Llamados complementarios.<\/span><br \/>\n<\/span><span style=\"color: #000000;\">&#8211; SECRETARIA EJECUTIVA INFORMAR\u00c1 Y FORMULAR\u00c1 PROPUESTA (<a href=\"https:\/\/grupomontevideo.org\/reuniones\/wp-content\/uploads\/2020\/03\/DISTRIBUIDO-2.1.pdf\" target=\"_blank\" rel=\"noopener noreferrer\">DISTRIBUIDOS 2.1<\/a> y <a href=\"https:\/\/grupomontevideo.org\/reuniones\/wp-content\/uploads\/2020\/03\/DISTRIBUIDO-2.2.pdf\" target=\"_blank\" rel=\"noopener noreferrer\">2.2<\/a>)<\/span><\/p>\n<p><span style=\"color: #000000;\"><span style=\"color: #000080;\">3. Convenio BECAL &#8211; AUGM<\/span><br \/>\n<\/span><span style=\"color: #000000;\">&#8211; SE INCORPORA EL TEMA POR SUGERENCIA DE PRESIDENCIA Y VICEPRESIDENCIA DE AUGM. SECRETARIA EJECUTIVA REALIZAR\u00c1 INFORME (<a href=\"https:\/\/grupomontevideo.org\/reuniones\/wp-content\/uploads\/2020\/03\/DISTRIBUIDO-3.1.pdf\" target=\"_blank\" rel=\"noopener noreferrer\">DISTRIBUIDOS 3.1<\/a> y <a href=\"https:\/\/grupomontevideo.org\/reuniones\/wp-content\/uploads\/2020\/03\/DISTRIBUIDO-3.2.pdf\" target=\"_blank\" rel=\"noopener noreferrer\">3.2<\/a>)<\/span><\/p>\n<p><span style=\"color: #000000;\"><span style=\"color: #000080;\">4. Formularios del PEEG propuestos por USACH. Modificaciones sugeridas por la Comisi\u00f3n y la Secretaria Ejecutiva.<\/span><br \/>\n<\/span><span style=\"color: #000000;\">&#8211; INFORMA SECRETARIA EJECUTIVA<\/span><\/p>\n<p><span style=\"color: #000000;\"><span style=\"color: #000080;\">5. Situaci\u00f3n de las Universidades bolivianas en relaci\u00f3n con el Programa ESCALA Docente (PED). Planteamiento de la USFXCH sobre el reglamento del PED.<\/span><br \/>\n<\/span><span style=\"color: #000000;\">&#8211; SECRETARIA EJECUTIVA INFORMAR\u00c1 SITUACIONES FUERA DE REGLAMENTO EN LA MOVILIDAD PED EN LAS UNIVERSIDADES BOLIVIANAS<br \/>\n<\/span><span style=\"color: #000000;\">&#8211; DA DE LA USFXCH, LIC. NORMA M\u00c1RQUEZ, REALIZA PLANTEO DE MODIFICACI\u00d3N DEL REGLAMENTO DEL PED<\/span><\/p>\n<p><span style=\"color: #000000;\"><span style=\"color: #000080;\">6. Solicitud de confirmaci\u00f3n de las plazas del PEEG para el segundo semestre 2020.<\/span><br \/>\n<\/span><span style=\"color: #000000;\">&#8211; SECRETARIA EJECUTIVA INFORMA SOLICITUD DEL DA DE UNNE, ARQ. GUSTAVO TRIPALDI, Y REALIZA PROPUESTA DE ACCI\u00d3N.<\/span><\/p>\n<p><span style=\"color: #000000;\"><span style=\"color: #000080;\">7. Evaluaci\u00f3n de los Programas ESCALA correspondientes a la convocatoria 2019.<\/span><br \/>\n<\/span><span style=\"color: #000000;\">&#8211; INFORMA SECRETARIA EJECUTIVA (LIC. LAURA ADINOLFI)<\/span><\/p>\n<p><span style=\"color: #000000;\"><span style=\"color: #000080;\">8. Informaci\u00f3n referente a la pr\u00f3xima consulta a las universidades Miembro sobre oferta de plazas para la convocatoria 2021.<\/span><br \/>\n<\/span><span style=\"color: #000000;\">&#8211; INFORMA SECRETARIA EJECUTIVA<\/span><\/p>\n<p><span style=\"color: #000000;\"><span style=\"color: #000080;\">9. Protocolos de actuaci\u00f3n para los casos y situaciones que est\u00e9n fuera de lo previsto y que afectan al desempe\u00f1o acad\u00e9mico y a la estad\u00eda de los estudiantes en la Universidad de destino.<\/span><br \/>\n<\/span><span style=\"color: #000000;\">&#8211; INFORMA SECRETARIA EJECUTIVA Y REALIZA PROPUESTA DE PROCEDIMIENTO PARA EL AVANCE DE LA FORMULACI\u00d3N DE PROTOCOLOS.<\/span><\/p>\n<p><span style=\"color: #000080;\">10. Fecha de pr\u00f3xima reuni\u00f3n.<\/span><\/p>\n<p><span style=\"color: #000080;\">11. Asuntos Varios y planteamientos de los integrantes de la Comisi\u00f3n.<\/span><\/p>\n<p><span style=\"color: #000080;\">12. Cierre.<\/span><\/p>\n","protected":false},"excerpt":{"rendered":"<p>Reuni\u00f3n Virtual Plataforma Zoom 9 de marzo de 2020 Horario de 16.30 a 18 (hora de Uruguay) TEMARIO 1. Consideraci\u00f3n y aprobaci\u00f3n del Acta de la reuni\u00f3n del 4 de diciembre de 2019. &#8211; SE REMITE ACTA (DISTRIBUIDO 1) 2. Informaci\u00f3n de plazas vacantes del PED y PEEPG 2020. Llamados complementarios. &#8211; SECRETARIA EJECUTIVA INFORMAR\u00c1 [&hellip;]<\/p>\n","protected":false},"author":1,"featured_media":0,"parent":6028,"menu_order":0,"comment_status":"closed","ping_status":"closed","template":"","meta":{"_crdt_document":"","_uag_custom_page_level_css":"","footnotes":""},"class_list":["post-6032","page","type-page","status-publish","hentry"],"uagb_featured_image_src":{"full":false,"thumbnail":false,"medium":false,"medium_large":false,"large":false,"1536x1536":false,"2048x2048":false},"uagb_author_info":{"display_name":"admin","author_link":"https:\/\/grupomontevideo.org\/reuniones\/?author=1"},"uagb_comment_info":0,"uagb_excerpt":"Reuni\u00f3n Virtual Plataforma Zoom 9 de marzo de 2020 Horario de 16.30 a 18 (hora de Uruguay) TEMARIO 1. Consideraci\u00f3n y aprobaci\u00f3n del Acta de la reuni\u00f3n del 4 de diciembre de 2019. &#8211; SE REMITE ACTA (DISTRIBUIDO 1) 2. Informaci\u00f3n de plazas vacantes del PED y PEEPG 2020. Llamados complementarios. &#8211; SECRETARIA EJECUTIVA INFORMAR\u00c1&hellip;","_links":{"self":[{"href":"https:\/\/grupomontevideo.org\/reuniones\/index.php?rest_route=\/wp\/v2\/pages\/6032","targetHints":{"allow":["GET"]}}],"collection":[{"href":"https:\/\/grupomontevideo.org\/reuniones\/index.php?rest_route=\/wp\/v2\/pages"}],"about":[{"href":"https:\/\/grupomontevideo.org\/reuniones\/index.php?rest_route=\/wp\/v2\/types\/page"}],"author":[{"embeddable":true,"href":"https:\/\/grupomontevideo.org\/reuniones\/index.php?rest_route=\/wp\/v2\/users\/1"}],"replies":[{"embeddable":true,"href":"https:\/\/grupomontevideo.org\/reuniones\/index.php?rest_route=%2Fwp%2Fv2%2Fcomments&post=6032"}],"version-history":[{"count":9,"href":"https:\/\/grupomontevideo.org\/reuniones\/index.php?rest_route=\/wp\/v2\/pages\/6032\/revisions"}],"predecessor-version":[{"id":6050,"href":"https:\/\/grupomontevideo.org\/reuniones\/index.php?rest_route=\/wp\/v2\/pages\/6032\/revisions\/6050"}],"up":[{"embeddable":true,"href":"https:\/\/grupomontevideo.org\/reuniones\/index.php?rest_route=\/wp\/v2\/pages\/6028"}],"wp:attachment":[{"href":"https:\/\/grupomontevideo.org\/reuniones\/index.php?rest_route=%2Fwp%2Fv2%2Fmedia&parent=6032"}],"curies":[{"name":"wp","href":"https:\/\/api.w.org\/{rel}","templated":true}]}}