{"id":6028,"date":"2020-03-09T16:29:07","date_gmt":"2020-03-09T16:29:07","guid":{"rendered":"http:\/\/grupomontevideo.org\/reuniones\/?page_id=6028"},"modified":"2023-11-09T18:49:30","modified_gmt":"2023-11-09T18:49:30","slug":"comision-de-seguimiento-programas-escala-ordenes-del-dia","status":"publish","type":"page","link":"https:\/\/grupomontevideo.org\/reuniones\/?page_id=6028","title":{"rendered":"Comisi\u00f3n de Seguimiento Programas ESCALA &#8211; \u00d3rdenes del D\u00eda"},"content":{"rendered":"<p><a href=\"https:\/\/grupomontevideo.org\/reuniones\/?page_id=10076\">16 de noviembre 2023<\/a><br \/>\n<a href=\"https:\/\/grupomontevideo.org\/reuniones\/?page_id=9780\">20 de julio de 2023<\/a><br \/>\n<a href=\"https:\/\/grupomontevideo.org\/reuniones\/?page_id=9413\">9 de marzo de 2023<\/a><br \/>\n<a href=\"https:\/\/grupomontevideo.org\/reuniones\/?page_id=9161\">10 de noviembre de 2022<\/a><br \/>\n<a href=\"https:\/\/grupomontevideo.org\/reuniones\/?page_id=9051\">26 de octubre de 2022<\/a><br \/>\n<a href=\"https:\/\/grupomontevideo.org\/reuniones\/?page_id=8903\">28 de julio de 2022<\/a><br \/>\n<a href=\"https:\/\/grupomontevideo.org\/reuniones\/?page_id=8775\">9 de junio de 2022<\/a><br \/>\n<a href=\"https:\/\/grupomontevideo.org\/reuniones\/?page_id=8601\">28 de abril de 2022<\/a><br \/>\n<a href=\"https:\/\/grupomontevideo.org\/reuniones\/?page_id=8436\">8 de marzo de 2022<\/a><br \/>\n<a href=\"https:\/\/grupomontevideo.org\/reuniones\/?page_id=8277\">22 de febrero de 2022<\/a><br \/>\n<a href=\"https:\/\/grupomontevideo.org\/reuniones\/?page_id=8014\">3 de noviembre de 2021<\/a><br \/>\n<a href=\"https:\/\/grupomontevideo.org\/reuniones\/?page_id=7853\">14 de setiembre de 2021<\/a><br \/>\n<a href=\"https:\/\/grupomontevideo.org\/reuniones\/?page_id=7730\">3 de agosto de 2021<\/a><br \/>\n<a href=\"https:\/\/grupomontevideo.org\/reuniones\/?page_id=7646\">7 de julio de 2021<\/a><br \/>\n<a href=\"https:\/\/grupomontevideo.org\/reuniones\/?page_id=6776\">6 de noviembre de 2020<\/a><br \/>\n<a href=\"https:\/\/grupomontevideo.org\/reuniones\/?page_id=6702\">14 de octubre de 2020<\/a><br \/>\n<a href=\"https:\/\/grupomontevideo.org\/reuniones\/?page_id=6630\">1 de octubre de 2020<\/a><br \/>\n<a href=\"https:\/\/grupomontevideo.org\/reuniones\/?page_id=6441\">30 de julio de 2020<\/a><br \/>\n<a href=\"https:\/\/grupomontevideo.org\/reuniones\/?page_id=6215\">6 de junio de 2020<\/a><br \/>\n<a href=\"https:\/\/grupomontevideo.org\/reuniones\/?page_id=6180\">2 de junio de 2020<\/a><br \/>\n<a href=\"https:\/\/grupomontevideo.org\/reuniones\/?page_id=6088\">17 de abril de 2020<\/a><br \/>\n<a href=\"https:\/\/grupomontevideo.org\/reuniones\/?page_id=6032\">9 de marzo de 2020<\/a><\/p>\n","protected":false},"excerpt":{"rendered":"<p>16 de noviembre 2023 20 de julio de 2023 9 de marzo de 2023 10 de noviembre de 2022 26 de octubre de 2022 28 de julio de 2022 9 de junio de 2022 28 de abril de 2022 8 de marzo de 2022 22 de febrero de 2022 3 de noviembre de 2021 14 [&hellip;]<\/p>\n","protected":false},"author":1,"featured_media":0,"parent":5886,"menu_order":0,"comment_status":"closed","ping_status":"closed","template":"","meta":{"_crdt_document":"","_uag_custom_page_level_css":"","footnotes":""},"class_list":["post-6028","page","type-page","status-publish","hentry"],"uagb_featured_image_src":{"full":false,"thumbnail":false,"medium":false,"medium_large":false,"large":false,"1536x1536":false,"2048x2048":false},"uagb_author_info":{"display_name":"admin","author_link":"https:\/\/grupomontevideo.org\/reuniones\/?author=1"},"uagb_comment_info":0,"uagb_excerpt":"16 de noviembre 2023 20 de julio de 2023 9 de marzo de 2023 10 de noviembre de 2022 26 de octubre de 2022 28 de julio de 2022 9 de junio de 2022 28 de abril de 2022 8 de marzo de 2022 22 de febrero de 2022 3 de noviembre de 2021 14&hellip;","_links":{"self":[{"href":"https:\/\/grupomontevideo.org\/reuniones\/index.php?rest_route=\/wp\/v2\/pages\/6028","targetHints":{"allow":["GET"]}}],"collection":[{"href":"https:\/\/grupomontevideo.org\/reuniones\/index.php?rest_route=\/wp\/v2\/pages"}],"about":[{"href":"https:\/\/grupomontevideo.org\/reuniones\/index.php?rest_route=\/wp\/v2\/types\/page"}],"author":[{"embeddable":true,"href":"https:\/\/grupomontevideo.org\/reuniones\/index.php?rest_route=\/wp\/v2\/users\/1"}],"replies":[{"embeddable":true,"href":"https:\/\/grupomontevideo.org\/reuniones\/index.php?rest_route=%2Fwp%2Fv2%2Fcomments&post=6028"}],"version-history":[{"count":41,"href":"https:\/\/grupomontevideo.org\/reuniones\/index.php?rest_route=\/wp\/v2\/pages\/6028\/revisions"}],"predecessor-version":[{"id":10100,"href":"https:\/\/grupomontevideo.org\/reuniones\/index.php?rest_route=\/wp\/v2\/pages\/6028\/revisions\/10100"}],"up":[{"embeddable":true,"href":"https:\/\/grupomontevideo.org\/reuniones\/index.php?rest_route=\/wp\/v2\/pages\/5886"}],"wp:attachment":[{"href":"https:\/\/grupomontevideo.org\/reuniones\/index.php?rest_route=%2Fwp%2Fv2%2Fmedia&parent=6028"}],"curies":[{"name":"wp","href":"https:\/\/api.w.org\/{rel}","templated":true}]}}