{"id":11412,"date":"2024-12-30T15:08:13","date_gmt":"2024-12-30T15:08:13","guid":{"rendered":"https:\/\/grupomontevideo.org\/reuniones\/?page_id=11412"},"modified":"2026-04-14T16:51:16","modified_gmt":"2026-04-14T16:51:16","slug":"resoluciones-del-comite-directivo","status":"publish","type":"page","link":"https:\/\/grupomontevideo.org\/reuniones\/?page_id=11412","title":{"rendered":"RESOLUCIONES DEL COMIT\u00c9 DIRECTIVO"},"content":{"rendered":"\n<p class=\"wp-block-paragraph\"><a href=\"https:\/\/grupomontevideo.org\/reuniones\/wp-content\/uploads\/2026\/04\/XIII-SESION-DEL-COMITE-DIRECTIVO.-Resolucion1.pdf\" target=\"_blank\" rel=\"noreferrer noopener\">Sesi\u00f3n XIII 12 de noviembre de 2025<\/a><\/p>\n\n\n\n<p class=\"wp-block-paragraph\"><a href=\"https:\/\/grupomontevideo.org\/reuniones\/wp-content\/uploads\/2026\/04\/Resoluciones-de-CD-120925.pdf\" target=\"_blank\" rel=\"noreferrer noopener\">Sesi\u00f3n XII 12 de setiembre de 2025<\/a><\/p>\n\n\n\n<p class=\"wp-block-paragraph\"><a href=\"https:\/\/grupomontevideo.org\/reuniones\/wp-content\/uploads\/2025\/08\/Resoluciones-de-Sesion-Extraordinaria-CD-060625.pdf\" target=\"_blank\" rel=\"noreferrer noopener\">Sesi\u00f3n Extraordinaria 6 de junio de 2025<\/a><\/p>\n\n\n\n<p class=\"wp-block-paragraph\"><a href=\"https:\/\/grupomontevideo.org\/reuniones\/wp-content\/uploads\/2025\/08\/Resoluciones-de-Sesion-Extraordinaria-CD-200325-1.pdf\" target=\"_blank\" rel=\"noreferrer noopener\">Sesi\u00f3n Extraordinaria 20 de marzo de 2025<\/a><\/p>\n\n\n\n<p class=\"wp-block-paragraph\"><a href=\"https:\/\/grupomontevideo.org\/reuniones\/wp-content\/uploads\/2025\/08\/RESOLUCIONES-XI-REUNION-ORDINARIA-DEL-CD-febrero-2025.pdf\" target=\"_blank\" rel=\"noreferrer noopener\">Sesi\u00f3n XI 21 de febrero de 2025<\/a><\/p>\n\n\n\n<p class=\"wp-block-paragraph\"><a href=\"https:\/\/grupomontevideo.org\/reuniones\/wp-content\/uploads\/2024\/12\/Comite-Directivo-AUGM_Resoluciones-25-de-octubre-de-2024.pdf\" data-type=\"link\" data-id=\"https:\/\/grupomontevideo.org\/reuniones\/wp-content\/uploads\/2024\/12\/Comite-Directivo-AUGM_Resoluciones-25-de-octubre-de-2024.pdf\" target=\"_blank\" rel=\"noreferrer noopener\">Sesi\u00f3n X_25 de octubre de 2024<\/a><\/p>\n\n\n\n<p class=\"wp-block-paragraph\"><a href=\"https:\/\/grupomontevideo.org\/reuniones\/wp-content\/uploads\/2024\/12\/Comite-Directivo-AUGM_Resoluciones-13-de-setiembre-de-2024.pdf\" data-type=\"link\" data-id=\"https:\/\/grupomontevideo.org\/reuniones\/wp-content\/uploads\/2024\/12\/Comite-Directivo-AUGM_Resoluciones-13-de-setiembre-de-2024.pdf\" target=\"_blank\" rel=\"noreferrer noopener\">Sesi\u00f3n IX_13 de setiembre de 2024<\/a><\/p>\n\n\n\n<p class=\"wp-block-paragraph\"><a href=\"https:\/\/grupomontevideo.org\/reuniones\/wp-content\/uploads\/2024\/12\/Resoluciones-del-CD-de-8-de-marzo-2024.pdf\" data-type=\"link\" data-id=\"https:\/\/grupomontevideo.org\/reuniones\/wp-content\/uploads\/2024\/12\/Resoluciones-del-CD-de-8-de-marzo-2024.pdf\" target=\"_blank\" rel=\"noreferrer noopener\">Sesi\u00f3n VIII_8 de marzo de 2024<\/a><\/p>\n\n\n\n<p class=\"wp-block-paragraph\"><\/p>\n\n\n\n<p class=\"wp-block-paragraph\"><\/p>\n\n\n\n<p class=\"wp-block-paragraph\"><\/p>\n\n\n\n<p class=\"wp-block-paragraph\"><\/p>\n\n\n\n<p class=\"wp-block-paragraph\"><\/p>\n\n\n\n<p class=\"wp-block-paragraph\"><\/p>\n","protected":false},"excerpt":{"rendered":"<p>Sesi\u00f3n XIII 12 de noviembre de 2025 Sesi\u00f3n XII 12 de setiembre de 2025 Sesi\u00f3n Extraordinaria 6 de junio de 2025 Sesi\u00f3n Extraordinaria 20 de marzo de 2025 Sesi\u00f3n XI 21 de febrero de 2025 Sesi\u00f3n X_25 de octubre de 2024 Sesi\u00f3n IX_13 de setiembre de 2024 Sesi\u00f3n VIII_8 de marzo de 2024<\/p>\n","protected":false},"author":1,"featured_media":0,"parent":0,"menu_order":0,"comment_status":"closed","ping_status":"closed","template":"","meta":{"_crdt_document":"","_uag_custom_page_level_css":"","footnotes":""},"class_list":["post-11412","page","type-page","status-publish","hentry"],"uagb_featured_image_src":{"full":false,"thumbnail":false,"medium":false,"medium_large":false,"large":false,"1536x1536":false,"2048x2048":false},"uagb_author_info":{"display_name":"admin","author_link":"https:\/\/grupomontevideo.org\/reuniones\/?author=1"},"uagb_comment_info":0,"uagb_excerpt":"Sesi\u00f3n XIII 12 de noviembre de 2025 Sesi\u00f3n XII 12 de setiembre de 2025 Sesi\u00f3n Extraordinaria 6 de junio de 2025 Sesi\u00f3n Extraordinaria 20 de marzo de 2025 Sesi\u00f3n XI 21 de febrero de 2025 Sesi\u00f3n X_25 de octubre de 2024 Sesi\u00f3n IX_13 de setiembre de 2024 Sesi\u00f3n VIII_8 de marzo de 2024","_links":{"self":[{"href":"https:\/\/grupomontevideo.org\/reuniones\/index.php?rest_route=\/wp\/v2\/pages\/11412","targetHints":{"allow":["GET"]}}],"collection":[{"href":"https:\/\/grupomontevideo.org\/reuniones\/index.php?rest_route=\/wp\/v2\/pages"}],"about":[{"href":"https:\/\/grupomontevideo.org\/reuniones\/index.php?rest_route=\/wp\/v2\/types\/page"}],"author":[{"embeddable":true,"href":"https:\/\/grupomontevideo.org\/reuniones\/index.php?rest_route=\/wp\/v2\/users\/1"}],"replies":[{"embeddable":true,"href":"https:\/\/grupomontevideo.org\/reuniones\/index.php?rest_route=%2Fwp%2Fv2%2Fcomments&post=11412"}],"version-history":[{"count":8,"href":"https:\/\/grupomontevideo.org\/reuniones\/index.php?rest_route=\/wp\/v2\/pages\/11412\/revisions"}],"predecessor-version":[{"id":12195,"href":"https:\/\/grupomontevideo.org\/reuniones\/index.php?rest_route=\/wp\/v2\/pages\/11412\/revisions\/12195"}],"wp:attachment":[{"href":"https:\/\/grupomontevideo.org\/reuniones\/index.php?rest_route=%2Fwp%2Fv2%2Fmedia&parent=11412"}],"curies":[{"name":"wp","href":"https:\/\/api.w.org\/{rel}","templated":true}]}}