{"id":49,"date":"2019-03-07T18:17:42","date_gmt":"2019-03-07T17:17:42","guid":{"rendered":"http:\/\/grupomontevideo.org\/publicaciones\/?page_id=49"},"modified":"2025-08-27T14:08:27","modified_gmt":"2025-08-27T17:08:27","slug":"publicaciones-periodicas","status":"publish","type":"page","link":"https:\/\/grupomontevideo.org\/publicaciones\/publicaciones-periodicas\/","title":{"rendered":"Publicaciones peri\u00f3dicas"},"content":{"rendered":"\n<p><strong>Jornada de J\u00f3venes Investigadores.<\/strong> <a href=\"http:\/\/grupomontevideo.org\/site\/publicaciones-jornadas-de-jovenes-investigadores\/\" data-type=\"link\" data-id=\"http:\/\/grupomontevideo.org\/site\/publicaciones-jornadas-de-jovenes-investigadores\/\">Ver<\/a><\/p>\n\n\n\n<figure class=\"wp-block-image size-full is-resized\"><img loading=\"lazy\" decoding=\"async\" width=\"956\" height=\"960\" src=\"https:\/\/grupomontevideo.org\/publicaciones\/wp-content\/uploads\/2024\/06\/JJI.jpg\" alt=\"\" class=\"wp-image-373\" style=\"width:189px;height:auto\" srcset=\"https:\/\/grupomontevideo.org\/publicaciones\/wp-content\/uploads\/2024\/06\/JJI.jpg 956w, https:\/\/grupomontevideo.org\/publicaciones\/wp-content\/uploads\/2024\/06\/JJI-300x300.jpg 300w, https:\/\/grupomontevideo.org\/publicaciones\/wp-content\/uploads\/2024\/06\/JJI-150x150.jpg 150w, https:\/\/grupomontevideo.org\/publicaciones\/wp-content\/uploads\/2024\/06\/JJI-768x771.jpg 768w, https:\/\/grupomontevideo.org\/publicaciones\/wp-content\/uploads\/2024\/06\/JJI-100x100.jpg 100w\" sizes=\"auto, (max-width: 767px) 89vw, (max-width: 1000px) 54vw, (max-width: 1071px) 543px, 580px\" \/><\/figure>\n\n\n\n<p><\/p>\n\n\n\n<div class=\"wp-block-media-text alignwide is-stacked-on-mobile\" style=\"grid-template-columns:28% auto\"><figure class=\"wp-block-media-text__media\"><img loading=\"lazy\" decoding=\"async\" width=\"212\" height=\"283\" src=\"https:\/\/grupomontevideo.org\/publicaciones\/wp-content\/uploads\/2023\/06\/image.png\" alt=\"\" class=\"wp-image-352 size-full\"\/><\/figure><div class=\"wp-block-media-text__content\">\n<p><em>Procesos colectivos, vinculaci\u00f3n y tecnolog\u00eda social en tiempos de pandemia<br>Editor: Editorial de la Universidad Nacional del Sur. Ediuns<br><strong><a rel=\"noreferrer noopener\" href=\"https:\/\/grupomontevideo.org\/publicaciones\/wp-content\/uploads\/2023\/06\/PROCESOS-COLECTIVOS-VINCULACION-Y-TECNOLOGIA.pdf\" target=\"_blank\">Ver<\/a><\/strong><\/em><\/p>\n<\/div><\/div>\n\n\n<p><img loading=\"lazy\" decoding=\"async\" class=\"alignleft wp-image-241\" src=\"https:\/\/grupomontevideo.org\/publicaciones\/wp-content\/uploads\/2021\/02\/El-tiempo-que-vivimos-final-3_pages-to-jpg-0001.jpg\" alt=\"\" width=\"147\" height=\"190\" \/><\/p>\n<p><em>El tiempo en que vivimos: COVID 19 y su impacto en nuestras sociedades<br \/><\/em>CA Ciencias Pol\u00edticas y Sociales\/UNR Editora\u00a0<br \/><strong><a href=\"http:\/\/grupomontevideo.org\/sitio\/wp-content\/uploads\/2020\/09\/El-tiempo-que-vivimos-final-3.pdf\">Ver<\/a><\/strong><\/p>\n<p>&nbsp;<\/p>\n<p>&nbsp;<\/p>\n<p><em> <img loading=\"lazy\" decoding=\"async\" class=\"alignleft  wp-image-397\" src=\"https:\/\/grupomontevideo.org\/publicaciones\/wp-content\/uploads\/2025\/08\/492175175_1223350369794797_4945401699962373962_n-229x300.jpg\" alt=\"\" width=\"151\" height=\"200\" \/>Pampa<\/em><br \/>CA Desarrollo Regional \/ Universidad Nacional del Litoral y Universidad de la Rep\u00fablica<br \/>Semestral (desde 2005)<br \/><strong><a href=\"https:\/\/bibliotecavirtual.unl.edu.ar\/publicaciones\/index.php\/PAMPA\/index\">Ver<\/a><\/strong><\/p>\n<div id=\"sconnect-is-installed\" style=\"display: none;\">2.15.1.0<\/div>\n<div id=\"sconnect-is-installed\" style=\"display: none;\">2.15.1.0<\/div>\n<div id=\"sconnect-is-installed\" style=\"display: none;\">2.15.1.0<\/div>\n\n\n<p>&nbsp;<\/p>\n\n\n\n<p>&nbsp;<\/p>\n\n\n\n<p><img loading=\"lazy\" decoding=\"async\" class=\"alignleft\" src=\"http:\/\/grupomontevideo.org\/sitio\/wp-content\/uploads\/2018\/12\/Anales-Biena-CA-Desarrollo-Regional-2018-1.jpg\" width=\"145\" height=\"189\"><em>Anales de la Bienal del Coloquio de Transformaciones Territoriales<\/em><br>CA Desarrollo Regional<br>Bienal<br><strong><a href=\"http:\/\/grupomontevideo.org\/ndca\/cadesarrollo\/?page_id=48\">Ver<\/a><\/strong><\/p>\n\n\n\n<p>&nbsp;<\/p>\n\n\n<p>&nbsp;<\/p>\n<p>&nbsp;<\/p>\n<p><img loading=\"lazy\" decoding=\"async\" class=\"alignleft  wp-image-384\" src=\"https:\/\/grupomontevideo.org\/publicaciones\/wp-content\/uploads\/2025\/08\/Diseno-sin-titulo2-213x300.jpg\" alt=\"\" width=\"166\" height=\"233\" srcset=\"https:\/\/grupomontevideo.org\/publicaciones\/wp-content\/uploads\/2025\/08\/Diseno-sin-titulo2-213x300.jpg 213w, https:\/\/grupomontevideo.org\/publicaciones\/wp-content\/uploads\/2025\/08\/Diseno-sin-titulo2-726x1024.jpg 726w, https:\/\/grupomontevideo.org\/publicaciones\/wp-content\/uploads\/2025\/08\/Diseno-sin-titulo2-768x1083.jpg 768w, https:\/\/grupomontevideo.org\/publicaciones\/wp-content\/uploads\/2025\/08\/Diseno-sin-titulo2.jpg 815w\" sizes=\"auto, (max-width: 166px) 100vw, 166px\" \/><\/p>\n<p><em>AUGM Domus<\/em><br \/>Revista de publicaci\u00f3n continua y recepci\u00f3n de art\u00edculos permanente de los comit\u00e9s de Aguas, Energ\u00eda y Medio Ambiente.\u00a0\u00a0\u00a0\u00a0 \u00a0 \u00a0\u00a0\u00a0\u00a0\u00a0\u00a0\u00a0\u00a0\u00a0\u00a0\u00a0\u00a0\u00a0\u00a0\u00a0\u00a0\u00a0\u00a0\u00a0\u00a0\u00a0\u00a0\u00a0\u00a0\u00a0\u00a0\u00a0\u00a0 \u00a0 \u00a0\u00a0 <br \/>e-ISSN 1852-2181<br \/><a href=\"https:\/\/revistas.unlp.edu.ar\/domus\/index\"><strong>Ver<\/strong><\/a><\/p>\n<p>&nbsp;<\/p>\n<p>&nbsp;<\/p>\n<p>&nbsp;<\/p>\n<p><img loading=\"lazy\" decoding=\"async\" class=\"alignleft wp-image-195\" src=\"https:\/\/grupomontevideo.org\/publicaciones\/wp-content\/uploads\/2019\/11\/PolEd.png\" alt=\"\" width=\"151\" height=\"61\" \/>Revista do Programa Pol\u00edticas Educativas do N\u00facleo Disciplin\u00e1rio Educa\u00e7\u00e3o para a Integra\u00e7\u00e3o<br \/><strong><a href=\"https:\/\/seer.ufrgs.br\/Poled\/index\">Ver<\/a><\/strong><\/p>\n<p><em><img loading=\"lazy\" decoding=\"async\" class=\"alignleft\" src=\"https:\/\/revistas.unc.edu.ar\/public\/journals\/51\/cover_issue_1744_es_ES.jpg\" alt=\"Portada\" width=\"145\" height=\"209\" \/><\/em><\/p>\n<p><em>Revista Digital de Pol\u00edticas Ling\u00fc\u00edsticas<br \/><\/em>ND Educaci\u00f3n para la Integraci\u00f3n<br \/>2009-2017<br \/><strong><a href=\"https:\/\/revistas.unc.edu.ar\/index.php\/RDPL\/issue\/archive\">Ver<\/a><\/strong><\/p>\n<p>&nbsp;<\/p>\n<p>&nbsp;<\/p>\n<p><em><img loading=\"lazy\" decoding=\"async\" class=\" wp-image-139 alignleft\" src=\"https:\/\/grupomontevideo.org\/publicaciones\/wp-content\/uploads\/2019\/04\/REV_ACADEMICA_PROCOAS_AUGM_2017_F_page-0001.jpg\" alt=\"\" width=\"146\" height=\"206\" \/><\/em><\/p>\n<p><em>Revista Acad\u00e9mica PROCOAS-AUGM<br \/><\/em>CA Procesos Cooperativos y Asociativos<br \/>2009-2017<br \/><a href=\"http:\/\/grupomontevideo.org\/ndca\/caprocesoscooperativos\/?page_id=44\"><strong>Ver<\/strong><\/a><\/p>\n<p>&nbsp;<\/p>\n<p>&nbsp;<\/p>\n<p><em><img loading=\"lazy\" decoding=\"async\" class=\"wp-image-140 alignleft\" src=\"https:\/\/grupomontevideo.org\/publicaciones\/wp-content\/uploads\/2019\/04\/Libro-1-procoas_pages-to-jpg-0001.jpg\" alt=\"\" width=\"145\" height=\"218\" \/>Pr\u00e1ctivas Acad\u00e9micas Integrales en el Cono Sur (Colecci\u00f3n tem\u00e1tica PROCOAS: Universidad y Trabajo asociado)<br \/><\/em>CA Procesos Cooperativos y Asociativos<br \/>2013<br \/><a href=\"http:\/\/grupomontevideo.org\/ndca\/caprocesoscooperativos\/wp-content\/uploads\/2016\/05\/Libro-1-procoas.pdf\">Ver<\/a><\/p>\n<div id=\"sconnect-is-installed\" style=\"display: none;\">2.15.1.0<\/div>\n<div id=\"sconnect-is-installed\" style=\"display: none;\">2.15.1.0<\/div>\n<div id=\"sconnect-is-installed\" style=\"display: none;\">2.15.1.0<\/div>\n<div id=\"sconnect-is-installed\" style=\"display: none;\">2.15.1.0<\/div>\n<div id=\"sconnect-is-installed\" style=\"display: none;\">2.15.1.0<\/div>\n<div id=\"sconnect-is-installed\" style=\"display: none;\">2.15.1.0<\/div>\n<div id=\"sconnect-is-installed\" style=\"display: none;\">2.15.1.0<\/div>\n<div id=\"sconnect-is-installed\" style=\"display: none;\">2.15.1.0<\/div>\n<div id=\"sconnect-is-installed\" style=\"display: none;\">2.15.1.0<\/div>\n<div id=\"sconnect-is-installed\" style=\"display: none;\">2.15.1.0<\/div>\n<div id=\"sconnect-is-installed\" style=\"display: none;\">2.15.1.0<\/div>\n<div id=\"sconnect-is-installed\" style=\"display: none;\">2.15.1.0<\/div>\n<div id=\"sconnect-is-installed\" style=\"display: none;\">2.15.1.0<\/div>\n<div id=\"sconnect-is-installed\" style=\"display: none;\">2.15.1.0<\/div>\n<div id=\"sconnect-is-installed\" style=\"display: none;\">2.15.1.0<\/div>\n<div id=\"sconnect-is-installed\" style=\"display: none;\">2.15.1.0<\/div>\n<div id=\"sconnect-is-installed\" style=\"display: none;\">2.15.1.0<\/div>\n<div id=\"sconnect-is-installed\" style=\"display: none;\">2.15.1.0<\/div>\n<div id=\"sconnect-is-installed\" style=\"display: none;\">2.15.1.0<\/div>","protected":false},"excerpt":{"rendered":"<p>Jornada de J\u00f3venes Investigadores. Ver Procesos colectivos, vinculaci\u00f3n y tecnolog\u00eda social en tiempos de pandemiaEditor: Editorial de la Universidad Nacional del Sur. EdiunsVer El tiempo en que vivimos: COVID 19 y su impacto en nuestras sociedadesCA Ciencias Pol\u00edticas y Sociales\/UNR Editora\u00a0Ver &nbsp; &nbsp; PampaCA Desarrollo Regional \/ Universidad Nacional del Litoral y Universidad de la &hellip; <\/p>\n<p class=\"link-more\"><a href=\"https:\/\/grupomontevideo.org\/publicaciones\/publicaciones-periodicas\/\" class=\"more-link\">Continue reading<span class=\"screen-reader-text\"> \u00abPublicaciones peri\u00f3dicas\u00bb<\/span><\/a><\/p>\n","protected":false},"author":1,"featured_media":0,"parent":0,"menu_order":0,"comment_status":"closed","ping_status":"closed","template":"","meta":{"footnotes":""},"class_list":["post-49","page","type-page","status-publish","hentry"],"_links":{"self":[{"href":"https:\/\/grupomontevideo.org\/publicaciones\/wp-json\/wp\/v2\/pages\/49","targetHints":{"allow":["GET"]}}],"collection":[{"href":"https:\/\/grupomontevideo.org\/publicaciones\/wp-json\/wp\/v2\/pages"}],"about":[{"href":"https:\/\/grupomontevideo.org\/publicaciones\/wp-json\/wp\/v2\/types\/page"}],"author":[{"embeddable":true,"href":"https:\/\/grupomontevideo.org\/publicaciones\/wp-json\/wp\/v2\/users\/1"}],"replies":[{"embeddable":true,"href":"https:\/\/grupomontevideo.org\/publicaciones\/wp-json\/wp\/v2\/comments?post=49"}],"version-history":[{"count":41,"href":"https:\/\/grupomontevideo.org\/publicaciones\/wp-json\/wp\/v2\/pages\/49\/revisions"}],"predecessor-version":[{"id":399,"href":"https:\/\/grupomontevideo.org\/publicaciones\/wp-json\/wp\/v2\/pages\/49\/revisions\/399"}],"wp:attachment":[{"href":"https:\/\/grupomontevideo.org\/publicaciones\/wp-json\/wp\/v2\/media?parent=49"}],"curies":[{"name":"wp","href":"https:\/\/api.w.org\/{rel}","templated":true}]}}