{"id":319,"date":"2022-12-07T10:56:12","date_gmt":"2022-12-07T13:56:12","guid":{"rendered":"http:\/\/grupomontevideo.org\/publicaciones\/?page_id=319"},"modified":"2024-06-21T12:32:39","modified_gmt":"2024-06-21T15:32:39","slug":"libros","status":"publish","type":"page","link":"https:\/\/grupomontevideo.org\/publicaciones\/libros\/","title":{"rendered":"Libros"},"content":{"rendered":"\n<p><\/p>\n\n\n<p><strong>A\u00f1o 2023<\/strong><\/p>\n<p><img loading=\"lazy\" decoding=\"async\" class=\"alignleft\" src=\"http:\/\/grupomontevideo.org\/ndca\/caagroalimentario\/wp-content\/uploads\/2019\/11\/Desenvolvimento-sustent%C3%A1vel-732x1024.png\" width=\"215\" height=\"300\" \/><\/p>\n<p>&nbsp;<\/p>\n<p><em>Desenvolvimento sustent\u00e1vel na produ\u00e7\u00e3o agroalimentar<br \/><\/em>Editor: CA Agroalimentario\/UNL\/UFSC<br \/>Editores: Marciel Stadnik \u2013 Aline Velho \u2013 Susana Zorrilla. <a href=\"https:\/\/grupomontevideo.org\/publicaciones\/wp-content\/uploads\/2019\/11\/Livro-DES-SUSTENTAVEL-PROD-AGRO.pdf\" target=\"_blank\" rel=\"noopener\">Ver<\/a><\/p>\n<p>&nbsp;<\/p>\n<p>&nbsp;<\/p>\n<p>&nbsp;<\/p>\n<p>&nbsp;<\/p>\n<p>&nbsp;<\/p>\n<hr \/>\n<p><img loading=\"lazy\" decoding=\"async\" class=\"alignleft size-medium wp-image-324\" src=\"https:\/\/grupomontevideo.org\/publicaciones\/wp-content\/uploads\/2023\/05\/GCA-212x300.jpg\" alt=\"\" width=\"212\" height=\"300\" srcset=\"https:\/\/grupomontevideo.org\/publicaciones\/wp-content\/uploads\/2023\/05\/GCA-212x300.jpg 212w, https:\/\/grupomontevideo.org\/publicaciones\/wp-content\/uploads\/2023\/05\/GCA.jpg 629w\" sizes=\"auto, (max-width: 212px) 100vw, 212px\" \/><\/p>\n<p>Las geotecnolog\u00edas en el desarrollo sostenible.<br \/>Editor:\u00a0 Universidad Nacional de Rosario \/ Universidade Estadual Paulista (UNESP) \/ AUGM<\/p>\n<p><strong><a href=\"https:\/\/grupomontevideo.org\/publicaciones\/wp-content\/uploads\/2023\/05\/Libro-GeotecODS_2023_AUGM-ND-GyCA.pdf\" target=\"_blank\" rel=\"noopener\">Ver<\/a><\/strong><\/p>\n<p><strong>A\u00f1o 2021<\/strong><\/p>\n<hr \/>\n<p><img loading=\"lazy\" decoding=\"async\" src=\"https:\/\/grupomontevideo.org\/publicaciones\/wp-content\/uploads\/2021\/10\/ProcoasAnuario-195x300.png\" width=\"195\" height=\"300\" \/><br \/>XV Seminario Internacional Procoas.\u00a0 La diversidad econ\u00f3mica como alternativa pol\u00edtica para los territorios de Am\u00e9rica Latina.\u00a0<br \/>Editor: Comit\u00e9 Acad\u00e9mico Procesos Cooperativos y Asociativos (PROCOAS) \/ Observatorio de Participaci\u00f3n Social y Territorio \/ Universidad de Plata Ancha.\u00a0<br \/><strong><a href=\"https:\/\/grupomontevideo.org\/publicaciones\/wp-content\/uploads\/2021\/10\/Anuario-PROCOAS-final-1.pdf\">Ver<\/a><\/strong><\/p>\n<p><img loading=\"lazy\" decoding=\"async\" src=\"https:\/\/grupomontevideo.org\/publicaciones\/wp-content\/uploads\/2021\/03\/IV-Congreso-de-Extension.jpg\" width=\"195\" height=\"300\" \/><br \/>IV Congreso de Extensi\u00f3n Universitaria de AUGM 2021. Universidades comprometidas con el futuro de Am\u00e9rica<br \/>Editor:\u00a0 Universidad de Chile \/ Universidad de Santiago de Chile \/ Universidad de Valpara\u00edso \/ Universidad de Playa Ancha<br \/><strong><a href=\"https:\/\/grupomontevideo.org\/publicaciones\/wp-content\/uploads\/2021\/05\/Libro-AUGM-2021-vexcom-09-05-21.pdf\">Ver<\/a><\/strong><\/p>\n<p><img loading=\"lazy\" decoding=\"async\" src=\"https:\/\/grupomontevideo.org\/publicaciones\/wp-content\/uploads\/2021\/03\/Procoas-rural.png\" alt=\"\" width=\"195\" height=\"300\" \/><br \/>Coopera\u00e7\u00e3o e Desenvolvimento Rural. Olhares Sul Americanos<br \/>Editor: Comit\u00e9 Acad\u00e9mico Procesos Cooperativos y Asociativos (PROCOAS) \/ UFSC<br \/>Organizadores: F\u00e1bio Luiz B\u00farigo, Oscar Jos\u00e9 Rover, Rodrigo Garc\u00eda Ferreira.<br \/><strong><a href=\"https:\/\/grupomontevideo.org\/publicaciones\/wp-content\/uploads\/2021\/03\/2021.-livro-PROCOAS-e-Desenvolvimento-Rural.pdf\">Ver<\/a><\/strong><\/p>\n<p><img loading=\"lazy\" decoding=\"async\" src=\"https:\/\/grupomontevideo.org\/publicaciones\/wp-content\/uploads\/2021\/02\/MANUSCRITO-1_pages-to-jpg-0001.jpg\" alt=\"\" width=\"195\" height=\"300\" \/><br \/>\u00bfC\u00f3mo se planifica en las universidades de la Red DEES y en la AUGM? An\u00e1lisis exploratorio con enfoque comparado Editor: N\u00facleo Disciplinario de Evaluaci\u00f3n Institucional, Planeamiento Estrat\u00e9gico y Gesti\u00f3n Universitaria y la Coordinaci\u00f3n General de la Red DEES \/ Editorial de la Universidad de Playa Ancha.<br \/><a href=\"http:\/\/grupomontevideo.org\/sitio\/wp-content\/uploads\/2021\/02\/MANUSCRITO-1.pdf\"><strong>Ver<\/strong><\/a><\/p>\n<p><strong>A\u00f1o 2020<\/strong><\/p>\n<hr \/>\n<p><img loading=\"lazy\" decoding=\"async\" src=\"https:\/\/grupomontevideo.org\/publicaciones\/wp-content\/uploads\/2021\/02\/Libro-Los-dilemas-de-la-democracia-AUGM_pages-to-jpg-0001.jpg\" alt=\"\" width=\"195\" height=\"300\" \/><br \/>Los dilemas de la democracia en Am\u00e9rica del Sur: evaluaci\u00f3n de sus perspectivas<br \/>Editor: Comit\u00e9 Acad\u00e9mico Ciencias Pol\u00edticas y Sociales\/ UNR Editora\u00a0Coopilador: V. Gaston Mutti\u00a0<br \/><strong><a href=\"http:\/\/grupomontevideo.org\/sitio\/wp-content\/uploads\/2020\/08\/Libro-Los-dilemas-de-la-democracia-AUGM.pdf\">Ver<\/a><\/strong><\/p>\n<p><img loading=\"lazy\" decoding=\"async\" src=\"http:\/\/grupomontevideo.org\/ndca\/cadesarrollo\/wp-content\/uploads\/2020\/05\/CDR-Tapa-III.jpg\" alt=\"\" width=\"195\" height=\"300\" \/><br \/>Investigaciones para el desarrollo territorial del Sudoeste Bonaerense (provincia de Buenos Aires)<br \/>Editor: CA Desarrollo Regional \/ ediUNS<br \/>Coordinadoras: Ana L\u00eda Guerrero \u2013 Marianela De Batista \u2013 Mar\u00eda Emilia Estrada<br \/><strong><a href=\"http:\/\/grupomontevideo.org\/ndca\/cadesarrollo\/wp-content\/uploads\/2020\/05\/INVESTIGACIONES-PARA-EL-DESARROLLO-TERRITORIAL.pdf\">Ver<\/a><\/strong><\/p>\n<p><strong>A\u00f1o 2019<\/strong><\/p>\n<hr \/>\n<p><img loading=\"lazy\" decoding=\"async\" src=\"https:\/\/grupomontevideo.org\/publicaciones\/wp-content\/uploads\/2019\/11\/Desenvolvimento-sustent\u00e1vel-732x1024.png\" alt=\"\" width=\"195\" height=\"300\" \/><br \/>Desenvolvimento sustent\u00e1vel na produ\u00e7\u00e3o agroalimentar<br \/>Editor: CA Agroalimentario\/UNL\/UFSC<br \/>Editores: Marciel Stadnik \u2013 Aline Velho \u2013 Susana Zorrilla.<br \/><a href=\"https:\/\/grupomontevideo.org\/publicaciones\/wp-content\/uploads\/2019\/11\/Livro-DES-SUSTENTAVEL-PROD-AGRO.pdf\"><strong>Ver<\/strong><\/a><\/p>\n<p><img loading=\"lazy\" decoding=\"async\" src=\"https:\/\/grupomontevideo.org\/publicaciones\/wp-content\/uploads\/2019\/09\/0001.jpg\" alt=\"\" width=\"195\" height=\"300\" \/><br \/>Cooperaci\u00f3n e integraci\u00f3n: origen y creaci\u00f3n de una instituci\u00f3n secular<br \/>Editor: AUGM\/UCUR \u2013 Udelar<br \/>Autor: Ing. Jorge Brovetto<br \/><strong><a href=\"http:\/\/grupomontevideo.org\/sitio\/wp-content\/uploads\/2019\/08\/AUGM_Brovetto-1.pdf\">Ver<\/a><\/strong><\/p>\n<p><img loading=\"lazy\" decoding=\"async\" src=\"https:\/\/grupomontevideo.org\/publicaciones\/wp-content\/uploads\/2019\/10\/0001-1.jpg\" alt=\"\" width=\"195\" height=\"300\" \/><br \/>Historia, regiones y fronteras: cruces te\u00f3rico-metodol\u00f3gicos, experiencias de investigaci\u00f3n y estudios de caso.<br \/>Editor: CA Historia, Regiones y Fronteras\/UNL<br \/>Comp. Sonia Rosa Tedeschi \u2013 Griselda Elisa Pressel\u00a0<br \/><strong><a href=\"https:\/\/grupomontevideo.org\/publicaciones\/wp-content\/uploads\/2021\/03\/AUGM_Historias-regiones-y-fronteras-libro-2019.pdf\">Ver<\/a><\/strong><\/p>\n<p><img loading=\"lazy\" decoding=\"async\" src=\"https:\/\/grupomontevideo.org\/publicaciones\/wp-content\/uploads\/2019\/11\/Desarrollo-Regional-2_pages-to-jpg-0001.jpg\" alt=\"\" width=\"195\" height=\"300\" \/><br \/>Desarrollo Regional en Sudam\u00e9rica: Investigaciones y aportes multidisciplinarios<br \/>Editor: CA Desarrollo Regional \/ ediUNS<br \/>Coordinadras: Ana L\u00eda Guerrero \u2013 Marianela De Batista \u2013 Mar\u00eda Emilia Estrada<br \/><strong><a href=\"https:\/\/grupomontevideo.org\/publicaciones\/wp-content\/uploads\/2019\/11\/Desarrollo-Regional-2.pdf\">Ver<\/a><\/strong><\/p>\n<p><img loading=\"lazy\" decoding=\"async\" src=\"https:\/\/grupomontevideo.org\/publicaciones\/wp-content\/uploads\/2019\/11\/C-E-BOOK-IX-Encuentro-2019-1_page-0001-1.jpg\" alt=\"\" width=\"195\" height=\"300\" \/><br \/>IX Encuentro Internacional de Investigadores en Pol\u00edticas Ling\u00fc\u00edsticas<br \/>Editor: NEPI\/UNR<br \/>Comp.: Lili\u00e1n P\u00e9res \u2013 Patricia Rogieri\u00a0<br \/><strong><a href=\"https:\/\/grupomontevideo.org\/publicaciones\/wp-content\/uploads\/2019\/11\/C-E-BOOK-IX-Encuentro-2019-1.pdf\">Ver<\/a><\/strong><\/p>\n<p><strong>A\u00f1o 2018<\/strong><\/p>\n<hr \/>\n<p><img loading=\"lazy\" decoding=\"async\" src=\"https:\/\/grupomontevideo.org\/publicaciones\/wp-content\/uploads\/2019\/03\/Los-enfoques-de-g\u00e9nero-en-las-universidades-1.jpg\" alt=\"\" width=\"195\" height=\"300\" \/><br \/>Los Enfoques de G\u00e9nero en las Universidades <br \/>Editor: CA G\u00e9nero \/ UNR<br \/>Comp. Patricia Rojo \u2013 Violeta Jardon <br \/><strong><a href=\"http:\/\/grupomontevideo.org\/sitio\/wp-content\/uploads\/2018\/11\/Libro-AUGM-2018-5.pdf\">Ver<\/a><\/strong><\/p>\n<p><img loading=\"lazy\" decoding=\"async\" src=\"https:\/\/grupomontevideo.org\/publicaciones\/wp-content\/uploads\/2019\/10\/Ebook-NEPI-VIIIEIIPE.png\" alt=\"\" width=\"195\" height=\"300\" \/><br \/>VIII Encontro Internacional de Investigadores de Pol\u00edticas Educativas<br \/>Org. Nal\u00fa Farenzena. Porto Alegre: Universidade Federal do Rio Grande do Sul<br \/><strong><a href=\"https:\/\/grupomontevideo.org\/publicaciones\/wp-content\/uploads\/2019\/10\/Ebook-VIII-EIIPE.pdf\">Ver<\/a><\/strong><\/p>\n<p><img loading=\"lazy\" decoding=\"async\" src=\"https:\/\/grupomontevideo.org\/publicaciones\/wp-content\/uploads\/2022\/12\/manifiestoLiminar.png\" width=\"195\" height=\"300\" \/><br \/><strong><a href=\"https:\/\/grupomontevideo.org\/publicaciones\/wp-content\/uploads\/2022\/12\/MANIFIESTO-LIMINAR-.pdf\">Ver<\/a><\/strong><\/p>\n<p><strong>A\u00f1o 2017<\/strong><\/p>\n<hr \/>\n<p><img loading=\"lazy\" decoding=\"async\" src=\"https:\/\/grupomontevideo.org\/publicaciones\/wp-content\/uploads\/2019\/03\/Ense\u00f1anza-superior-como-bien-p\u00fablico.jpg\" alt=\"\" width=\"195\" height=\"300\" \/><br \/>Ense\u00f1anza superior como bien p\u00fablico: perspectivas para el centenario de la Declaraci\u00f3n de C\u00f3rdoba<br \/>Editor: Secretar\u00eda Ejecutiva\/AUGM<br \/>Autor: Marco Antonio Rodrigues Dias<br \/><strong><a href=\"http:\/\/grupomontevideo.org\/sitio\/wp-content\/uploads\/2017\/08\/versi%C3%B3n-en-espa%C3%B1ol-bien-p%C3%BAblico-1.pdf\">Ver<\/a><\/strong><\/p>\n<p><img loading=\"lazy\" decoding=\"async\" src=\"https:\/\/grupomontevideo.org\/publicaciones\/wp-content\/uploads\/2019\/03\/Energ\u00eda.-Investigaciones-en-Am\u00e9rica-del-Sur.jpg\" alt=\"\" width=\"195\" height=\"300\" \/><br \/>ENERG\u00cdA. Investigaciones en Am\u00e9rica del Sur<br \/>Editor: Comit\u00e9 Acad\u00e9mico Energ\u00eda<br \/><strong><a href=\"http:\/\/grupomontevideo.org\/sitio\/wp-content\/uploads\/2017\/10\/ENERG%C3%8DA_Investigaciones-en-Am%C3%A9rica-del-Sur.pdf\">Ver<\/a><\/strong><\/p>\n<p><img loading=\"lazy\" decoding=\"async\" src=\"https:\/\/grupomontevideo.org\/publicaciones\/wp-content\/uploads\/2019\/03\/Agua-y-Sociedad.jpg\" alt=\"\" width=\"195\" height=\"300\" \/><br \/>Agua y Sociedad<br \/>Editor: CA Aguas \/ Universidad Nacional de Cuyo<br \/>Comp. Mauricio Pinto \u2013 Jimena Estrella \u2013 Alejandro Gennari<br \/><strong><a href=\"http:\/\/grupomontevideo.org\/sitio\/wp-content\/uploads\/2015\/11\/Agua-y-Sociedad-ebook-.pdf\">Ver<\/a><\/strong><\/p>\n<p><strong>A\u00f1o 2016<\/strong><\/p>\n<hr \/>\n<p><img loading=\"lazy\" decoding=\"async\" src=\"https:\/\/grupomontevideo.org\/publicaciones\/wp-content\/uploads\/2019\/03\/25-a\u00f1os-AUGM.png\" alt=\"\" width=\"195\" height=\"300\" \/><br \/>25 a\u00f1os de historia. Construyendo un espacio acad\u00e9mico regional latinoamericano<br \/>Editor: AUGM\/Universidad de la Rep\u00fablica<br \/><strong><a href=\"http:\/\/grupomontevideo.org\/sitio\/wp-content\/uploads\/2016\/09\/LibroAUGM25.pdf\">Ver<\/a><\/strong><\/p>\n<p><strong>A\u00f1o 2013<\/strong><\/p>\n<hr \/>\n<p><img loading=\"lazy\" decoding=\"async\" src=\"https:\/\/grupomontevideo.org\/publicaciones\/wp-content\/uploads\/2019\/03\/Procoas.-Pr\u00e1cticas-acad\u00e9micas.png\" alt=\"\" width=\"195\" height=\"300\" \/><br \/>Pr\u00e1cticas Acad\u00e9micas Integrales en el Cono Sur (Colecci\u00f3n tem\u00e1tica PROCOAS: Universidad y Trabajo asociado)<br \/>Editor: Comit\u00e9 Acad\u00e9mico PROCOAS<br \/><a href=\"http:\/\/grupomontevideo.org\/ndca\/caprocesoscooperativos\/wp-content\/uploads\/2016\/05\/Libro-1-procoas.pdf\"><strong>Ver<\/strong><\/a><\/p>\n<p><strong>A\u00f1o 2012<\/strong><\/p>\n<hr \/>\n<p><img loading=\"lazy\" decoding=\"async\" src=\"https:\/\/grupomontevideo.org\/publicaciones\/wp-content\/uploads\/2019\/03\/II-Seminario-USE.jpg\" alt=\"\" width=\"195\" height=\"300\" \/><br \/>II Seminario Internacional Universidad Sociedad y Estado. \u201cReforma Universitaria: universidades latinoamericanas y desarrollo\u201d<img alt=\"\" \/><br \/>Editor: AUGM\/Universidad de la Rep\u00fablica<br \/><strong><a href=\"http:\/\/grupomontevideo.org\/sitio\/wp-content\/uploads\/2015\/11\/libro_seminario_reforma_universitaria.pdf\">Ver<\/a><\/strong><\/p>\n<p><strong>A\u00f1o 2010<\/strong><\/p>\n<hr \/>\n<p><img loading=\"lazy\" decoding=\"async\" src=\"https:\/\/grupomontevideo.org\/publicaciones\/wp-content\/uploads\/2019\/03\/anuario-20a\u00f1os.jpg\" alt=\"\" width=\"195\" height=\"300\" \/><br \/>Anuario 2010 de AUGM<br \/><strong><a href=\"http:\/\/grupomontevideo.org\/sitio\/wp-content\/uploads\/2018\/11\/Anuario-2010-de-AUGM-1.pdf\">Ver<\/a><\/strong><\/p>\n<p><strong>A\u00f1o 2007<\/strong><\/p>\n<hr \/>\n<p><img loading=\"lazy\" decoding=\"async\" src=\"https:\/\/grupomontevideo.org\/publicaciones\/wp-content\/uploads\/2019\/03\/15-a\u00f1os-de-historia.jpg\" alt=\"\" width=\"247\" height=\"174\" \/><br \/>15 A\u00f1os de Historia<br \/>Editor: S\u00edlvia Helena Soares Schwab \u2013 Jos\u00e9 Wainer<br \/><strong><a href=\"http:\/\/grupomontevideo.org\/sitio\/wp-content\/uploads\/2018\/11\/Memoria-15-A%C3%B1os.pdf\">Ver<\/a><\/strong><\/p>","protected":false},"excerpt":{"rendered":"<p>A\u00f1o 2023 &nbsp; Desenvolvimento sustent\u00e1vel na produ\u00e7\u00e3o agroalimentarEditor: CA Agroalimentario\/UNL\/UFSCEditores: Marciel Stadnik \u2013 Aline Velho \u2013 Susana Zorrilla. Ver &nbsp; &nbsp; &nbsp; &nbsp; &nbsp; Las geotecnolog\u00edas en el desarrollo sostenible.Editor:\u00a0 Universidad Nacional de Rosario \/ Universidade Estadual Paulista (UNESP) \/ AUGM Ver A\u00f1o 2021 XV Seminario Internacional Procoas.\u00a0 La diversidad econ\u00f3mica como alternativa pol\u00edtica para &hellip; <\/p>\n<p class=\"link-more\"><a href=\"https:\/\/grupomontevideo.org\/publicaciones\/libros\/\" class=\"more-link\">Continue reading<span class=\"screen-reader-text\"> \u00abLibros\u00bb<\/span><\/a><\/p>\n","protected":false},"author":1,"featured_media":0,"parent":0,"menu_order":0,"comment_status":"closed","ping_status":"closed","template":"","meta":{"footnotes":""},"class_list":["post-319","page","type-page","status-publish","hentry"],"_links":{"self":[{"href":"https:\/\/grupomontevideo.org\/publicaciones\/wp-json\/wp\/v2\/pages\/319","targetHints":{"allow":["GET"]}}],"collection":[{"href":"https:\/\/grupomontevideo.org\/publicaciones\/wp-json\/wp\/v2\/pages"}],"about":[{"href":"https:\/\/grupomontevideo.org\/publicaciones\/wp-json\/wp\/v2\/types\/page"}],"author":[{"embeddable":true,"href":"https:\/\/grupomontevideo.org\/publicaciones\/wp-json\/wp\/v2\/users\/1"}],"replies":[{"embeddable":true,"href":"https:\/\/grupomontevideo.org\/publicaciones\/wp-json\/wp\/v2\/comments?post=319"}],"version-history":[{"count":20,"href":"https:\/\/grupomontevideo.org\/publicaciones\/wp-json\/wp\/v2\/pages\/319\/revisions"}],"predecessor-version":[{"id":369,"href":"https:\/\/grupomontevideo.org\/publicaciones\/wp-json\/wp\/v2\/pages\/319\/revisions\/369"}],"wp:attachment":[{"href":"https:\/\/grupomontevideo.org\/publicaciones\/wp-json\/wp\/v2\/media?parent=319"}],"curies":[{"name":"wp","href":"https:\/\/api.w.org\/{rel}","templated":true}]}}