{"id":911,"date":"2020-01-08T15:04:35","date_gmt":"2020-01-08T15:04:35","guid":{"rendered":"http:\/\/grupomontevideo.org\/planestrategico\/?page_id=911"},"modified":"2020-05-04T15:35:26","modified_gmt":"2020-05-04T15:35:26","slug":"implementacion-del-plan-estrategico","status":"publish","type":"page","link":"https:\/\/grupomontevideo.org\/planestrategico\/implementacion-del-plan-estrategico\/","title":{"rendered":"IMPLEMENTACI\u00d3N DEL PLAN ESTRAT\u00c9GICO"},"content":{"rendered":"\n<p>En esta secci\u00f3n se podr\u00e1 dar seguimiento a las diferentes reuniones que se lleven a cabo en el marco del proceso de implementaci\u00f3n del Plan Estrat\u00e9gico 2020-2030 de la Asociaci\u00f3n de Universidades Grupo Montevideo. <\/p>\n\n\n\n<hr class=\"wp-block-separator\"\/>\n\n\n\n<p><strong>Reuni\u00f3n Eje 2 \u00abFortalecimiento institucional\u00bb<\/strong><\/p>\n\n\n\n<p>Fecha: 04\/05\/2020<\/p>\n\n\n\n<p><strong>Reuni\u00f3n Eje 3 \u00abRelacionamiento internacional\u00bb <\/strong><\/p>\n\n\n\n<p>Fecha: 30\/04\/2020<\/p>\n\n\n\n<p><strong>Reuni\u00f3n Eje 1 \u00abIntegraci\u00f3n acad\u00e9mica regional\u00bb<\/strong><\/p>\n\n\n\n<p>fecha: 28\/04\/2020<\/p>\n\n\n\n<p><\/p>\n","protected":false},"excerpt":{"rendered":"<p>En esta secci\u00f3n se podr\u00e1 dar seguimiento a las diferentes reuniones que se lleven a cabo en el marco del proceso de implementaci\u00f3n del Plan Estrat\u00e9gico 2020-2030 de la Asociaci\u00f3n de Universidades Grupo Montevideo. Reuni\u00f3n Eje 2 \u00abFortalecimiento institucional\u00bb Fecha: 04\/05\/2020 Reuni\u00f3n Eje 3 \u00abRelacionamiento internacional\u00bb Fecha: 30\/04\/2020 Reuni\u00f3n Eje 1 \u00abIntegraci\u00f3n acad\u00e9mica regional\u00bb fecha: [&hellip;]<\/p>\n","protected":false},"author":1,"featured_media":0,"parent":0,"menu_order":0,"comment_status":"closed","ping_status":"closed","template":"","meta":{"zakra_sidebar_layout":"customizer","zakra_remove_content_margin":false,"zakra_sidebar":"1","zakra_transparent_header":"customizer","zakra_logo":0,"zakra_main_header_style":"default","zakra_menu_item_color":"","zakra_menu_item_hover_color":"","zakra_menu_item_active_color":"","zakra_menu_active_style":"","zakra_page_header":true,"footnotes":""},"class_list":["post-911","page","type-page","status-publish","hentry"],"_links":{"self":[{"href":"https:\/\/grupomontevideo.org\/planestrategico\/wp-json\/wp\/v2\/pages\/911","targetHints":{"allow":["GET"]}}],"collection":[{"href":"https:\/\/grupomontevideo.org\/planestrategico\/wp-json\/wp\/v2\/pages"}],"about":[{"href":"https:\/\/grupomontevideo.org\/planestrategico\/wp-json\/wp\/v2\/types\/page"}],"author":[{"embeddable":true,"href":"https:\/\/grupomontevideo.org\/planestrategico\/wp-json\/wp\/v2\/users\/1"}],"replies":[{"embeddable":true,"href":"https:\/\/grupomontevideo.org\/planestrategico\/wp-json\/wp\/v2\/comments?post=911"}],"version-history":[{"count":2,"href":"https:\/\/grupomontevideo.org\/planestrategico\/wp-json\/wp\/v2\/pages\/911\/revisions"}],"predecessor-version":[{"id":942,"href":"https:\/\/grupomontevideo.org\/planestrategico\/wp-json\/wp\/v2\/pages\/911\/revisions\/942"}],"wp:attachment":[{"href":"https:\/\/grupomontevideo.org\/planestrategico\/wp-json\/wp\/v2\/media?parent=911"}],"curies":[{"name":"wp","href":"https:\/\/api.w.org\/{rel}","templated":true}]}}