{"id":3998,"date":"2021-02-22T11:57:50","date_gmt":"2021-02-22T11:57:50","guid":{"rendered":"http:\/\/grupomontevideo.org\/observatorioautonomia\/?page_id=3998"},"modified":"2021-11-18T15:07:11","modified_gmt":"2021-11-18T15:07:11","slug":"el-observatorio","status":"publish","type":"page","link":"https:\/\/grupomontevideo.org\/observatorioautonomia\/el-observatorio\/","title":{"rendered":"EL OBSERVATORIO"},"content":{"rendered":"\r\n<p>OBSERVATORIO REGIONAL DE AUTONOM\u00cdA Y PRESUPUESTOS UNIVERSITARIOS<\/p>\r\n\r\n\r\n\r\n<p><strong>Visi\u00f3n<\/strong><\/p>\r\n\r\n\r\n\r\n<p>Convertirse en un centro de referencia regional e internacional que d\u00e9 sustento a la AUGM en la defensa y promoci\u00f3n de la Autonom\u00eda Universitaria\u00a0 ante los Estados, las redes y los espacios de articulaci\u00f3n de la internacionalizaci\u00f3n de la Educaci\u00f3n Superior, as\u00ed como la vinculaci\u00f3n de la plena vigencia de la Autonom\u00eda con el financiamiento y los presupuestos universitarios.\u00a0<\/p>\r\n\r\n\r\n\r\n<p><strong>Misi\u00f3n<\/strong><\/p>\r\n\r\n\r\n\r\n<p>La misi\u00f3n esencial del Observatorio es coadyuvar con el objetivo de preservar y defender la autonom\u00eda universitaria regional y la funci\u00f3n cr\u00edtica inherente a la Universidad, observando y analizando adem\u00e1s, el detrimento de la Autonom\u00eda mediado por las asignaciones presupuestales.<\/p>\r\n\r\n\r\n\r\n<p><strong>OBJETIVOS<\/strong><\/p>\r\n\r\n\r\n\r\n<p>GENERAL: Dise\u00f1o y desarrollo de herramientas que permitan sistematizar informaci\u00f3n, realizar estudios comparados y establecer dispositivos de alerta temprana; con el fin de preservar y defender la autonom\u00eda universitaria regional, la funci\u00f3n cr\u00edtica inherente a la Universidad y el financiamiento acorde a la dimensi\u00f3n de la funci\u00f3n de las Universidades P\u00fablicas.<\/p>\r\n\r\n\r\n\r\n<p>ESPEC\u00cdFICOS:<\/p>\r\n\r\n\r\n\r\n<p>a) caracterizar el concepto de autonom\u00eda universitaria en los diferentes pa\u00edses que conforman la Asociaci\u00f3n, estableciendo las pautas comunes de los alcances m\u00ednimos;<br \/>b) construir, sistematizar y mantener actualizado un banco de datos de la normativa vigente a nivel nacional y estadual referente a la autonom\u00eda universitaria;<br \/>c) generar un Banco de Jurisprudencia de los Superiores Tribunales en materia de autonom\u00eda de los pa\u00edses de las universidades Miembro;<br \/>d) relevar datos, elaborar informaci\u00f3n y establecer un sistema de indicadores que permita el an\u00e1lisis, la evaluaci\u00f3n, el monitoreo y vigilancia de las posibles impactos negativos de pol\u00edticas p\u00fablicas, normas o acciones, en la autonom\u00eda de las universidades p\u00fablicas de la regi\u00f3n;<br \/>e) generar para su difusi\u00f3n, informaci\u00f3n especializada, comparada y desagregada, vinculada al objeto del Observatorio;<br \/>f) realizar acciones de visibilizaci\u00f3n p\u00fablica de la problem\u00e1tica en los diferentes pa\u00edses de la regi\u00f3n;<br \/>g) generar un informe anual a presentar en el Seminario Internacional: Universidad, Sociedad y Estado;<br \/>h) asistir a los poderes legislativos locales en el an\u00e1lisis y elaboraci\u00f3n de la normativa tuitiva de la autonom\u00eda y sostenimiento del financiamiento de las universidades p\u00fablicas estatales de la regi\u00f3n; e<br \/>i) articular con organismos y redes internacionales<\/p>\r\n\r\n\r\n\r\n<p><br \/>\u00d3RGANOS DEL OBSERVATORIO:<\/p>\r\n\r\n\r\n\r\n<p>Consejo de Direcci\u00f3n<\/p>\r\n\r\n\r\n\r\n<p>Coordinaci\u00f3n Operativa<\/p>\r\n\r\n\r\n\r\n<p>Puntos de Observaci\u00f3n Locales<\/p>\r\n\r\n\r\n\r\n<p>&nbsp;<\/p>\r\n\r\n\r\n\r\n<p><br \/><strong><a href=\"http:\/\/grupomontevideo.org\/sitio\/wp-content\/uploads\/2021\/07\/REGLAMENTO-OBS.-Autono.pdf\">Reglamento de funcionamiento &#8211; Observatorio Regional de Autonom\u00eda y Presupuestos Universitarios<\/a><\/strong><\/p>\r\n","protected":false},"excerpt":{"rendered":"<p>OBSERVATORIO REGIONAL DE AUTONOM\u00cdA Y PRESUPUESTOS UNIVERSITARIOS Visi\u00f3n Convertirse en un centro de referencia regional e internacional que d\u00e9 sustento a la AUGM en la defensa y promoci\u00f3n de la Autonom\u00eda Universitaria\u00a0 ante los Estados, las redes y los espacios [&hellip;]<\/p>\n","protected":false},"author":1,"featured_media":0,"parent":0,"menu_order":0,"comment_status":"closed","ping_status":"closed","template":"","meta":{"footnotes":""},"class_list":["post-3998","page","type-page","status-publish","hentry"],"_links":{"self":[{"href":"https:\/\/grupomontevideo.org\/observatorioautonomia\/wp-json\/wp\/v2\/pages\/3998","targetHints":{"allow":["GET"]}}],"collection":[{"href":"https:\/\/grupomontevideo.org\/observatorioautonomia\/wp-json\/wp\/v2\/pages"}],"about":[{"href":"https:\/\/grupomontevideo.org\/observatorioautonomia\/wp-json\/wp\/v2\/types\/page"}],"author":[{"embeddable":true,"href":"https:\/\/grupomontevideo.org\/observatorioautonomia\/wp-json\/wp\/v2\/users\/1"}],"replies":[{"embeddable":true,"href":"https:\/\/grupomontevideo.org\/observatorioautonomia\/wp-json\/wp\/v2\/comments?post=3998"}],"version-history":[{"count":7,"href":"https:\/\/grupomontevideo.org\/observatorioautonomia\/wp-json\/wp\/v2\/pages\/3998\/revisions"}],"predecessor-version":[{"id":4074,"href":"https:\/\/grupomontevideo.org\/observatorioautonomia\/wp-json\/wp\/v2\/pages\/3998\/revisions\/4074"}],"wp:attachment":[{"href":"https:\/\/grupomontevideo.org\/observatorioautonomia\/wp-json\/wp\/v2\/media?parent=3998"}],"curies":[{"name":"wp","href":"https:\/\/api.w.org\/{rel}","templated":true}]}}