{"id":3975,"date":"2021-02-19T14:44:26","date_gmt":"2021-02-19T14:44:26","guid":{"rendered":"http:\/\/grupomontevideo.org\/observatorioautonomia\/?page_id=3975"},"modified":"2021-11-18T14:30:20","modified_gmt":"2021-11-18T14:30:20","slug":"consejo-de-direccion","status":"publish","type":"page","link":"https:\/\/grupomontevideo.org\/observatorioautonomia\/consejo-de-direccion\/","title":{"rendered":"CONSEJO DE DIRECCI\u00d3N"},"content":{"rendered":"<h2><img loading=\"lazy\" decoding=\"async\" class=\"size-full wp-image-3925 alignright\" src=\"http:\/\/grupomontevideo.org\/observatorioautonomia\/wp-content\/uploads\/2021\/01\/logo1.jpg\" alt=\"\" width=\"293\" height=\"293\" \/><\/h2>\n<p>El Consejo de Direcci\u00f3n estar\u00e1 integrado por un rector o rectora de las universidades Miembro de cada pa\u00eds, asistido por la Secretar\u00eda Ejecutiva y por el o la Coordinador\/a Operativo\/a. Qui\u00e9n ocupe la Presidencia de AUGM presidir\u00e1 este Consejo y ser\u00e1 el o la representante por su respectivo pa\u00eds. Los integrantes del Consejo de Direcci\u00f3n no podr\u00e1n delegar su representaci\u00f3n.<\/p>\n<p><strong><br \/>\n<span style=\"color: #000000;\">Integrantes del Consejo de Direcci\u00f3n:<\/span><\/strong><\/p>\n<p><span style=\"color: #000000;\">Preside:<\/span> Rectora <span style=\"color: #000000;\">Sandra Goulart Almeida<\/span>, Universidade Federal de Minas Gerais, Brasil<\/p>\n<p><span style=\"color: #000000;\">Integrantes por pa\u00eds:<\/span><br \/>\nRector <span style=\"color: #000000;\">Franco Bartolacc<\/span>i, Universidad Nacional de Rosario, Argentina<br \/>\nRector <span style=\"color: #000000;\">Sergio Padilla<\/span>, Universidad Mayor, Real y Pontificia de San Francisco Xavier de Chuquisaca, Bolivia<br \/>\nRector <span style=\"color: #000000;\">Osvaldo Corrales<\/span>, Universidad de Valpara\u00edso, Chile<br \/>\nRectora <span style=\"color: #000000;\">Zully Vera<\/span>, Universidad Nacional de Asunci\u00f3n, Paraguay<br \/>\nRector <span style=\"color: #000000;\">Rodrigo Arim<\/span>, Universidad de la Rep\u00fablica, Uruguay<\/p>\n","protected":false},"excerpt":{"rendered":"<p>El Consejo de Direcci\u00f3n estar\u00e1 integrado por un rector o rectora de las universidades Miembro de cada pa\u00eds, asistido por la Secretar\u00eda Ejecutiva y por el o la Coordinador\/a Operativo\/a. Qui\u00e9n ocupe la Presidencia de AUGM presidir\u00e1 este Consejo y [&hellip;]<\/p>\n","protected":false},"author":1,"featured_media":0,"parent":0,"menu_order":0,"comment_status":"closed","ping_status":"closed","template":"","meta":{"footnotes":""},"class_list":["post-3975","page","type-page","status-publish","hentry"],"_links":{"self":[{"href":"https:\/\/grupomontevideo.org\/observatorioautonomia\/wp-json\/wp\/v2\/pages\/3975","targetHints":{"allow":["GET"]}}],"collection":[{"href":"https:\/\/grupomontevideo.org\/observatorioautonomia\/wp-json\/wp\/v2\/pages"}],"about":[{"href":"https:\/\/grupomontevideo.org\/observatorioautonomia\/wp-json\/wp\/v2\/types\/page"}],"author":[{"embeddable":true,"href":"https:\/\/grupomontevideo.org\/observatorioautonomia\/wp-json\/wp\/v2\/users\/1"}],"replies":[{"embeddable":true,"href":"https:\/\/grupomontevideo.org\/observatorioautonomia\/wp-json\/wp\/v2\/comments?post=3975"}],"version-history":[{"count":17,"href":"https:\/\/grupomontevideo.org\/observatorioautonomia\/wp-json\/wp\/v2\/pages\/3975\/revisions"}],"predecessor-version":[{"id":4073,"href":"https:\/\/grupomontevideo.org\/observatorioautonomia\/wp-json\/wp\/v2\/pages\/3975\/revisions\/4073"}],"wp:attachment":[{"href":"https:\/\/grupomontevideo.org\/observatorioautonomia\/wp-json\/wp\/v2\/media?parent=3975"}],"curies":[{"name":"wp","href":"https:\/\/api.w.org\/{rel}","templated":true}]}}