{"id":3891,"date":"2019-09-28T09:18:14","date_gmt":"2019-09-28T09:18:14","guid":{"rendered":"https:\/\/codeless.co\/regn\/medical\/?page_id=36"},"modified":"2023-09-19T14:01:06","modified_gmt":"2023-09-19T14:01:06","slug":"home","status":"publish","type":"page","link":"https:\/\/grupomontevideo.org\/observatorioautonomia\/","title":{"rendered":"Home"},"content":{"rendered":"<p>[vc_row full_width=\u00bbstretch_row_content\u00bb css=\u00bb.vc_custom_1570283111936{padding-top: 0px !important;padding-bottom: 0px !important;}\u00bb][vc_column]\n\t\t\t<!-- START Slider 1 REVOLUTION SLIDER 6.3.5 --><p class=\"rs-p-wp-fix\"><\/p>\n\t\t\t<rs-module-wrap id=\"rev_slider_1_1_wrapper\" data-source=\"gallery\" style=\"background:transparent;padding:0;margin:0px auto;margin-top:0;margin-bottom:0;\">\n\t\t\t\t<rs-module id=\"rev_slider_1_1\" style=\"\" data-version=\"6.3.5\">\n\t\t\t\t\t<rs-slides>\n\t\t\t\t\t\t<rs-slide data-key=\"rs-1\" data-title=\"Slide\" data-anim=\"ei:d;eo:d;s:1000;r:0;t:fade;sl:0;\">\n\t\t\t\t\t\t\t<img loading=\"lazy\" decoding=\"async\" src=\"\/\/grupomontevideo.org\/observatorioautonomia\/wp-content\/uploads\/2021\/02\/reforma1.png\" title=\"reforma1\" width=\"1192\" height=\"554\" class=\"rev-slidebg\" data-no-retina>\n<!---->\t\t\t\t\t\t<\/rs-slide>\n\t\t\t\t\t<\/rs-slides>\n\t\t\t\t<\/rs-module>\n\t\t\t\t<script type=\"text\/javascript\">\n\t\t\t\t\tsetREVStartSize({c: 'rev_slider_1_1',rl:[1240,1024,778,480],el:[630],gw:[1240],gh:[630],type:'standard',justify:'',layout:'fullwidth',mh:\"0\"});\n\t\t\t\t\tvar\trevapi1,\n\t\t\t\t\t\ttpj;\n\t\t\t\t\tfunction revinit_revslider11() {\n\t\t\t\t\tjQuery(function() {\n\t\t\t\t\t\ttpj = jQuery;\n\t\t\t\t\t\trevapi1 = tpj(\"#rev_slider_1_1\");\n\t\t\t\t\t\tif(revapi1==undefined || revapi1.revolution == undefined){\n\t\t\t\t\t\t\trevslider_showDoubleJqueryError(\"rev_slider_1_1\");\n\t\t\t\t\t\t}else{\n\t\t\t\t\t\t\trevapi1.revolution({\n\t\t\t\t\t\t\t\tsliderLayout:\"fullwidth\",\n\t\t\t\t\t\t\t\tvisibilityLevels:\"1240,1024,778,480\",\n\t\t\t\t\t\t\t\tgridwidth:1240,\n\t\t\t\t\t\t\t\tgridheight:630,\n\t\t\t\t\t\t\t\tperspective:600,\n\t\t\t\t\t\t\t\tperspectiveType:\"global\",\n\t\t\t\t\t\t\t\teditorheight:\"630,768,960,720\",\n\t\t\t\t\t\t\t\tresponsiveLevels:\"1240,1024,778,480\",\n\t\t\t\t\t\t\t\tprogressBar:{disableProgressBar:true},\n\t\t\t\t\t\t\t\tnavigation: {\n\t\t\t\t\t\t\t\t\tonHoverStop:false\n\t\t\t\t\t\t\t\t},\n\t\t\t\t\t\t\t\tfallbacks: {\n\t\t\t\t\t\t\t\t\tallowHTML5AutoPlayOnAndroid:true\n\t\t\t\t\t\t\t\t},\n\t\t\t\t\t\t\t});\n\t\t\t\t\t\t}\n\t\t\t\t\t\t\n\t\t\t\t\t});\n\t\t\t\t\t} \/\/ End of RevInitScript\n\t\t\t\tvar once_revslider11 = false;\n\t\t\t\tif (document.readyState === \"loading\") {document.addEventListener('readystatechange',function() { if((document.readyState === \"interactive\" || document.readyState === \"complete\") && !once_revslider11 ) { once_revslider11 = true; revinit_revslider11();}});} else {once_revslider11 = true; revinit_revslider11();}\n\t\t\t\t<\/script>\n\t\t\t<\/rs-module-wrap>\n\t\t\t<!-- END REVOLUTION SLIDER -->\n[\/vc_column][\/vc_row][vc_row equal_height=\u00bbyes\u00bb css=\u00bb.vc_custom_1569667778417{margin-bottom: 40px !important;padding-top: 0px !important;padding-bottom: 0px !important;}\u00bb el_class=\u00bbwith_shadow\u00bb][vc_column width=\u00bb1\/3&#8243; css=\u00bb.vc_custom_1570287846772{padding-top: 0px !important;padding-right: 0px !important;padding-bottom: 35px !important;padding-left: 0px !important;background-color: #fbfcfc !important;}\u00bb offset=\u00bbvc_col-lg-4 vc_col-md-4&#8243;][vc_custom_heading use_theme_fonts=\u00bb\u00bb text=\u00bbEL OBSERVATORIO\u00bb font_container=\u00bbtag:h4|font_size:18px|text_align:left|color:%23ffffff|line_height:64px\u00bb google_fonts=\u00bbfont_family:Lato%3A100%2C100italic%2C300%2C300italic%2Cregular%2Citalic%2C700%2C700italic%2C900%2C900italic|font_style:900%20bold%20regular%3A900%3Anormal\u00bb css=\u00bb.vc_custom_1695132049894{padding-right: 30px !important;padding-left: 30px !important;background-color: #432f73 !important;}\u00bb][vc_row_inner css=\u00bb.vc_custom_1570285276019{padding-top: 10px !important;padding-right: 35px !important;padding-bottom: 10px !important;padding-left: 35px !important;}\u00bb][vc_column_inner][vc_column_text]Convertirse en un centro de referencia regional e internacional que d\u00e9 sustento a la AUGM en la defensa y promoci\u00f3n de la Autonom\u00eda Universitaria\u00a0 ante los Estados, las redes y los espacios de articulaci\u00f3n de la internacionalizaci\u00f3n de la Educaci\u00f3n Superior, as\u00ed como la vinculaci\u00f3n de la plena vigencia de la Autonom\u00eda con el financiamiento y los presupuestos universitarios.[\/vc_column_text][cl_button text=\u00bbDESCRIPCI\u00d3N\u00bb link=\u00bbhttp:\/\/grupomontevideo.org\/observatorioautonomia\/el-observatorio\/\u00bb button_color=\u00bbalt\u00bb button_size=\u00bbsmall\u00bb button_style=\u00bbrounded\u00bb align=\u00bbleft\u00bb][\/vc_column_inner][\/vc_row_inner][\/vc_column][vc_column width=\u00bb1\/3&#8243; css=\u00bb.vc_custom_1570287855679{padding-top: 0px !important;padding-right: 0px !important;padding-bottom: 35px !important;padding-left: 0px !important;background-color: #ffffff !important;}\u00bb offset=\u00bbvc_col-lg-4 vc_col-md-4&#8243;][vc_custom_heading use_theme_fonts=\u00bb\u00bb text=\u00bbCOORDINACI\u00d3N OPERATIVA\u00bb font_container=\u00bbtag:h4|font_size:18px|text_align:left|color:%23ffffff|line_height:64px\u00bb google_fonts=\u00bbfont_family:Lato%3A100%2C100italic%2C300%2C300italic%2Cregular%2Citalic%2C700%2C700italic%2C900%2C900italic|font_style:900%20bold%20regular%3A900%3Anormal\u00bb css=\u00bb.vc_custom_1695132043104{padding-right: 30px !important;padding-left: 30px !important;background-color: #1e73be !important;}\u00bb][vc_row_inner css=\u00bb.vc_custom_1570285280859{padding-top: 10px !important;padding-right: 35px !important;padding-bottom: 10px !important;padding-left: 35px !important;}\u00bb][vc_column_inner][vc_column_text]La Coordinaci\u00f3n Operativa ser\u00e1 ejercida por: el o la funcionario\/a que se designe a tal fin por la Universidad Sede del Observatorio, dos integrantes del Grupo de Delegados Asesores (propuestos por dicho \u00f3rgano y designados por el Consejo de Rectores) y la Secretar\u00eda Ejecutiva.[\/vc_column_text][cl_button text=\u00bbEquipo\u00bb link=\u00bbhttp:\/\/grupomontevideo.org\/observatorioautonomia\/coordinacion-operativa\/\u00bb button_color=\u00bbalt\u00bb button_size=\u00bbsmall\u00bb button_style=\u00bbrounded\u00bb align=\u00bbleft\u00bb][\/vc_column_inner][\/vc_row_inner][\/vc_column][vc_column width=\u00bb1\/3&#8243; css=\u00bb.vc_custom_1613747424904{padding-top: 0px !important;padding-right: 0px !important;padding-bottom: 35px !important;padding-left: 0px !important;background-color: #ffffff !important;}\u00bb][vc_custom_heading use_theme_fonts=\u00bb\u00bb text=\u00bbCONSEJO DE DIRECCI\u00d3N\u00bb font_container=\u00bbtag:h4|font_size:18px|text_align:left|color:%23ffffff|line_height:64px\u00bb google_fonts=\u00bbfont_family:Lato%3A100%2C100italic%2C300%2C300italic%2Cregular%2Citalic%2C700%2C700italic%2C900%2C900italic|font_style:900%20bold%20regular%3A900%3Anormal\u00bb css=\u00bb.vc_custom_1695132057414{padding-right: 30px !important;padding-left: 30px !important;background-color: #5291d2 !important;}\u00bb][vc_row_inner css=\u00bb.vc_custom_1570285280859{padding-top: 10px !important;padding-right: 35px !important;padding-bottom: 10px !important;padding-left: 35px !important;}\u00bb][vc_column_inner][vc_column_text]El Consejo de Direcci\u00f3n estar\u00e1 integrado por un rector o rectora de las universidades Miembro de cada pa\u00eds, asistido por la Secretar\u00eda Ejecutiva y por el o la Coordinador\/a Operativo\/a del Observatorio. Qui\u00e9n ocupe la Presidencia de AUGM presidir\u00e1 este Consejo y ser\u00e1 el o la representante por su respectivo pa\u00eds. En tanto no se integre debidamente este \u00f3rgano, se constituye con la Presidencia y la Vicepresidencia de AUGM.[\/vc_column_text][cl_button text=\u00bbConsejeros\u00bb link=\u00bbhttp:\/\/grupomontevideo.org\/observatorioautonomia\/consejo-de-direccion\/\u00bb button_color=\u00bbalt\u00bb button_size=\u00bbsmall\u00bb button_style=\u00bbrounded\u00bb align=\u00bbleft\u00bb][\/vc_column_inner][\/vc_row_inner][\/vc_column][\/vc_row][vc_row][vc_column][cl_service_icon_center icon_type=\u00bbimage\u00bb image=\u00bb4007&#8243; title=\u00bbUNIVERSIDAD SEDE\u00bb subtitle_bool=\u00bbyes\u00bb subtitle=\u00bbUNIVERSIDADE FEDERAL DE MINAS GERAIS (UFMG)\u00bb]<strong>Rectora: Prof. Dra. Sandra Regina Goulart Almeida\u00a0 \/\/\u00a0\u00a0<\/strong><\/p>\n<p><strong>Coordinador del Observatorio designado por la UFMG: Prof. Aziz Tuffi Saliba <\/strong>[\/cl_service_icon_center][\/vc_column][\/vc_row][vc_row full_width=\u00bbstretch_row\u00bb css=\u00bb.vc_custom_1610540135237{padding-top: 100px !important;padding-bottom: 100px !important;background-image: url(http:\/\/grupomontevideo.org\/observatorioautonomia\/wp-content\/uploads\/2021\/01\/Titulosbg.jpg?id=3939) !important;}\u00bb][vc_column css=\u00bb.vc_custom_1570286166788{padding-right: 220px !important;padding-left: 220px !important;}\u00bb][vc_single_image image=\u00bb3936&#8243; alignment=\u00bbcenter\u00bb][vc_custom_heading text=\u00bbAUGM\u00bb font_container=\u00bbtag:h3|font_size:38px|text_align:center|color:%23ffffff\u00bb css=\u00bb.vc_custom_1613745348235{margin-bottom: 20px !important;}\u00bb][vc_custom_heading use_theme_fonts=\u00bb\u00bb text=\u00bbUn espacio acad\u00e9mico com\u00fan regional de cooperaci\u00f3n cient\u00edfica, tecnol\u00f3gica, educativa y cultural\u00bb font_container=\u00bbtag:div|font_size:18px|text_align:center|color:%23ffffff\u00bb google_fonts=\u00bbfont_family:Lato%3A100%2C100italic%2C300%2C300italic%2Cregular%2Citalic%2C700%2C700italic%2C900%2C900italic|font_style:400%20regular%3A400%3Anormal\u00bb css=\u00bb.vc_custom_1613995201715{margin-bottom: 40px !important;}\u00bb][cl_button text=\u00bbSITIO INSTITUCIONAL\u00bb link=\u00bbhttp:\/\/grupomontevideo.org\/\u00bb button_color=\u00bbnormal\u00bb button_size=\u00bbmedium\u00bb button_style=\u00bbsmall-radius\u00bb][\/vc_column][\/vc_row]<\/p>\n","protected":false},"excerpt":{"rendered":"<p>[vc_row full_width=\u00bbstretch_row_content\u00bb css=\u00bb.vc_custom_1570283111936{padding-top: 0px !important;padding-bottom: 0px !important;}\u00bb][vc_column][\/vc_column][\/vc_row][vc_row equal_height=\u00bbyes\u00bb css=\u00bb.vc_custom_1569667778417{margin-bottom: 40px !important;padding-top: 0px !important;padding-bottom: 0px !important;}\u00bb el_class=\u00bbwith_shadow\u00bb][vc_column width=\u00bb1\/3&#8243; css=\u00bb.vc_custom_1570287846772{padding-top: 0px !important;padding-right: 0px !important;padding-bottom: 35px !important;padding-left: 0px !important;background-color: #fbfcfc !important;}\u00bb offset=\u00bbvc_col-lg-4 vc_col-md-4&#8243;][vc_custom_heading use_theme_fonts=\u00bb\u00bb text=\u00bbEL OBSERVATORIO\u00bb font_container=\u00bbtag:h4|font_size:18px|text_align:left|color:%23ffffff|line_height:64px\u00bb google_fonts=\u00bbfont_family:Lato%3A100%2C100italic%2C300%2C300italic%2Cregular%2Citalic%2C700%2C700italic%2C900%2C900italic|font_style:900%20bold%20regular%3A900%3Anormal\u00bb css=\u00bb.vc_custom_1695132049894{padding-right: 30px !important;padding-left: 30px !important;background-color: [&hellip;]<\/p>\n","protected":false},"author":1,"featured_media":0,"parent":0,"menu_order":0,"comment_status":"closed","ping_status":"closed","template":"","meta":{"footnotes":""},"class_list":["post-3891","page","type-page","status-publish","hentry"],"_links":{"self":[{"href":"https:\/\/grupomontevideo.org\/observatorioautonomia\/wp-json\/wp\/v2\/pages\/3891","targetHints":{"allow":["GET"]}}],"collection":[{"href":"https:\/\/grupomontevideo.org\/observatorioautonomia\/wp-json\/wp\/v2\/pages"}],"about":[{"href":"https:\/\/grupomontevideo.org\/observatorioautonomia\/wp-json\/wp\/v2\/types\/page"}],"author":[{"embeddable":true,"href":"https:\/\/grupomontevideo.org\/observatorioautonomia\/wp-json\/wp\/v2\/users\/1"}],"replies":[{"embeddable":true,"href":"https:\/\/grupomontevideo.org\/observatorioautonomia\/wp-json\/wp\/v2\/comments?post=3891"}],"version-history":[{"count":47,"href":"https:\/\/grupomontevideo.org\/observatorioautonomia\/wp-json\/wp\/v2\/pages\/3891\/revisions"}],"predecessor-version":[{"id":4082,"href":"https:\/\/grupomontevideo.org\/observatorioautonomia\/wp-json\/wp\/v2\/pages\/3891\/revisions\/4082"}],"wp:attachment":[{"href":"https:\/\/grupomontevideo.org\/observatorioautonomia\/wp-json\/wp\/v2\/media?parent=3891"}],"curies":[{"name":"wp","href":"https:\/\/api.w.org\/{rel}","templated":true}]}}