{"id":179,"date":"2019-09-29T11:25:40","date_gmt":"2019-09-29T11:25:40","guid":{"rendered":"https:\/\/codeless.co\/regn\/medical\/?page_id=179"},"modified":"2023-03-27T18:33:15","modified_gmt":"2023-03-27T18:33:15","slug":"coordinacion-operativa","status":"publish","type":"page","link":"https:\/\/grupomontevideo.org\/observatorioautonomia\/coordinacion-operativa\/","title":{"rendered":"Coordinaci\u00f3n operativa"},"content":{"rendered":"\r\n<p><img loading=\"lazy\" decoding=\"async\" class=\"size-full wp-image-3925 alignright\" src=\"http:\/\/grupomontevideo.org\/observatorioautonomia\/wp-content\/uploads\/2021\/01\/logo1.jpg\" alt=\"\" width=\"293\" height=\"293\" \/>La Coordinaci\u00f3n Operativa ser\u00e1 ejercida por el o la funcionario\/a que designe la Universidad Sede, dos integrantes del Grupo de Delegados Asesores propuestos por dicho \u00f3rgano y designados por el Consejo de Rectores, y la Secretar\u00eda Ejecutiva.<\/p>\r\n<p><br \/><span style=\"color: #000000;\">La Coordinaci\u00f3n Operativa est\u00e1 conformada por:<\/span><\/p>\r\n<p>Funcionario designado por la Universidad Sede (UFMG)<br \/><span style=\"color: #000000;\">Prog. Aziz Tuffi Saliba<\/span><br \/>Universidade Federal de Minas Gerais<\/p>\r\n<p>Integrantes del Grupo de Delegados Asesores:<br \/>&#8211; Dra. Larisa Carrera<br \/>\u00a0 Delegado Asesor de la Universidad Nacional del Litoral<br \/>&#8211; <span style=\"color: #000000;\">Profa. Cecilia Arriagada Correa<\/span><br \/>\u00a0 Delegada Asesora de la Universidad de Playa Ancha<\/p>\r\n<p>Secretar\u00eda Ejecutiva de AUGM<br \/><br \/><\/p>\r\n","protected":false},"excerpt":{"rendered":"<p>La Coordinaci\u00f3n Operativa ser\u00e1 ejercida por el o la funcionario\/a que designe la Universidad Sede, dos integrantes del Grupo de Delegados Asesores propuestos por dicho \u00f3rgano y designados por el Consejo de Rectores, y la Secretar\u00eda Ejecutiva. La Coordinaci\u00f3n Operativa [&hellip;]<\/p>\n","protected":false},"author":1,"featured_media":0,"parent":0,"menu_order":0,"comment_status":"closed","ping_status":"closed","template":"","meta":{"footnotes":""},"class_list":["post-179","page","type-page","status-publish","hentry"],"_links":{"self":[{"href":"https:\/\/grupomontevideo.org\/observatorioautonomia\/wp-json\/wp\/v2\/pages\/179","targetHints":{"allow":["GET"]}}],"collection":[{"href":"https:\/\/grupomontevideo.org\/observatorioautonomia\/wp-json\/wp\/v2\/pages"}],"about":[{"href":"https:\/\/grupomontevideo.org\/observatorioautonomia\/wp-json\/wp\/v2\/types\/page"}],"author":[{"embeddable":true,"href":"https:\/\/grupomontevideo.org\/observatorioautonomia\/wp-json\/wp\/v2\/users\/1"}],"replies":[{"embeddable":true,"href":"https:\/\/grupomontevideo.org\/observatorioautonomia\/wp-json\/wp\/v2\/comments?post=179"}],"version-history":[{"count":19,"href":"https:\/\/grupomontevideo.org\/observatorioautonomia\/wp-json\/wp\/v2\/pages\/179\/revisions"}],"predecessor-version":[{"id":4076,"href":"https:\/\/grupomontevideo.org\/observatorioautonomia\/wp-json\/wp\/v2\/pages\/179\/revisions\/4076"}],"wp:attachment":[{"href":"https:\/\/grupomontevideo.org\/observatorioautonomia\/wp-json\/wp\/v2\/media?parent=179"}],"curies":[{"name":"wp","href":"https:\/\/api.w.org\/{rel}","templated":true}]}}