{"id":67,"date":"2018-04-04T19:34:28","date_gmt":"2018-04-04T19:34:28","guid":{"rendered":"http:\/\/grupomontevideo.org\/ndca\/caagroalimentario\/?page_id=67"},"modified":"2025-11-21T11:37:37","modified_gmt":"2025-11-21T11:37:37","slug":"objetivos-2","status":"publish","type":"page","link":"https:\/\/grupomontevideo.org\/ndca\/redreu\/?page_id=67","title":{"rendered":"REVISTAS MIEMBRO"},"content":{"rendered":"<p>La REDREU est\u00e1 integrada 32 revistas de extensi\u00f3n (7 de Argentina, 17 de Brasil, 1 de Chile, 1 de Costa Rica, 1 de Espa\u00f1a, 1 de Honduras, 1 de Nicaragua, 1 de Paraguay y 2 de Uruguay).<\/p>\n<p><span style=\"font-weight: 400;\">Puede descargar el listado completo desde <\/span><a href=\"https:\/\/grupomontevideo.org\/ndca\/redreu\/wp-content\/uploads\/2025\/10\/LISTADO-DE-REVISTAS-ADHERIDAS-AL-30-DE-AGOSTO-DE-2025.pdf\"><span style=\"font-weight: 400;\">aqu\u00ed<\/span><\/a> <span style=\"font-weight: 400;\">o geolocalizar las revistas en el mapa<\/span><\/p>\n<p><iframe loading=\"lazy\" src=\"https:\/\/www.google.com\/maps\/d\/embed?mid=1sWKjt1O9RPonoK8jxWZlXgkvtpmNZUv7\" width=\"640\" height=\"480\"><\/iframe><\/p>\n","protected":false},"excerpt":{"rendered":"<p>La REDREU est\u00e1 integrada 32 revistas de extensi\u00f3n (7 de Argentina, 17 de Brasil, 1 de Chile, 1 de Costa Rica, 1 de Espa\u00f1a, 1&#8230;<\/p>\n","protected":false},"author":1,"featured_media":0,"parent":0,"menu_order":0,"comment_status":"closed","ping_status":"closed","template":"","meta":{"footnotes":""},"class_list":["post-67","page","type-page","status-publish","hentry"],"_links":{"self":[{"href":"https:\/\/grupomontevideo.org\/ndca\/redreu\/index.php?rest_route=\/wp\/v2\/pages\/67","targetHints":{"allow":["GET"]}}],"collection":[{"href":"https:\/\/grupomontevideo.org\/ndca\/redreu\/index.php?rest_route=\/wp\/v2\/pages"}],"about":[{"href":"https:\/\/grupomontevideo.org\/ndca\/redreu\/index.php?rest_route=\/wp\/v2\/types\/page"}],"author":[{"embeddable":true,"href":"https:\/\/grupomontevideo.org\/ndca\/redreu\/index.php?rest_route=\/wp\/v2\/users\/1"}],"replies":[{"embeddable":true,"href":"https:\/\/grupomontevideo.org\/ndca\/redreu\/index.php?rest_route=%2Fwp%2Fv2%2Fcomments&post=67"}],"version-history":[{"count":18,"href":"https:\/\/grupomontevideo.org\/ndca\/redreu\/index.php?rest_route=\/wp\/v2\/pages\/67\/revisions"}],"predecessor-version":[{"id":468,"href":"https:\/\/grupomontevideo.org\/ndca\/redreu\/index.php?rest_route=\/wp\/v2\/pages\/67\/revisions\/468"}],"wp:attachment":[{"href":"https:\/\/grupomontevideo.org\/ndca\/redreu\/index.php?rest_route=%2Fwp%2Fv2%2Fmedia&parent=67"}],"curies":[{"name":"wp","href":"https:\/\/api.w.org\/{rel}","templated":true}]}}