{"id":442,"date":"2024-11-21T19:16:06","date_gmt":"2024-11-21T19:16:06","guid":{"rendered":"https:\/\/grupomontevideo.org\/ndca\/redreu\/?page_id=442"},"modified":"2024-11-21T22:15:45","modified_gmt":"2024-11-21T22:15:45","slug":"coordinacion-redreu","status":"publish","type":"page","link":"https:\/\/grupomontevideo.org\/ndca\/redreu\/?page_id=442","title":{"rendered":"Coordinaci\u00f3n REDREU"},"content":{"rendered":"<p><strong>Eugenia Villarmarzo (per\u00edodo 2024-2026)<\/strong><br \/>\nRevista Integralidad Sobre Ruedas, Universidad de la Rep\u00fablica, Uruguay.<br \/>\nrevistaintegralidad@gmail.com<\/p>\n<p><strong>Cecilia Iucci (per\u00edodos 2020-2022 \/2022-2024)<\/strong><br \/>\n+E:Revista de Extensi\u00f3n Universitaria. Universidad Nacional del Litoral, Argentina.<\/p>\n<p><span style=\"color: #008080;\">Contacto: redreu@grupomontevideo.org<\/span><\/p>\n","protected":false},"excerpt":{"rendered":"<p>Eugenia Villarmarzo (per\u00edodo 2024-2026) Revista Integralidad Sobre Ruedas, Universidad de la Rep\u00fablica, Uruguay. revistaintegralidad@gmail.com Cecilia Iucci (per\u00edodos 2020-2022 \/2022-2024) +E:Revista de Extensi\u00f3n Universitaria. Universidad Nacional&#8230;<\/p>\n","protected":false},"author":1,"featured_media":0,"parent":0,"menu_order":0,"comment_status":"closed","ping_status":"closed","template":"","meta":{"footnotes":""},"class_list":["post-442","page","type-page","status-publish","hentry"],"_links":{"self":[{"href":"https:\/\/grupomontevideo.org\/ndca\/redreu\/index.php?rest_route=\/wp\/v2\/pages\/442","targetHints":{"allow":["GET"]}}],"collection":[{"href":"https:\/\/grupomontevideo.org\/ndca\/redreu\/index.php?rest_route=\/wp\/v2\/pages"}],"about":[{"href":"https:\/\/grupomontevideo.org\/ndca\/redreu\/index.php?rest_route=\/wp\/v2\/types\/page"}],"author":[{"embeddable":true,"href":"https:\/\/grupomontevideo.org\/ndca\/redreu\/index.php?rest_route=\/wp\/v2\/users\/1"}],"replies":[{"embeddable":true,"href":"https:\/\/grupomontevideo.org\/ndca\/redreu\/index.php?rest_route=%2Fwp%2Fv2%2Fcomments&post=442"}],"version-history":[{"count":12,"href":"https:\/\/grupomontevideo.org\/ndca\/redreu\/index.php?rest_route=\/wp\/v2\/pages\/442\/revisions"}],"predecessor-version":[{"id":459,"href":"https:\/\/grupomontevideo.org\/ndca\/redreu\/index.php?rest_route=\/wp\/v2\/pages\/442\/revisions\/459"}],"wp:attachment":[{"href":"https:\/\/grupomontevideo.org\/ndca\/redreu\/index.php?rest_route=%2Fwp%2Fv2%2Fmedia&parent=442"}],"curies":[{"name":"wp","href":"https:\/\/api.w.org\/{rel}","templated":true}]}}