{"id":255,"date":"2021-04-27T16:29:51","date_gmt":"2021-04-27T16:29:51","guid":{"rendered":"http:\/\/grupomontevideo.org\/ndca\/redeu\/?page_id=255"},"modified":"2022-03-17T12:40:33","modified_gmt":"2022-03-17T12:40:33","slug":"informes","status":"publish","type":"page","link":"https:\/\/grupomontevideo.org\/ndca\/redreu\/?page_id=255","title":{"rendered":"INFORMES"},"content":{"rendered":"<p><a href=\"https:\/\/bibliotecavirtual.unl.edu.ar:8443\/handle\/11185\/5728\"><strong>Informe sobre el relevamiento: \u00ab<em>Perfiles, capacidades e intereses de las revistas de extensi\u00f3n<\/em>\u201d<\/strong><\/a><\/p>\n<p style=\"text-align: justify;\">El presente Informe es producto del primer relevamiento sobre Perfiles, capacidades e intereses de las revistas de extensi\u00f3n inscriptas en la Red de Editores de Revistas de Extensi\u00f3n Universitaria (REDREU) nucleada en la Comisi\u00f3n Permanente de Extensi\u00f3n Universitaria de la Asociaci\u00f3n de Universidades del Grupo Montevideo (AUGM). El relevamiento se dise\u00f1\u00f3 bajo un formulario de Google en base a un cuestionario con respuestas estandarizadas y abiertas. Fue contestado por 34 revistas que conforman REDREU y gir\u00f3 sobre 7 ejes: datos generales de las revistas, perfil editorial, escritura acad\u00e9mica, comunicaci\u00f3n y visibilizaci\u00f3n; aportes de las revistas a la extensi\u00f3n, principales problemas editoriales y propuestas para los espacios de discusi\u00f3n. El Informe enfatiza sobre las cuestiones generales que hacen al desempe\u00f1o y desaf\u00edos de las revistas de extensi\u00f3n.<\/p>\n<p>&nbsp;<\/p>\n","protected":false},"excerpt":{"rendered":"<p>Informe sobre el relevamiento: \u00abPerfiles, capacidades e intereses de las revistas de extensi\u00f3n\u201d El presente Informe es producto del primer relevamiento sobre Perfiles, capacidades e&#8230;<\/p>\n","protected":false},"author":1,"featured_media":0,"parent":0,"menu_order":0,"comment_status":"closed","ping_status":"closed","template":"","meta":{"footnotes":""},"class_list":["post-255","page","type-page","status-publish","hentry"],"_links":{"self":[{"href":"https:\/\/grupomontevideo.org\/ndca\/redreu\/index.php?rest_route=\/wp\/v2\/pages\/255","targetHints":{"allow":["GET"]}}],"collection":[{"href":"https:\/\/grupomontevideo.org\/ndca\/redreu\/index.php?rest_route=\/wp\/v2\/pages"}],"about":[{"href":"https:\/\/grupomontevideo.org\/ndca\/redreu\/index.php?rest_route=\/wp\/v2\/types\/page"}],"author":[{"embeddable":true,"href":"https:\/\/grupomontevideo.org\/ndca\/redreu\/index.php?rest_route=\/wp\/v2\/users\/1"}],"replies":[{"embeddable":true,"href":"https:\/\/grupomontevideo.org\/ndca\/redreu\/index.php?rest_route=%2Fwp%2Fv2%2Fcomments&post=255"}],"version-history":[{"count":5,"href":"https:\/\/grupomontevideo.org\/ndca\/redreu\/index.php?rest_route=\/wp\/v2\/pages\/255\/revisions"}],"predecessor-version":[{"id":336,"href":"https:\/\/grupomontevideo.org\/ndca\/redreu\/index.php?rest_route=\/wp\/v2\/pages\/255\/revisions\/336"}],"wp:attachment":[{"href":"https:\/\/grupomontevideo.org\/ndca\/redreu\/index.php?rest_route=%2Fwp%2Fv2%2Fmedia&parent=255"}],"curies":[{"name":"wp","href":"https:\/\/api.w.org\/{rel}","templated":true}]}}