{"id":16,"date":"2015-12-04T19:36:59","date_gmt":"2015-12-04T19:36:59","guid":{"rendered":"http:\/\/grupomontevideo.org\/ndca\/caagroalimentario\/?page_id=16"},"modified":"2024-09-20T13:22:26","modified_gmt":"2024-09-20T13:22:26","slug":"integrantes","status":"publish","type":"page","link":"https:\/\/grupomontevideo.org\/ndca\/redreu\/?page_id=16","title":{"rendered":"REVISORES\/AS"},"content":{"rendered":"<p>El Banco Com\u00fan de Revisores\/as incluye a docentes que cumplen con los siguientes requisitos:<\/p>\n<ul>\n<li>Expertos\/as en una problem\u00e1tica, disciplina o \u00e1rea de conocimiento o en una l\u00ednea de gesti\u00f3n de extensi\u00f3n;<\/li>\n<li>Experiencia o conocimiento sobre extensi\u00f3n universitaria.<\/li>\n<li>Haber publicado en revistas peri\u00f3dicas (o ser del equipo editorial de las mismas)<br \/>\n<hr \/>\n<\/li>\n<\/ul>\n<p style=\"text-align: center;\"><strong>VER EL BANCO COM\u00daN DE REVISORES\/AS <a href=\"https:\/\/grupomontevideo.org\/ndca\/redreu\/wp-content\/uploads\/2024\/09\/BANCO-COMUN-DE-REVISORES-Agosto-2024.pdf\">AQU\u00cd<\/a><\/strong><\/p>\n<hr \/>\n<p style=\"text-align: center;\">\n","protected":false},"excerpt":{"rendered":"<p>El Banco Com\u00fan de Revisores\/as incluye a docentes que cumplen con los siguientes requisitos: Expertos\/as en una problem\u00e1tica, disciplina o \u00e1rea de conocimiento o en&#8230;<\/p>\n","protected":false},"author":1,"featured_media":0,"parent":0,"menu_order":0,"comment_status":"closed","ping_status":"closed","template":"","meta":{"footnotes":""},"class_list":["post-16","page","type-page","status-publish","hentry"],"_links":{"self":[{"href":"https:\/\/grupomontevideo.org\/ndca\/redreu\/index.php?rest_route=\/wp\/v2\/pages\/16","targetHints":{"allow":["GET"]}}],"collection":[{"href":"https:\/\/grupomontevideo.org\/ndca\/redreu\/index.php?rest_route=\/wp\/v2\/pages"}],"about":[{"href":"https:\/\/grupomontevideo.org\/ndca\/redreu\/index.php?rest_route=\/wp\/v2\/types\/page"}],"author":[{"embeddable":true,"href":"https:\/\/grupomontevideo.org\/ndca\/redreu\/index.php?rest_route=\/wp\/v2\/users\/1"}],"replies":[{"embeddable":true,"href":"https:\/\/grupomontevideo.org\/ndca\/redreu\/index.php?rest_route=%2Fwp%2Fv2%2Fcomments&post=16"}],"version-history":[{"count":101,"href":"https:\/\/grupomontevideo.org\/ndca\/redreu\/index.php?rest_route=\/wp\/v2\/pages\/16\/revisions"}],"predecessor-version":[{"id":434,"href":"https:\/\/grupomontevideo.org\/ndca\/redreu\/index.php?rest_route=\/wp\/v2\/pages\/16\/revisions\/434"}],"wp:attachment":[{"href":"https:\/\/grupomontevideo.org\/ndca\/redreu\/index.php?rest_route=%2Fwp%2Fv2%2Fmedia&parent=16"}],"curies":[{"name":"wp","href":"https:\/\/api.w.org\/{rel}","templated":true}]}}