{"id":18,"date":"2015-12-04T19:37:06","date_gmt":"2015-12-04T19:37:06","guid":{"rendered":"http:\/\/grupomontevideo.org\/ndca\/caagroalimentario\/?page_id=18"},"modified":"2025-02-20T19:54:12","modified_gmt":"2025-02-20T19:54:12","slug":"objetivos","status":"publish","type":"page","link":"https:\/\/grupomontevideo.org\/ndca\/ndvirologiamolecular\/?page_id=18","title":{"rendered":"OBJETIVOS"},"content":{"rendered":"<p>Este n\u00facleo se ha trazado como objetivo principal desarrollar un \u00e1rea tem\u00e1tica de particular relevancia estrat\u00e9gica para la regi\u00f3n. Para ello ha encarado una vasta cooperaci\u00f3n entre docentes e investigadores de las diferentes universidades de la AUGM, organizando cursos modulares de car\u00e1cter itinerante entre universidades de los cuatro pa\u00edses, sobre temas tales como los \u201cvirus emergentes\u201d o los vectores virales para la expresi\u00f3n de genes clonados\u201d con la participaci\u00f3n de destacados docentes externos al Grupo. Especial \u00e9nfasis se ha puesto en el intercambio de estudiantes o j\u00f3venes investigadores para la realizaci\u00f3n de cursos o pasant\u00edas con el fin de llevar adelante tareas de investigaci\u00f3n, trabajos de tesis de posgrado o identificaci\u00f3n de temas de inter\u00e9s com\u00fan.[:pt]OBJETIVO DEL COMIT\u00c9<br \/>\nCrear un foro de intercambio y gesti\u00f3n de conocimientos vinculados al sector<br \/>\nagroalimentario (desde la producci\u00f3n hasta el consumidor), interdisciplinario,<br \/>\ninterinstitucional e intersectorial, que fortalezca la planificaci\u00f3n y gesti\u00f3n de<br \/>\npol\u00edticas y programas de desarrollo sostenible en Am\u00e9rica Latina.<\/p>\n<p>DESCARGUE PDF:\u00a0<a href=\"http:\/\/grupomontevideo.org\/ndca\/caagroalimentario\/wp-content\/uploads\/2013\/10\/Objetivos-y-Fundamentaci\u00f3n.pdf\">Objetivos y Fundamentaci\u00f3n<\/a><\/p>\n","protected":false},"excerpt":{"rendered":"<p>Este n\u00facleo se ha trazado como objetivo principal desarrollar un \u00e1rea tem\u00e1tica de particular relevancia estrat\u00e9gica para la regi\u00f3n. Para ello ha encarado una vasta&#8230;<\/p>\n","protected":false},"author":1,"featured_media":0,"parent":0,"menu_order":0,"comment_status":"closed","ping_status":"closed","template":"","meta":{"footnotes":""},"class_list":["post-18","page","type-page","status-publish","hentry"],"_links":{"self":[{"href":"https:\/\/grupomontevideo.org\/ndca\/ndvirologiamolecular\/index.php?rest_route=\/wp\/v2\/pages\/18","targetHints":{"allow":["GET"]}}],"collection":[{"href":"https:\/\/grupomontevideo.org\/ndca\/ndvirologiamolecular\/index.php?rest_route=\/wp\/v2\/pages"}],"about":[{"href":"https:\/\/grupomontevideo.org\/ndca\/ndvirologiamolecular\/index.php?rest_route=\/wp\/v2\/types\/page"}],"author":[{"embeddable":true,"href":"https:\/\/grupomontevideo.org\/ndca\/ndvirologiamolecular\/index.php?rest_route=\/wp\/v2\/users\/1"}],"replies":[{"embeddable":true,"href":"https:\/\/grupomontevideo.org\/ndca\/ndvirologiamolecular\/index.php?rest_route=%2Fwp%2Fv2%2Fcomments&post=18"}],"version-history":[{"count":6,"href":"https:\/\/grupomontevideo.org\/ndca\/ndvirologiamolecular\/index.php?rest_route=\/wp\/v2\/pages\/18\/revisions"}],"predecessor-version":[{"id":184,"href":"https:\/\/grupomontevideo.org\/ndca\/ndvirologiamolecular\/index.php?rest_route=\/wp\/v2\/pages\/18\/revisions\/184"}],"wp:attachment":[{"href":"https:\/\/grupomontevideo.org\/ndca\/ndvirologiamolecular\/index.php?rest_route=%2Fwp%2Fv2%2Fmedia&parent=18"}],"curies":[{"name":"wp","href":"https:\/\/api.w.org\/{rel}","templated":true}]}}