{"id":16,"date":"2015-12-04T19:36:59","date_gmt":"2015-12-04T19:36:59","guid":{"rendered":"http:\/\/grupomontevideo.org\/ndca\/caagroalimentario\/?page_id=16"},"modified":"2026-03-31T00:13:25","modified_gmt":"2026-03-31T00:13:25","slug":"integrantes","status":"publish","type":"page","link":"https:\/\/grupomontevideo.org\/ndca\/ndvirologiamolecular\/?page_id=16","title":{"rendered":"INTEGRANTES"},"content":{"rendered":"<p><strong><em>Coordinado por la Universidad Nacional de C\u00f3rdoba, Argentina:<\/em><br \/>\n<a href=\"mailto:vivianare@fcm.unc.edu.ar\">Viviana R\u00e9<\/a><br \/>\n<\/strong><\/p>\n<p><em><strong>Coordinaci\u00f3n alterna Universidad Nacional de Rosario, Argentina:<br \/>\n<a href=\"mailto:ebolatti@fbioyf.unr.edu.ar\">Elisa Bolatti<\/a><br \/>\n<\/strong><\/em><\/p>\n<hr \/>\n<p><strong><br \/>\nARGENTINA:<\/strong><\/p>\n<p><strong>UNAHUR:<br \/>\n<\/strong><a href=\"mailto:juan.carballeda@unahur.edu.ar\">Juan Carballeda<\/a><strong> &#8211; <\/strong>Designado 21.05.25<br \/>\n<strong><br \/>\nUBA:<\/strong><br \/>\n<a href=\"mailto:caro.torr@gmail.com\">Caroliona Torres<\/a> &#8211; Designada 04.09.24<\/p>\n<p><strong><strong>UNC:<\/strong><\/strong><br \/>\n<a href=\"mailto:vivianare@fcm.unc.edu.ar\">Viviana Re<\/a> &#8211; Ratificada 22.06.23<\/p>\n<p><strong>UNCuyo:<br \/>\n<\/strong><a href=\"mailto:sgarcia@fca.uncu.edu.ar;garcialampasona@gmail.com\">Sandra Garc\u00eda Lampasona\u00a0<\/a> &#8211; Ratificada 23.05.23<br \/>\n<a href=\"mailto:ldelgui@uncu.edu.ar\">Laura Delgui<\/a> &#8211; Designada 23.05.23<\/p>\n<p><strong>UNL:<\/strong><br \/>\n<a href=\"mailto:marcastaneira03@hotmail.com\">Mariana Casta\u00f1eira<\/a> &#8211; Ratificada 08.11.22<br \/>\n<a href=\"mailto:vgioria@fbcb.unl.edu.ar\">Ver\u00f3nica Gioria<\/a> &#8211; Ratificada 08.11.22<\/p>\n<p><strong>UNLP:<\/strong><br \/>\n<a href=\"mailto:solserena2000@fcv.unlp.edu.ar\">Maria Soledad Serena<\/a> &#8211; Designado 28.11.24<br \/>\n<a href=\"mailto:marcotizzano@yahoo.com.ar\">Marco Antonio Tizzano<\/a> &#8211; Designado 28.11.24<\/p>\n<p><strong>UNNE:<br \/>\n<\/strong><a href=\"mailto:andinogm12@hotmail.com;andinog2001@yahoo.com.ar\">Gerardo Andino<\/a> &#8211; Designado 21.06.23<\/p>\n<p><strong>UNQ:<br \/>\n<\/strong><a href=\"mailto:sangoni@gmail.com\">Sandra Go\u00f1i<\/a> &#8211; Designada 29.10.19<\/p>\n<p><strong>UNR:<\/strong><br \/>\n<a href=\"mailto:ebolatti@fbioyf.unr.edu.ar\">Elisa Bolatti<\/a> &#8211; Ratificada 25.08.25<br \/>\n<a href=\"mailto:gperez@fbioyf.unr.edu.ar\">Germ\u00e1n P\u00e9rez<\/a> &#8211; Ratificado 25.08.25<\/p>\n<p><strong>UNT:<\/strong><br \/>\n<a href=\"mailto:maria.vizosopinto@fbqf.unt.edu.ar\">Ma Guadalupe Vizoso<\/a> &#8211; Designada 04.07.25<\/p>\n<p><strong><br \/>\nBOLIVIA:<\/strong><\/p>\n<p><strong>UMSA:<\/strong><br \/>\n<a href=\"mailto:anethvasquez@yahoo.es;anethvasquez@gmail.com\">Aneth Vasquez Michel<\/a> &#8211; Designada junio 2018<\/p>\n<p><strong>UMSS:<\/strong><br \/>\n<a href=\"mailto:nattalytorrico@gmail.com\">Nattaly Torrico Quinteros<\/a><br \/>\n<a href=\"mailto:p. surriabre@umss. edu\">Pedro Eduardo Surriabre Dick<\/a><\/p>\n<p><strong>USFX:<\/strong><br \/>\n<a href=\"mailto:cecilia.oquendo@usfx.bo\">Cecilia Alejandra Oquendo L\u00f3pez<\/a> &#8211; Designada 14.09.21<\/p>\n<p><strong><br \/>\nBRASIL:<\/strong><\/p>\n<p><strong>UFG:<\/strong><br \/>\n<a href=\"mailto:menira@ufg.br\">Menira Borges de Lima Dias<\/a> &#8211; Designada 23.08.23<br \/>\n<a href=\"mailto:fabiola@ufg.br\">Fab\u00edola Souza Fiaccadori<\/a> &#8211; Designada 23.08.23<\/p>\n<p><strong>UFMG:<\/strong><br \/>\n<a href=\"mailto:fdafonseca@icb.ufmg.br\">Fl\u00e1vio Guimar\u00e3es da Fonseca<\/a> &#8211; Designado 28.07.20<\/p>\n<p><strong>UFPR:<\/strong><br \/>\n<a href=\"mailto:merobnog@subsede.ufpr.br?cc=virologi@ufpr.br\">Meri Bordignon Nogueira<\/a><\/p>\n<p><strong>UFSC:<br \/>\n<\/strong><a href=\"mailto:aguinaldo.pinto@ufsc.br\">Aguinaldo Roberto Pinto<\/a> &#8211; Ratificado 06.06.18<\/p>\n<p><strong>UFSCar:<\/strong><br \/>\n<a href=\"mailto:caiofreire@ufscar.br\">Caio Cesar de Melo Freire<\/a> &#8211; Designado 14.09.21<br \/>\n<a href=\"mailto:dulce@ufscar.br\">Dulce Helena Ferreira de Souza<\/a> &#8211; Designada 14.09.21<\/p>\n<p><strong>UNESP:<\/strong><br \/>\n<a href=\"mailto:jpessoa@ibb.unesp.br?cc=microimunologia@ibb.unesp.br\">Jo\u00e3o Pessoa Ara\u00fajo Jr.<\/a><\/p>\n<p><strong>UNICAMP:<br \/>\n<\/strong><a href=\"mailto:clarns@gmail.com?cc=arns@unicamp.br\">Clarice Weis Arns<\/a>\u00a0&#8211;\u00a0Designada 16.05.12<\/p>\n<p><strong>CHILE:<\/strong><\/p>\n<p><strong>UChile:<br \/>\n<\/strong><a href=\"mailto:agaggero@uchile.cl\">Aldo Gaggero<\/a> &#8211; Ratificado 05.08.22<\/p>\n<p><strong>USACH:<\/strong><br \/>\n<a href=\"mailto:milena.cotoras@usach.cl\">Milena Cotoras<\/a> &#8211; Designada 01.07.25<\/p>\n<p><strong><br \/>\nPARAGUAY:<\/strong><\/p>\n<p><strong>UNA:<\/strong><br \/>\n<a href=\"mailto:lauramendozatorres@gmail.com;lauramt@rpm.fmrp.usp.br\">Laura Mendoza Torres<\/a> &#8211; Ratificada 23.07.20<br \/>\n<a href=\"mailto:phsotelo@qui.una.py\">Pablo Hern\u00e1n Sotelo<\/a> &#8211; Designado 14.06.23<\/p>\n<p><strong>UNE:<\/strong><br \/>\n<a href=\"mailto:ar.vargasc@hotmail.com\">Arturo Vargas<\/a> &#8211; Designado 19.04.21<\/p>\n<p><strong>URUGUAY:<\/strong><\/p>\n<p><strong>UdelaR:<\/strong><br \/>\n<a href=\"mailto:jarbiza@fcien.edu.uy?cc=arbiza@fcien.edu.uy\">Juan Ram\u00f3n Arbiza<\/a><br \/>\n<a href=\"mailto:adriana@fcien.edu.uy\">Adriana Delfraro<\/a><\/p>\n<p>&nbsp;<\/p>\n","protected":false},"excerpt":{"rendered":"<p>Coordinado por la Universidad Nacional de C\u00f3rdoba, Argentina: Viviana R\u00e9 Coordinaci\u00f3n alterna Universidad Nacional de Rosario, Argentina: Elisa Bolatti ARGENTINA: UNAHUR: Juan Carballeda &#8211; Designado&#8230;<\/p>\n","protected":false},"author":1,"featured_media":0,"parent":0,"menu_order":0,"comment_status":"closed","ping_status":"closed","template":"","meta":{"footnotes":""},"class_list":["post-16","page","type-page","status-publish","hentry"],"_links":{"self":[{"href":"https:\/\/grupomontevideo.org\/ndca\/ndvirologiamolecular\/index.php?rest_route=\/wp\/v2\/pages\/16","targetHints":{"allow":["GET"]}}],"collection":[{"href":"https:\/\/grupomontevideo.org\/ndca\/ndvirologiamolecular\/index.php?rest_route=\/wp\/v2\/pages"}],"about":[{"href":"https:\/\/grupomontevideo.org\/ndca\/ndvirologiamolecular\/index.php?rest_route=\/wp\/v2\/types\/page"}],"author":[{"embeddable":true,"href":"https:\/\/grupomontevideo.org\/ndca\/ndvirologiamolecular\/index.php?rest_route=\/wp\/v2\/users\/1"}],"replies":[{"embeddable":true,"href":"https:\/\/grupomontevideo.org\/ndca\/ndvirologiamolecular\/index.php?rest_route=%2Fwp%2Fv2%2Fcomments&post=16"}],"version-history":[{"count":70,"href":"https:\/\/grupomontevideo.org\/ndca\/ndvirologiamolecular\/index.php?rest_route=\/wp\/v2\/pages\/16\/revisions"}],"predecessor-version":[{"id":201,"href":"https:\/\/grupomontevideo.org\/ndca\/ndvirologiamolecular\/index.php?rest_route=\/wp\/v2\/pages\/16\/revisions\/201"}],"wp:attachment":[{"href":"https:\/\/grupomontevideo.org\/ndca\/ndvirologiamolecular\/index.php?rest_route=%2Fwp%2Fv2%2Fmedia&parent=16"}],"curies":[{"name":"wp","href":"https:\/\/api.w.org\/{rel}","templated":true}]}}