{"id":14,"date":"2015-12-04T19:36:50","date_gmt":"2015-12-04T19:36:50","guid":{"rendered":"http:\/\/grupomontevideo.org\/ndca\/caagroalimentario\/?page_id=14"},"modified":"2025-12-11T17:56:03","modified_gmt":"2025-12-11T17:56:03","slug":"actas-de-reunion","status":"publish","type":"page","link":"https:\/\/grupomontevideo.org\/ndca\/ndvirologiamolecular\/?page_id=14","title":{"rendered":"ACTAS DE REUNI\u00d3N"},"content":{"rendered":"<p><strong>Acta de la Reuni\u00f3n del N\u00facleo de fecha:<br \/>\n<\/strong><\/p>\n<p><a href=\"https:\/\/grupomontevideo.org\/ndca\/ndvirologiamolecular\/wp-content\/uploads\/2025\/12\/ACTA-Informe-actividades-2025-NDVM-AUGM.pdf\">2025 &#8211; Sesi\u00f3n Ordinaria del 6 de noviembre en la ciudad de Tucum\u00e1n (Argentina): Informe actividades 2025 y propuestas 2026<\/a><br \/>\n<a href=\"https:\/\/grupomontevideo.org\/ndca\/ndvirologiamolecular\/wp-content\/uploads\/2025\/03\/ACTA-Informe-2024-NDVM-AUGM-11-3-25.pdf\" target=\"_blank\" rel=\"noopener\">2024 &#8211; informe de actividades<\/a><br \/>\n<a href=\"https:\/\/grupomontevideo.org\/ndca\/ndvirologiamolecular\/wp-content\/uploads\/2024\/06\/ACTA-Reunio\u0301n-NDVM-12-10-23-Informe-1.pdf\">2023 &#8211; noviembre 10 <\/a><br \/>\n<a href=\"https:\/\/grupomontevideo.org\/ndca\/ndvirologiamolecular\/wp-content\/uploads\/2020\/02\/ACTA-REUNION-NDVM-2019-Final.pdf\" target=\"_blank\" rel=\"noopener noreferrer\">2019 &#8211; octubre 24<\/a><br \/>\n<a href=\"https:\/\/grupomontevideo.org\/ndca\/ndvirologiamolecular\/wp-content\/uploads\/2019\/04\/Acta-Reuni\u00f3n-2018-XXVI-JORNADA-INTERNACIONALES-DE-J\u00d3VENES-INVESTIGADORES.pdf\" target=\"_blank\" rel=\"noopener noreferrer\">2018 &#8211; octubre 19<\/a><br \/>\n<a href=\"https:\/\/grupomontevideo.org\/ndca\/ndvirologiamolecular\/wp-content\/uploads\/2015\/12\/ND-Virologia-Molecular-ACTA-2017.pdf\">2017 &#8211; octubre 18<\/a><a href=\"https:\/\/grupomontevideo.org\/ndca\/ndvirologiamolecular\/wp-content\/uploads\/2015\/12\/1.12.2016.Acta-NDVM-2016.pdf\" target=\"_blank\" rel=\"noopener noreferrer\"><br \/>\n2016 &#8211; octubre 24 a 26<\/a><br \/>\n<a href=\"https:\/\/grupomontevideo.org\/ndca\/ndvirologiamolecular\/wp-content\/uploads\/2015\/12\/ND-Virologia-Molecular-ACTA-2015-agosto-28.pdf\">2015 &#8211; agosto 18<\/a><br \/>\n2014 \u2013 septiembre 27 y 28 &#8211; <a href=\"https:\/\/grupomontevideo.org\/ndca\/ndvirologiamolecular\/wp-content\/uploads\/2015\/12\/ND-Virologia-Molecular-ACTA-2014-esp.pdf\">en espa\u00f1ol<\/a> \/ <a href=\"https:\/\/grupomontevideo.org\/ndca\/ndvirologiamolecular\/wp-content\/uploads\/2015\/12\/ND-Virologia-Molecular-ACTA-2014-port.pdf\">en portugu\u00e9s<\/a><br \/>\n<a href=\"https:\/\/grupomontevideo.org\/ndca\/ndvirologiamolecular\/wp-content\/uploads\/2015\/12\/ND-Virologia-Molecular-ACTA-2013-diciembre-2-3.pdf\">2013 \u2013 diciembre 2 y 3<\/a><br \/>\n<a href=\"https:\/\/grupomontevideo.org\/ndca\/ndvirologiamolecular\/wp-content\/uploads\/2015\/12\/ND-Virologia-Molecular-ACTA-2007-noviembre-5-6.pdf\">2007 \u2013 noviembre 5 y 6<\/a><br \/>\n<a href=\"https:\/\/grupomontevideo.org\/ndca\/ndvirologiamolecular\/wp-content\/uploads\/2015\/12\/ND-Virologia-Molecular-ACTA-2005-junio-27-28.pdf\">2005 \u2013 junio 27 y 28<\/a><br \/>\n<a href=\"https:\/\/grupomontevideo.org\/ndca\/ndvirologiamolecular\/wp-content\/uploads\/2015\/12\/ND-Virologia-Molecular-ACTA-2001-octubre-29.pdf\">2001 \u2013 octubre 29<\/a><\/p>\n","protected":false},"excerpt":{"rendered":"<p>Acta de la Reuni\u00f3n del N\u00facleo de fecha: 2025 &#8211; Sesi\u00f3n Ordinaria del 6 de noviembre en la ciudad de Tucum\u00e1n (Argentina): Informe actividades 2025&#8230;<\/p>\n","protected":false},"author":1,"featured_media":0,"parent":0,"menu_order":0,"comment_status":"closed","ping_status":"closed","template":"","meta":{"footnotes":""},"class_list":["post-14","page","type-page","status-publish","hentry"],"_links":{"self":[{"href":"https:\/\/grupomontevideo.org\/ndca\/ndvirologiamolecular\/index.php?rest_route=\/wp\/v2\/pages\/14","targetHints":{"allow":["GET"]}}],"collection":[{"href":"https:\/\/grupomontevideo.org\/ndca\/ndvirologiamolecular\/index.php?rest_route=\/wp\/v2\/pages"}],"about":[{"href":"https:\/\/grupomontevideo.org\/ndca\/ndvirologiamolecular\/index.php?rest_route=\/wp\/v2\/types\/page"}],"author":[{"embeddable":true,"href":"https:\/\/grupomontevideo.org\/ndca\/ndvirologiamolecular\/index.php?rest_route=\/wp\/v2\/users\/1"}],"replies":[{"embeddable":true,"href":"https:\/\/grupomontevideo.org\/ndca\/ndvirologiamolecular\/index.php?rest_route=%2Fwp%2Fv2%2Fcomments&post=14"}],"version-history":[{"count":19,"href":"https:\/\/grupomontevideo.org\/ndca\/ndvirologiamolecular\/index.php?rest_route=\/wp\/v2\/pages\/14\/revisions"}],"predecessor-version":[{"id":197,"href":"https:\/\/grupomontevideo.org\/ndca\/ndvirologiamolecular\/index.php?rest_route=\/wp\/v2\/pages\/14\/revisions\/197"}],"wp:attachment":[{"href":"https:\/\/grupomontevideo.org\/ndca\/ndvirologiamolecular\/index.php?rest_route=%2Fwp%2Fv2%2Fmedia&parent=14"}],"curies":[{"name":"wp","href":"https:\/\/api.w.org\/{rel}","templated":true}]}}