{"id":18,"date":"2015-12-04T19:37:06","date_gmt":"2015-12-04T19:37:06","guid":{"rendered":"http:\/\/grupomontevideo.org\/ndca\/caagroalimentario\/?page_id=18"},"modified":"2025-02-20T20:02:16","modified_gmt":"2025-02-20T20:02:16","slug":"objetivos","status":"publish","type":"page","link":"https:\/\/grupomontevideo.org\/ndca\/ndtic\/?page_id=18","title":{"rendered":"OBJETIVOS"},"content":{"rendered":"<p><strong>Objetivo general:<\/strong><\/p>\n<p style=\"text-align: left;\">Favorecer la integraci\u00f3n latinoamericana propiciando el trabajo conjunto en las tem\u00e1ticas vinculadas a la tecnolog\u00eda inform\u00e1tica y de comunicaciones (TICs) y a Redes Acad\u00e9micas, en sus diversos aspectos y complejidades, con el fin de colaborar en el desarrollo econ\u00f3mico, social y medioambiental de la regi\u00f3n<br \/>\nsin perder de vista la utilizaci\u00f3n de los recursos naturales que los pa\u00edses ponen en juego en dicho desarrollo.<\/p>\n<p><strong>Objetivos espec\u00edficos:<\/strong><\/p>\n<p style=\"text-align: left;\">1-Abordar la problem\u00e1tica de la <strong>soberan\u00eda en el campo de las TIC<\/strong> desde las necesidades de nuestra regi\u00f3n, en pos de la promoci\u00f3n de<strong> tecnolog\u00edas pertinentes<\/strong> y de la<strong> innovaci\u00f3n reversa.<\/strong><br \/>\n2-Trabajar desde la perspectiva de la <strong>tecnolog\u00eda inclusiva<\/strong> con el fin de garantizar el acceso, el uso y la apropiaci\u00f3n de la tecnolog\u00eda inform\u00e1tica a los sectores sociales m\u00e1s desfavorecidos de la sociedad.<br \/>\n3-Generar <strong>plataformas de cooperaci\u00f3n regionales<\/strong> que utilicen a las TIC como habilitadoras de nuevas aplicaciones, productos y servicios.<br \/>\n4-Propiciar el <strong>empoderamiento de los ciudadanos<\/strong> en tanto concepto vinculado a la conciencia y a la responsabilidad que las personas asumen sobre los procesos que inciden o pueden incidir, mediante la utilizaci\u00f3n de herramientas tecnol\u00f3gicas, en su calidad de vida.<\/p>\n<p>&nbsp;<\/p>\n<p>OBJETIVO DEL COMIT\u00c9<br \/>\nCrear un foro de intercambio y gesti\u00f3n de conocimientos vinculados al sector<br \/>\nagroalimentario (desde la producci\u00f3n hasta el consumidor), interdisciplinario,<br \/>\ninterinstitucional e intersectorial, que fortalezca la planificaci\u00f3n y gesti\u00f3n de<br \/>\npol\u00edticas y programas de desarrollo sostenible en Am\u00e9rica Latina.<\/p>\n<p>DESCARGUE PDF:\u00a0<a href=\"http:\/\/grupomontevideo.org\/ndca\/caagroalimentario\/wp-content\/uploads\/2013\/10\/Objetivos-y-Fundamentaci\u00f3n.pdf\">Objetivos y Fundamentaci\u00f3n<\/a><\/p>\n","protected":false},"excerpt":{"rendered":"<p>Objetivo general: Favorecer la integraci\u00f3n latinoamericana propiciando el trabajo conjunto en las tem\u00e1ticas vinculadas a la tecnolog\u00eda inform\u00e1tica y de comunicaciones (TICs) y a Redes&#8230;<\/p>\n","protected":false},"author":1,"featured_media":0,"parent":0,"menu_order":0,"comment_status":"closed","ping_status":"closed","template":"","meta":{"footnotes":""},"class_list":["post-18","page","type-page","status-publish","hentry"],"_links":{"self":[{"href":"https:\/\/grupomontevideo.org\/ndca\/ndtic\/index.php?rest_route=\/wp\/v2\/pages\/18","targetHints":{"allow":["GET"]}}],"collection":[{"href":"https:\/\/grupomontevideo.org\/ndca\/ndtic\/index.php?rest_route=\/wp\/v2\/pages"}],"about":[{"href":"https:\/\/grupomontevideo.org\/ndca\/ndtic\/index.php?rest_route=\/wp\/v2\/types\/page"}],"author":[{"embeddable":true,"href":"https:\/\/grupomontevideo.org\/ndca\/ndtic\/index.php?rest_route=\/wp\/v2\/users\/1"}],"replies":[{"embeddable":true,"href":"https:\/\/grupomontevideo.org\/ndca\/ndtic\/index.php?rest_route=%2Fwp%2Fv2%2Fcomments&post=18"}],"version-history":[{"count":9,"href":"https:\/\/grupomontevideo.org\/ndca\/ndtic\/index.php?rest_route=\/wp\/v2\/pages\/18\/revisions"}],"predecessor-version":[{"id":137,"href":"https:\/\/grupomontevideo.org\/ndca\/ndtic\/index.php?rest_route=\/wp\/v2\/pages\/18\/revisions\/137"}],"wp:attachment":[{"href":"https:\/\/grupomontevideo.org\/ndca\/ndtic\/index.php?rest_route=%2Fwp%2Fv2%2Fmedia&parent=18"}],"curies":[{"name":"wp","href":"https:\/\/api.w.org\/{rel}","templated":true}]}}