{"id":183,"date":"2025-07-25T15:28:14","date_gmt":"2025-07-25T15:28:14","guid":{"rendered":"https:\/\/grupomontevideo.org\/ndca\/ndrecursosproductosforestales\/?page_id=183"},"modified":"2025-12-29T18:10:08","modified_gmt":"2025-12-29T18:10:08","slug":"oportunidades","status":"publish","type":"page","link":"https:\/\/grupomontevideo.org\/ndca\/ndrecursosproductosforestales\/?page_id=183","title":{"rendered":"EVENTOS"},"content":{"rendered":"<p>A partir del impulso del N\u00facleo disciplinario de Recursos y productos forestales la Asociaci\u00f3n de Universidades del Grupo Montevideo otorg\u00f3 su auspicio para la realizaci\u00f3n del VII Congreso Brasilero de Ciencia y Tecnolog\u00eda de la Madera. <a href=\"https:\/\/www.cbctem.com.br\/\">Acceder al sitio web del evento.<\/a><\/p>\n","protected":false},"excerpt":{"rendered":"<p>A partir del impulso del N\u00facleo disciplinario de Recursos y productos forestales la Asociaci\u00f3n de Universidades del Grupo Montevideo otorg\u00f3 su auspicio para la realizaci\u00f3n&#8230;<\/p>\n","protected":false},"author":1,"featured_media":0,"parent":0,"menu_order":0,"comment_status":"closed","ping_status":"closed","template":"","meta":{"footnotes":""},"class_list":["post-183","page","type-page","status-publish","hentry"],"_links":{"self":[{"href":"https:\/\/grupomontevideo.org\/ndca\/ndrecursosproductosforestales\/index.php?rest_route=\/wp\/v2\/pages\/183","targetHints":{"allow":["GET"]}}],"collection":[{"href":"https:\/\/grupomontevideo.org\/ndca\/ndrecursosproductosforestales\/index.php?rest_route=\/wp\/v2\/pages"}],"about":[{"href":"https:\/\/grupomontevideo.org\/ndca\/ndrecursosproductosforestales\/index.php?rest_route=\/wp\/v2\/types\/page"}],"author":[{"embeddable":true,"href":"https:\/\/grupomontevideo.org\/ndca\/ndrecursosproductosforestales\/index.php?rest_route=\/wp\/v2\/users\/1"}],"replies":[{"embeddable":true,"href":"https:\/\/grupomontevideo.org\/ndca\/ndrecursosproductosforestales\/index.php?rest_route=%2Fwp%2Fv2%2Fcomments&post=183"}],"version-history":[{"count":3,"href":"https:\/\/grupomontevideo.org\/ndca\/ndrecursosproductosforestales\/index.php?rest_route=\/wp\/v2\/pages\/183\/revisions"}],"predecessor-version":[{"id":218,"href":"https:\/\/grupomontevideo.org\/ndca\/ndrecursosproductosforestales\/index.php?rest_route=\/wp\/v2\/pages\/183\/revisions\/218"}],"wp:attachment":[{"href":"https:\/\/grupomontevideo.org\/ndca\/ndrecursosproductosforestales\/index.php?rest_route=%2Fwp%2Fv2%2Fmedia&parent=183"}],"curies":[{"name":"wp","href":"https:\/\/api.w.org\/{rel}","templated":true}]}}