{"id":18,"date":"2015-12-04T19:37:06","date_gmt":"2015-12-04T19:37:06","guid":{"rendered":"http:\/\/grupomontevideo.org\/ndca\/caagroalimentario\/?page_id=18"},"modified":"2025-12-18T12:10:43","modified_gmt":"2025-12-18T12:10:43","slug":"objetivos","status":"publish","type":"page","link":"https:\/\/grupomontevideo.org\/ndca\/ndrecursosproductosforestales\/?page_id=18","title":{"rendered":"OBJETIVOS Y PLAN DE ACCI\u00d3N"},"content":{"rendered":"<p><strong>OBJETIVOS<\/strong><br \/>\nEstablecer una red de integraci\u00f3n y cooperaci\u00f3n entre las Universidades Miembro de la AUGM en el \u00e1rea de Recursos y Productos Forestales, que permita:<br \/>\na) Fortalecer y estimular las acciones de ense\u00f1anza, buscando mejorar el proceso de formaci\u00f3n de profesionales que act\u00faan en recursos y<br \/>\nproductos forestales;<br \/>\nb)Estimular y valorar la importancia de la educaci\u00f3n superior en el \u00e1rea forestal en Am\u00e9rica del Sur;<br \/>\nc) Desarrollar e integrar la generaci\u00f3n de conocimiento cient\u00edfico sobre recursos y productos forestales;<br \/>\nd) Investigar y medir la participaci\u00f3n de los recursos y productos forestales en la fijaci\u00f3n de carbono y su contribuci\u00f3n en la mitigaci\u00f3n<br \/>\ndel cambio clim\u00e1tico;<br \/>\ne) Evaluar el impacto de los recursos y productos forestales en las emergencias clim\u00e1ticas y desastres\/cat\u00e1strofes naturales;<br \/>\nf) Promover y apoyar la extensi\u00f3n universitaria en el \u00e1mbito foresto-industrial;<br \/>\ng)Apoyar la elaboraci\u00f3n de publicaciones cient\u00edficas en el \u00e1rea;<br \/>\nh)Promover acciones interdisciplinarias junto a otros CA\/ND de la AUGM;<br \/>\ni) Promover acciones y alianzas de la AUGM sobre recursos y productos forestales en el escenario internacional.<\/p>\n<p><a href=\"https:\/\/grupomontevideo.org\/ndca\/ndrecursosproductosforestales\/wp-content\/uploads\/2025\/12\/Plano-Trianual_ND_RPF_26_28.docx.pdf\" target=\"_blank\" rel=\"noopener\">Acceda al Plan de trabajo 2026-2028<\/a><\/p>\n<p>&nbsp;<\/p>","protected":false},"excerpt":{"rendered":"<p>OBJETIVOS Establecer una red de integraci\u00f3n y cooperaci\u00f3n entre las Universidades Miembro de la AUGM en el \u00e1rea de Recursos y Productos Forestales, que permita:&#8230;<\/p>\n","protected":false},"author":1,"featured_media":0,"parent":0,"menu_order":0,"comment_status":"closed","ping_status":"closed","template":"","meta":{"footnotes":""},"class_list":["post-18","page","type-page","status-publish","hentry"],"_links":{"self":[{"href":"https:\/\/grupomontevideo.org\/ndca\/ndrecursosproductosforestales\/index.php?rest_route=\/wp\/v2\/pages\/18","targetHints":{"allow":["GET"]}}],"collection":[{"href":"https:\/\/grupomontevideo.org\/ndca\/ndrecursosproductosforestales\/index.php?rest_route=\/wp\/v2\/pages"}],"about":[{"href":"https:\/\/grupomontevideo.org\/ndca\/ndrecursosproductosforestales\/index.php?rest_route=\/wp\/v2\/types\/page"}],"author":[{"embeddable":true,"href":"https:\/\/grupomontevideo.org\/ndca\/ndrecursosproductosforestales\/index.php?rest_route=\/wp\/v2\/users\/1"}],"replies":[{"embeddable":true,"href":"https:\/\/grupomontevideo.org\/ndca\/ndrecursosproductosforestales\/index.php?rest_route=%2Fwp%2Fv2%2Fcomments&post=18"}],"version-history":[{"count":13,"href":"https:\/\/grupomontevideo.org\/ndca\/ndrecursosproductosforestales\/index.php?rest_route=\/wp\/v2\/pages\/18\/revisions"}],"predecessor-version":[{"id":215,"href":"https:\/\/grupomontevideo.org\/ndca\/ndrecursosproductosforestales\/index.php?rest_route=\/wp\/v2\/pages\/18\/revisions\/215"}],"wp:attachment":[{"href":"https:\/\/grupomontevideo.org\/ndca\/ndrecursosproductosforestales\/index.php?rest_route=%2Fwp%2Fv2%2Fmedia&parent=18"}],"curies":[{"name":"wp","href":"https:\/\/api.w.org\/{rel}","templated":true}]}}