{"id":18,"date":"2015-12-04T19:37:06","date_gmt":"2015-12-04T19:37:06","guid":{"rendered":"http:\/\/grupomontevideo.org\/ndca\/caagroalimentario\/?page_id=18"},"modified":"2025-02-20T19:37:39","modified_gmt":"2025-02-20T19:37:39","slug":"objetivos","status":"publish","type":"page","link":"https:\/\/grupomontevideo.org\/ndca\/ndproductosnaturales\/?page_id=18","title":{"rendered":"OBJETIVOS"},"content":{"rendered":"<p><span style=\"font-weight: 400;\">El continente sudamericano cuenta con una gran biodiversidad, que promueve el\u00a0 inter\u00e9s sobre la investigaci\u00f3n de diferentes Productos Naturales obtenidos de fuentes diversas (de plantas, de microorganismos, de hongos) as\u00ed como sus modificaciones sint\u00e9ticas.<\/span><\/p>\n<p><span style=\"font-weight: 400;\">La Asociaci\u00f3n de Universidades del Grupo Montevideo (AUGM) privilegia entre sus objetivos el desarrollo de una \u201c<\/span><i><span style=\"font-weight: 400;\">masa de recursos humanos de alto nivel, aprovechando las ventajas comparativas que ofrecen las capacidades instaladas en la regi\u00f3n y la investigaci\u00f3n cient\u00edfica y tecnol\u00f3gica en \u00e1reas estrat\u00e9gicas<\/span><\/i><span style=\"font-weight: 400;\">\u201d. Una de dichas \u00e1reas estrat\u00e9gicas es la derivada de la rica biodiversidad de la regi\u00f3n geogr\u00e1fica que abarca la AUGM. <\/span><span style=\"font-weight: 400;\">Para abordar una tem\u00e1tica tan rica, compleja y variada es importante adoptar un enfoque interdisciplinario en el cual es necesario la participaci\u00f3n de cient\u00edficos y docentes de otros n\u00facleos tem\u00e1ticos.<\/span><\/p>\n<p><span style=\"font-weight: 400;\">El N\u00facleo Disciplinario Productos Naturales Bioactivos y sus Aplicaciones (ND-PNByA) tiene como objetivo fomentar el desarrollo cient\u00edfico de la investiga<\/span><span style=\"font-weight: 400;\">ci\u00f3n sobre los productos naturales que son brindados por la rica biodiversidad mediante el establecimiento de un grupo de trabajo y apoyo que crea capacidades en el continente y crea una plataforma para la <\/span><span style=\"font-weight: 400;\">generaci\u00f3n de redes de investigaci\u00f3n internacionales y el intercambio de conocimientos, impulsando as\u00ed los objetivos de la AUGM.<\/span><\/p>\n<p><b>Declaraci\u00f3n de misi\u00f3n y objetivos del\u00a0 ND-PNByA<\/b><\/p>\n<p><span style=\"font-weight: 400;\">La misi\u00f3n del N\u00facleo Disciplinario Productos Naturales Bioactivos y sus Aplicaciones (ND-PNByA) de la AUGM es fomentar la colaboraci\u00f3n sudamericana e internacional, el intercambio de conocimientos y la creaci\u00f3n de capacidad para avanzar en la investigaci\u00f3n y el desarrollo en el campo de los productos naturales.<\/span><\/p>\n<p><span style=\"font-weight: 400;\">Para lograr esta misi\u00f3n, se persiguen los siguientes objetivos espec\u00edficos:<\/span><\/p>\n<ul>\n<li style=\"font-weight: 400;\" aria-level=\"1\"><span style=\"font-weight: 400;\">\u00b7 \u00a0 \u00a0 \u00a0 \u00a0 Ofrecer una plataforma regular para el intercambio cient\u00edfico mediante la organizaci\u00f3n de reuniones cient\u00edficas, donde los investigadores sudamericanos puedan presentar sus trabajos de investigaci\u00f3n recientes.<\/span><\/li>\n<li style=\"font-weight: 400;\" aria-level=\"1\"><span style=\"font-weight: 400;\">\u00b7 \u00a0 \u00a0 \u00a0 \u00a0 Promover cursos de pre- y postgrado, as\u00ed como talleres de capacitaci\u00f3n organizados por diferentes cient\u00edficos e instituciones de investigaci\u00f3n<\/span><span style=\"font-weight: 400;\"> americanas p<\/span><span style=\"font-weight: 400;\">ara j\u00f3venes investigadores en diversas regiones de Sudam\u00e9rica.<\/span><\/li>\n<li style=\"font-weight: 400;\" aria-level=\"1\"><span style=\"font-weight: 400;\">\u00b7 \u00a0 \u00a0 \u00a0 \u00a0 Facilitar propuestas conjuntas para proyectos de investigaci\u00f3n colaborativos iniciados por miembros del N\u00facleo.<\/span><\/li>\n<li style=\"font-weight: 400;\" aria-level=\"1\"><span style=\"font-weight: 400;\">\u00a0\u00a0\u00a0\u00a0\u00a0Promover el trabajo conjunto con otros N\u00facleos Disciplinarios\/Comit\u00e9s Acad\u00e9micos de AUGM, fortaleciendo las capacidades acad\u00e9micas y tecnol\u00f3gicas.<\/span><\/li>\n<li style=\"font-weight: 400;\" aria-level=\"1\"><span style=\"font-weight: 400;\">\u00b7 \u00a0 \u00a0 \u00a0 \u00a0 Crear una plataforma de conocimiento com\u00fan en la que los investigadores puedan interactuar y colaborar.<\/span><\/li>\n<\/ul>\n<p>OBJETIVO DEL COMIT\u00c9<br \/>\nCrear un foro de intercambio y gesti\u00f3n de conocimientos vinculados al sector<br \/>\nagroalimentario (desde la producci\u00f3n hasta el consumidor), interdisciplinario,<br \/>\ninterinstitucional e intersectorial, que fortalezca la planificaci\u00f3n y gesti\u00f3n de<br \/>\npol\u00edticas y programas de desarrollo sostenible en Am\u00e9rica Latina.<\/p>\n<p>DESCARGUE PDF:\u00a0<a href=\"http:\/\/grupomontevideo.org\/ndca\/caagroalimentario\/wp-content\/uploads\/2013\/10\/Objetivos-y-Fundamentaci\u00f3n.pdf\">Objetivos y Fundamentaci\u00f3n<\/a><\/p>\n","protected":false},"excerpt":{"rendered":"<p>El continente sudamericano cuenta con una gran biodiversidad, que promueve el\u00a0 inter\u00e9s sobre la investigaci\u00f3n de diferentes Productos Naturales obtenidos de fuentes diversas (de plantas,&#8230;<\/p>\n","protected":false},"author":1,"featured_media":0,"parent":0,"menu_order":0,"comment_status":"closed","ping_status":"closed","template":"","meta":{"footnotes":""},"class_list":["post-18","page","type-page","status-publish","hentry"],"_links":{"self":[{"href":"https:\/\/grupomontevideo.org\/ndca\/ndproductosnaturales\/index.php?rest_route=\/wp\/v2\/pages\/18","targetHints":{"allow":["GET"]}}],"collection":[{"href":"https:\/\/grupomontevideo.org\/ndca\/ndproductosnaturales\/index.php?rest_route=\/wp\/v2\/pages"}],"about":[{"href":"https:\/\/grupomontevideo.org\/ndca\/ndproductosnaturales\/index.php?rest_route=\/wp\/v2\/types\/page"}],"author":[{"embeddable":true,"href":"https:\/\/grupomontevideo.org\/ndca\/ndproductosnaturales\/index.php?rest_route=\/wp\/v2\/users\/1"}],"replies":[{"embeddable":true,"href":"https:\/\/grupomontevideo.org\/ndca\/ndproductosnaturales\/index.php?rest_route=%2Fwp%2Fv2%2Fcomments&post=18"}],"version-history":[{"count":7,"href":"https:\/\/grupomontevideo.org\/ndca\/ndproductosnaturales\/index.php?rest_route=\/wp\/v2\/pages\/18\/revisions"}],"predecessor-version":[{"id":205,"href":"https:\/\/grupomontevideo.org\/ndca\/ndproductosnaturales\/index.php?rest_route=\/wp\/v2\/pages\/18\/revisions\/205"}],"wp:attachment":[{"href":"https:\/\/grupomontevideo.org\/ndca\/ndproductosnaturales\/index.php?rest_route=%2Fwp%2Fv2%2Fmedia&parent=18"}],"curies":[{"name":"wp","href":"https:\/\/api.w.org\/{rel}","templated":true}]}}